{"id":23519,"date":"2021-02-05T14:50:03","date_gmt":"2021-02-05T13:50:03","guid":{"rendered":"https:\/\/ddoptics.shop\/?post_type=product&#038;p=23519"},"modified":"2025-10-14T11:44:52","modified_gmt":"2025-10-14T09:44:52","slug":"nighteagle-v6-1-6x24-gen-3-a4n-mrad","status":"publish","type":"product","link":"https:\/\/ddoptics.shop\/cs\/kaufen\/nighteagle-v6-1-6x24-gen-3-a4n-mrad\/","title":{"rendered":"Pu\u0161kohled Nighteagle V6 1-6\u00d724 Gen 3 od DDoptics | A4N | MRAD"},"content":{"rendered":"<div class=\"container section-title-container\" ><h3 class=\"section-title section-title-normal\"><b aria-hidden=\"true\"><\/b><span class=\"section-title-main\" ><i class=\"icon-cross\" aria-hidden=\"true\"><\/i>Stru\u010dn\u00fd p\u0159ehled Pu\u0161kohled DDoptics V6 1-6x24 Gen 3 MRAD<\/span><b aria-hidden=\"true\"><\/b><\/h3><\/div>\n<table style=\"background-color: #cacaca; width: 100%;\">\n<tbody>\n<tr style=\"height: 24px;\">\n<td style=\"height: 24px; width: 20%;\"><strong>Trubka<\/strong><\/td>\n<td style=\"height: 24px; width: 30%;\">30 mm mono trubice<\/td>\n<td style=\"height: 24px; width: 20%;\"><strong>Zorn\u00e9 pole: m @100m<\/strong><\/td>\n<td style=\"height: 24px; width: 30%;\">37,8 - 6,3 m<\/td>\n<\/tr>\n<tr style=\"height: 24px;\">\n<td style=\"height: 24px; width: 20%;\"><strong>Optick\u00fd syst\u00e9m<\/strong><\/td>\n<td style=\"height: 24px; width: 30%;\">1-6n\u00e1sobek<\/td>\n<td style=\"height: 24px; width: 20%;\">\u00a0<strong>Mezipupil\u00e1rn\u00ed vzd\u00e1lenost<\/strong><\/td>\n<td style=\"height: 24px; width: 30%;\">99 - 100 mm<\/td>\n<\/tr>\n<tr style=\"height: 24px;\">\n<td style=\"height: 24px; width: 20%;\"><strong>Objektiv<\/strong><\/td>\n<td style=\"height: 24px; width: 30%;\">24 mm<\/td>\n<td style=\"height: 24px; width: 20%;\">\u00a0<strong>D\u00e9lka<\/strong><\/td>\n<td style=\"height: 24px; width: 30%;\">261 mm<\/td>\n<\/tr>\n<tr style=\"height: 24px;\">\n<td style=\"height: 24px; width: 20%;\"><strong>S\u00ed\u0165ka<\/strong><\/td>\n<td style=\"height: 24px; width: 30%;\">A4N<\/td>\n<td style=\"height: 24px; width: 20%;\">\u00a0<strong>Hmotnost<\/strong><\/td>\n<td style=\"height: 24px; width: 30%;\">535 g<\/td>\n<\/tr>\n<tr style=\"height: 24px;\">\n<td style=\"height: 24px; width: 20%;\"><strong>Sv\u011bteln\u00fd bod<\/strong><\/td>\n<td style=\"height: 24px; width: 30%;\">Standardn\u00ed nebo iFibre<\/td>\n<td style=\"height: 24px; width: 20%;\">\u00a0<strong>Ochrana proti ml\u017een\u00ed<\/strong><\/td>\n<td style=\"height: 24px; width: 30%;\">Dus\u00edkov\u00e1 n\u00e1pl\u0148 proti zaml\u017een\u00ed<\/td>\n<\/tr>\n<tr style=\"height: 24px;\">\n<td style=\"height: 24px; width: 20%;\"><strong>Zaost\u0159en\u00ed\/paralaxa<\/strong><\/td>\n<td style=\"height: 24px; width: 30%;\">Nastaviteln\u00fd objektiv 25 m a\u017e nekone\u010dno<\/td>\n<td style=\"height: 24px; width: 20%;\">\u00a0<strong>T\u011bsnost<\/strong><\/td>\n<td style=\"height: 24px; width: 30%;\">Odolnost v\u016f\u010di vod\u011b a n\u00e1raz\u016fm<\/td>\n<\/tr>\n<\/tbody>\n<\/table>\n<div class=\"row\"  id=\"row-2034327938\">\n\n\t<div id=\"col-2058889293\" class=\"col medium-8 small-12 large-8\"  >\n\t\t\t\t<div class=\"col-inner\"  >\n\t\t\t\n\t\t\t\n<h2>Pu\u0161kohled Nighteagle 1-6\u00d724 V6 od DDoptics - kompaktn\u00ed pu\u0161kohled s 6n\u00e1sobn\u00fdm zoomem, zam\u011b\u0159ova\u010dem A4B a nastaven\u00edm MRAD - 1 cm \/ 100 m na kliknut\u00ed<\/h2>\n<blockquote><p>Nov\u00e1 3. generace pu\u0161kohled\u016f DDoptics<\/p><\/blockquote>\n<p>Stejn\u011b jako v\u0161echny zam\u011b\u0159ovac\u00ed optiky 3. generace, i tato <strong>DDoptics V6 1-6\u00d724 HDX<\/strong> o t\u011bchto funkc\u00edch.<\/p>\n<p>Krom\u011b vylep\u0161en\u00e9 optiky (lep\u0161\u00ed povrchov\u00e1 \u00faprava, CT sklo, m\u00e9n\u011b chyb p\u0159i centrov\u00e1n\u00ed a vy\u0161\u0161\u00ed propustnost sv\u011btla) jsou to p\u0159edev\u0161\u00edm nov\u00e9 kovov\u00e9 v\u011b\u017ee s tvrd\u0161\u00edmi 0,1 <a href=\"https:\/\/ddoptics.shop\/cs\/technicky-termin\/vypocet-uhlove-minuty-nebo-moa-pro-puskohledy\/\" target=\"_blank\" rel=\"noopener noreferrer\">MRAD<\/a> Nastaven\u00ed kliknut\u00edm v\u010detn\u011b Zerostopu a nov\u011b vyvinut\u00e9ho zam\u011b\u0159ova\u010de Corsshair, kter\u00fd je vyroben z tohoto materi\u00e1lu. <strong>Pu\u0161kohled DDoptics<\/strong> vytvo\u0159it n\u011bco v\u00fdjime\u010dn\u00e9ho.<\/p>\n<h3>DDoptics V6 - pu\u0161kohled 1-6\u00d724 s velmi \u0161irok\u00fdm zorn\u00fdm polem<\/h3>\n<p>Na str\u00e1nk\u00e1ch <strong>C\u00edlov\u00e1 optika DDoptics 1-6\u00d724 V6<\/strong> HDX nenech\u00e1v\u00e1 n\u00e1ro\u010dn\u00e9mu lovci nic, co by si mohl p\u0159\u00e1t, pokud jde o modern\u00ed loveck\u00e9 pu\u0161kohledy.<\/p>\n<p>S kompaktn\u00edm <strong>Celkov\u00e1 d\u00e9lka 261 mm, hmotnost 500 g a pr\u016fm\u011br trubky 30 mm.<\/strong> zam\u011b\u0159ova\u010d je praktick\u00fd a hod\u00ed se na jakoukoli pu\u0161ku. Tento pu\u0161kohled je vybaven extr\u00e9mn\u011b \u0161irok\u00fdm zorn\u00fdm polem 37,8 m na 100 m.<\/p>\n<p>Na str\u00e1nk\u00e1ch <strong>Pu\u0161kohled Driven hunt<\/strong> Odpov\u00edd\u00e1 zam\u011b\u0159ova\u010di s \u010derven\u00fdm bodem na nejni\u017e\u0161\u00ed \u00farovni zv\u011bt\u0161en\u00ed a zaru\u010duje tak jeden z nejd\u016fle\u017eit\u011bj\u0161\u00edch bod\u016f p\u0159i lovu v pohybu, a to rychl\u00e9 zam\u011b\u0159en\u00ed c\u00edle. Nov\u00fd <strong>Zam\u011b\u0159ova\u010d A4N<\/strong> byl speci\u00e1ln\u011b vyvinut pro lov s pohonem.<\/p>\n\t\t<\/div>\n\t\t\t\t\t<\/div>\n\n\t\n\n\t<div id=\"col-454901928\" class=\"col medium-4 small-12 large-4\"  >\n\t\t\t\t<div class=\"col-inner\"  >\n\t\t\t\n\t\t\t\n<a class=\"button primary expand\" >\n\t\t<span>Speci\u00e1ln\u00ed funkce pu\u0161kohledu<\/span>\n\t<\/a>\n\n\n\t<section class=\"section\" id=\"section_1005123099\">\n\t\t<div class=\"section-bg fill\" >\n\t\t\t\t\t\t\t\t\t<div class=\"section-bg-overlay absolute fill\"><\/div>\n\t\t\t\n\n\t\t<\/div>\n\n\t\t\n\n\t\t<div class=\"section-content relative\">\n\t\t\t\n\t<div class=\"img has-hover x md-x lg-x y md-y lg-y\" id=\"image_457612536\">\n\t\t<a class=\"\" href=\"https:\/\/www.ddoptics.de\/garantiebestimmungen\" target=\"_blank\" rel=\"no follow noopener\">\t\t\t\t\t\t<div class=\"img-inner dark\" >\n\t\t\t<img decoding=\"async\" width=\"352\" height=\"160\" src=\"https:\/\/ddoptics.shop\/wp-content\/uploads\/2014\/09\/DDoptics-Garantie.jpg\" class=\"attachment-large size-large\" alt=\"Z\u00e1ruka DDoptics\" srcset=\"https:\/\/ddoptics.shop\/wp-content\/uploads\/2014\/09\/DDoptics-Garantie.jpg 352w, https:\/\/ddoptics.shop\/wp-content\/uploads\/2014\/09\/DDoptics-Garantie-304x138.jpg 304w, https:\/\/ddoptics.shop\/wp-content\/uploads\/2014\/09\/DDoptics-Garantie-305x139.jpg 305w, https:\/\/ddoptics.shop\/wp-content\/uploads\/2014\/09\/DDoptics-Garantie-250x114.jpg 250w\" sizes=\"(max-width: 352px) 100vw, 352px\" title=\"\">\t\t\t\t\t\t\n\t\t\t\t\t<\/div>\n\t\t\t\t\t\t<\/a>\t\t\n<style>\n#image_457612536 {\n  width: 100%;\n}\n<\/style>\n\t<\/div>\n\t\n\t<div id=\"gap-2066772864\" class=\"gap-element clearfix\" style=\"display:block; height:auto;\">\n\t\t\n<style>\n#gap-2066772864 {\n  padding-top: 15px;\n}\n<\/style>\n\t<\/div>\n\t\n\t<div id=\"text-2996246948\" class=\"text\">\n\t\t\n<p><span style=\"font-size: 80%;\"><em>\u21d2 Nastaven\u00ed kovov\u00e9ho zam\u011b\u0159ova\u010de<\/em><\/span><br \/>\n<span style=\"font-size: 80%;\"><em><strong>\u21d2 CT sklo<\/strong> (Jasn\u00fd p\u0159enos)<\/em><\/span><br \/>\n<span style=\"font-size: 80%;\"><em><strong>\u21d2 Dvojit\u00e9 \u0161k\u00e1lov\u00e1n\u00ed<\/strong><\/em><\/span><br \/>\n<span style=\"font-size: 80%;\"><em>\u21d2 extr\u00e9mn\u00ed propustnost sv\u011btla a\u017e 94,7%<\/em><\/span><br \/>\n<span style=\"font-size: 80%;\"><em><strong>\u21d2 tvrd\u00fd taktick\u00fd cvakac\u00ed detent<\/strong><\/em><\/span><br \/>\n<span style=\"font-size: 80%;\"><em><strong>\u21d2 IFiber Control<\/strong> mo\u017en\u00e9<\/em><\/span><br \/>\n<span style=\"font-size: 80%;\"><em><strong>\u21d2 zam\u011b\u0159ova\u010d A4N<\/strong> ve 2. obrazov\u00e9 rovin\u011b<\/em><\/span><br \/>\n<span style=\"font-size: 80%;\"><em>\u21d2 Nulov\u00e1 zar\u00e1\u017eka \/ <strong>Zerostop<\/strong><\/em><\/span><br \/>\n<span style=\"font-size: 80%;\"><em>\u21d2 test nepr\u016fst\u0159elnosti: <a href=\"https:\/\/de.wikipedia.org\/wiki\/.375_Holland_%26_Holland_Magnum\" target=\"_blank\" rel=\"noopener sponsored\" data-schema-attribute=\"\">375 H&amp;H<\/a> 1000 v\u00fdst\u0159el\u016f<\/em><\/span><br \/>\n<span style=\"font-size: 80%;\"><em><strong>\u21d2 plynule nastaviteln\u00e1 kompenzace paralaxy<\/strong><\/em><\/span><br \/>\n<span style=\"font-size: 80%;\"><em>\u21d2 tvrd\u00fd, taktick\u00fd 0,1 MRAD click detent (1cm\/click)<\/em><\/span><br \/>\n<span style=\"font-size: 80%;\"><em>\u21d2 dr\u00e1ha nastaven\u00ed 484 kliknut\u00ed<\/em><\/span><br \/>\n\t\t\n<style>\n#text-2996246948 {\n  line-height: 1.15;\n  color: rgb(33, 107, 227);\n}\n#text-2996246948 > * {\n  color: rgb(33, 107, 227);\n}\n<\/style>\n\t<\/div>\n\t\n\t\t<\/div>\n\n\t\t\n<style>\n#section_1005123099 {\n  padding-top: 30px;\n  padding-bottom: 30px;\n  background-color: rgb(232, 232, 232);\n}\n#section_1005123099 .section-bg-overlay {\n  background-color: rgba(255,255,255,.5);\n}\n<\/style>\n\t<\/section>\n\t\n\t\t<\/div>\n\t\t\t\t\t<\/div>\n\n\t\n<\/div>\n\t<div class=\"img has-hover x md-x lg-x y md-y lg-y\" id=\"image_504316828\">\n\t\t\t\t\t\t\t\t<div class=\"img-inner dark\" >\n\t\t\t<img decoding=\"async\" width=\"1020\" height=\"295\" src=\"https:\/\/ddoptics.shop\/wp-content\/uploads\/2018\/01\/Zeichnung-V6-1-6x24.jpg\" class=\"attachment-large size-large\" alt=\"Pu\u0161kohled DDoptics V6 1-6x24 kresba\" srcset=\"https:\/\/ddoptics.shop\/wp-content\/uploads\/2018\/01\/Zeichnung-V6-1-6x24.jpg 1400w, https:\/\/ddoptics.shop\/wp-content\/uploads\/2018\/01\/Zeichnung-V6-1-6x24-304x88.jpg 304w, https:\/\/ddoptics.shop\/wp-content\/uploads\/2018\/01\/Zeichnung-V6-1-6x24-305x88.jpg 305w, https:\/\/ddoptics.shop\/wp-content\/uploads\/2018\/01\/Zeichnung-V6-1-6x24-632x183.jpg 632w, https:\/\/ddoptics.shop\/wp-content\/uploads\/2018\/01\/Zeichnung-V6-1-6x24-800x231.jpg 800w, https:\/\/ddoptics.shop\/wp-content\/uploads\/2018\/01\/Zeichnung-V6-1-6x24-250x72.jpg 250w, https:\/\/ddoptics.shop\/wp-content\/uploads\/2018\/01\/Zeichnung-V6-1-6x24-510x148.jpg 510w\" sizes=\"(max-width: 1020px) 100vw, 1020px\" title=\"\">\t\t\t\t\t\t\n\t\t\t\t\t<\/div>\n\t\t\t\t\t\t\t\t\n<style>\n#image_504316828 {\n  width: 100%;\n}\n<\/style>\n\t<\/div>\n\t\n<div class=\"is-divider divider clearfix\" ><\/div>\n<h3>Velk\u00fd zoom, p\u016fsobiv\u00e1 v\u00fdstupn\u00ed pupila s DDoptics V6 1-6\u00d724<\/h3>\n<p>D\u00edky sv\u00e9 <strong>S objektivem 1-6\u00d724 V6 HDX je mo\u017en\u00fd \u0161estin\u00e1sobn\u00fd rozsah zoomu<\/strong> tak\u00e9 zodpov\u011bdn\u00fd za v\u00fdst\u0159ely na v\u011bt\u0161\u00ed vzd\u00e1lenosti. Nap\u0159\u00edklad pokud se zv\u011b\u0159 pohybuje daleko p\u0159ed lovci nebo \u010dek\u00e1.<\/p>\n<p>Dal\u0161\u00ed z\u00e1rukou rychl\u00e9ho a bezpe\u010dn\u00e9ho zastaven\u00ed je <strong>Velk\u00e1 v\u00fdstupn\u00ed pupila (12,0-4,06 mm) na pu\u0161kohledu<\/strong>. To lovci umo\u017en\u00ed dostat c\u00edl p\u0159ed ob\u011b o\u010di o ten rozhoduj\u00edc\u00ed zlomek sekundy rychleji.<\/p>\n<h3>Jasn\u00e1 osv\u011btlen\u00e1 te\u010dka v zam\u011b\u0159ova\u010di loveck\u00e9ho pu\u0161kohledu s pohonem<\/h3>\n<p>Na str\u00e1nk\u00e1ch <strong>nov\u00fd zam\u011b\u0159ova\u010d A4N<\/strong> z\u016fst\u00e1v\u00e1 p\u0159i zm\u011bn\u011b zv\u011bt\u0161en\u00ed nezm\u011bn\u011bna ( 2. obrazov\u00e1 rovina ) a je.<strong> jemn\u00fd a nereflexn\u00ed \u010derven\u00fd sv\u011bteln\u00fd bod z optick\u00fdch vl\u00e1ken<\/strong> kter\u00e9 lze p\u0159esn\u011b a plynule stm\u00edvat.<\/p>\n<p>Osv\u011btlen\u00e1 bodov\u00e1 jednotka je pro snadn\u00e9 pou\u017eit\u00ed namontov\u00e1na na okul\u00e1ru. Technologie optick\u00fdch vl\u00e1ken zaji\u0161\u0165uje, \u017ee <strong>Vylou\u010den\u00ed bo\u010dn\u00edch a k\u0159\u00ed\u017eov\u00fdch efekt\u016f<\/strong> jsou. P\u0159i aktivaci sv\u00edt\u00edc\u00edho bodu nedoch\u00e1z\u00ed k nep\u0159\u00edjemn\u00fdm odlesk\u016fm nebo odraz\u016fm.<\/p>\n<p><strong>Na str\u00e1nk\u00e1ch <a href=\"https:\/\/ddoptics.shop\/cs\/technicky-termin\/zamerovac-pro-puskohledy\/\" target=\"_blank\" rel=\"noopener\" data-schema-attribute=\"\">S\u00ed\u0165ka<\/a> se nastav\u00ed o 0,1 MRAD (1 cm na 100 m) na kliknut\u00ed.<\/strong> Tvrd\u00e9 taktick\u00e9 nastaven\u00ed kliknut\u00edm funguje s absolutn\u00ed p\u0159esnost\u00ed opakov\u00e1n\u00ed. Vym\u011bniteln\u00fd krou\u017eek pro zv\u011bt\u0161en\u00ed\/zmen\u0161en\u00ed zam\u011b\u0159ova\u010de na okul\u00e1ru je protiskluzov\u00fd a neklou\u017ee.<\/p>\n<p><strong>Celkov\u00fd rozsah nastaven\u00ed zam\u011b\u0159ovac\u00ed optiky:<\/strong><\/p>\n<ul>\n<li>484 kliknut\u00ed<\/li>\n<li>odpov\u00edd\u00e1 48,4 MRAD<\/li>\n<li>odpov\u00edd\u00e1 24,2 MRAD na str\u00e1nku<\/li>\n<\/ul>\n<h3>Doporu\u010den\u00e9 pou\u017eit\u00ed v6 1-6\u00d724<\/h3>\n<p>Extr\u00e9mn\u011b \u0161irok\u00fd <strong>Zorn\u00e9 pole t\u00e9m\u011b\u0159 40 metr\u016f, 6x zoom<\/strong> Vynikaj\u00edc\u00edmi vlastnostmi pu\u0161kohledu 1-6\u00d724 V6 HDX pro IPSC, \u0159\u00edzen\u00e9 lovy a nah\u00e1\u0148ky je snadn\u00e9 zam\u011b\u0159ov\u00e1n\u00ed i na v\u011bt\u0161\u00ed vzd\u00e1lenosti.<\/p>\n<p>Bezreflexn\u00ed a v\u00fdborn\u011b vn\u00edmateln\u00fd bod s osv\u011btlen\u00edm z optick\u00fdch vl\u00e1ken poskytuje lovci vysokou \u00farove\u0148 bezpe\u010dnosti p\u0159i lovu. <strong>rychl\u00e9 zam\u011b\u0159en\u00ed c\u00edle a letm\u00fd v\u00fdst\u0159el.<\/strong> Pln\u011b doporu\u010deno pro v\u0161echny discipl\u00edny IPSC Rifle.<\/p>","protected":false},"excerpt":{"rendered":"<p><img decoding=\"async\" class=\"size-full wp-image-10471 alignnone\" src=\"https:\/\/ddoptics.shop\/wp-content\/uploads\/2016\/04\/Ansitz-Jagd.jpg\" alt=\"Lov na stoj\u00e1ka\" width=\"50\" height=\"50\" \/><img decoding=\"async\" class=\"wp-image-10452 size-full alignnone\" src=\"https:\/\/ddoptics.shop\/wp-content\/uploads\/2016\/07\/Target-Schiessen.jpg\" alt=\"St\u0159elba na ter\u010d\" width=\"50\" height=\"50\" \/><img decoding=\"async\" class=\"size-full wp-image-10168 alignnone\" src=\"https:\/\/ddoptics.shop\/wp-content\/uploads\/2016\/09\/Jagd-klein.jpg\" alt=\"Loveck\u00e9 dalekohledy\" width=\"50\" height=\"50\" \/><img decoding=\"async\" class=\"size-full wp-image-10180 alignnone\" src=\"https:\/\/ddoptics.shop\/wp-content\/uploads\/2016\/04\/Bergwandern-klein.jpg\" alt=\"Dalekohledy pro horskou turistiku\" width=\"50\" height=\"50\" \/><br \/>\nV6 HDX - Specialista na lov s pohonem od <strong>DDoptics V6 1-6\u00d724<\/strong> se zam\u011b\u0159ova\u010dem A4N.  Tento optick\u00fd zam\u011b\u0159ova\u010d je vybaven extr\u00e9mn\u011b \u0161irok\u00fdm zorn\u00fdm polem 37,8 metru na 100 metr\u016f. <strong>Voliteln\u011b s inteligentn\u00edm <a title=\"NOVINKA DDoptics IFiber osv\u011btlen\u00e1 te\u010dka\" href=\"\/cs\/technicky-termin-wiki\/inteligentni-ddoptics-ifiber-light-point\/\" target=\"_blank\" rel=\"noopener noreferrer\">Sv\u011bteln\u00fd bod IFibre<\/a> s p\u0159\u00edplatkem 99 \u20ac.<\/strong><\/p>","protected":false},"featured_media":23525,"comment_status":"open","ping_status":"closed","template":"","meta":{"inline_featured_image":false,"footnotes":""},"product_brand":[],"product_cat":[710,452,949,639,697,640,919,637,68],"product_tag":[708,966,78,709,80,698],"class_list":{"0":"post-23519","1":"product","2":"type-product","3":"status-publish","4":"has-post-thumbnail","6":"product_cat-1-6x24","7":"product_cat-24-mm-objektivdurchmesser","8":"product_cat-messeaktion","9":"product_cat-bewegungsjagd","10":"product_cat-mrad-klickverstellung","11":"product_cat-pirschjagd-und-gebirgsjagd","12":"product_cat-v6-6-fach-zoom","13":"product_cat-zf-anwendung","14":"product_cat-zielfernrohr","15":"product_tag-1-6x24","16":"product_tag-a4n","17":"product_tag-ddoptics","18":"product_tag-drueckjagdzielfernrohr","19":"product_tag-gen-3","20":"product_tag-mrad-1-cm-klickverstellung","21":"product_shipping_class-paket","22":"pa_brand-marke-ddoptics","23":"pa_produkt-typ-zielfernrohr","25":"first","26":"outofstock","27":"sale","28":"taxable","29":"shipping-taxable","30":"purchasable","31":"product-type-bundle"},"bundled_by":[],"bundle_stock_status":"outofstock","bundle_stock_quantity":0,"bundle_virtual":false,"bundle_layout":"default","bundle_add_to_cart_form_location":"default","bundle_editable_in_cart":false,"bundle_sold_individually_context":"product","bundle_item_grouping":"parent","bundle_min_size":"","bundle_max_size":"","bundle_price":{"price":{"min":{"incl_tax":"899.01","excl_tax":"749.18"},"max":{"incl_tax":"1003.32","excl_tax":"836.1"}},"regular_price":{"min":{"incl_tax":"1149.01","excl_tax":"957.51"},"max":{"incl_tax":"1264.9","excl_tax":"1054.08"}}},"bundled_items":[{"bundled_item_id":95,"product_id":12809,"menu_order":0,"quantity_min":1,"quantity_max":1,"quantity_default":1,"priced_individually":true,"shipped_individually":false,"override_title":true,"title":"","override_description":false,"description":"","optional":false,"hide_thumbnail":true,"discount":"","override_variations":true,"allowed_variations":[12810,12811],"override_default_variation_attributes":false,"default_variation_attributes":[],"single_product_visibility":"visible","cart_visibility":"visible","order_visibility":"visible","single_product_price_visibility":"visible","cart_price_visibility":"visible","order_price_visibility":"visible","stock_status":"in_stock"},{"bundled_item_id":96,"product_id":12812,"menu_order":1,"quantity_min":1,"quantity_max":1,"quantity_default":1,"priced_individually":true,"shipped_individually":false,"override_title":true,"title":"T\u00e9m\u011b\u0159 d\u00e1rek - flipov\u00e9 \u010depice","override_description":false,"description":"","optional":true,"hide_thumbnail":false,"discount":"68.55","override_variations":false,"allowed_variations":[],"override_default_variation_attributes":true,"default_variation_attributes":[{"id":17,"name":"Velikost pu\u0161kohledu","option":"1-6x24"}],"single_product_visibility":"visible","cart_visibility":"visible","order_visibility":"visible","single_product_price_visibility":"visible","cart_price_visibility":"visible","order_price_visibility":"visible","stock_status":"in_stock"}],"bundle_sell_ids":[],"_links":{"self":[{"href":"https:\/\/ddoptics.shop\/cs\/wp-json\/wp\/v2\/product\/23519","targetHints":{"allow":["GET"]}}],"collection":[{"href":"https:\/\/ddoptics.shop\/cs\/wp-json\/wp\/v2\/product"}],"about":[{"href":"https:\/\/ddoptics.shop\/cs\/wp-json\/wp\/v2\/types\/product"}],"replies":[{"embeddable":true,"href":"https:\/\/ddoptics.shop\/cs\/wp-json\/wp\/v2\/comments?post=23519"}],"version-history":[{"count":12,"href":"https:\/\/ddoptics.shop\/cs\/wp-json\/wp\/v2\/product\/23519\/revisions"}],"predecessor-version":[{"id":23527,"href":"https:\/\/ddoptics.shop\/cs\/wp-json\/wp\/v2\/product\/23519\/revisions\/23527"}],"wp:featuredmedia":[{"embeddable":true,"href":"https:\/\/ddoptics.shop\/cs\/wp-json\/wp\/v2\/media\/23525"}],"wp:attachment":[{"href":"https:\/\/ddoptics.shop\/cs\/wp-json\/wp\/v2\/media?parent=23519"}],"wp:term":[{"taxonomy":"product_brand","embeddable":true,"href":"https:\/\/ddoptics.shop\/cs\/wp-json\/wp\/v2\/product_brand?post=23519"},{"taxonomy":"product_cat","embeddable":true,"href":"https:\/\/ddoptics.shop\/cs\/wp-json\/wp\/v2\/product_cat?post=23519"},{"taxonomy":"product_tag","embeddable":true,"href":"https:\/\/ddoptics.shop\/cs\/wp-json\/wp\/v2\/product_tag?post=23519"}],"curies":[{"name":"wp","href":"https:\/\/api.w.org\/{rel}","templated":true}]}}