{"id":24145,"date":"2021-04-15T12:49:38","date_gmt":"2021-04-15T10:49:38","guid":{"rendered":"https:\/\/ddoptics.shop\/?post_type=product&#038;p=24145"},"modified":"2025-04-16T17:05:11","modified_gmt":"2025-04-16T15:05:11","slug":"spartan-javelin-originalni-dvojnozka","status":"publish","type":"product","link":"https:\/\/ddoptics.shop\/cs\/kaufen\/spartan-javelin-original-zweibein\/","title":{"rendered":"Spartan Javelin Pro Hunt Original Bipod \/ Dvojno\u017eka"},"content":{"rendered":"<h2>SPARTAN JAVELIN ORIGIN\u00c1LN\u00cd DVOJNO\u017dKA \/ DVOJNO\u017dKA PRO <a href=\"https:\/\/ddoptics.shop\/cs\/derovana-hridel-fbt-unic-carbon\/\" target=\"_blank\" rel=\"noopener\" data-schema-attribute=\"\">UNIC<\/a> DLOUH\u00c1 KARBONOV\u00c1 PA\u017dBA<\/h2>\n<p>Objevte prvot\u0159\u00eddn\u00ed dvojno\u017eku.<\/p>\n<p>Na str\u00e1nk\u00e1ch <strong>Javelin Original <a href=\"https:\/\/de.wikipedia.org\/wiki\/Zweibein\" target=\"_blank\" rel=\"noopener sponsored\" data-schema-attribute=\"\">Dvouno\u017eka<\/a><\/strong> je vyroben z vysoce odoln\u00e9 hlin\u00edkov\u00e9 slitiny a uhl\u00edkov\u00fdch vl\u00e1ken, aby se sn\u00ed\u017eila hmotnost a zajistila je\u0161t\u011b v\u011bt\u0161\u00ed stabilita.<\/p>\n<p>Dvojno\u017eka je k dispozici ve dvou d\u00e9lk\u00e1ch (standardn\u00ed a dlouh\u00e1) s v\u00fdsuvn\u00fdmi nohami. . <strong>P\u0159ipojen\u00ed ke zbrani<\/strong> je dosa\u017eeno pomoc\u00ed patentovan\u00e9ho magnetick\u00e9ho upev\u0148ovac\u00edho syst\u00e9mu Spartan.<\/p>\n<blockquote><p>Dvojno\u017eku Spartan Javelin Original lze snadno a rychle vym\u011bnit za jin\u00e9 pu\u0161ky. Pot\u0159ebujete pouze jednu dvojno\u017eku, bez ohledu na to, kolik zbran\u00ed m\u00e1te.<\/p><\/blockquote>\n<p>Na str\u00e1nk\u00e1ch <a href=\"https:\/\/fineballistictools.com\/produkt\/spartan-javelin-original-zweibein\/\" target=\"_blank\" rel=\"noopener\" data-schema-attribute=\"\">Javelin Original Bipod<\/a> ist so konzipiert, dass es in einer Tasche oder einem Rucksack getragen, und bei Bedarf in Sekundenschnelle befestigt werden kann. Es ist ideal f\u00fcr J\u00e4ger, die gro\u00dfe Entfernungen zur\u00fccklegen oder sich durch Gestr\u00fcpp und in Waldgebieten bewegen.<\/p>\n<h3 class=\"product-title product_title entry-title\">Rozd\u00edly Spartan Javelin Original Bipod \/ Bipod | Standardn\u00ed a dlouh\u00e1 verze<\/h3>\n<table style=\"border-collapse: collapse; width: 100%; height: 95px;\">\n<tbody>\n<tr style=\"height: 19px;\">\n<td style=\"width: 33.3333%; height: 19px;\"><\/td>\n<td style=\"width: 33.3333%; height: 19px;\">Javelin Original Standard<\/td>\n<td style=\"width: 33.3333%; height: 19px;\">Javelin Original Long<\/td>\n<\/tr>\n<tr style=\"height: 19px;\">\n<td style=\"width: 33.3333%; height: 19px;\">Hmotnost<\/td>\n<td style=\"width: 33.3333%; height: 19px;\">148 g<\/td>\n<td style=\"width: 33.3333%; height: 19px;\">157 g<\/td>\n<\/tr>\n<tr style=\"height: 19px;\">\n<td style=\"width: 33.3333%; height: 19px;\">Nastaven\u00ed v\u00fd\u0161ky<\/td>\n<td style=\"width: 33.3333%; height: 19px;\">17 cm - 24 cm<\/td>\n<td style=\"width: 33.3333%; height: 19px;\">20,5 cm - 30 cm<\/td>\n<\/tr>\n<tr style=\"height: 19px;\">\n<td style=\"width: 33.3333%; height: 19px;\">Bo\u010dn\u00ed ko\u0159enov\u00e1 oblast<\/td>\n<td style=\"width: 33.3333%; height: 19px;\">30\u00b0 vlevo + 30\u00b0 vpravo<\/td>\n<td style=\"width: 33.3333%; height: 19px;\">30\u00b0 vlevo + 30\u00b0 vpravo<\/td>\n<\/tr>\n<tr style=\"height: 19px;\">\n<td style=\"width: 33.3333%; height: 19px;\">Rozsah \u00fahlu n\u00e1klonu<\/td>\n<td style=\"width: 33.3333%; height: 19px;\">15\u00b0 vpravo + 15\u00b0 vlevo<\/td>\n<td style=\"width: 33.3333%; height: 19px;\">15\u00b0 vpravo + 15\u00b0 vlevo<\/td>\n<\/tr>\n<\/tbody>\n<\/table>\n<ul>\n<li>Sledujte c\u00edl pomoc\u00ed funkce proch\u00e1zen\u00ed nebo ji pou\u017eijte v re\u017eimu uzam\u010den\u00e9ho c\u00edle.<\/li>\n<li>Nakl\u00e1p\u011bc\u00ed za\u0159\u00edzen\u00ed pro nerovn\u00e9 povrchy<\/li>\n<li>Adapt\u00e9r s n\u00edzk\u00fdm profilem umo\u017e\u0148uje pohodln\u00e9 no\u0161en\u00ed zav\u011b\u0161en\u00e9 pu\u0161ky<\/li>\n<li>Dod\u00e1v\u00e1 se s univerz\u00e1ln\u00ed sadou pu\u0161kov\u00e9ho adapt\u00e9ru pro upevn\u011bn\u00ed dvojno\u017eky<\/li>\n<li>Rychl\u00e1 a snadn\u00e1 v\u00fdm\u011bna za jin\u00e9 pu\u0161ky d\u00edky magnetick\u00e9mu syst\u00e9mu upevn\u011bn\u00ed Spartan<\/li>\n<li>Lehk\u00e9 a robustn\u00ed s v\u00fdsuvn\u00fdmi nohami<\/li>\n<li>Pry\u017eov\u00e9 a wolframkarbidov\u00e9 no\u017ei\u010dky pro r\u016fzn\u00e1 prost\u0159ed\u00ed<\/li>\n<li>Mont\u00e1\u017en\u00ed bod z\u00e1v\u011bsu<\/li>\n<li>Kompatibiln\u00ed se v\u0161emi 12mm adapt\u00e9ry pro pu\u0161ky Spartan<\/li>\n<\/ul>","protected":false},"excerpt":{"rendered":"<ul>\n<li>Magnetick\u00fd upev\u0148ovac\u00ed syst\u00e9m<\/li>\n<li>Kompatibiln\u00ed se v\u0161emi karbonov\u00fdmi h\u0159\u00eddelemi FBT<\/li>\n<\/ul>","protected":false},"featured_media":27184,"comment_status":"open","ping_status":"closed","template":"","meta":{"inline_featured_image":false,"footnotes":""},"product_brand":[],"product_cat":[],"product_tag":[1016,1015],"class_list":{"0":"post-24145","1":"product","2":"type-product","3":"status-publish","4":"has-post-thumbnail","6":"product_tag-bipod","7":"product_tag-spartan-javelin","8":"product_shipping_class-paket","10":"first","11":"instock","12":"taxable","13":"shipping-taxable","14":"purchasable","15":"product-type-variable"},"bundled_by":["24131","23725","24118","23977","24010","24015","23944","24219","24038","24020","24048","24071","24059","24083","24095","23913","24109","24293","24304","24315","24970","25304","26062","26068","26332","26353","26357","26363","26378","26401","26413","26436","26453","26479","26740","27104","27432","27472","27535","27885","27886","28147","28266","28426","28742","28813","28832","28841","29279","29438","29599","29603"],"bundle_stock_status":"instock","bundle_stock_quantity":null,"bundle_virtual":false,"bundle_layout":"","bundle_add_to_cart_form_location":"","bundle_editable_in_cart":false,"bundle_sold_individually_context":"","bundle_item_grouping":"","bundle_min_size":"","bundle_max_size":"","bundle_price":[],"bundled_items":[],"bundle_sell_ids":[],"_links":{"self":[{"href":"https:\/\/ddoptics.shop\/cs\/wp-json\/wp\/v2\/product\/24145","targetHints":{"allow":["GET"]}}],"collection":[{"href":"https:\/\/ddoptics.shop\/cs\/wp-json\/wp\/v2\/product"}],"about":[{"href":"https:\/\/ddoptics.shop\/cs\/wp-json\/wp\/v2\/types\/product"}],"replies":[{"embeddable":true,"href":"https:\/\/ddoptics.shop\/cs\/wp-json\/wp\/v2\/comments?post=24145"}],"version-history":[{"count":14,"href":"https:\/\/ddoptics.shop\/cs\/wp-json\/wp\/v2\/product\/24145\/revisions"}],"predecessor-version":[{"id":27185,"href":"https:\/\/ddoptics.shop\/cs\/wp-json\/wp\/v2\/product\/24145\/revisions\/27185"}],"wp:featuredmedia":[{"embeddable":true,"href":"https:\/\/ddoptics.shop\/cs\/wp-json\/wp\/v2\/media\/27184"}],"wp:attachment":[{"href":"https:\/\/ddoptics.shop\/cs\/wp-json\/wp\/v2\/media?parent=24145"}],"wp:term":[{"taxonomy":"product_brand","embeddable":true,"href":"https:\/\/ddoptics.shop\/cs\/wp-json\/wp\/v2\/product_brand?post=24145"},{"taxonomy":"product_cat","embeddable":true,"href":"https:\/\/ddoptics.shop\/cs\/wp-json\/wp\/v2\/product_cat?post=24145"},{"taxonomy":"product_tag","embeddable":true,"href":"https:\/\/ddoptics.shop\/cs\/wp-json\/wp\/v2\/product_tag?post=24145"}],"curies":[{"name":"wp","href":"https:\/\/api.w.org\/{rel}","templated":true}]}}