{"id":26806,"date":"2023-08-02T16:37:45","date_gmt":"2023-08-02T14:37:45","guid":{"rendered":"https:\/\/ddoptics.shop\/?post_type=product&#038;p=26806"},"modified":"2026-02-02T17:25:48","modified_gmt":"2026-02-02T16:25:48","slug":"ddoptics-nighteagle-5-30x50-nfx-mrad","status":"publish","type":"product","link":"https:\/\/ddoptics.shop\/cs\/kaufen\/ddoptics-nighteagle-5-30x50-nfx-mrad\/","title":{"rendered":"DDoptics Nighteagle 5-30\u00d750 NFX Tactical riflescope | MilDot | MRAD adjustment"},"content":{"rendered":"<div class=\"container section-title-container\" ><h3 class=\"section-title section-title-normal\"><b aria-hidden=\"true\"><\/b><span class=\"section-title-main\" ><i class=\"icon-cross\" aria-hidden=\"true\"><\/i>Stru\u010dn\u00fd p\u0159ehled Nighteagle 5-30x50 NFX Tactical od DDoptics<\/span><b aria-hidden=\"true\"><\/b><\/h3><\/div>\n<table style=\"background-color: #cacaca; width: 100%;\">\n<tbody>\n<tr style=\"height: 24px;\">\n<td style=\"height: 24px; text-align: left; width: 20%;\">Trubka<\/td>\n<td style=\"height: 24px; text-align: left; width: 30%;\">30 mm mono trubice<\/td>\n<td style=\"height: 24px; text-align: left; width: 20%;\">Zorn\u00e9 pole: m @100 m<\/td>\n<td style=\"height: 24px; text-align: left; width: 30%;\">8 - 1,3 m<\/td>\n<\/tr>\n<tr style=\"height: 24px;\">\n<td style=\"height: 24px; text-align: left; width: 20%;\">Optick\u00fd syst\u00e9m<\/td>\n<td style=\"height: 24px; text-align: left; width: 30%;\">5-30n\u00e1sobek<\/td>\n<td style=\"height: 24px; text-align: left; width: 20%;\">Mezipupil\u00e1rn\u00ed vzd\u00e1lenost<\/td>\n<td style=\"height: 24px; text-align: left; width: 30%;\">77 mm - 91 mm<\/td>\n<\/tr>\n<tr style=\"height: 24px;\">\n<td style=\"height: 24px; text-align: left; width: 20%;\">Objektiv<\/td>\n<td style=\"height: 24px; text-align: left; width: 30%;\">50 mm<\/td>\n<td style=\"height: 24px; text-align: left; width: 20%;\">D\u00e9lka<\/td>\n<td style=\"height: 24px; text-align: left; width: 30%;\">330 mm<\/td>\n<\/tr>\n<tr style=\"height: 24px;\">\n<td style=\"height: 24px; text-align: left; width: 20%;\">S\u00ed\u0165ka<\/td>\n<td style=\"height: 24px; text-align: left; width: 30%;\">MilDot<\/td>\n<td style=\"height: 24px; text-align: left; width: 20%;\">Hmotnost<\/td>\n<td style=\"height: 24px; text-align: left; width: 30%;\">\u00a0750 g<\/td>\n<\/tr>\n<tr style=\"height: 24px;\">\n<td style=\"height: 24px; text-align: left; width: 20%;\">Sv\u011bteln\u00fd bod<\/td>\n<td style=\"height: 24px; text-align: left; width: 30%;\">LP 2 nebo iFibre<\/td>\n<td style=\"height: 24px; text-align: left; width: 20%;\">Ochrana proti zaml\u017eov\u00e1n\u00ed<\/td>\n<td style=\"height: 24px; text-align: left; width: 30%;\">Dus\u00edkov\u00e1 n\u00e1pl\u0148 proti zaml\u017een\u00ed<\/td>\n<\/tr>\n<tr style=\"height: 24px;\">\n<td style=\"height: 24px; text-align: left; width: 20%;\">Zaost\u0159en\u00ed\/paralaxa<\/td>\n<td style=\"height: 24px; text-align: left; width: 30%;\">Nastaviteln\u00fd objektiv 20 m a\u017e nekone\u010dno<\/td>\n<td style=\"height: 24px; text-align: left; width: 20%;\">\u00a0T\u011bsnost<\/td>\n<td style=\"height: 24px; text-align: left; width: 30%;\">Odolnost v\u016f\u010di vod\u011b a n\u00e1raz\u016fm<\/td>\n<\/tr>\n<\/tbody>\n<\/table>\n<div class=\"row\"  id=\"row-1701068353\">\n\n\t<div id=\"col-1260255372\" class=\"col medium-8 small-12 large-8\"  >\n\t\t\t\t<div class=\"col-inner\"  >\n\t\t\t\n\t\t\t\n<h2>DDoptics Nighteagle 5-30\u00d750 NFX Tactical riflescope - v\u00fdkonn\u00fd pu\u0161kohled s 6x zoomem pro lov a sport na velk\u00e9 vzd\u00e1lenosti<\/h2>\n<p>Na str\u00e1nk\u00e1ch <strong>Nighteagle V6 5-30\u00d750 NFX<\/strong> pu\u0161kohled je p\u0159elomov\u00fdm p\u0159\u00edr\u016fstkem do \u0159ady <strong>Taktick\u00e1 \u0159ada 3. generace<\/strong> od spole\u010dnosti DDoptics.<\/p>\n<p>Vynikaj\u00edc\u00ed vlastnost\u00ed je roz\u0161\u00ed\u0159en\u00e9 zorn\u00e9 pole 8 metr\u016f p\u0159i \u0161estin\u00e1sobn\u00e9m zv\u011bt\u0161en\u00ed a v\u00fdrazn\u011b vylep\u0161en\u00fd okul\u00e1r. Tyto vlastnosti z n\u011bj \u010din\u00ed nepostradateln\u00fd n\u00e1stroj pro p\u0159esn\u00e9 st\u0159elce a lovce, kte\u0159\u00ed hledaj\u00ed nejvy\u0161\u0161\u00ed kvalitu a v\u00fdkon.<\/p>\n<p>D\u00edky <strong>v\u011bt\u0161\u00ed zorn\u00e9 pole a vylep\u0161en\u00fd o\u010dn\u00ed d\u016flek<\/strong> fotografov\u00e9 mohou b\u011bhem z\u00e1b\u011bru udr\u017eovat jasn\u00fd obraz, ani\u017e by byli vystaveni rozptylov\u00e1n\u00ed. To jim umo\u017e\u0148uje p\u0159esn\u011b sledovat dopad st\u0159ely do c\u00edle, ani\u017e by se museli spol\u00e9hat na dal\u0161\u00edho pozorovatele.<\/p>\n<p>Tato okam\u017eit\u00e1 \u201czp\u011btn\u00e1 vazba\u201d poskytuje jistotu o m\u00edst\u011b n\u00e1razu a umo\u017e\u0148uje v p\u0159\u00edpad\u011b pot\u0159eby prov\u00e9st okam\u017eit\u00e9 \u00fapravy. Pokud st\u0159ela mine, roz\u0161\u00ed\u0159en\u00e9 zorn\u00e9 pole usnad\u0148uje st\u0159elc\u016fm rozpoznat odchylku a okam\u017eit\u011b ji opravit.<\/p>\n<p>Kombinace v\u011bt\u0161\u00edho zorn\u00e9ho pole a <strong>d\u00edky vylep\u0161en\u00e9mu okul\u00e1ru je Nighteagle V6 5-30\u00d750 NFX<\/strong> neocenitelnou v\u00fdhodu pro n\u00e1ro\u010dn\u00e9 st\u0159elce.<\/p>\n<p>Umo\u017e\u0148uje maxim\u00e1ln\u00ed p\u0159esnost a kontrolu p\u0159i ka\u017ed\u00e9m v\u00fdst\u0159elu, proto\u017ee c\u00edl z\u016fst\u00e1v\u00e1 v\u017edy na o\u010d\u00edch p\u0159ed v\u00fdst\u0159elem i po n\u011bm. S pu\u0161kohledem Nighteagle 5-30\u00d750 NFX V6 po boku mohou st\u0159elci maximalizovat sv\u016fj v\u00fdkon. <strong>St\u0159eleck\u00e9 dovednosti<\/strong> na novou \u00farove\u0148 a optimalizovat jejich v\u00fdkon.<\/p>\n\t\t<\/div>\n\t\t\t\t\t<\/div>\n\n\t\n\n\t<div id=\"col-2098757991\" class=\"col medium-4 small-12 large-4\"  >\n\t\t\t\t<div class=\"col-inner\"  >\n\t\t\t\n\t\t\t\n<a class=\"button primary expand\" >\n\t\t<span>Speci\u00e1ln\u00ed funkce pu\u0161kohledu<\/span>\n\t<\/a>\n\n\n\t<section class=\"section\" id=\"section_830807285\">\n\t\t<div class=\"section-bg fill\" >\n\t\t\t\t\t\t\t\t\t<div class=\"section-bg-overlay absolute fill\"><\/div>\n\t\t\t\n\n\t\t<\/div>\n\n\t\t\n\n\t\t<div class=\"section-content relative\">\n\t\t\t\n\t<div class=\"img has-hover x md-x lg-x y md-y lg-y\" id=\"image_1854326397\">\n\t\t<a class=\"\" href=\"https:\/\/www.ddoptics.de\/garantiebestimmungen\" target=\"_blank\" rel=\"no follow noopener\">\t\t\t\t\t\t<div class=\"img-inner dark\" >\n\t\t\t<img decoding=\"async\" width=\"352\" height=\"160\" src=\"https:\/\/ddoptics.shop\/wp-content\/uploads\/2014\/09\/DDoptics-Garantie.jpg\" class=\"attachment-large size-large\" alt=\"Z\u00e1ruka DDoptics\" srcset=\"https:\/\/ddoptics.shop\/wp-content\/uploads\/2014\/09\/DDoptics-Garantie.jpg 352w, https:\/\/ddoptics.shop\/wp-content\/uploads\/2014\/09\/DDoptics-Garantie-304x138.jpg 304w, https:\/\/ddoptics.shop\/wp-content\/uploads\/2014\/09\/DDoptics-Garantie-305x139.jpg 305w, https:\/\/ddoptics.shop\/wp-content\/uploads\/2014\/09\/DDoptics-Garantie-250x114.jpg 250w\" sizes=\"(max-width: 352px) 100vw, 352px\" title=\"\">\t\t\t\t\t\t\n\t\t\t\t\t<\/div>\n\t\t\t\t\t\t<\/a>\t\t\n<style>\n#image_1854326397 {\n  width: 100%;\n}\n<\/style>\n\t<\/div>\n\t\n\t<div id=\"gap-1635140766\" class=\"gap-element clearfix\" style=\"display:block; height:auto;\">\n\t\t\n<style>\n#gap-1635140766 {\n  padding-top: 15px;\n}\n<\/style>\n\t<\/div>\n\t\n\t<div id=\"text-62992894\" class=\"text\">\n\t\t\n<p><span style=\"font-size: 80%;\"><em>\u21d2 nov\u00e9 CT sklo ( \u010dir\u00e1 p\u0159enosov\u00e1 vrstva )<br \/>\n<\/em><\/span><em style=\"font-size: 80%;\">\u21d2 Zerostop ( pro nulov\u00fd doraz )<\/em><span style=\"font-size: 80%;\"><br \/>\n<\/span><em style=\"font-size: 80%;\">\u21d2 Dvoj\u00ed ot\u00e1\u010den\u00ed (dvoj\u00ed m\u011b\u0159\u00edtko)<\/em><span style=\"font-size: 80%;\"><br \/>\n<\/span><em style=\"font-size: 80%;\">\u21d2 Horizont\u00e1ln\u00ed nastaven\u00ed proti sm\u011bru hodinov\u00fdch ru\u010di\u010dek. M\u011b\u0159\u00edtko ( v\u00edtr vlevo - vpravo )<\/em><span style=\"font-size: 80%;\"><br \/>\n<\/span><em style=\"font-size: 80%;\">\u21d2 velmi vysok\u00e9 rozli\u0161en\u00ed<\/em><span style=\"font-size: 80%;\"><br \/>\n<\/span><em style=\"font-size: 80%;\">\u21d2 nen\u00e1padn\u00e1 loveck\u00e1 verze s mal\u00fdmi v\u011b\u017ei\u010dkami<br \/>\n<\/em> <em style=\"font-size: 80%;\">\u21d2 NOVINKA: Optick\u00e9 vl\u00e1kno s osv\u011btlen\u00edm - iFibre illuminated dot voliteln\u011b<\/em><span style=\"font-size: 80%;\"><br \/>\n<\/span><em style=\"font-size: 80%;\">\u21d2 30 let z\u00e1ruky DDoptics<\/em><span style=\"font-size: 80%;\"><br \/>\n<\/span><em style=\"font-size: 80%;\">\u21d2 MilDot: 2. rovina obrazu<\/em><span style=\"font-size: 80%;\"><br \/>\n<\/span><em style=\"font-size: 80%;\">\u21d2 P\u0159esnost absolutn\u00edho v\u00fdnosu<\/em> <em style=\"font-size: 80%;\">\u21d2 extr\u00e9mn\u00ed propustnost sv\u011btla a\u017e 94,7%<\/em><span style=\"font-size: 80%;\"><br \/>\n<\/span><em style=\"font-size: 80%;\">\u21d2 test nepr\u016fst\u0159elnosti: <a href=\"https:\/\/de.wikipedia.org\/wiki\/.375_Holland_%26_Holland_Magnum\" target=\"_blank\" rel=\"noopener noreferrer\">375 H&amp;H<\/a> 1000 v\u00fdst\u0159el\u016f<\/em><span style=\"font-size: 80%;\"><br \/>\n<\/span><em style=\"font-size: 80%;\">\u21d2 funkce dalekohledu d\u00edky velk\u00e9mu zv\u011bt\u0161en\u00ed<\/em><span style=\"font-size: 80%;\"><br \/>\n<\/span><em style=\"font-size: 80%;\">\u21d2 plynule nastaviteln\u00e1 kompenzace paralaxy<\/em> <em style=\"font-size: 80%;\">\u21d2 mo\u017enost velmi dlouh\u00fdch z\u00e1b\u011br\u016f<\/em><\/p>\n\t\t\n<style>\n#text-62992894 {\n  line-height: 1.15;\n  color: rgb(33, 107, 227);\n}\n#text-62992894 > * {\n  color: rgb(33, 107, 227);\n}\n<\/style>\n\t<\/div>\n\t\n\t\t<\/div>\n\n\t\t\n<style>\n#section_830807285 {\n  padding-top: 30px;\n  padding-bottom: 30px;\n  background-color: rgb(232, 232, 232);\n}\n#section_830807285 .section-bg-overlay {\n  background-color: rgba(255,255,255,.5);\n}\n<\/style>\n\t<\/section>\n\t\n<div class=\"is-divider divider clearfix\" ><\/div>\n\t\t<\/div>\n\t\t\t\t\t<\/div>\n\n\t\n<\/div>\n<h3>Pu\u0161kohled 5-30\u00d750 NFX - roz\u0161\u00ed\u0159en\u00fd rozsah nastaven\u00ed osnovy<\/h3>\n<p>Zvl\u00e1\u0161t\u011b pozoruhodnou vlastnost\u00ed pu\u0161kohledu Nighteagle V6 5-30\u00d750 NFX je roz\u0161\u00ed\u0159en\u00fd rozsah nastaven\u00ed osnovy.<\/p>\n<p>S <strong>roz\u0161\u00ed\u0159en\u00fd rozsah nastaven\u00ed 27 MRAD<\/strong> pu\u0161kohled Nighteagle V6 5-30\u00d750 NFX nab\u00edz\u00ed v\u00fdznamnou v\u00fdhodu z hlediska dosahu. P\u0159i pou\u017eit\u00ed p\u0159edsazen\u00ed 40 MOA lze nap\u0159\u00edklad dos\u00e1hnout p\u016fsobiv\u00fdch vzd\u00e1lenost\u00ed a\u017e do. <strong>2 km (p\u0159i cal.308)<\/strong> zat\u00edmco zam\u011b\u0159ova\u010d z\u016fst\u00e1v\u00e1 st\u00e1le ve st\u0159edov\u00e9 poloze.<\/p>\n<p>Pou\u017eit\u00ed <strong>D\u016frazn\u011b se doporu\u010duje p\u0159edklon<\/strong>, proto\u017ee ostrost a p\u0159esnost obrazu jsou nejlep\u0161\u00ed, kdy\u017e je nastaven\u00ed zam\u011b\u0159ova\u010de co nejv\u00edce uprost\u0159ed. St\u0159elci tak mohou vyu\u017e\u00edt pln\u00fd v\u00fdkon pu\u0161kohledu a prov\u00e1d\u011bt p\u0159esn\u00e9 z\u00e1sahy na extr\u00e9mn\u011b dlouh\u00e9 vzd\u00e1lenosti.<\/p>\n<h3>Pu\u0161kohled 5-30\u00d750 NFX - dv\u011b vynikaj\u00edc\u00ed zaj\u00edmavosti<\/h3>\n<p>Pu\u0161kohled Nighteagle V6 5-30\u00d750 NFX nab\u00edz\u00ed dv\u011b vynikaj\u00edc\u00ed vlastnosti, kter\u00e9 jsou pro st\u0159elce velk\u00fdm p\u0159\u00ednosem: . <strong>Krou\u017eek pro nastaven\u00ed zv\u011bt\u0161en\u00ed<\/strong> byl navr\u017een tak, aby poskytoval lep\u0161\u00ed p\u0159ilnavost, a je voliteln\u011b k dispozici s <strong>\u0161roubovac\u00ed rychloup\u00ednac\u00ed p\u00e1ka<\/strong> je vybaven.<\/p>\n<p>Tyto funkce p\u0159in\u00e1\u0161ej\u00ed \u0159adu v\u00fdhod, kter\u00e9 v\u00fdrazn\u011b zlep\u0161uj\u00ed manipulaci a obsluhu pu\u0161kohledu. D\u00edky vylep\u0161en\u00e9mu \u00fachopu nastavovac\u00edho krou\u017eku m\u016f\u017ee st\u0159elec rychle a p\u0159esn\u011b nastavit zv\u011bt\u0161en\u00ed, a to i v n\u00e1ro\u010dn\u00fdch podm\u00ednk\u00e1ch nebo v rukavic\u00edch.<\/p>\n<p>Mo\u017enost pou\u017eit\u00ed <strong>pou\u017eijte volitelnou rychloup\u00ednac\u00ed p\u00e1ku<\/strong> umo\u017e\u0148uje st\u0159elci m\u011bnit zv\u011bt\u0161en\u00ed je\u0161t\u011b rychleji a pohodln\u011bji. Tyto funkce jsou neoceniteln\u00e9 zejm\u00e9na p\u0159i sportovn\u00ed st\u0159elb\u011b a zejm\u00e9na p\u0159i rychl\u00e9 zm\u011bn\u011b zv\u011bt\u0161en\u00ed a p\u0159edstavuj\u00ed rozhoduj\u00edc\u00ed v\u00fdhodu.<\/p>\n<h3>MilDot zam\u011b\u0159ova\u010d<\/h3>\n<p>Na str\u00e1nk\u00e1ch <strong>Pu\u0161kohled Nighteagle 5-30\u00d750 NFX<\/strong> - je vybaven \u00fasp\u011b\u0161n\u00fdm modern\u00edm zam\u011b\u0159ova\u010dem MilDot.<\/p>\n<p>Pu\u0161kohled Nighteagle V6 5-30\u00d750 NFX nab\u00edz\u00ed taktickou osv\u011btlenou osnovu MilDot v obrazov\u00e9 rovin\u011b okul\u00e1ru (2. obrazov\u00e1 rovina), kter\u00e1 je standardizov\u00e1na na zv\u011bt\u0161en\u00ed 10x.<\/p>\n<p>To znamen\u00e1, \u017ee p\u0159i zm\u011bn\u011b zv\u011bt\u0161en\u00ed z\u016fst\u00e1v\u00e1 velikost zam\u011b\u0159ova\u010de konstantn\u00ed. I p\u0159i zv\u011bt\u0161en\u00ed 30x zakr\u00fdv\u00e1 zam\u011b\u0159ova\u010d c\u00edl pouze o 1,8 mm na vzd\u00e1lenost 100 metr\u016f. Zorn\u00e9 pole p\u0159i tomto maxim\u00e1ln\u00edm zv\u011bt\u0161en\u00ed je na 100 m st\u00e1le 1,3 m, co\u017e umo\u017e\u0148uje bleskurychl\u00e9 zam\u00ed\u0159en\u00ed.<\/p>\n<p>Zam\u011b\u0159ovac\u00ed optika umo\u017e\u0148uje p\u0159esn\u00e9 nastaven\u00ed, proto\u017ee<strong> Zam\u011b\u0159ova\u010d na jedno kliknut\u00ed o 0,1 MRAD<\/strong> co\u017e odpov\u00edd\u00e1 posunu o 1 cm na 100 m. Ve vzd\u00e1lenosti 300 m odpov\u00edd\u00e1 jedno kliknut\u00ed zm\u011bn\u011b bodu dopadu o p\u0159ibli\u017en\u011b 3 cm.<\/p>\n<p>Celkov\u00fd rozsah nastaven\u00ed pu\u0161kohledu je <strong>165 kliknut\u00ed nebo 27 MRAD (13,5 MRAD na str\u00e1nku),<\/strong> kter\u00e1 st\u0159elc\u016fm nab\u00edz\u00ed \u0161irokou \u0161k\u00e1lu mo\u017enost\u00ed pro vylad\u011bn\u00ed z\u00e1b\u011br\u016f.<\/p>\n<h3>Robustn\u00ed nastavovac\u00ed mechanismus pro n\u00e1ro\u010dn\u00e9 pou\u017eit\u00ed s p\u0159\u00edstroji Zerostop a ASV<\/h3>\n<p>Pu\u0161kohled Nighteagle V6 5-30\u00d750 NFX je vybaven praktick\u00fdm rychl\u00fdm nastaven\u00edm a Zerostopem.<\/p>\n<p>M\u00e1 dvojitou stupnici na vertik\u00e1ln\u00edm nastaven\u00ed, pomoc\u00ed kter\u00e9 lze ode\u010d\u00edst a nastavit po\u010det kliknut\u00ed. Po nast\u0159elen\u00ed v pu\u0161kohledu se <strong>Nastaven\u00ed zam\u011b\u0159ova\u010de uvoln\u011bn\u00edm aretace v\u011b\u017ei\u010dky<\/strong> lze nastavit na nulu pomoc\u00ed mince nebo \u0161roubov\u00e1ku.<\/p>\n<p>N\u00e1sledn\u011b <strong>Nastaven\u00ed nuly zespodu pomoc\u00ed Zerostopu pro zaji\u0161t\u011bn\u00ed zastaven\u00ed v nulov\u00e9 poloze.<\/strong>. Z t\u00e9to nulov\u00e9 polohy lze pomoc\u00ed syst\u00e9mu zna\u010den\u00ed p\u0159ednastavit r\u016fzn\u00e9 vzd\u00e1lenosti st\u0159elby.<\/p>\n<p>D\u00edky t\u011bmto praktick\u00fdm funkc\u00edm mohou st\u0159elci snadno a rychle nastavit pu\u0161kohled na r\u016fzn\u00e9 vzd\u00e1lenosti a z\u00e1rove\u0148 zajistit spolehlivou nulovou polohu. To umo\u017e\u0148uje flexibiln\u00ed a p\u0159esn\u00fd v\u00fdb\u011br c\u00edle v r\u016fzn\u00fdch st\u0159eleck\u00fdch situac\u00edch.<\/p>\n<h3>Nejlep\u0161\u00ed sv\u011bteln\u00fd bod pro podsv\u00edcen\u00ed \/ soumrak \/ technologii no\u010dn\u00edho vid\u011bn\u00ed<\/h3>\n<p>Pu\u0161kohled Nighteagle V6 5-30\u00d750 NFX je vybaven voliteln\u00fdm sv\u011btlovodn\u00fdm bodem s osv\u011btlen\u00edm, kter\u00fd je za p\u0159\u00edplatek k dispozici tak\u00e9 ve verzi s automatick\u00fdm IFiber.<\/p>\n<p>Sv\u011bteln\u00fd bod optick\u00e9ho vl\u00e1kna je z\u00e1m\u011brn\u011b mal\u00fd, aby bylo zaji\u0161t\u011bno co nejmen\u0161\u00ed pokryt\u00ed c\u00edle. D\u00edky <strong>pokro\u010dilou technologii optick\u00fdch vl\u00e1ken, sv\u011bteln\u00fd bod je<\/strong> nejen tmav\u0161\u00ed se siln\u00fdm stm\u00edv\u00e1n\u00edm, ale tak\u00e9 jemn\u011bj\u0161\u00ed, co\u017e umo\u017e\u0148uje p\u0159esn\u00e9 zam\u011b\u0159en\u00ed.<\/p>\n<p>Sv\u00edt\u00edc\u00ed bod lze plynule ztlumit o 100 %, dokud ji\u017e nen\u00ed lidsk\u00fdm okem viditeln\u00fd. Pod \u00farovn\u00ed 4 lze sv\u00edt\u00edc\u00ed bod rozpoznat pouze pomoc\u00ed p\u0159\u00edstroje pro no\u010dn\u00ed vid\u011bn\u00ed.<\/p>\n<p>Na vy\u017e\u00e1d\u00e1n\u00ed lze osv\u011btlen\u00fd bod p\u0159izp\u016fsobit pro pou\u017eit\u00ed se speci\u00e1ln\u00edmi za\u0159\u00edzen\u00edmi. <a href=\"https:\/\/de.wikipedia.org\/wiki\/Nachtsichtger%C3%A4t\" target=\"_blank\" rel=\"noopener sponsored\">Typy za\u0159\u00edzen\u00ed pro no\u010dn\u00ed vid\u011bn\u00ed<\/a> jako <strong>Photonis komer\u010dn\u00ed t\u0159\u00eddy XD4 nebo XR5<\/strong> nebo Gen. 3 lze p\u0159izp\u016fsobit.<\/p>\n<p>Kdy\u017e se<strong> Pokud je osv\u011btlen\u00e1 te\u010dka vypnut\u00e1, zobraz\u00ed se souvisl\u00e1 osnova jako u b\u011b\u017en\u00e9ho pu\u0161kohledu bez osv\u011btlovac\u00ed jednotky,<\/strong> bez ru\u0161iv\u00e9ho, voln\u011b stoj\u00edc\u00edho bodu, kter\u00fd by naru\u0161oval v\u00fdhled. P\u0159i aktivaci sv\u00edt\u00edc\u00edho bodu nedoch\u00e1z\u00ed k nep\u0159\u00edjemn\u00e9mu sv\u00edcen\u00ed nebo odraz\u016fm v optice, co\u017e zaji\u0161\u0165uje jasn\u00fd v\u00fdhled.<\/p>\n<p>Sv\u011bteln\u00e1 jednotka se vyr\u00e1b\u00ed ru\u010dn\u011b, co\u017e umo\u017e\u0148uje individu\u00e1ln\u011b zohlednit zvl\u00e1\u0161tn\u00ed po\u017eadavky z\u00e1kazn\u00edk\u016f. St\u0159elci si tak mohou nechat pu\u0161kohled upravit podle sv\u00fdch osobn\u00edch preferenc\u00ed a po\u017eadavk\u016f.<\/p>\n<h3>Pu\u0161kohled NFX s velk\u00fdm zorn\u00fdm polem<\/h3>\n<p>Nighteagle V6 5-30\u00d750 NFX nab\u00edz\u00ed pozoruhodnou vlastnost: mimo\u0159\u00e1dn\u011b velk\u00e9 zorn\u00e9 pole 8 metr\u016f p\u0159i p\u011btin\u00e1sobn\u00e9m zv\u011bt\u0161en\u00ed, kter\u00e9 v kombinaci s v\u00fdrazn\u011b vylep\u0161en\u00fdm okul\u00e1rem p\u0159in\u00e1\u0161\u00ed \u0159adu v\u00fdhod. To je mimo\u0159\u00e1dn\u011b u\u017eite\u010dn\u00e9 jak pro p\u0159esn\u00e9 st\u0159elce, tak pro lovce.<\/p>\n<p>Vylep\u0161en\u00fd okul\u00e1r umo\u017e\u0148uje st\u0159elci l\u00e9pe sledovat c\u00edl b\u011bhem v\u00fdst\u0159elu, i kdy\u017e se pohybuje. D\u00edky tomu mohou sami rozpoznat dopad st\u0159ely na c\u00edl, ani\u017e by se museli spol\u00e9hat na dal\u0161\u00edho pozorovatele.<\/p>\n<p>To poskytuje p\u0159esnou a okam\u017eitou \u201czp\u011btnou vazbu\u201d, kter\u00e1 d\u00e1v\u00e1 st\u0159elci jistotu o m\u00edst\u011b z\u00e1sahu a umo\u017e\u0148uje mu sledovat nebo korigovat v\u00fdst\u0159el v re\u00e1ln\u00e9m \u010dase.<\/p>\n<p>V p\u0159\u00edpad\u011b netrefen\u00ed je roz\u0161\u00ed\u0159en\u00e9 zorn\u00e9 pole velkou v\u00fdhodou, proto\u017ee st\u0159elec sn\u00e1ze rozpozn\u00e1, kde je odchylka od c\u00edle, a m\u016f\u017ee okam\u017eit\u011b prov\u00e9st korekci.<\/p>\n<p>D\u00edky v\u011bt\u0161\u00edmu zorn\u00e9mu poli je mo\u017en\u00e9 odchylku rozpoznat s\u00e1m a okam\u017eit\u011b ji opravit bez pomoci pozorovatele. To \u0161et\u0159\u00ed drahocenn\u00fd \u010das a umo\u017e\u0148uje st\u0159elci rychle znovu zaost\u0159it a zam\u00ed\u0159it na c\u00edl.<\/p>\n<p>Kombinace velkorys\u00e9ho zorn\u00e9ho pole a vylep\u0161en\u00e9ho okul\u00e1ru v pu\u0161kohledu Nighteagle V6 5-30\u00d750 NFX proto nab\u00edz\u00ed st\u0159elc\u016fm maxim\u00e1ln\u00ed p\u0159esnost a kontrolu p\u0159i ka\u017ed\u00e9m v\u00fdst\u0159elu. S t\u00edmto pu\u0161kohledem po boku mohou st\u0159elci posunout sv\u016fj st\u0159eleck\u00fd v\u00fdkon na novou \u00farove\u0148.<\/p>","protected":false},"excerpt":{"rendered":"<p><img decoding=\"async\" class=\"alignnone wp-image-10452 size-full\" title=\"St\u0159elba na ter\u010d\" src=\"https:\/\/ddoptics.shop\/wp-content\/uploads\/2016\/07\/Target-Schiessen.jpg\" alt=\"St\u0159elba na ter\u010d\" width=\"50\" height=\"50\" \/><img decoding=\"async\" class=\"alignnone wp-image-10178 size-full\" title=\"Lov v hor\u00e1ch\" src=\"https:\/\/ddoptics.shop\/wp-content\/uploads\/2016\/04\/Gebirgsjagd-klein.jpg\" alt=\"Horsk\u00e9 loveck\u00e9 dalekohledy\" width=\"50\" height=\"50\" \/><br \/>\nNov\u00fd <strong>D\u00e1lkov\u00e1 c\u00edlov\u00e1 optika s <strong>nov\u011bj\u0161\u00ed <\/strong><span style=\"color: #ff0000;\"><strong><span class=\"userContent\">Sklo typu CT (Clear-Transmission) od spole\u010dnosti DDoptics.<\/span><\/strong><\/span><\/strong> Voliteln\u011b <strong><a title=\"NOVINKA DDoptics IFiber osv\u011btlen\u00e1 te\u010dka\" href=\"\/cs\/technicky-termin-wiki\/inteligentni-ddoptics-ifiber-light-point\/\" target=\"_blank\" rel=\"noopener noreferrer\">Sv\u011bteln\u00fd bod IFibre<\/a><\/strong> pro <strong>pouze 99,- \u20ac p\u0159\u00edplatek.<\/strong><\/p>\n<a href=\"https:\/\/amzn.to\/3PlT7Gn\" target=\"_blank\" class=\"button success is-success is-small\" rel=\"\u201dnofollow\u201d noopener\" >\n\t\t<span>z\u00e1kazn\u00edk amazonu? - vyu\u017e\u00edv\u00e1te v\u00fdhody prime?<\/span>\n\t<\/a>","protected":false},"featured_media":26819,"comment_status":"open","ping_status":"closed","template":"","meta":{"inline_featured_image":false,"footnotes":""},"product_brand":[],"product_cat":[480,453,638,697,917,640,919,637],"product_tag":[587,78,696,955,1098,956,79],"class_list":{"0":"post-26806","1":"product","2":"type-product","3":"status-publish","4":"has-post-thumbnail","6":"product_cat-5-30x50","7":"product_cat-50-mm-objektivdurchmesser","8":"product_cat-ansitzjagd","9":"product_cat-mrad-klickverstellung","10":"product_cat-nfx-zielfernrohre-weitwinkel-zf","11":"product_cat-pirschjagd-und-gebirgsjagd","12":"product_cat-v6-6-fach-zoom","13":"product_cat-zf-anwendung","14":"product_tag-5-30x50","15":"product_tag-ddoptics","16":"product_tag-mrad","17":"product_tag-nfx","18":"product_tag-nighteagle","19":"product_tag-v6","20":"product_tag-zielfernrohr","21":"product_shipping_class-paket","22":"pa_brand-marke-ddoptics","23":"pa_produkt-typ-zielfernrohr","25":"first","26":"instock","27":"sale","28":"taxable","29":"shipping-taxable","30":"purchasable","31":"product-type-bundle"},"bundled_by":[],"bundle_stock_status":"instock","bundle_stock_quantity":16,"bundle_virtual":false,"bundle_layout":"default","bundle_add_to_cart_form_location":"default","bundle_editable_in_cart":false,"bundle_sold_individually_context":"product","bundle_item_grouping":"parent","bundle_min_size":"","bundle_max_size":"","bundle_price":{"price":{"min":{"incl_tax":"1299.01","excl_tax":"1082.51"},"max":{"incl_tax":"1403.32","excl_tax":"1169.43"}},"regular_price":{"min":{"incl_tax":"1689.01","excl_tax":"1407.51"},"max":{"incl_tax":"1804.9","excl_tax":"1504.08"}}},"bundled_items":[{"bundled_item_id":385,"product_id":12809,"menu_order":0,"quantity_min":1,"quantity_max":1,"quantity_default":1,"priced_individually":true,"shipped_individually":false,"override_title":true,"title":"","override_description":false,"description":"","optional":false,"hide_thumbnail":false,"discount":"","override_variations":true,"allowed_variations":[12810,12811],"override_default_variation_attributes":false,"default_variation_attributes":[],"single_product_visibility":"visible","cart_visibility":"visible","order_visibility":"visible","single_product_price_visibility":"visible","cart_price_visibility":"visible","order_price_visibility":"visible","stock_status":"in_stock"},{"bundled_item_id":386,"product_id":12812,"menu_order":1,"quantity_min":1,"quantity_max":1,"quantity_default":1,"priced_individually":true,"shipped_individually":false,"override_title":true,"title":"Sada ochrann\u00fdch kryt\u016f t\u00e9m\u011b\u0159 jako d\u00e1rek","override_description":true,"description":"","optional":true,"hide_thumbnail":false,"discount":"68.55","override_variations":true,"allowed_variations":[26829],"override_default_variation_attributes":true,"default_variation_attributes":[{"id":17,"name":"Velikost pu\u0161kohledu","option":"5-30x50-nfx"}],"single_product_visibility":"visible","cart_visibility":"visible","order_visibility":"visible","single_product_price_visibility":"visible","cart_price_visibility":"visible","order_price_visibility":"visible","stock_status":"in_stock"}],"bundle_sell_ids":[],"_links":{"self":[{"href":"https:\/\/ddoptics.shop\/cs\/wp-json\/wp\/v2\/product\/26806","targetHints":{"allow":["GET"]}}],"collection":[{"href":"https:\/\/ddoptics.shop\/cs\/wp-json\/wp\/v2\/product"}],"about":[{"href":"https:\/\/ddoptics.shop\/cs\/wp-json\/wp\/v2\/types\/product"}],"replies":[{"embeddable":true,"href":"https:\/\/ddoptics.shop\/cs\/wp-json\/wp\/v2\/comments?post=26806"}],"version-history":[{"count":18,"href":"https:\/\/ddoptics.shop\/cs\/wp-json\/wp\/v2\/product\/26806\/revisions"}],"predecessor-version":[{"id":29141,"href":"https:\/\/ddoptics.shop\/cs\/wp-json\/wp\/v2\/product\/26806\/revisions\/29141"}],"wp:featuredmedia":[{"embeddable":true,"href":"https:\/\/ddoptics.shop\/cs\/wp-json\/wp\/v2\/media\/26819"}],"wp:attachment":[{"href":"https:\/\/ddoptics.shop\/cs\/wp-json\/wp\/v2\/media?parent=26806"}],"wp:term":[{"taxonomy":"product_brand","embeddable":true,"href":"https:\/\/ddoptics.shop\/cs\/wp-json\/wp\/v2\/product_brand?post=26806"},{"taxonomy":"product_cat","embeddable":true,"href":"https:\/\/ddoptics.shop\/cs\/wp-json\/wp\/v2\/product_cat?post=26806"},{"taxonomy":"product_tag","embeddable":true,"href":"https:\/\/ddoptics.shop\/cs\/wp-json\/wp\/v2\/product_tag?post=26806"}],"curies":[{"name":"wp","href":"https:\/\/api.w.org\/{rel}","templated":true}]}}