{"id":27680,"date":"2024-11-25T17:54:55","date_gmt":"2024-11-25T16:54:55","guid":{"rendered":"https:\/\/ddoptics.shop\/?post_type=product&#038;p=27680"},"modified":"2026-02-02T17:28:43","modified_gmt":"2026-02-02T16:28:43","slug":"puskohled-5-30x56-ddmp-v6-taca-moa-gen3","status":"publish","type":"product","link":"https:\/\/ddoptics.shop\/cs\/kaufen\/zielfernrohr-5-30x56-ddmp-v6-taca-moa-gen3\/","title":{"rendered":"Pu\u0161kohled DDMP V6 | 5-30\u00d756 Long Range | tac-A | MOA adjustment - Gen 3"},"content":{"rendered":"<div class=\"container section-title-container\" ><h3 class=\"section-title section-title-normal\"><b aria-hidden=\"true\"><\/b><span class=\"section-title-main\" ><i class=\"icon-cross\" aria-hidden=\"true\"><\/i>Stru\u010dn\u00fd p\u0159ehled pu\u0161kohled 5-30x56 DDMP Long Range | V6 | tac-A | MOA adjustment - Gen 3<\/span><b aria-hidden=\"true\"><\/b><\/h3><\/div>\n<table style=\"width: 100%; background-color: #cacaca; height: 144px;\">\n<tbody>\n<tr style=\"height: 24px;\">\n<td style=\"height: 24px; width: 20%;\">Trubka<\/td>\n<td style=\"height: 24px; width: 30%;\">34 mm mono trubice<\/td>\n<td style=\"height: 24px; width: 20%;\">Zorn\u00e9 pole: m @100 m<\/td>\n<td style=\"height: 24px; width: 30%;\">7,04-1,05 m<\/td>\n<\/tr>\n<tr style=\"height: 24px;\">\n<td style=\"height: 24px; width: 20%;\">Optick\u00fd syst\u00e9m<\/td>\n<td style=\"height: 24px; width: 30%;\">5-30n\u00e1sobek<\/td>\n<td style=\"height: 24px; width: 20%;\">Mezipupil\u00e1rn\u00ed vzd\u00e1lenost<\/td>\n<td style=\"height: 24px; width: 30%;\">85-97 mm<\/td>\n<\/tr>\n<tr style=\"height: 24px;\">\n<td style=\"height: 24px; width: 20%;\">Objektiv<\/td>\n<td style=\"height: 24px; width: 30%;\">56 mm<\/td>\n<td style=\"height: 24px; width: 20%;\">D\u00e9lka<\/td>\n<td style=\"height: 24px; width: 30%;\">368 mm<\/td>\n<\/tr>\n<tr style=\"height: 24px;\">\n<td style=\"height: 24px; width: 20%;\">S\u00ed\u0165ka<\/td>\n<td style=\"height: 24px; width: 30%;\">TacA<\/td>\n<td style=\"height: 24px; width: 20%;\">Hmotnost<\/td>\n<td style=\"height: 24px; width: 30%;\">1068 g<\/td>\n<\/tr>\n<tr style=\"height: 24px;\">\n<td style=\"height: 24px; width: 20%;\">Sv\u011bteln\u00fd bod<\/td>\n<td style=\"height: 24px; width: 30%;\">Standardn\u00ed nebo iFibre<\/td>\n<td style=\"height: 24px; width: 20%;\">Ochrana proti ml\u017een\u00ed<\/td>\n<td style=\"height: 24px; width: 30%;\">Dus\u00edkov\u00e1 n\u00e1pl\u0148 proti zaml\u017een\u00ed<\/td>\n<\/tr>\n<tr style=\"height: 24px;\">\n<td style=\"height: 24px; width: 20%;\">Zaost\u0159en\u00ed\/paralaxa<\/td>\n<td style=\"height: 24px; width: 30%;\">Nastaviteln\u00fd objektiv 25-1000 m a\u017e nekone\u010dno<\/td>\n<td style=\"height: 24px; width: 20%;\">\u00a0T\u011bsnost<\/td>\n<td style=\"height: 24px; width: 30%;\">Odolnost v\u016f\u010di vod\u011b a n\u00e1raz\u016fm<\/td>\n<\/tr>\n<\/tbody>\n<\/table>\n<div class=\"row\"  id=\"row-602977415\">\n\n\t<div id=\"col-1327974235\" class=\"col medium-8 small-12 large-8\"  >\n\t\t\t\t<div class=\"col-inner\"  >\n\t\t\t\n\t\t\t\n<h2>Pu\u0161kohled DDMP V6 5-30\u00d756 | <a href=\"https:\/\/ddoptics.shop\/cs\/technicky-termin\/vypocet-uhlove-minuty-nebo-moa-pro-puskohledy\/\">1\/8 MOA<\/a> od DDoptics - absolutn\u00ed p\u0159esnost ve st\u0159edn\u00ed vzd\u00e1lenosti od 100 do 1000 m<\/h2>\n<p>Na str\u00e1nk\u00e1ch <strong>Pu\u0161kohled DDoptics DDMP V6 5-30\u00d756 Long Range | MOA | tac-A<\/strong> je dokonal\u00fdm n\u00e1strojem pro ambici\u00f3zn\u00ed st\u0159elce a nad\u0161ence pro st\u0159elbu na velk\u00e9 vzd\u00e1lenosti. D\u00edky nejmodern\u011bj\u0161\u00ed technologii, nekompromisn\u00ed p\u0159esnosti a prvot\u0159\u00eddn\u00edmu zpracov\u00e1n\u00ed nastavuje tento pu\u0161kohled nov\u00e1 m\u011b\u0159\u00edtka ve sv\u011bt\u011b st\u0159eleck\u00e9 optiky.<\/p>\n<h3>Vynikaj\u00edc\u00ed p\u0159esnost a v\u0161estrannost<\/h3>\n<p>D\u00edky \u0161irok\u00e9mu spektru zv\u011bt\u0161en\u00ed <strong>5 a\u017e 30n\u00e1sobek<\/strong> DDMP V6 zvl\u00e1d\u00e1 st\u0159edn\u00ed i extr\u00e9mn\u00ed vzd\u00e1lenosti s maxim\u00e1ln\u00ed p\u0159esnost\u00ed.<\/p>\n<blockquote><p>Velkorys\u00fd <strong>56 mm objektiv<\/strong> zaji\u0161\u0165uje vynikaj\u00edc\u00ed propustnost sv\u011btla a ostr\u00fd obraz - i p\u0159i slab\u00e9m osv\u011btlen\u00ed nebo v obt\u00ed\u017en\u00fdch pov\u011btrnostn\u00edch podm\u00ednk\u00e1ch.<\/p><\/blockquote>\n<p>S v\u00fdjime\u010dn\u00fdm rozsahem nastaven\u00ed <strong>100 MOA<\/strong> a nejmodern\u011bj\u0161\u00edm syst\u00e9mem nastaven\u00ed, vzd\u00e1lenosti a\u017e do. <strong>2 000 metr\u016f a v\u00edce<\/strong> lze pokr\u00fdt bez n\u00e1mahy.<\/p>\n<p>P\u0159esn\u00e9 nastaven\u00ed pouze pomoc\u00ed <strong>3 ot\u00e1\u010dky<\/strong> umo\u017e\u0148uje bleskurychl\u00e9 p\u0159ep\u00edn\u00e1n\u00ed mezi r\u016fzn\u00fdmi vzd\u00e1lenostmi sn\u00edm\u00e1n\u00ed - ide\u00e1ln\u00ed pro dynamick\u00e9 situace.<\/p>\n<h3>Pu\u0161kohled 5-30\u00d756 DDMP - optika vlastn\u00ed t\u0159\u00eddy<\/h3>\n<p>DDMP V6 nab\u00edz\u00ed <strong>Objektivy s vysok\u00fdm rozli\u0161en\u00edm<\/strong> s v\u00edcevrstvou povrchovou \u00fapravou \u010do\u010dek pro prvot\u0159\u00eddn\u00ed optick\u00fd z\u00e1\u017eitek. Odrazy a rozpt\u00fdlen\u00e9 sv\u011btlo jsou minimalizov\u00e1ny, zat\u00edmco kontrasty jsou brilantn\u011b zv\u00fdrazn\u011bny. V\u00fdsledkem je k\u0159i\u0161\u0165\u00e1lov\u011b \u010dist\u00fd a detailn\u00ed obraz, kter\u00fd zaujme i v n\u00e1ro\u010dn\u00fdch podm\u00ednk\u00e1ch.<\/p>\n\t\t<\/div>\n\t\t\t\t\t<\/div>\n\n\t\n\n\t<div id=\"col-390657202\" class=\"col medium-4 small-12 large-4\"  >\n\t\t\t\t<div class=\"col-inner\"  >\n\t\t\t\n\t\t\t\n<a class=\"button primary expand\" >\n\t\t<span>Speci\u00e1ln\u00ed funkce pu\u0161kohledu<\/span>\n\t<\/a>\n\n\n\t<section class=\"section\" id=\"section_1597925888\">\n\t\t<div class=\"section-bg fill\" >\n\t\t\t\t\t\t\t\t\t<div class=\"section-bg-overlay absolute fill\"><\/div>\n\t\t\t\n\n\t\t<\/div>\n\n\t\t\n\n\t\t<div class=\"section-content relative\">\n\t\t\t\n\t<div class=\"img has-hover x md-x lg-x y md-y lg-y\" id=\"image_855938449\">\n\t\t<a class=\"\" href=\"https:\/\/www.ddoptics.de\/garantiebestimmungen\" target=\"_blank\" rel=\"no follow noopener\">\t\t\t\t\t\t<div class=\"img-inner dark\" >\n\t\t\t<img decoding=\"async\" width=\"352\" height=\"160\" src=\"https:\/\/ddoptics.shop\/wp-content\/uploads\/2014\/09\/DDoptics-Garantie.jpg\" class=\"attachment-large size-large\" alt=\"Z\u00e1ruka DDoptics\" srcset=\"https:\/\/ddoptics.shop\/wp-content\/uploads\/2014\/09\/DDoptics-Garantie.jpg 352w, https:\/\/ddoptics.shop\/wp-content\/uploads\/2014\/09\/DDoptics-Garantie-304x138.jpg 304w, https:\/\/ddoptics.shop\/wp-content\/uploads\/2014\/09\/DDoptics-Garantie-305x139.jpg 305w, https:\/\/ddoptics.shop\/wp-content\/uploads\/2014\/09\/DDoptics-Garantie-250x114.jpg 250w\" sizes=\"(max-width: 352px) 100vw, 352px\" title=\"\">\t\t\t\t\t\t\n\t\t\t\t\t<\/div>\n\t\t\t\t\t\t<\/a>\t\t\n<style>\n#image_855938449 {\n  width: 100%;\n}\n<\/style>\n\t<\/div>\n\t\n\t<div id=\"gap-2014974117\" class=\"gap-element clearfix\" style=\"display:block; height:auto;\">\n\t\t\n<style>\n#gap-2014974117 {\n  padding-top: 15px;\n}\n<\/style>\n\t<\/div>\n\t\n\t<div id=\"text-1337575694\" class=\"text\">\n\t\t\n<p><em><span style=\"font-size: 80%;\">\u21d2 DDMP - DDoptics Match Precision<br \/>\n<\/span><\/em><em><span style=\"font-size: 80%;\">\u21d2 robustn\u00ed trubka 34 mm<br \/>\n<\/span><\/em><em><span style=\"font-size: 80%;\">\u21d2 mimo\u0159\u00e1dn\u011b velk\u00fd rozsah nastaven\u00ed 1\/8 MOA<br \/>\n<\/span><\/em><em><span style=\"font-size: 80%;\">\u21d2 velk\u00e9 taktick\u00e9 kovov\u00e9 v\u011b\u017ee (bez plastov\u00fdch)<br \/>\n<\/span><\/em><em><span style=\"font-size: 80%;\">\u21d2 dvojn\u00e1sobn\u00e9 m\u011b\u0159\u00edtko (dvojn\u00e1sobn\u00e9 oto\u010den\u00ed)<br \/>\n<\/span><\/em><em><span style=\"font-size: 80%;\">\u21d2 vnit\u0159n\u00ed\u00a0<span class=\"modal_lexicon\">Zerostop<\/span>\u00a0pro ASV (nulov\u00e1 zar\u00e1\u017eka)<br \/>\n<\/span><\/em><em><span style=\"font-size: 80%;\">\u21d2 nov\u00fd\u00a0<span class=\"modal_lexicon\">S\u00ed\u0165ka<\/span>\u00a0tacA v 1. rovin\u011b obrazu<br \/>\n<\/span><\/em><em><span style=\"font-size: 80%;\">\u21d2 V\u00fdkonn\u00e1 kompenzace paralaxy pomoc\u00ed 25-1000-\u221e<br \/>\n<\/span><\/em><em><span style=\"font-size: 80%;\">\u21d2 v\u0161echny pu\u0161kohledy DDoptics jsou vodot\u011bsn\u00e9 a pln\u011bn\u00e9 dus\u00edkem<\/span><\/em><\/p>\n\t\t\n<style>\n#text-1337575694 {\n  line-height: 1.15;\n  color: rgb(33, 107, 227);\n}\n#text-1337575694 > * {\n  color: rgb(33, 107, 227);\n}\n<\/style>\n\t<\/div>\n\t\n\t\t<\/div>\n\n\t\t\n<style>\n#section_1597925888 {\n  padding-top: 30px;\n  padding-bottom: 30px;\n  background-color: rgb(232, 232, 232);\n}\n#section_1597925888 .section-bg-overlay {\n  background-color: rgba(255,255,255,.5);\n}\n<\/style>\n\t<\/section>\n\t\n\t\t<\/div>\n\t\t\t\t\t<\/div>\n\n\t\n<\/div>\n<h3>Robustnost, kter\u00e1 nezn\u00e1 kompromisy<\/h3>\n<p>Tento pu\u0161kohled je ur\u010den do nejn\u00e1ro\u010dn\u011bj\u0161\u00edch podm\u00ednek. Je vyroben z vysoce kvalitn\u00edho eloxovan\u00e9ho <strong>Leteck\u00fd hlin\u00edk<\/strong>, Je nejen lehk\u00fd a stabiln\u00ed, ale tak\u00e9 mimo\u0159\u00e1dn\u011b odoln\u00fd v\u016f\u010di n\u00e1raz\u016fm, zp\u011btn\u00e9mu r\u00e1zu a pov\u011btrnostn\u00edm vliv\u016fm.<\/p>\n<p>Na str\u00e1nk\u00e1ch <strong>Pln\u011bn\u00ed dus\u00edkem<\/strong> a zcela vodot\u011bsn\u00e1 konstrukce zaji\u0161\u0165uj\u00ed, \u017ee se DDMP V6 nezaml\u017e\u00ed ani p\u0159i v\u00fdkyvech teplot a vlhkosti. Tyto vlastnosti zaru\u010duj\u00ed odolnost a spolehlivost i v t\u011bch nejnep\u0159\u00edzniv\u011bj\u0161\u00edch podm\u00ednk\u00e1ch.<\/p>\n<h3>Inovativn\u00ed funkce pro st\u0159elce na nejvy\u0161\u0161\u00ed \u00farovni<\/h3>\n<ul>\n<li><strong>Zam\u011b\u0159ova\u010d Tac-A s osv\u011btlen\u00edm:<\/strong> Osv\u011btlen\u00e1 zam\u011b\u0159ovac\u00ed jednotka s plynulou regulac\u00ed jasu se dokonale p\u0159izp\u016fsobuje okoln\u00edm podm\u00ednk\u00e1m, a\u0165 u\u017e za soumraku, nebo za jasn\u00e9ho denn\u00edho sv\u011btla.<\/li>\n<li><strong>Ergonomick\u00fd design:<\/strong> Velkorys\u00fd o\u010dn\u00ed reli\u00e9f zaji\u0161\u0165uje bezpe\u010dnou a pohodlnou st\u0159elbu, a to i p\u0159i st\u0159elb\u011b siln\u00fdmi kalibry.<\/li>\n<li><strong>Prvn\u00ed obrazov\u00e1 rovina pro maxim\u00e1ln\u00ed p\u0159esnost:<\/strong> D\u00edky um\u00edst\u011bn\u00ed zam\u011b\u0159ova\u010de Tac-A v prvn\u00ed obrazov\u00e9 rovin\u011b z\u016fst\u00e1v\u00e1 m\u011b\u0159\u00edtko v\u017edy p\u0159esn\u00e9 bez ohledu na zv\u011bt\u0161en\u00ed - 1 MOA v\u017edy p\u0159esn\u011b odpov\u00edd\u00e1 1 MOA. <strong>2,88 mm na 100 m<\/strong>, zat\u00edmco mezi tahy jsou nejjemn\u011bj\u0161\u00ed \u00fapravy <strong>0,36 cm (\u215b MOA)<\/strong> umo\u017e\u0148uj\u00ed.<\/li>\n<\/ul>\n<h3>Zam\u011b\u0159ova\u010d Tac-A - p\u0159esnost bez omezen\u00ed<\/h3>\n<p>Promy\u0161len\u00e1 konstrukce zam\u011b\u0159ova\u010de Tac-A nab\u00edz\u00ed maxim\u00e1ln\u00ed jasnost a p\u0159esnost. Pr\u016fhledn\u00e9 pruhy zaji\u0161\u0165uj\u00ed, \u017ee d\u016fle\u017eit\u00e9 detaily c\u00edlov\u00e9 oblasti z\u016fstanou viditeln\u00e9, zat\u00edmco struktura ve tvaru \u0161ipky umo\u017e\u0148uje rychl\u00e9 a intuitivn\u00ed zam\u011b\u0159en\u00ed c\u00edle.<\/p>\n<h3>Dokonal\u00fd n\u00e1stroj pro specialisty na dlouh\u00e9 vzd\u00e1lenosti<\/h3>\n<p>Na str\u00e1nk\u00e1ch <strong>DDoptics DDMP V6 5-30\u00d756<\/strong> je v\u00edc ne\u017e jen pu\u0161kohled - je to v\u00fdrazn\u00fd v\u00fdkon, p\u0159esnost a inovace. A\u0165 u\u017e na st\u0159elnici, na sout\u011b\u017e\u00edch nebo p\u0159i profesion\u00e1ln\u00edm pou\u017eit\u00ed, tento \u0161pi\u010dkov\u00fd pu\u0161kohled v\u00e1m dod\u00e1 jistotu, \u017ee budete v\u017edy pod\u00e1vat v\u00fdkony na nejvy\u0161\u0161\u00ed \u00farovni.<\/p>\n<p><strong>Investujte do nekompromisn\u00ed kvality a ud\u011blejte z ka\u017ed\u00e9ho z\u00e1b\u011bru mistrovsk\u00fd sn\u00edmek.<\/strong><\/p>\n<div class=\"html--title\">\n<h2>N\u00e1kres rozm\u011br\u016f pu\u0161kohledu 5-30\u00d756 DDMP<\/h2>\n<\/div>\n<div class=\"html--content\">\n<p>Pozn\u00e1mka: D\u00e9lka pu\u0161kohledu se m\u016f\u017ee zm\u011bnit p\u0159i nastaven\u00ed dioptri\u00ed na okul\u00e1ru.<\/p>\n<\/div>\n\t<div class=\"img has-hover x md-x lg-x y md-y lg-y\" id=\"image_2012696721\">\n\t\t\t\t\t\t\t\t<div class=\"img-inner dark\" >\n\t\t\t<img decoding=\"async\" width=\"1020\" height=\"669\" src=\"https:\/\/ddoptics.shop\/wp-content\/uploads\/2019\/02\/DDoptics-V6-Zielfernrohr-5-30x56-Zeichnung.jpg\" class=\"attachment-large size-large\" alt=\"DDoptics V6 pu\u0161kohled 5-30x56 DDMP kresba\" srcset=\"https:\/\/ddoptics.shop\/wp-content\/uploads\/2019\/02\/DDoptics-V6-Zielfernrohr-5-30x56-Zeichnung.jpg 1200w, https:\/\/ddoptics.shop\/wp-content\/uploads\/2019\/02\/DDoptics-V6-Zielfernrohr-5-30x56-Zeichnung-304x199.jpg 304w, https:\/\/ddoptics.shop\/wp-content\/uploads\/2019\/02\/DDoptics-V6-Zielfernrohr-5-30x56-Zeichnung-305x200.jpg 305w, https:\/\/ddoptics.shop\/wp-content\/uploads\/2019\/02\/DDoptics-V6-Zielfernrohr-5-30x56-Zeichnung-632x414.jpg 632w, https:\/\/ddoptics.shop\/wp-content\/uploads\/2019\/02\/DDoptics-V6-Zielfernrohr-5-30x56-Zeichnung-800x525.jpg 800w, https:\/\/ddoptics.shop\/wp-content\/uploads\/2019\/02\/DDoptics-V6-Zielfernrohr-5-30x56-Zeichnung-510x334.jpg 510w, https:\/\/ddoptics.shop\/wp-content\/uploads\/2019\/02\/DDoptics-V6-Zielfernrohr-5-30x56-Zeichnung-250x164.jpg 250w\" sizes=\"(max-width: 1020px) 100vw, 1020px\" title=\"\">\t\t\t\t\t\t\n\t\t\t\t\t<\/div>\n\t\t\t\t\t\t\t\t\n<style>\n#image_2012696721 {\n  width: 100%;\n}\n<\/style>\n\t<\/div>\n\t\n<h3>Pu\u0161kohled DDoptics V6 5-30\u00d756 DDMP: Plynul\u00fd p\u0159echod z re\u017eimu denn\u00edho sv\u011btla na no\u010dn\u00ed vid\u011bn\u00ed<\/h3>\n<p>Na str\u00e1nk\u00e1ch <strong>Lehk\u00e1 jednotka TacA<\/strong> je dokonale vyv\u00e1\u017een\u00fd syst\u00e9m s maxim\u00e1ln\u00ed dynamikou. . <strong>prvn\u00ed \u00farovn\u011b jasu pouze extr\u00e9mn\u011b mal\u00e1 sv\u011bteln\u00e1 skvrna<\/strong> rozpoznat.<\/p>\n<p>To m\u016f\u017ee b\u00fdt dokonce ztlumeno do t\u00e9 m\u00edry, \u017ee to <strong>lze pou\u017e\u00edt i se za\u0159\u00edzen\u00edm pro no\u010dn\u00ed vid\u011bn\u00ed.<\/strong> Pokud je sv\u00edt\u00edc\u00ed bod je\u0161t\u011b v\u00edce zes\u00edlen, pak se<strong> osv\u011btluje celou m\u00edstnost od ur\u010dit\u00e9 intenzity sv\u011btla. <a href=\"https:\/\/de.wikipedia.org\/wiki\/Ballistik\" target=\"_blank\" rel=\"noopener sponsored\" data-schema-attribute=\"\">balistick\u00e9<\/a> S\u00ed\u0165ka<\/strong> s.<\/p>\n<p>V z\u00e1vislosti na aplikaci <strong>lze volit mezi \u010dist\u00fdm bodov\u00fdm nebo pln\u011b osv\u011btlen\u00fdm zam\u011b\u0159ova\u010dem<\/strong>. U tohoto optick\u00e9ho zam\u011b\u0159ova\u010de lze zvolit tak\u00e9 automatick\u00e9 vypnut\u00ed s inteligentn\u00edm \u0159\u00edzen\u00edm.<\/p>\n<h3>P\u0159esn\u00e9 mo\u017enosti nastaven\u00ed<\/h3>\n<p>Pu\u0161kohled je vybaven zam\u011b\u0159ova\u010dem MOA, kter\u00fd byl speci\u00e1ln\u011b optimalizov\u00e1n pro taktick\u00e9 a sportovn\u00ed pou\u017eit\u00ed. Nastaven\u00ed elevace a sm\u011bru v\u011btru je nastaveno v p\u0159esn\u00fdch kroc\u00edch po 1\/8 MOA, co\u017e umo\u017e\u0148uje extr\u00e9mn\u011b jemn\u00e9 nastaven\u00ed.<\/p>\n<blockquote><p>Hmatov\u00e1 a zvukov\u00e1 zp\u011btn\u00e1 vazba v\u011b\u017ei\u010dek zaji\u0161\u0165uje intuitivn\u00ed ovl\u00e1d\u00e1n\u00ed i v n\u00e1ro\u010dn\u00fdch podm\u00ednk\u00e1ch. S maxim\u00e1ln\u00edm nastaven\u00edm elevace 100 MOA nab\u00edz\u00ed DDMP V6 dostate\u010dnou volnost pro extr\u00e9mn\u00ed vzd\u00e1lenosti.<\/p><\/blockquote>\n<h3>Pu\u0161kohled DDoptics V6 5-30\u00d756 DDMP - P\u0159esn\u00fd, vnit\u0159n\u00ed Zerostop<\/h3>\n<div class=\"row\"  id=\"row-1965055320\">\n\n\t<div id=\"col-1696886617\" class=\"col medium-8 small-12 large-8\"  >\n\t\t\t\t<div class=\"col-inner\"  >\n\t\t\t\n\t\t\t\n<p><strong>Celkov\u00fd rozsah nastaven\u00ed pu\u0161kohledu DDoptics<a href=\"https:\/\/ddoptics.shop\/cs\/obchod\/teleskopicky-zamerovac-2\/v6-6x-zoom\/\" target=\"_blank\" rel=\"noopener\" data-schema-attribute=\"\"> Pu\u0161kohled V6<\/a> 5-30\u00d756 DDMP:<\/strong><\/p>\n<p>Na str\u00e1nk\u00e1ch\u00a0<strong>Pu\u0161kohled 5-30\u00d756<\/strong> m\u00e1<strong> Taktick\u00e9 nastaven\u00ed 0,1 mrad<\/strong>. Pro u\u017eivatele to znamen\u00e1. <strong>Evropa jednoduch\u00e1 aplikace podle des\u00edtkov\u00e9 soustavy<\/strong>.<\/p>\n<p>Celkov\u00fd rozsah nastaven\u00ed na 100 m: 100 MOA<\/p>\n<ul>\n<li>Zdvih nastaven\u00ed \/ kliknut\u00ed na 100 m: 0,36 cm<\/li>\n<li>Nastavovac\u00ed dr\u00e1ha \/ kliknut\u00ed na 200 m: 0,72 cm<\/li>\n<li>Dr\u00e1ha nastaven\u00ed \/ kliknut\u00ed p\u0159i 300 m: 1,08 cm<\/li>\n<li>Dr\u00e1ha nastaven\u00ed \/ kliknut\u00ed p\u0159i 900 m: 3,24 cm<\/li>\n<\/ul>\n\t\t<\/div>\n\t\t\t\t\t<\/div>\n\n\t\n\n\t<div id=\"col-1419602908\" class=\"col medium-4 small-12 large-4\"  >\n\t\t\t\t<div class=\"col-inner\"  >\n\t\t\t\n\t\t\t\n\t<div class=\"img has-hover x md-x lg-x y md-y lg-y\" id=\"image_1858409257\">\n\t\t\t\t\t\t\t\t<div class=\"img-inner dark\" >\n\t\t\t<img decoding=\"async\" width=\"600\" height=\"400\" src=\"https:\/\/ddoptics.shop\/wp-content\/uploads\/2019\/02\/Interner-Zerostop-5-30x56.jpg\" class=\"attachment-large size-large\" alt=\"\" srcset=\"https:\/\/ddoptics.shop\/wp-content\/uploads\/2019\/02\/Interner-Zerostop-5-30x56.jpg 600w, https:\/\/ddoptics.shop\/wp-content\/uploads\/2019\/02\/Interner-Zerostop-5-30x56-304x203.jpg 304w, https:\/\/ddoptics.shop\/wp-content\/uploads\/2019\/02\/Interner-Zerostop-5-30x56-305x203.jpg 305w, https:\/\/ddoptics.shop\/wp-content\/uploads\/2019\/02\/Interner-Zerostop-5-30x56-510x340.jpg 510w, https:\/\/ddoptics.shop\/wp-content\/uploads\/2019\/02\/Interner-Zerostop-5-30x56-250x167.jpg 250w\" sizes=\"(max-width: 600px) 100vw, 600px\" title=\"\">\t\t\t\t\t\t\n\t\t\t\t\t<\/div>\n\t\t\t\t\t\t\t\t\n<style>\n#image_1858409257 {\n  width: 100%;\n}\n<\/style>\n\t<\/div>\n\t\n\t\t<\/div>\n\t\t\t\t\t<\/div>\n\n\t\n<\/div>\n<p>Po odstran\u011bn\u00ed<strong> Krytky v\u011b\u017ei\u010dek z nastaven\u00ed zam\u011b\u0159ova\u010de 5-30\u00d756\u00a0<\/strong>v\u011b\u017e m\u016f\u017ee b\u00fdt <strong>povolen\u00edm 3 \u0161roub\u016f<\/strong> odstranit sm\u011brem nahoru. Pod n\u00edm najdete Zerostop v podob\u011b kulat\u00e9ho \u010dern\u00e9ho disku.<\/p>\n<p>Zerostop se nastavuje po v\u00fdst\u0159elu povolen\u00edm (tak\u00e9) 3 \u0161roub\u016f na kotou\u010di Zerostop. Pokud jsou povoleny, lze diskem ot\u00e1\u010det na doraz bez jak\u00e9hokoli vlivu a. <strong>pak znovu upevnit pomoc\u00ed \u0161roub\u016f s dr\u00e1\u017ekou<\/strong> st\u00e1t se.<\/p>\n<p>Na obr\u00e1zku je vid\u011bt zar\u00e1\u017eka mezi c\u00edlem a optick\u00fdm zam\u011b\u0159ova\u010dem. Pak se<strong> Vra\u0165te v\u011b\u017e do nulov\u00e9 polohy a zajist\u011bte ji pomoc\u00ed 3 \u0161roub\u016f.\u00a0<\/strong>Zerostop se nyn\u00ed zastav\u00ed p\u0159esn\u011b v nastaven\u00e9 vzd\u00e1lenosti.<\/p>\n<h3>Z\u00e1v\u011br k pu\u0161kohledu DDMP<\/h3>\n<p>DDoptics DDMP V6 5-30\u00d756 Long Range | MOA | tac-A je spolehliv\u00fd a v\u00fdkonn\u00fd pu\u0161kohled pro st\u0159elce, kte\u0159\u00ed hledaj\u00ed maxim\u00e1ln\u00ed p\u0159esnost a flexibilitu v robustn\u00edm za\u0159\u00edzen\u00ed. Kombinuje nejmodern\u011bj\u0161\u00ed technologie, vysoce kvalitn\u00ed materi\u00e1ly a u\u017eivatelsky p\u0159\u00edv\u011btiv\u00e9 ovl\u00e1d\u00e1n\u00ed p\u0159i bezkonkuren\u010dn\u00edm pom\u011bru ceny a v\u00fdkonu.<\/p>\n<div class=\"video video-fit mb\" style=\"padding-top:56.25%;\"><p><iframe title=\"DDoptics 5-30x56 a Strasser RS 700 - Test za\u0159\u00edzen\u00ed a rozhovor s A. Drescherem\" width=\"1020\" height=\"574\" src=\"https:\/\/www.youtube.com\/embed\/e6IG0DosleI?feature=oembed\" frameborder=\"0\" allow=\"accelerometer; autoplay; clipboard-write; encrypted-media; gyroscope; picture-in-picture; web-share\" referrerpolicy=\"strict-origin-when-cross-origin\" allowfullscreen><\/iframe><\/p>\n<\/div>","protected":false},"excerpt":{"rendered":"<p><img decoding=\"async\" class=\"alignnone wp-image-10452 size-full\" title=\"Sportovn\u00ed st\u0159elba\" src=\"https:\/\/ddoptics.shop\/wp-content\/uploads\/2016\/07\/Target-Schiessen.jpg\" alt=\"St\u0159elba na ter\u010d\" width=\"50\" height=\"50\" \/><img decoding=\"async\" class=\"alignnone wp-image-10168 size-full\" title=\"Lov na stoj\u00e1ka\" src=\"https:\/\/ddoptics.shop\/wp-content\/uploads\/2016\/09\/Jagd-klein.jpg\" alt=\"Loveck\u00e9 dalekohledy\" width=\"50\" height=\"50\" \/><img decoding=\"async\" class=\"alignnone wp-image-10178 size-full\" title=\"Lov v hor\u00e1ch\" src=\"https:\/\/ddoptics.shop\/wp-content\/uploads\/2016\/04\/Gebirgsjagd-klein.jpg\" alt=\"Horsk\u00e9 loveck\u00e9 dalekohledy\" width=\"50\" height=\"50\" \/><\/p>\n<p><strong><span style=\"color: #ed1c24;\">D\u016fle\u017eit\u00e9: Nov\u00fd zam\u011b\u0159ova\u010d tacA v 1. ohniskov\u00e9 rovin\u011b<\/span><\/strong><\/p>\n<p>Nov\u00e1, extr\u00e9mn\u011b zam\u011b\u0159en\u00e1 optika, kter\u00e1 <strong>t\u00e9m\u011b\u0159 v\u0161echny oblasti<\/strong> ob\u00e1lky. Od sportovn\u00ed st\u0159elby p\u0159es lov na skr\u00fd\u0161 a\u017e po horsk\u00fd lov - a\u017e po posledn\u00ed sv\u011btlo pu\u0161ky. <strong>Voliteln\u011b s inteligentn\u00edm tacA <a title=\"NOVINKA DDoptics IFiber osv\u011btlen\u00e1 te\u010dka\" href=\"\/cs\/technicky-termin-wiki\/inteligentni-ddoptics-ifiber-light-point\/\" target=\"_blank\" rel=\"noopener noreferrer\">Sv\u011bteln\u00fd bod IFibre<\/a> za p\u0159\u00edplatek pouh\u00fdch 99,- \u20ac.<\/strong><\/p>\n<a href=\"https:\/\/amzn.to\/3RI5BKD\" target=\"_blank\" class=\"button success is-success is-small\" rel=\"\u201dnofollow\u201d noopener\" >\n\t\t<span>z\u00e1kazn\u00edk amazonu? - vyu\u017e\u00edv\u00e1te v\u00fdhody prime?<\/span>\n\t<\/a>","protected":false},"featured_media":27703,"comment_status":"open","ping_status":"closed","template":"","meta":{"inline_featured_image":false,"footnotes":""},"product_brand":[],"product_cat":[768,454,638,640,641,919,637],"product_tag":[764,78,80,1184,79],"class_list":{"0":"post-27680","1":"product","2":"type-product","3":"status-publish","4":"has-post-thumbnail","6":"product_cat-5-30x56","7":"product_cat-56-mm-objektivdurchmesser","8":"product_cat-ansitzjagd","9":"product_cat-pirschjagd-und-gebirgsjagd","10":"product_cat-sportschiessen","11":"product_cat-v6-6-fach-zoom","12":"product_cat-zf-anwendung","13":"product_tag-5-30x56","14":"product_tag-ddoptics","15":"product_tag-gen-3","16":"product_tag-moa","17":"product_tag-zielfernrohr","18":"product_shipping_class-paket","19":"pa_brand-marke-ddoptics","20":"pa_produkt-typ-zielfernrohr","22":"first","23":"instock","24":"sale","25":"taxable","26":"shipping-taxable","27":"purchasable","28":"product-type-bundle"},"bundled_by":[],"bundle_stock_status":"instock","bundle_stock_quantity":"","bundle_virtual":false,"bundle_layout":"default","bundle_add_to_cart_form_location":"default","bundle_editable_in_cart":false,"bundle_sold_individually_context":"product","bundle_item_grouping":"parent","bundle_min_size":"","bundle_max_size":"","bundle_price":{"price":{"min":{"incl_tax":"1520","excl_tax":"1266.67"},"max":{"incl_tax":"1624.32","excl_tax":"1353.6"}},"regular_price":{"min":{"incl_tax":"1899","excl_tax":"1582.5"},"max":{"incl_tax":"2014.9","excl_tax":"1679.08"}}},"bundled_items":[{"bundled_item_id":463,"product_id":16795,"menu_order":0,"quantity_min":1,"quantity_max":1,"quantity_default":1,"priced_individually":true,"shipped_individually":false,"override_title":true,"title":"","override_description":false,"description":"","optional":false,"hide_thumbnail":true,"discount":"","override_variations":false,"allowed_variations":[],"override_default_variation_attributes":true,"default_variation_attributes":[{"id":36,"name":"tacA osv\u011btlen\u00e1 te\u010dka","option":"ddoptics-taca-normales-leuchtabsehen"}],"single_product_visibility":"visible","cart_visibility":"visible","order_visibility":"visible","single_product_price_visibility":"visible","cart_price_visibility":"visible","order_price_visibility":"visible","stock_status":"in_stock"},{"bundled_item_id":464,"product_id":12812,"menu_order":1,"quantity_min":1,"quantity_max":1,"quantity_default":1,"priced_individually":true,"shipped_individually":false,"override_title":true,"title":"T\u00e9m\u011b\u0159 jako d\u00e1rek - Flip Caps SET","override_description":true,"description":"","optional":true,"hide_thumbnail":true,"discount":"68.55","override_variations":true,"allowed_variations":[12870],"override_default_variation_attributes":true,"default_variation_attributes":[{"id":17,"name":"Velikost pu\u0161kohledu","option":"5-30x56"}],"single_product_visibility":"visible","cart_visibility":"visible","order_visibility":"visible","single_product_price_visibility":"visible","cart_price_visibility":"visible","order_price_visibility":"visible","stock_status":"in_stock"}],"bundle_sell_ids":[],"_links":{"self":[{"href":"https:\/\/ddoptics.shop\/cs\/wp-json\/wp\/v2\/product\/27680","targetHints":{"allow":["GET"]}}],"collection":[{"href":"https:\/\/ddoptics.shop\/cs\/wp-json\/wp\/v2\/product"}],"about":[{"href":"https:\/\/ddoptics.shop\/cs\/wp-json\/wp\/v2\/types\/product"}],"replies":[{"embeddable":true,"href":"https:\/\/ddoptics.shop\/cs\/wp-json\/wp\/v2\/comments?post=27680"}],"version-history":[{"count":17,"href":"https:\/\/ddoptics.shop\/cs\/wp-json\/wp\/v2\/product\/27680\/revisions"}],"predecessor-version":[{"id":27707,"href":"https:\/\/ddoptics.shop\/cs\/wp-json\/wp\/v2\/product\/27680\/revisions\/27707"}],"wp:featuredmedia":[{"embeddable":true,"href":"https:\/\/ddoptics.shop\/cs\/wp-json\/wp\/v2\/media\/27703"}],"wp:attachment":[{"href":"https:\/\/ddoptics.shop\/cs\/wp-json\/wp\/v2\/media?parent=27680"}],"wp:term":[{"taxonomy":"product_brand","embeddable":true,"href":"https:\/\/ddoptics.shop\/cs\/wp-json\/wp\/v2\/product_brand?post=27680"},{"taxonomy":"product_cat","embeddable":true,"href":"https:\/\/ddoptics.shop\/cs\/wp-json\/wp\/v2\/product_cat?post=27680"},{"taxonomy":"product_tag","embeddable":true,"href":"https:\/\/ddoptics.shop\/cs\/wp-json\/wp\/v2\/product_tag?post=27680"}],"curies":[{"name":"wp","href":"https:\/\/api.w.org\/{rel}","templated":true}]}}