{"id":27976,"date":"2025-02-14T09:01:32","date_gmt":"2025-02-14T08:01:32","guid":{"rendered":"https:\/\/ddoptics.shop\/?post_type=product&#038;p=27976"},"modified":"2025-10-07T11:53:24","modified_gmt":"2025-10-07T09:53:24","slug":"ddsight-mag-1-4x22-reddot-sight-lovecke-auto","status":"publish","type":"product","link":"https:\/\/ddoptics.shop\/cs\/kaufen\/ddsight-mag-1-4x22-reddot-visier-jagd-auto\/","title":{"rendered":"Zam\u011b\u0159ova\u010d DDsight MAG 1-4\u00d722 RedDot od DDoptics | Loveck\u00e1 mu\u0161ka | Automatick\u00e9 ovl\u00e1d\u00e1n\u00ed osv\u011btlen\u00e9ho bodu IPoint"},"content":{"rendered":"<div class=\"img has-hover x md-x lg-x y md-y lg-y\" id=\"image_750055232\">\n\t\t\t\t\t\t\t\t<div class=\"img-inner image-cover dark\" style=\"padding-top:250px;\">\n\t\t\t<img decoding=\"async\" width=\"1020\" height=\"210\" src=\"https:\/\/ddoptics.shop\/wp-content\/uploads\/2025\/02\/DDoptics-DDsight-1600x329.webp\" class=\"attachment-large size-large\" alt=\"DDsight MAG 1-4x22 RedDot zam\u011b\u0159ova\u010d DDoptics na zbrani\" srcset=\"https:\/\/ddoptics.shop\/wp-content\/uploads\/2025\/02\/DDoptics-DDsight-1600x329.webp 1600w, https:\/\/ddoptics.shop\/wp-content\/uploads\/2025\/02\/DDoptics-DDsight-800x165.webp 800w, https:\/\/ddoptics.shop\/wp-content\/uploads\/2025\/02\/DDoptics-DDsight-1536x316.webp 1536w, https:\/\/ddoptics.shop\/wp-content\/uploads\/2025\/02\/DDoptics-DDsight-304x63.webp 304w, https:\/\/ddoptics.shop\/wp-content\/uploads\/2025\/02\/DDoptics-DDsight-632x130.webp 632w, https:\/\/ddoptics.shop\/wp-content\/uploads\/2025\/02\/DDoptics-DDsight-305x63.webp 305w, https:\/\/ddoptics.shop\/wp-content\/uploads\/2025\/02\/DDoptics-DDsight.webp 1920w\" sizes=\"(max-width: 1020px) 100vw, 1020px\" title=\"\">\t\t\t\t\t\t\n\t\t\t\t\t<\/div>\n\t\t\t\t\t\t\t\t\n<style>\n#image_750055232 {\n  width: 100%;\n}\n<\/style>\n\t<\/div>\n\t\n\t<div id=\"gap-106285185\" class=\"gap-element clearfix\" style=\"display:block; height:auto;\">\n\t\t\n<style>\n#gap-106285185 {\n  padding-top: 10px;\n}\n<\/style>\n\t<\/div>\n\t\n<table style=\"width: 100%; background-color: #cacaca; height: 143px;\">\n<tbody>\n<tr style=\"height: 24px;\">\n<td style=\"height: 24px; width: 20%;\">Kompenzace dioptri\u00ed:<\/td>\n<td style=\"height: 24px; width: 30%;\">\u00a0-2,5 a\u017e +2,5<\/td>\n<td style=\"height: 24px; width: 20%;\">Sv\u011bteln\u00fd bod II:<\/td>\n<td style=\"height: 24px; width: 30%;\">Automatick\u00e9 ovl\u00e1d\u00e1n\u00ed bodu IP<\/td>\n<\/tr>\n<tr style=\"height: 24px;\">\n<td style=\"height: 24px; width: 20%;\">Generace:<\/td>\n<td style=\"height: 24px; width: 30%;\">DDsight MAG1<\/td>\n<td style=\"height: 24px; width: 20%;\">Odolnost v\u016f\u010di teplot\u00e1m:<\/td>\n<td style=\"height: 24px; width: 30%;\">-20 a\u017e +60 \u00b0C<\/td>\n<\/tr>\n<tr style=\"height: 24px;\">\n<td style=\"height: 24px; width: 20%;\">Odm\u011b\u0148ov\u00e1n\u00ed:<\/td>\n<td style=\"height: 24px; width: 30%;\">P\u0159ehledn\u00fd p\u0159enos<\/td>\n<td style=\"height: 24px; width: 20%;\">D\u00e9lka:<\/td>\n<td style=\"height: 24px; width: 30%;\">140 mm<\/td>\n<\/tr>\n<tr style=\"height: 24px;\">\n<td style=\"height: 24px; width: 20%;\">Pr\u016fm\u011br objektivu Objektiv:<\/td>\n<td style=\"height: 24px; width: 30%;\">22 mm<\/td>\n<td style=\"height: 24px; width: 20%;\">Hmotnost:<\/td>\n<td style=\"height: 24px; width: 30%;\">320 g<\/td>\n<\/tr>\n<tr style=\"height: 24px;\">\n<td style=\"height: 24px; width: 20%;\">Mezipupil\u00e1rn\u00ed vzd\u00e1lenost:<\/td>\n<td style=\"height: 24px; width: 30%;\">88-89 mm<\/td>\n<td style=\"height: 24px; width: 20%;\">Ochrana proti zaml\u017eov\u00e1n\u00ed:<\/td>\n<td style=\"height: 24px; width: 30%;\">Dus\u00edkov\u00e1 n\u00e1pl\u0148 proti zaml\u017een\u00ed<\/td>\n<\/tr>\n<tr style=\"height: 24px;\">\n<td style=\"height: 23px; width: 20%;\">Zam\u011b\u0159ova\u010d:<\/td>\n<td style=\"height: 23px; width: 30%;\">Lov<\/td>\n<td style=\"height: 23px; width: 20%;\">T\u011bsnost:<\/td>\n<td style=\"height: 23px; width: 30%;\">Odolnost proti vod\u011b a n\u00e1raz\u016fm IPX7<\/td>\n<\/tr>\n<\/tbody>\n<\/table>\n<div class=\"row\"  id=\"row-512395053\">\n\n\t<div id=\"col-888430973\" class=\"col medium-8 small-12 large-8\"  >\n\t\t\t\t<div class=\"col-inner\"  >\n\t\t\t\n\t\t\t\n<h2>Zam\u011b\u0159ova\u010d DDsight MAG 1-4\u00d722 RedDot od DDoptics | Loveck\u00e1 mu\u0161ka | Automatick\u00fd osv\u011btlen\u00fd bod IPoint<\/h2>\n<p>Pro st\u0159elce, lovce a st\u0159elce, kte\u0159\u00ed kladou na sv\u00e9 vybaven\u00ed ty nejvy\u0161\u0161\u00ed n\u00e1roky, je ur\u010den model\u00a0<strong>DDsight MAG 1-4\u00d722<\/strong> nov\u00e9 normy.<\/p>\n<blockquote><p>Tento revolu\u010dn\u00ed reflexn\u00ed zam\u011b\u0159ova\u010d kombinuje nejmodern\u011bj\u0161\u00ed technologie, robustn\u00ed konstrukci a intuitivn\u00ed ovl\u00e1d\u00e1n\u00ed v kompaktn\u00edm proveden\u00ed \"v\u0161e v jednom\".<\/p><\/blockquote>\n<p>A\u0165 u\u017e s <strong>dynamick\u00e9 mise, n\u00e1ro\u010dn\u00e9 loveck\u00e9 sc\u00e9n\u00e1\u0159e<\/strong> nebo v p\u0159esn\u00fdch sout\u011b\u017en\u00edch situac\u00edch - MAG 1-4\u00d722 p\u0159esv\u011bd\u010d\u00ed sv\u00fdm v\u00fdkonem, spolehlivost\u00ed a jedine\u010dnou funk\u010dnost\u00ed.<\/p>\n<p>Na str\u00e1nk\u00e1ch\u00a0<strong>DDsight MAG 1-4\u00d722<\/strong>\u00a0je mistrovsk\u00fdm d\u00edlem techniky, kter\u00e9 kombinuje nejmodern\u011bj\u0161\u00ed technologie s maxim\u00e1ln\u00ed funk\u010dnost\u00ed. Tento reflexn\u00ed zam\u011b\u0159ova\u010d, speci\u00e1ln\u011b vyvinut\u00fd pro st\u0159elce, kte\u0159\u00ed si cen\u00ed p\u0159esnosti, v\u0161estrannosti a spolehlivosti, nastavuje nov\u00e9 standardy ve sv\u011bt\u011b ter\u010dov\u00e9 optiky.<\/p>\n<ul>\n<li>Zv\u011bt\u0161en\u00ed: Plynule nastaviteln\u00e9 od 1x do 4x, ide\u00e1ln\u00ed pro rychl\u00e9 zam\u011b\u0159en\u00ed c\u00edle a p\u0159esnou st\u0159elbu.<\/li>\n<li>Zorn\u00e9 pole: S 42,5 m p\u0159i zv\u011bt\u0161en\u00ed 1x a 11,8 m p\u0159i zv\u011bt\u0161en\u00ed 4x nab\u00edz\u00ed v\u00fdjime\u010dn\u00fd p\u0159ehled.<\/li>\n<li>Optika: Pln\u011b v\u00edcevrstv\u00e9 \u010do\u010dky pro maxim\u00e1ln\u00ed propustnost sv\u011btla (\u226585%) a brilantn\u00ed kvalitu obrazu.<\/li>\n<li>Kompenzace dioptri\u00ed: Nastaviteln\u00e1 v rozmez\u00ed -2,5 a\u017e +2,5, aby byla sv\u011bteln\u00e1 jednotka v\u017edy dob\u0159e viditeln\u00e1.<\/li>\n<li><strong>Technologie iPoint:<\/strong> Inovativn\u00ed iPoint se automaticky zap\u00edn\u00e1 a vyp\u00edn\u00e1, kdy\u017e je zbra\u0148 uvedena do pohotovostn\u00ed polohy nebo odlo\u017eena. Jas sv\u00edt\u00edc\u00edho bodu m\u016f\u017ee u\u017eivatel nastavit ru\u010dn\u011b - pro maxim\u00e1ln\u00ed kontrolu a flexibilitu.<\/li>\n<\/ul>\n\t\t<\/div>\n\t\t\t\t\t<\/div>\n\n\t\n\n\t<div id=\"col-1027618963\" class=\"col medium-4 small-12 large-4\"  >\n\t\t\t\t<div class=\"col-inner\"  >\n\t\t\t\n\t\t\t\n<a class=\"button primary expand\" >\n\t\t<span>Speci\u00e1ln\u00ed funkce RED DOT<\/span>\n\t<\/a>\n\n\n\t<section class=\"section\" id=\"section_133180999\">\n\t\t<div class=\"section-bg fill\" >\n\t\t\t\t\t\t\t\t\t<div class=\"section-bg-overlay absolute fill\"><\/div>\n\t\t\t\n\n\t\t<\/div>\n\n\t\t\n\n\t\t<div class=\"section-content relative\">\n\t\t\t\n\t<div class=\"img has-hover x md-x lg-x y md-y lg-y\" id=\"image_1454429597\">\n\t\t<a class=\"\" href=\"https:\/\/www.ddoptics.de\/garantiebestimmungen\" target=\"_blank\" rel=\"no follow noopener\">\t\t\t\t\t\t<div class=\"img-inner dark\" >\n\t\t\t<img decoding=\"async\" width=\"352\" height=\"160\" src=\"https:\/\/ddoptics.shop\/wp-content\/uploads\/2014\/09\/DDoptics-Garantie.jpg\" class=\"attachment-large size-large\" alt=\"Z\u00e1ruka DDoptics\" srcset=\"https:\/\/ddoptics.shop\/wp-content\/uploads\/2014\/09\/DDoptics-Garantie.jpg 352w, https:\/\/ddoptics.shop\/wp-content\/uploads\/2014\/09\/DDoptics-Garantie-304x138.jpg 304w, https:\/\/ddoptics.shop\/wp-content\/uploads\/2014\/09\/DDoptics-Garantie-305x139.jpg 305w, https:\/\/ddoptics.shop\/wp-content\/uploads\/2014\/09\/DDoptics-Garantie-250x114.jpg 250w\" sizes=\"(max-width: 352px) 100vw, 352px\" title=\"\">\t\t\t\t\t\t\n\t\t\t\t\t<\/div>\n\t\t\t\t\t\t<\/a>\t\t\n<style>\n#image_1454429597 {\n  width: 100%;\n}\n<\/style>\n\t<\/div>\n\t\n\t<div id=\"gap-48415808\" class=\"gap-element clearfix\" style=\"display:block; height:auto;\">\n\t\t\n<style>\n#gap-48415808 {\n  padding-top: 15px;\n}\n<\/style>\n\t<\/div>\n\t\n\t\t<\/div>\n\n\t\t\n<style>\n#section_133180999 {\n  padding-top: 30px;\n  padding-bottom: 30px;\n  background-color: rgb(232, 232, 232);\n}\n#section_133180999 .section-bg-overlay {\n  background-color: rgba(255,255,255,.5);\n}\n<\/style>\n\t<\/section>\n\t\n<div class=\"is-divider divider clearfix\" ><\/div>\n\t<div class=\"img has-hover x md-x lg-x y md-y lg-y\" id=\"image_1021034110\">\n\t\t\t\t\t\t\t\t<div class=\"img-inner dark\" >\n\t\t\t<img decoding=\"async\" width=\"900\" height=\"426\" src=\"https:\/\/ddoptics.shop\/wp-content\/uploads\/2025\/02\/DDsight-MAG-riticle-Absehen.webp\" class=\"attachment-large size-large\" alt=\"Verze zam\u011b\u0159ova\u010de DDsight MAG | Taktick\u00e9 a loveck\u00e9 verze\" srcset=\"https:\/\/ddoptics.shop\/wp-content\/uploads\/2025\/02\/DDsight-MAG-riticle-Absehen.webp 900w, https:\/\/ddoptics.shop\/wp-content\/uploads\/2025\/02\/DDsight-MAG-riticle-Absehen-800x379.webp 800w, https:\/\/ddoptics.shop\/wp-content\/uploads\/2025\/02\/DDsight-MAG-riticle-Absehen-304x144.webp 304w, https:\/\/ddoptics.shop\/wp-content\/uploads\/2025\/02\/DDsight-MAG-riticle-Absehen-632x299.webp 632w, https:\/\/ddoptics.shop\/wp-content\/uploads\/2025\/02\/DDsight-MAG-riticle-Absehen-305x144.webp 305w\" sizes=\"(max-width: 900px) 100vw, 900px\" title=\"\">\t\t\t\t\t\t\n\t\t\t\t\t<\/div>\n\t\t\t\t\t\t\t\t\n<style>\n#image_1021034110 {\n  width: 100%;\n}\n<\/style>\n\t<\/div>\n\t\n\t\t<\/div>\n\t\t\t\t\t<\/div>\n\n\t\n<\/div>\n<div class=\"video video-fit mb\" style=\"padding-top:56.25%;\"><p><iframe title=\"Jagd &amp; Hund 2025: Nov\u00e9 pu\u0161kohledy, nov\u00e1 m\u00ed\u0159idla od DDoptics a mnoho dal\u0161\u00edho.\" width=\"1020\" height=\"574\" src=\"https:\/\/www.youtube.com\/embed\/j-G-oX52cDY?feature=oembed\" frameborder=\"0\" allow=\"accelerometer; autoplay; clipboard-write; encrypted-media; gyroscope; picture-in-picture; web-share\" referrerpolicy=\"strict-origin-when-cross-origin\" allowfullscreen><\/iframe><\/p>\n<\/div>\n<h3>Inovace: zrcadlovka, lupa a kompenzace dioptri\u00ed v jednom p\u0159\u00edstroji<\/h3>\n<ol start=\"1\">\n<li><strong>\u0158e\u0161en\u00ed \"v\u0161e v jednom\":<\/strong> Nejsou pot\u0159eba \u017e\u00e1dn\u00e9 samostatn\u00e9 lupy - \u0161et\u0159\u00ed hmotnost, m\u00edsto a \u010das pot\u0159ebn\u00fd k instalaci.<\/li>\n<li><strong>Flexibiln\u00ed zv\u011bt\u0161en\u00ed:<\/strong>\u00a0P\u0159ep\u00edn\u00e1n\u00ed mezi \u0161iroko\u00fahl\u00fdm a \u010dty\u0159n\u00e1sobn\u00fdm zoomem b\u011bhem n\u011bkolika sekund.<\/li>\n<li><strong>Energetick\u00e1 \u00fa\u010dinnost:<\/strong>\u00a0Technologie iPoint prodlu\u017euje \u017eivotnost baterie automatick\u00fdm zap\u00edn\u00e1n\u00edm a vyp\u00edn\u00e1n\u00edm.<\/li>\n<li><strong>Univerz\u00e1ln\u00ed kompatibilita:<\/strong>\u00a0Ide\u00e1ln\u00ed pro loveck\u00e9 pu\u0161ky, sportovn\u00ed pu\u0161ky nebo taktick\u00e9 aplikace.<\/li>\n<li><strong>Vhodn\u00e9 pro no\u010dn\u00ed vid\u011bn\u00ed:<\/strong>\u00a0Integrovan\u00fd re\u017eim pro diskr\u00e9tn\u00ed aplikace s n\u00edzkou intenzitou sv\u011btla.<\/li>\n<\/ol>\n<p>DDsight MAG 1-4\u00d722 je prvn\u00ed reflexn\u00ed zam\u011b\u0159ova\u010d sv\u00e9ho druhu, kter\u00fd kombinuje t\u0159i kl\u00ed\u010dov\u00e9 funkce: reflexn\u00ed zam\u011b\u0159ova\u010d s vysok\u00fdm rozli\u0161en\u00edm, plynule nastavitelnou \u010dty\u0159n\u00e1sobnou lupu a p\u0159esnou kompenzaci dioptri\u00ed.<\/p>\n<blockquote><p>Tato kombinace eliminuje pot\u0159ebu samostatn\u00fdch lup a umo\u017e\u0148uje plynul\u00fd p\u0159echod mezi bl\u00edzk\u00fdmi a vzd\u00e1len\u00fdmi c\u00edli.<\/p><\/blockquote>\n<p>D\u00edky <strong>Plynule nastaviteln\u00e9 zv\u011bt\u0161en\u00ed od 1x do 4x<\/strong> budete m\u00edt kontrolu v ka\u017ed\u00e9 situaci - a\u0165 u\u017e jde o rychl\u00e9 zam\u011b\u0159en\u00ed c\u00edle na kr\u00e1tkou vzd\u00e1lenost nebo p\u0159esn\u00e9 z\u00e1sahy na vzd\u00e1len\u00e9 c\u00edle.<\/p>\n<div class=\"row\"  id=\"row-1510545201\">\n\n\t<div id=\"col-115907929\" class=\"col medium-6 small-12 large-6\"  >\n\t\t\t\t<div class=\"col-inner\"  >\n\t\t\t\n\t\t\t\n\t<div class=\"img has-hover x md-x lg-x y md-y lg-y\" id=\"image_775642936\">\n\t\t\t\t\t\t\t\t<div class=\"img-inner dark\" >\n\t\t\t<img decoding=\"async\" width=\"900\" height=\"426\" src=\"https:\/\/ddoptics.shop\/wp-content\/uploads\/2025\/02\/DDsight-MAG-Sehfeld-Standartgroesse.webp\" class=\"attachment-large size-large\" alt=\"DDsight MAG 1-4x22 RedDot zam\u011b\u0159ova\u010d DDoptics popis\" srcset=\"https:\/\/ddoptics.shop\/wp-content\/uploads\/2025\/02\/DDsight-MAG-Sehfeld-Standartgroesse.webp 900w, https:\/\/ddoptics.shop\/wp-content\/uploads\/2025\/02\/DDsight-MAG-Sehfeld-Standartgroesse-800x379.webp 800w, https:\/\/ddoptics.shop\/wp-content\/uploads\/2025\/02\/DDsight-MAG-Sehfeld-Standartgroesse-304x144.webp 304w, https:\/\/ddoptics.shop\/wp-content\/uploads\/2025\/02\/DDsight-MAG-Sehfeld-Standartgroesse-632x299.webp 632w, https:\/\/ddoptics.shop\/wp-content\/uploads\/2025\/02\/DDsight-MAG-Sehfeld-Standartgroesse-305x144.webp 305w\" sizes=\"(max-width: 900px) 100vw, 900px\" title=\"\">\t\t\t\t\t\t\n\t\t\t\t\t\t\t<div class=\"caption\">DDsight MAG 1-4x22 RedDot zam\u011b\u0159ova\u010d DDoptics popis<\/div>\n\t\t\t\t\t<\/div>\n\t\t\t\t\t\t\t\t\n<style>\n#image_775642936 {\n  width: 100%;\n}\n<\/style>\n\t<\/div>\n\t\n\t\t<\/div>\n\t\t\t\t\t<\/div>\n\n\t\n\n\t<div id=\"col-1201953293\" class=\"col medium-6 small-12 large-6\"  >\n\t\t\t\t<div class=\"col-inner\"  >\n\t\t\t\n\t\t\t\n\t<div class=\"img has-hover x md-x lg-x y md-y lg-y\" id=\"image_204996829\">\n\t\t\t\t\t\t\t\t<div class=\"img-inner dark\" >\n\t\t\t<img decoding=\"async\" width=\"900\" height=\"426\" src=\"https:\/\/ddoptics.shop\/wp-content\/uploads\/2025\/02\/DDsight-MAG-Standartgroesse.webp\" class=\"attachment-large size-large\" alt=\"DDsight MAG 1-4x22 RedDot zam\u011b\u0159ova\u010d DDoptics popis\" srcset=\"https:\/\/ddoptics.shop\/wp-content\/uploads\/2025\/02\/DDsight-MAG-Standartgroesse.webp 900w, https:\/\/ddoptics.shop\/wp-content\/uploads\/2025\/02\/DDsight-MAG-Standartgroesse-800x379.webp 800w, https:\/\/ddoptics.shop\/wp-content\/uploads\/2025\/02\/DDsight-MAG-Standartgroesse-304x144.webp 304w, https:\/\/ddoptics.shop\/wp-content\/uploads\/2025\/02\/DDsight-MAG-Standartgroesse-632x299.webp 632w, https:\/\/ddoptics.shop\/wp-content\/uploads\/2025\/02\/DDsight-MAG-Standartgroesse-305x144.webp 305w\" sizes=\"(max-width: 900px) 100vw, 900px\" title=\"\">\t\t\t\t\t\t\n\t\t\t\t\t\t\t<div class=\"caption\">DDsight MAG 1-4x22 RedDot zam\u011b\u0159ova\u010d DDoptics popis<\/div>\n\t\t\t\t\t<\/div>\n\t\t\t\t\t\t\t\t\n<style>\n#image_204996829 {\n  width: 100%;\n}\n<\/style>\n\t<\/div>\n\t\n\t\t<\/div>\n\t\t\t\t\t<\/div>\n\n\t\n<\/div>\n<h3><span style=\"font-size: 20.16px;\">Kompaktn\u00ed design a <\/span>Funk\u010dnost<\/h3>\n<p>MAG 1-4\u00d722 zaujme nejen technicky, ale i vizu\u00e1ln\u011b. \u0160t\u00edhl\u00fd, matn\u011b \u010dern\u00fd design s precizn\u00edmi konturami dokonale splyne s jak\u00fdmkoli vzhledem zbran\u011b. Protiskluzov\u00fd povrch a ergonomicky um\u00edst\u011bn\u00e1 nastavovac\u00ed kole\u010dka zaru\u010duj\u00ed bezpe\u010dnou manipulaci - i v rukavic\u00edch.<\/p>\n<blockquote><p>S d\u00e9lkou pouh\u00fdch 140 mm a hmotnost\u00ed 320 g (bez mont\u00e1\u017ee) je zam\u011b\u0159ova\u010d DDsight MAG 1-4\u00d722 lehk\u00fd a skladn\u00fd - ide\u00e1ln\u00ed pro mobiln\u00ed pou\u017eit\u00ed.<\/p><\/blockquote>\n<p>Na str\u00e1nk\u00e1ch\u00a0<strong>Pln\u011b pota\u017een\u00e9 \u010do\u010dky<\/strong> zaru\u010duj\u00ed propustnost sv\u011btla \u226585 %, a to i za zt\u00ed\u017een\u00fdch sv\u011bteln\u00fdch podm\u00ednek. To zaji\u0161\u0165uje brilantn\u00ed ostrost obrazu, vysoce kontrastn\u00ed zobrazen\u00ed a sni\u017euje ru\u0161iv\u00e9 odrazy.<\/p>\n<p>Integrovan\u00fd\u00a0<strong>Korek\u010dn\u00ed \u010do\u010dka<\/strong> zaji\u0161\u0165uje, \u017ee osv\u011btlen\u00fd bod je zaost\u0159en v cel\u00e9m zorn\u00e9m poli - co\u017e je rozhoduj\u00edc\u00ed v\u00fdhoda pro p\u0159esn\u00e9 m\u00ed\u0159en\u00ed.<\/p>\n<h3>Technologie iPoint: Inteligentn\u00ed automatizace<\/h3>\n<p>Na str\u00e1nk\u00e1ch <strong>Technologie iPoint<\/strong> nastavuje nov\u00e1 m\u011b\u0159\u00edtka u\u017eivatelsk\u00e9 p\u0159\u00edv\u011btivosti. Inovativn\u00ed iPoint se automaticky zap\u00edn\u00e1 a vyp\u00edn\u00e1, kdy\u017e je zbra\u0148 uvedena do pohotovostn\u00ed polohy nebo odlo\u017eena. Jas sv\u00edt\u00edc\u00edho bodu m\u016f\u017ee u\u017eivatel nastavit ru\u010dn\u011b - pro maxim\u00e1ln\u00ed kontrolu a flexibilitu.<\/p>\n<blockquote><p>Zam\u011b\u0159ova\u010d rozpozn\u00e1, kdy je zbra\u0148 uvedena do pohotovostn\u00ed polohy, a automaticky aktivuje osv\u011btlen\u00fd bod. P\u0159i odlo\u017een\u00ed zbran\u011b se tak\u00e9 automaticky vypne, aby se \u0161et\u0159ila energie.<\/p><\/blockquote>\n<p>Jas bodu lze plynule nastavit ru\u010dn\u011b - v\u010detn\u011b. <strong>Re\u017eim no\u010dn\u00edho vid\u011bn\u00ed<\/strong>\u00a0pro pou\u017eit\u00ed ve tm\u011b. To znamen\u00e1, \u017ee m\u00e1te v\u017edy plnou kontrolu, ani\u017e by to bylo na \u00fakor reak\u010dn\u00ed doby.<\/p>\n<h3>Odolnost v extr\u00e9mn\u00edch podm\u00ednk\u00e1ch<\/h3>\n<p>Pu\u0161kohled DDsight MAG 1-4\u00d722 je navr\u017een pro pou\u017eit\u00ed v t\u011bch nejn\u00e1ro\u010dn\u011bj\u0161\u00edch podm\u00ednk\u00e1ch:<\/p>\n<ul>\n<li><strong>Materi\u00e1l:<\/strong>\u00a0Vyrobeno z\u00a0<strong>Hlin\u00edk 6061 v leteck\u00e9 kvalit\u011b<\/strong>, Jednod\u00edln\u00fd matn\u00fd \u010dern\u00fd eloxovan\u00fd povrch je odoln\u00fd proti n\u00e1razu, korozi a opot\u0159eben\u00ed.<\/li>\n<li><strong>Certifikace IPX7:<\/strong>\u00a0Vodot\u011bsnost do hloubky 1 metr po dobu 30 minut - ide\u00e1ln\u00ed pro d\u00e9\u0161\u0165, sn\u00edh nebo nep\u0159edv\u00eddan\u00e9 ponory.<\/li>\n<li><strong>Odolnost v\u016f\u010di teplot\u00e1m:<\/strong>\u00a0Spolehliv\u011b pracuje s\u00a0<strong>-20 \u00b0C a\u017e +60 \u00b0C<\/strong>, a\u0165 u\u017e v mrazu, nebo pod \u017ehnouc\u00edm sluncem.<\/li>\n<li><strong>Odolnost proti n\u00e1razu:<\/strong>\u00a0Vydr\u017e\u00ed i siln\u00e9 n\u00e1razy, ani\u017e by ztratil p\u0159esn\u00e9 nastaven\u00ed.<\/li>\n<\/ul>\n<h3>P\u0159esn\u00e9 p\u0159izp\u016fsoben\u00ed, intuitivn\u00ed ovl\u00e1d\u00e1n\u00ed<\/h3>\n<p>St\u00edn\u00edtko nab\u00edz\u00ed\u00a0<strong>Rozsah nastaven\u00ed 80 MOA<\/strong>\u00a0pro elevaci a windage s haptick\u00fdmi kliknut\u00edmi (0,5 MOA na krok), kter\u00e9 umo\u017e\u0148uj\u00ed p\u0159esn\u00e9 korekce. Na str\u00e1nk\u00e1ch\u00a0<strong>Kompenzace dioptri\u00ed (-2,5 a\u017e +2,5)<\/strong> se p\u0159izp\u016fsob\u00ed va\u0161\u00ed individu\u00e1ln\u00ed zrakov\u00e9 ostrosti - co\u017e je rozhoduj\u00edc\u00ed v\u00fdhoda pro nositele br\u00fdl\u00ed nebo u\u017eivatele se zrakov\u00fdm posti\u017een\u00edm.<\/p>\n<p>Kompaktn\u00ed rozm\u011bry (<strong>D\u00e9lka 140 mm, hmotnost 320 g<\/strong>) je ide\u00e1ln\u00edm spole\u010dn\u00edkem pro mobiln\u00ed aplikace bez ztr\u00e1ty stability a funk\u010dnosti.<\/p>\n<h3>Velmi velk\u00e9 zorn\u00e9 pole a osv\u011btlen\u00fd zam\u011b\u0159ova\u010d na 2. ohniskov\u00e9 rovin\u011b<\/h3>\n<p>S\u00a0<strong>Zorn\u00e9 pole 42,5 m p\u0159i 1x<\/strong>\u00a0a\u00a0<strong>11,8 m p\u0159i zv\u011bt\u0161en\u00ed 4x<\/strong> (na vzd\u00e1lenost 100 metr\u016f) nab\u00edz\u00ed MAG 1-4\u00d722 vynikaj\u00edc\u00ed p\u0159ehled. Tato \u0161iroko\u00fahl\u00e1 optika umo\u017e\u0148uje bleskov\u011b zachytit detaily okol\u00ed a z\u00e1rove\u0148 udr\u017eet zaost\u0159en\u00ed na c\u00edl.<\/p>\n<p>Na str\u00e1nk\u00e1ch\u00a0<strong>Osv\u011btlen\u00fd zam\u011b\u0159ova\u010d na druh\u00e9 obrazov\u00e9 rovin\u011b<\/strong>\u00a0zaji\u0161\u0165uje, \u017ee bod je v\u017edy ostr\u00fd a bez paralaxy - miln\u00edk pro p\u0159esnou st\u0159elbu na prom\u011bnliv\u00e9 vzd\u00e1lenosti.<\/p>\n<h3>Pro koho je zam\u011b\u0159ova\u010d DDsight MAG 1-4\u00d722 ide\u00e1ln\u00ed?<\/h3>\n<ul>\n<li><strong>Hunter:<\/strong>\u00a0Ide\u00e1ln\u00ed pro stalking d\u00edky rychl\u00e9mu zam\u011b\u0159en\u00ed c\u00edle a p\u0159izp\u016fsoben\u00ed se m\u011bn\u00edc\u00edm se vzd\u00e1lenostem.<\/li>\n<li><strong>Sportovn\u00ed st\u0159elci:<\/strong>\u00a0Maxim\u00e1ln\u00ed p\u0159esnost p\u0159i sout\u011b\u017e\u00edch d\u00edky ostr\u00e9 optice a plynul\u00e9 regulaci zoomu.<\/li>\n<li><strong>Takti\u010dt\u00ed u\u017eivatel\u00e9:<\/strong>\u00a0Robustnost a spolehlivost v extr\u00e9mn\u00edch situac\u00edch.<\/li>\n<li><strong>Za\u010d\u00e1te\u010dn\u00edci a profesion\u00e1lov\u00e9:<\/strong>\u00a0D\u00edky intuitivn\u00edmu ovl\u00e1d\u00e1n\u00ed a dlouhodob\u00e9 \u017eivotnosti se vyplat\u00ed investovat.<\/li>\n<\/ul>\n<h3>Z\u00e1v\u011br: zam\u011b\u0159ova\u010d DDoptics, kter\u00fd neponech\u00e1v\u00e1 nic n\u00e1hod\u011b<\/h3>\n<p>Na str\u00e1nk\u00e1ch\u00a0<strong>DDsight MAG 1-4\u00d722<\/strong> je v\u00edc ne\u017e jen reflexn\u00ed zam\u011b\u0159ova\u010d - je to mistrovsk\u00e9 technick\u00e9 d\u00edlo, kter\u00e9 v sob\u011b spojuje p\u0159esnost, robustnost a inovace.<\/p>\n<p>D\u00edky sv\u00e9 jedine\u010dn\u00e9 <strong>Kombinace plynul\u00e9ho zv\u011bt\u0161en\u00ed, automatick\u00e9ho ovl\u00e1d\u00e1n\u00ed iPoint a vojensk\u00e9ho designu.<\/strong> stanovuje nov\u00e9 m\u011b\u0159\u00edtko pro toto odv\u011btv\u00ed. Ka\u017ed\u00fd, kdo se boj\u00ed kompromis\u016f v oblasti v\u00fdkonu, p\u0159izp\u016fsobitelnosti nebo odolnosti, zde najde dokonal\u00e9 \u0159e\u0161en\u00ed.<\/p>","protected":false},"excerpt":{"rendered":"<p><img decoding=\"async\" class=\"wp-image-10452 size-full alignnone\" src=\"https:\/\/ddoptics.shop\/wp-content\/uploads\/2016\/07\/Target-Schiessen.jpg\" alt=\"St\u0159elba na ter\u010d\" width=\"50\" height=\"50\" \/><img decoding=\"async\" class=\"size-full wp-image-10168 alignnone\" src=\"https:\/\/ddoptics.shop\/wp-content\/uploads\/2016\/09\/Jagd-klein.jpg\" alt=\"Loveck\u00e9 dalekohledy\" width=\"50\" height=\"50\" \/><br \/>\n<strong>DDsight MAG 1-4\u00d722 IPoint - dokonalost pro nejvy\u0161\u0161\u00ed n\u00e1roky.<\/strong><\/p>","protected":false},"featured_media":27955,"comment_status":"open","ping_status":"closed","template":"","meta":{"inline_featured_image":false,"footnotes":""},"product_brand":[],"product_cat":[728],"product_tag":[78,1197,1199,1200,1198],"class_list":{"0":"post-27976","1":"product","2":"type-product","3":"status-publish","4":"has-post-thumbnail","6":"product_cat-red-dot-reflexvisiere","7":"product_tag-ddoptics","8":"product_tag-ddsight","9":"product_tag-ddsight-mag-1-4x22","10":"product_tag-ipoint","11":"product_tag-red-dot","12":"product_shipping_class-paket","13":"pa_brand-marke-ddoptics","14":"pa_produkt-typ-zielfernrohr","16":"first","17":"instock","18":"sale","19":"taxable","20":"shipping-taxable","21":"purchasable","22":"product-type-simple"},"bundled_by":[],"bundle_stock_status":"instock","bundle_stock_quantity":null,"bundle_virtual":false,"bundle_layout":"","bundle_add_to_cart_form_location":"","bundle_editable_in_cart":false,"bundle_sold_individually_context":"","bundle_item_grouping":"","bundle_min_size":"","bundle_max_size":"","bundle_price":[],"bundled_items":[],"bundle_sell_ids":[],"_links":{"self":[{"href":"https:\/\/ddoptics.shop\/cs\/wp-json\/wp\/v2\/product\/27976","targetHints":{"allow":["GET"]}}],"collection":[{"href":"https:\/\/ddoptics.shop\/cs\/wp-json\/wp\/v2\/product"}],"about":[{"href":"https:\/\/ddoptics.shop\/cs\/wp-json\/wp\/v2\/types\/product"}],"replies":[{"embeddable":true,"href":"https:\/\/ddoptics.shop\/cs\/wp-json\/wp\/v2\/comments?post=27976"}],"version-history":[{"count":10,"href":"https:\/\/ddoptics.shop\/cs\/wp-json\/wp\/v2\/product\/27976\/revisions"}],"predecessor-version":[{"id":29100,"href":"https:\/\/ddoptics.shop\/cs\/wp-json\/wp\/v2\/product\/27976\/revisions\/29100"}],"wp:featuredmedia":[{"embeddable":true,"href":"https:\/\/ddoptics.shop\/cs\/wp-json\/wp\/v2\/media\/27955"}],"wp:attachment":[{"href":"https:\/\/ddoptics.shop\/cs\/wp-json\/wp\/v2\/media?parent=27976"}],"wp:term":[{"taxonomy":"product_brand","embeddable":true,"href":"https:\/\/ddoptics.shop\/cs\/wp-json\/wp\/v2\/product_brand?post=27976"},{"taxonomy":"product_cat","embeddable":true,"href":"https:\/\/ddoptics.shop\/cs\/wp-json\/wp\/v2\/product_cat?post=27976"},{"taxonomy":"product_tag","embeddable":true,"href":"https:\/\/ddoptics.shop\/cs\/wp-json\/wp\/v2\/product_tag?post=27976"}],"curies":[{"name":"wp","href":"https:\/\/api.w.org\/{rel}","templated":true}]}}