{"id":9226,"date":"2016-07-22T17:09:07","date_gmt":"2016-07-22T15:09:07","guid":{"rendered":"https:\/\/beta.optik-sport-shop.at\/?post_type=product&#038;p=9226"},"modified":"2025-07-02T12:44:22","modified_gmt":"2025-07-02T10:44:22","slug":"dalekohledy-swarovski-8komma5x42-swarovision","status":"publish","type":"product","link":"https:\/\/ddoptics.shop\/cs\/kaufen\/swarovski-fernglas-8komma5x42-swarovision\/","title":{"rendered":"Dalekohled Swarovski EL 8,5\u00d742 Swarovision"},"content":{"rendered":"<div class=\"row\"  id=\"row-876162147\">\n\n\t<div id=\"col-1909522044\" class=\"col medium-8 small-12 large-8\"  >\n\t\t\t\t<div class=\"col-inner\"  >\n\t\t\t\n\t\t\t\n<h2><a href=\"https:\/\/de.wikipedia.org\/wiki\/D._Swarovski\" target=\"_blank\" rel=\"noopener sponsored\" data-schema-attribute=\"\">SWAROVSKI<\/a> EL 8,5\u00d742 - dalekohled vlastn\u00ed t\u0159\u00eddy<\/h2>\n<p><strong>Dalekohledy Swarovski Premium: Tak ostr\u00e9. Tak bohat\u00fd kontrast. Tak bezkonkuren\u010dn\u00ed.<\/strong> \u0158ada EL p\u0159edstavuje miln\u00edk v optice s dlouh\u00fdm dosahem. . <strong>Swaraovski EL 8,5\u00d742 je p\u0159esv\u011bd\u010div\u00fd univerz\u00e1ln\u00ed p\u0159\u00edstroj<\/strong>. Dalekohledy pro ka\u017edou situaci - a\u0165 u\u017e sed\u00edte za soumraku, nebo sledujete za sv\u00edt\u00e1n\u00ed.<\/p>\n<p>Dalekohled nab\u00edz\u00ed <strong>Velk\u00e9 zorn\u00e9 pole s p\u016fsobivou optikou<\/strong> a\u017e k okraji. \u0160irok\u00e9 v\u00fdstupn\u00ed pupily 4,9 mm poskytuj\u00ed jasn\u00fd obraz i za obt\u00ed\u017en\u00fdch sv\u011bteln\u00fdch podm\u00ednek. Ka\u017ed\u00fd p\u00e1r dalekohled\u016f je <strong>Mistrovsk\u00e9 d\u00edlo p\u0159esnosti a inovace<\/strong> - za bezchybnou reakci na hru<\/p>\n\t\t<\/div>\n\t\t\t\t\n<style>\n#col-1909522044 > .col-inner {\n  margin: 0px 0px -30px 0px;\n}\n<\/style>\n\t<\/div>\n\n\t\n\n\t<div id=\"col-1701958207\" class=\"col medium-4 small-12 large-4\"  >\n\t\t\t\t<div class=\"col-inner\"  >\n\t\t\t\n\t\t\t\n\t<div class=\"img has-hover x md-x lg-x y md-y lg-y\" id=\"image_262884413\">\n\t\t\t\t\t\t\t\t<div class=\"img-inner dark\" >\n\t\t\t\t\t\t\t\t\t\n\t\t\t\t\t<\/div>\n\t\t\t\t\t\t\t\t\n<style>\n#image_262884413 {\n  width: 100%;\n}\n<\/style>\n\t<\/div>\n\t\n<h3>Dalekohledy Swarovski - fakta<\/h3>\n\n\t\t<div class=\"icon-box featured-box icon-box-left text-left\"  >\n\t\t\t\t\t<div class=\"icon-box-img\" style=\"width: 32px\">\n\t\t\t\t<div class=\"icon\">\n\t\t\t\t\t<div class=\"icon-inner\" >\n\t\t\t\t\t\t<img decoding=\"async\" width=\"100\" height=\"83\" src=\"https:\/\/ddoptics.shop\/wp-content\/uploads\/2021\/05\/DDoptics-SHG-Icon.jpg\" class=\"attachment-medium size-medium\" alt=\"Dalekohled DDoptics SHG Icon\" title=\"\">\t\t\t\t\t<\/div>\n\t\t\t\t<\/div>\n\t\t\t<\/div>\n\t\t\t\t<div class=\"icon-box-text last-reset\">\n\t\t\t\t\t\t\t\t\t\n<p>10let\u00e1 z\u00e1ruka v\u00fdrobce<\/p>\n\t\t<\/div>\n\t<\/div>\n\t\n\t\n\n\t\t<div class=\"icon-box featured-box icon-box-left text-left\"  >\n\t\t\t\t\t<div class=\"icon-box-img\" style=\"width: 32px\">\n\t\t\t\t<div class=\"icon\">\n\t\t\t\t\t<div class=\"icon-inner\" >\n\t\t\t\t\t\t<img decoding=\"async\" width=\"100\" height=\"83\" src=\"https:\/\/ddoptics.shop\/wp-content\/uploads\/2021\/05\/DDoptics-SHG-Icon.jpg\" class=\"attachment-medium size-medium\" alt=\"Dalekohled DDoptics SHG Icon\" title=\"\">\t\t\t\t\t<\/div>\n\t\t\t\t<\/div>\n\t\t\t<\/div>\n\t\t\t\t<div class=\"icon-box-text last-reset\">\n\t\t\t\t\t\t\t\t\t\n<p>Zorn\u00e9 pole 133 m<\/p>\n\t\t<\/div>\n\t<\/div>\n\t\n\t\n\n\t\t<div class=\"icon-box featured-box icon-box-left text-left\"  >\n\t\t\t\t\t<div class=\"icon-box-img\" style=\"width: 32px\">\n\t\t\t\t<div class=\"icon\">\n\t\t\t\t\t<div class=\"icon-inner\" >\n\t\t\t\t\t\t<img decoding=\"async\" width=\"100\" height=\"83\" src=\"https:\/\/ddoptics.shop\/wp-content\/uploads\/2021\/05\/DDoptics-SHG-Icon.jpg\" class=\"attachment-medium size-medium\" alt=\"Dalekohled DDoptics SHG Icon\" title=\"\">\t\t\t\t\t<\/div>\n\t\t\t\t<\/div>\n\t\t\t<\/div>\n\t\t\t\t<div class=\"icon-box-text last-reset\">\n\t\t\t\t\t\t\t\t\t\n<p>Technologie SWAROVISION<\/p>\n\t\t<\/div>\n\t<\/div>\n\t\n\t\n\n\t\t<div class=\"icon-box featured-box icon-box-left text-left\"  >\n\t\t\t\t\t<div class=\"icon-box-img\" style=\"width: 32px\">\n\t\t\t\t<div class=\"icon\">\n\t\t\t\t\t<div class=\"icon-inner\" >\n\t\t\t\t\t\t<img decoding=\"async\" width=\"100\" height=\"83\" src=\"https:\/\/ddoptics.shop\/wp-content\/uploads\/2021\/05\/DDoptics-SHG-Icon.jpg\" class=\"attachment-medium size-medium\" alt=\"Dalekohled DDoptics SHG Icon\" title=\"\">\t\t\t\t\t<\/div>\n\t\t\t\t<\/div>\n\t\t\t<\/div>\n\t\t\t\t<div class=\"icon-box-text last-reset\">\n\t\t\t\t\t\t\t\t\t\n<p>\u2705 <strong>St\u0159e\u0161n\u00ed hranol<\/strong><\/p>\n\t\t<\/div>\n\t<\/div>\n\t\n\t\n\n\t\t<div class=\"icon-box featured-box icon-box-left text-left\"  >\n\t\t\t\t\t<div class=\"icon-box-img\" style=\"width: 32px\">\n\t\t\t\t<div class=\"icon\">\n\t\t\t\t\t<div class=\"icon-inner\" >\n\t\t\t\t\t\t<img decoding=\"async\" width=\"100\" height=\"83\" src=\"https:\/\/ddoptics.shop\/wp-content\/uploads\/2021\/05\/DDoptics-SHG-Icon.jpg\" class=\"attachment-medium size-medium\" alt=\"Dalekohled DDoptics SHG Icon\" title=\"\">\t\t\t\t\t<\/div>\n\t\t\t\t<\/div>\n\t\t\t<\/div>\n\t\t\t\t<div class=\"icon-box-text last-reset\">\n\t\t\t\t\t\t\t\t\t\n<p>\u2705 <strong>Robustn\u00ed ho\u0159\u010d\u00edkov\u00e9 pouzdro<\/strong><\/p>\n\t\t<\/div>\n\t<\/div>\n\t\n\t\n\n\t\t<div class=\"icon-box featured-box icon-box-left text-left\"  >\n\t\t\t\t\t<div class=\"icon-box-img\" style=\"width: 32px\">\n\t\t\t\t<div class=\"icon\">\n\t\t\t\t\t<div class=\"icon-inner\" >\n\t\t\t\t\t\t<img decoding=\"async\" width=\"100\" height=\"83\" src=\"https:\/\/ddoptics.shop\/wp-content\/uploads\/2021\/05\/DDoptics-SHG-Icon.jpg\" class=\"attachment-medium size-medium\" alt=\"Dalekohled DDoptics SHG Icon\" title=\"\">\t\t\t\t\t<\/div>\n\t\t\t\t<\/div>\n\t\t\t<\/div>\n\t\t\t\t<div class=\"icon-box-text last-reset\">\n\t\t\t\t\t\t\t\t\t\n<p>EL pr\u016fchoz\u00ed<\/p>\n\t\t<\/div>\n\t<\/div>\n\t\n\t\n<div class=\"is-divider divider clearfix\" ><\/div>\n\t\t<\/div>\n\t\t\t\t\t<\/div>\n\n\t\n<\/div>\n<p>Se SWAROVSKI EL 42 m\u016f\u017eete m\u00edt v ruce v\u0161estrann\u00fd <strong>Prvot\u0159\u00eddn\u00ed dalekohledy<\/strong> s nimi\u017e m\u016f\u017eete pokr\u00fdt naprostou v\u011bt\u0161inu typ\u016f lovu. Tento <strong>spolehliv\u00fd univerz\u00e1ln\u00ed p\u0159\u00edstroj z\u00e1\u0159\u00ed d\u00edky technologii SWAROVISION<\/strong>, co\u017e zaru\u010duje nejvy\u0161\u0161\u00ed kvalitu obrazu. EL 8,5\u00d742 je vhodn\u00fd pro \u0161irokou \u0161k\u00e1lu loveck\u00fdch aplikac\u00ed a je tak\u00e9 dobrou volbou pro lov za soumraku.<\/p>\n<h3>Technologie SWAROVISION v dalekohledu SWAROVSKI EL 8,5\u00d742<\/h3>\n<p>Technologie SWAROVISION popisuje jedine\u010dn\u00fd celkov\u00fd optick\u00fd bal\u00ed\u010dek:<\/p>\n<ul>\n<li>Ostr\u00fd jako b\u0159itva <strong>Ostr\u00fd obraz a\u017e k okraj\u016fm<\/strong> pro bleskov\u00e9 zachycen\u00ed d\u016fle\u017eit\u00fdch detail\u016f<\/li>\n<li>Vysoce kontrastn\u00ed, barevn\u011b neutr\u00e1ln\u00ed pozorov\u00e1n\u00ed, abyste je\u0161t\u011b l\u00e9pe vid\u011bli d\u016fle\u017eit\u00e9 detaily.<\/li>\n<li>Dalekohledy poskytuj\u00ed <strong>100% Zorn\u00e9 pole<\/strong> - Tak\u00e9 pro nositele br\u00fdl\u00ed<\/li>\n<li>Optimalizovan\u00e9 povlaky zaji\u0161\u0165uj\u00ed nejlep\u0161\u00ed hodnoty p\u0159enosu a p\u016fsobiv\u00fd z\u00e1\u017eitek ze sledov\u00e1n\u00ed - i za \u0161patn\u00fdch sv\u011bteln\u00fdch podm\u00ednek.<\/li>\n<\/ul>\n<p>Technologie SWAROVISION nov\u011b definuje pojem optick\u00e9 kvality.<\/p>\n<h3>Technologie SWAROBRIGHT<\/h3>\n<p>Odm\u011bna za <strong>Optim\u00e1ln\u00ed v\u011brnost barev v cel\u00e9m sv\u011bteln\u00e9m spektru<\/strong>. Objektivy se zplo\u0161t\u011bl\u00fdm polem umo\u017e\u0148uj\u00ed bezkonkuren\u010dn\u00ed ostrost od okraje k okraji. . <strong>Optika HD se vyzna\u010duje \u010do\u010dkami obsahuj\u00edc\u00edmi fluoridy.<\/strong>, To znamen\u00e1, \u017ee se lze t\u00e9m\u011b\u0159 zcela vyhnout barevn\u00fdm chyb\u00e1m. Rozptyl je u fluoridu tak\u00e9 v\u00fdrazn\u011b ni\u017e\u0161\u00ed ne\u017e u nejlep\u0161\u00edch typ\u016f optick\u00fdch skel. To umo\u017e\u0148uje <strong>maxim\u00e1ln\u00ed v\u011brnost barev a vede k v\u00fdrazn\u00e9mu zlep\u0161en\u00ed rozli\u0161en\u00ed a kontrastu.<\/strong><\/p>\n<h3>Technologie SWAROCLEAN<\/h3>\n<p>Prost\u0159ednictv\u00edm tohoto <strong>Nep\u0159ilnav\u00fd povrch usnad\u0148uje \u010di\u0161t\u011bn\u00ed v p\u0159\u00edpad\u011b zne\u010di\u0161t\u011bn\u00ed.<\/strong> jako jsou vodn\u00ed skvrny, repelenty proti hmyzu nebo prysky\u0159ice ze strom\u016f.<\/p>","protected":false},"excerpt":{"rendered":"<h3>Pr\u00e9miov\u00fd dalekohled Swarovski EL 8,5\u00d742 Swarovision<\/h3>\n<ul>\n<li>Bezplatn\u00e9 doru\u010den\u00ed v r\u00e1mci N\u011bmecka<\/li>\n<li>V\u0161echny ceny jsou uvedeny v\u010detn\u011b DPH.<\/li>\n<\/ul>","protected":false},"featured_media":9227,"comment_status":"open","ping_status":"closed","template":"","meta":{"inline_featured_image":false,"footnotes":""},"product_brand":[],"product_cat":[362,349,67,345,344,237,354],"product_tag":[318,319,320],"class_list":{"0":"post-9226","1":"product","2":"type-product","3":"status-publish","4":"has-post-thumbnail","6":"product_cat-42-mm-objektiv","7":"product_cat-8x-vergroesserung","8":"product_cat-fernglas","9":"product_cat-jagd-und-wild","10":"product_cat-naturbeobachtung","11":"product_cat-swarovski-optik","12":"product_cat-vogelbeobachtung","13":"product_tag-8-5x42","14":"product_tag-swarovski","15":"product_tag-vogelbeobachtung","16":"pa_brand-marke-swarovski","17":"pa_farbe-gruen","18":"pa_produkt-typ-fernglas","20":"first","21":"instock","22":"sale","23":"taxable","24":"shipping-taxable","25":"product-type-external"},"bundled_by":[],"bundle_stock_status":"instock","bundle_stock_quantity":null,"bundle_virtual":false,"bundle_layout":"","bundle_add_to_cart_form_location":"","bundle_editable_in_cart":false,"bundle_sold_individually_context":"","bundle_item_grouping":"","bundle_min_size":"","bundle_max_size":"","bundle_price":[],"bundled_items":[],"bundle_sell_ids":[],"_links":{"self":[{"href":"https:\/\/ddoptics.shop\/cs\/wp-json\/wp\/v2\/product\/9226","targetHints":{"allow":["GET"]}}],"collection":[{"href":"https:\/\/ddoptics.shop\/cs\/wp-json\/wp\/v2\/product"}],"about":[{"href":"https:\/\/ddoptics.shop\/cs\/wp-json\/wp\/v2\/types\/product"}],"replies":[{"embeddable":true,"href":"https:\/\/ddoptics.shop\/cs\/wp-json\/wp\/v2\/comments?post=9226"}],"version-history":[{"count":5,"href":"https:\/\/ddoptics.shop\/cs\/wp-json\/wp\/v2\/product\/9226\/revisions"}],"predecessor-version":[{"id":28557,"href":"https:\/\/ddoptics.shop\/cs\/wp-json\/wp\/v2\/product\/9226\/revisions\/28557"}],"wp:featuredmedia":[{"embeddable":true,"href":"https:\/\/ddoptics.shop\/cs\/wp-json\/wp\/v2\/media\/9227"}],"wp:attachment":[{"href":"https:\/\/ddoptics.shop\/cs\/wp-json\/wp\/v2\/media?parent=9226"}],"wp:term":[{"taxonomy":"product_brand","embeddable":true,"href":"https:\/\/ddoptics.shop\/cs\/wp-json\/wp\/v2\/product_brand?post=9226"},{"taxonomy":"product_cat","embeddable":true,"href":"https:\/\/ddoptics.shop\/cs\/wp-json\/wp\/v2\/product_cat?post=9226"},{"taxonomy":"product_tag","embeddable":true,"href":"https:\/\/ddoptics.shop\/cs\/wp-json\/wp\/v2\/product_tag?post=9226"}],"curies":[{"name":"wp","href":"https:\/\/api.w.org\/{rel}","templated":true}]}}