{"id":9237,"date":"2016-07-23T10:16:03","date_gmt":"2016-07-23T08:16:03","guid":{"rendered":"https:\/\/beta.optik-sport-shop.at\/kaufen\/swarovski-el-range-8x42-fernglas-mit-entfernungsmesser"},"modified":"2025-08-26T17:24:22","modified_gmt":"2025-08-26T15:24:22","slug":"dalekohled-swarovski-el-range-8x42","status":"publish","type":"product","link":"https:\/\/ddoptics.shop\/cs\/kaufen\/swarovski-el-range-8x42-fernglas-entfernungsmesser\/","title":{"rendered":"Dalekohled Swarovski EL Range 8\u00d742 s d\u00e1lkom\u011brem"},"content":{"rendered":"<div class=\"row\"  id=\"row-351466377\">\n\n\t<div id=\"col-1728157047\" class=\"col medium-8 small-12 large-8\"  >\n\t\t\t\t<div class=\"col-inner\"  >\n\t\t\t\n\t\t\t\n<h2><a href=\"https:\/\/de.wikipedia.org\/wiki\/D._Swarovski\" target=\"_blank\" rel=\"noopener sponsored\" data-schema-attribute=\"\">SWAROVSKI<\/a> Dalekohled EL Range 8\u00d742 - Vid\u011bt, m\u011b\u0159it, v\u011bd\u011bt<\/h2>\n<p>S <strong>EL Range nov\u011b definuje loveck\u00e9 vybaven\u00ed.<\/strong> Dalekohled kombinuje schopnost \u0161pi\u010dkov\u00e9 optiky ostr\u00e9 jako b\u0159itva s p\u0159esnou m\u011b\u0159ic\u00ed funkc\u00ed. . <strong>Dalekohled EL Range 8\u00d742<\/strong> nab\u00edz\u00ed to nejlep\u0161\u00ed <strong>Pozorovac\u00ed v\u00fdkon bez optick\u00fdch kompromis\u016f.<\/strong><\/p>\n<p>Podmaniv\u00fd <strong>velk\u00e9 <a href=\"https:\/\/ddoptics.shop\/cs\/technicky-termin\/zorne-pole-dalekohledu-a-puskohledu\/\" target=\"_blank\" rel=\"noopener\" data-schema-attribute=\"\">Zorn\u00e9 pole<\/a> (137 m) a v\u00fdstupn\u00ed pupila 5,25 mm<\/strong> nab\u00edz\u00ed maxim\u00e1ln\u00ed komfort sledov\u00e1n\u00ed v mnoha situac\u00edch a\u017e do soumraku.<\/p>\n<p>V\u0161e v jednom - <strong>Vynikaj\u00edc\u00ed optika ve spojen\u00ed s d\u00e1lkom\u011brem<\/strong>Nejvy\u0161\u0161\u00ed propustnost, n\u00edzk\u00e1 hmotnost a nej\u0161ir\u0161\u00ed zorn\u00e9 pole ve sv\u00e9 t\u0159\u00edd\u011b doslova nastavuj\u00ed nov\u00e9 standardy z hlediska optiky a p\u0159esnosti m\u011b\u0159en\u00ed.<\/p>\n\t\t<\/div>\n\t\t\t\t\n<style>\n#col-1728157047 > .col-inner {\n  margin: 0px 0px -30px 0px;\n}\n<\/style>\n\t<\/div>\n\n\t\n\n\t<div id=\"col-1044476650\" class=\"col medium-4 small-12 large-4\"  >\n\t\t\t\t<div class=\"col-inner\"  >\n\t\t\t\n\t\t\t\n\t<div class=\"img has-hover x md-x lg-x y md-y lg-y\" id=\"image_1707666962\">\n\t\t\t\t\t\t\t\t<div class=\"img-inner dark\" >\n\t\t\t\t\t\t\t\t\t\n\t\t\t\t\t<\/div>\n\t\t\t\t\t\t\t\t\n<style>\n#image_1707666962 {\n  width: 100%;\n}\n<\/style>\n\t<\/div>\n\t\n<h3>Dalekohledy Swarovski - fakta<\/h3>\n\n\t\t<div class=\"icon-box featured-box icon-box-left text-left\"  >\n\t\t\t\t\t<div class=\"icon-box-img\" style=\"width: 32px\">\n\t\t\t\t<div class=\"icon\">\n\t\t\t\t\t<div class=\"icon-inner\" >\n\t\t\t\t\t\t<img decoding=\"async\" width=\"100\" height=\"83\" src=\"https:\/\/ddoptics.shop\/wp-content\/uploads\/2021\/05\/DDoptics-SHG-Icon.jpg\" class=\"attachment-medium size-medium\" alt=\"Dalekohled DDoptics SHG Icon\" title=\"\">\t\t\t\t\t<\/div>\n\t\t\t\t<\/div>\n\t\t\t<\/div>\n\t\t\t\t<div class=\"icon-box-text last-reset\">\n\t\t\t\t\t\t\t\t\t\n<p>\u2705 10 let z\u00e1ruka v\u00fdrobce - 2 roky na elektroniku<\/p>\n\t\t<\/div>\n\t<\/div>\n\t\n\t\n\n\t\t<div class=\"icon-box featured-box icon-box-left text-left\"  >\n\t\t\t\t\t<div class=\"icon-box-img\" style=\"width: 32px\">\n\t\t\t\t<div class=\"icon\">\n\t\t\t\t\t<div class=\"icon-inner\" >\n\t\t\t\t\t\t<img decoding=\"async\" width=\"100\" height=\"83\" src=\"https:\/\/ddoptics.shop\/wp-content\/uploads\/2021\/05\/DDoptics-SHG-Icon.jpg\" class=\"attachment-medium size-medium\" alt=\"Dalekohled DDoptics SHG Icon\" title=\"\">\t\t\t\t\t<\/div>\n\t\t\t\t<\/div>\n\t\t\t<\/div>\n\t\t\t\t<div class=\"icon-box-text last-reset\">\n\t\t\t\t\t\t\t\t\t\n<p>Zorn\u00e9 pole 137 m<\/p>\n\t\t<\/div>\n\t<\/div>\n\t\n\t\n\n\t\t<div class=\"icon-box featured-box icon-box-left text-left\"  >\n\t\t\t\t\t<div class=\"icon-box-img\" style=\"width: 32px\">\n\t\t\t\t<div class=\"icon\">\n\t\t\t\t\t<div class=\"icon-inner\" >\n\t\t\t\t\t\t<img decoding=\"async\" width=\"100\" height=\"83\" src=\"https:\/\/ddoptics.shop\/wp-content\/uploads\/2021\/05\/DDoptics-SHG-Icon.jpg\" class=\"attachment-medium size-medium\" alt=\"Dalekohled DDoptics SHG Icon\" title=\"\">\t\t\t\t\t<\/div>\n\t\t\t\t<\/div>\n\t\t\t<\/div>\n\t\t\t\t<div class=\"icon-box-text last-reset\">\n\t\t\t\t\t\t\t\t\t\n<p>\u2705 Laserov\u00fd d\u00e1lkom\u011br<\/p>\n\t\t<\/div>\n\t<\/div>\n\t\n\t\n\n\t\t<div class=\"icon-box featured-box icon-box-left text-left\"  >\n\t\t\t\t\t<div class=\"icon-box-img\" style=\"width: 32px\">\n\t\t\t\t<div class=\"icon\">\n\t\t\t\t\t<div class=\"icon-inner\" >\n\t\t\t\t\t\t<img decoding=\"async\" width=\"100\" height=\"83\" src=\"https:\/\/ddoptics.shop\/wp-content\/uploads\/2021\/05\/DDoptics-SHG-Icon.jpg\" class=\"attachment-medium size-medium\" alt=\"Dalekohled DDoptics SHG Icon\" title=\"\">\t\t\t\t\t<\/div>\n\t\t\t\t<\/div>\n\t\t\t<\/div>\n\t\t\t\t<div class=\"icon-box-text last-reset\">\n\t\t\t\t\t\t\t\t\t\n<p>\u2705 <strong>St\u0159e\u0161n\u00ed hranol<\/strong><\/p>\n\t\t<\/div>\n\t<\/div>\n\t\n\t\n\n\t\t<div class=\"icon-box featured-box icon-box-left text-left\"  >\n\t\t\t\t\t<div class=\"icon-box-img\" style=\"width: 32px\">\n\t\t\t\t<div class=\"icon\">\n\t\t\t\t\t<div class=\"icon-inner\" >\n\t\t\t\t\t\t<img decoding=\"async\" width=\"100\" height=\"83\" src=\"https:\/\/ddoptics.shop\/wp-content\/uploads\/2021\/05\/DDoptics-SHG-Icon.jpg\" class=\"attachment-medium size-medium\" alt=\"Dalekohled DDoptics SHG Icon\" title=\"\">\t\t\t\t\t<\/div>\n\t\t\t\t<\/div>\n\t\t\t<\/div>\n\t\t\t\t<div class=\"icon-box-text last-reset\">\n\t\t\t\t\t\t\t\t\t\n<p>\u2705 <strong>Robustn\u00ed ho\u0159\u010d\u00edkov\u00e9 pouzdro<\/strong><\/p>\n\t\t<\/div>\n\t<\/div>\n\t\n\t\n\n\t\t<div class=\"icon-box featured-box icon-box-left text-left\"  >\n\t\t\t\t\t<div class=\"icon-box-img\" style=\"width: 32px\">\n\t\t\t\t<div class=\"icon\">\n\t\t\t\t\t<div class=\"icon-inner\" >\n\t\t\t\t\t\t<img decoding=\"async\" width=\"100\" height=\"83\" src=\"https:\/\/ddoptics.shop\/wp-content\/uploads\/2021\/05\/DDoptics-SHG-Icon.jpg\" class=\"attachment-medium size-medium\" alt=\"Dalekohled DDoptics SHG Icon\" title=\"\">\t\t\t\t\t<\/div>\n\t\t\t\t<\/div>\n\t\t\t<\/div>\n\t\t\t\t<div class=\"icon-box-text last-reset\">\n\t\t\t\t\t\t\t\t\t\n<p>EL pr\u016fchoz\u00ed<\/p>\n\t\t<\/div>\n\t<\/div>\n\t\n\t\n<div class=\"is-divider divider clearfix\" ><\/div>\n\t\t<\/div>\n\t\t\t\t\t<\/div>\n\n\t\n<\/div>\n<h3>Technologie SWAROAIM<\/h3>\n<p><strong>Integrovan\u00fd inklinometr<\/strong> s celosv\u011btovou <strong>jedine\u010dn\u00fd program pro st\u0159elbu z \u00fahlu zobrazuje korigovanou vzd\u00e1lenost st\u0159ely<\/strong> nebo alternativn\u011b \u00fahel.<\/p>\n<h3>Technologie SWAROBRIGHT<\/h3>\n<p><strong>Povlak pro optim\u00e1ln\u00ed v\u011brnost barev v cel\u00e9m sv\u011bteln\u00e9m spektru<\/strong>Spole\u010dnost SWAROVSKI OPTIK je prvn\u00edm v\u00fdrobcem na sv\u011bt\u011b, kter\u00fd tuto technologii pou\u017e\u00edv\u00e1 v s\u00e9riov\u00e9 v\u00fdrob\u011b.<\/p>\n<h3>Z\u00e1v\u011br SWAROVSKI EL Range 8\u00d742<\/h3>\n<p>S <strong>EL Range nab\u00edz\u00ed Swarovski <\/strong>nov\u00fd, velmi zaj\u00edmav\u00fd<strong> \u0160pi\u010dkov\u00fd optick\u00fd produkt<\/strong>. Integrovan\u00e1 elektronika funguje perfektn\u011b. Na str\u00e1nk\u00e1ch <strong>EL Range je velmi lehk\u00fd a pohodln\u00fd<\/strong> lze ovl\u00e1dat jednou rukou. Na str\u00e1nk\u00e1ch <strong>Program pro \u00fahlov\u00fd z\u00e1b\u011br <\/strong>je obzvl\u00e1\u0161t\u011b<strong> hor\u0161t\u00ed lovci<\/strong> z\u00e1jem. V kombinaci s dalekohledy, kter\u00e9 maj\u00ed rychl\u00e9 nastaven\u00ed zam\u011b\u0159ova\u010de nebo balistickou v\u011b\u017ei\u010dku, se jedn\u00e1 o dokonal\u00e9 vybaven\u00ed pro st\u0159elbu na velk\u00e9 vzd\u00e1lenosti - a\u0165 u\u017e nahoru nebo dol\u016f.<\/p>","protected":false},"excerpt":{"rendered":"<h3>Pr\u00e9miov\u00fd dalekohled Swarovski EL Range 10\u00d742<\/h3>\n<ul>\n<li>Dod\u00e1n\u00ed zdarma<\/li>\n<li>V\u0161echny ceny jsou uvedeny v\u010detn\u011b DPH.<\/li>\n<\/ul>","protected":false},"featured_media":9240,"comment_status":"open","ping_status":"closed","template":"","meta":{"inline_featured_image":false,"footnotes":""},"product_brand":[],"product_cat":[362,349,67,345,237],"product_tag":[91,321,319],"class_list":{"0":"post-9237","1":"product","2":"type-product","3":"status-publish","4":"has-post-thumbnail","6":"product_cat-42-mm-objektiv","7":"product_cat-8x-vergroesserung","8":"product_cat-fernglas","9":"product_cat-jagd-und-wild","10":"product_cat-swarovski-optik","11":"product_tag-8x42","12":"product_tag-laserentfernungsmesser","13":"product_tag-swarovski","14":"pa_brand-marke-swarovski","15":"pa_farbe-gruen","16":"pa_produkt-typ-fernglas","18":"first","19":"instock","20":"sale","21":"taxable","22":"shipping-taxable","23":"product-type-external"},"bundled_by":[],"bundle_stock_status":"instock","bundle_stock_quantity":null,"bundle_virtual":false,"bundle_layout":"","bundle_add_to_cart_form_location":"","bundle_editable_in_cart":false,"bundle_sold_individually_context":"","bundle_item_grouping":"","bundle_min_size":"","bundle_max_size":"","bundle_price":[],"bundled_items":[],"bundle_sell_ids":[],"_links":{"self":[{"href":"https:\/\/ddoptics.shop\/cs\/wp-json\/wp\/v2\/product\/9237","targetHints":{"allow":["GET"]}}],"collection":[{"href":"https:\/\/ddoptics.shop\/cs\/wp-json\/wp\/v2\/product"}],"about":[{"href":"https:\/\/ddoptics.shop\/cs\/wp-json\/wp\/v2\/types\/product"}],"replies":[{"embeddable":true,"href":"https:\/\/ddoptics.shop\/cs\/wp-json\/wp\/v2\/comments?post=9237"}],"version-history":[{"count":4,"href":"https:\/\/ddoptics.shop\/cs\/wp-json\/wp\/v2\/product\/9237\/revisions"}],"predecessor-version":[{"id":28551,"href":"https:\/\/ddoptics.shop\/cs\/wp-json\/wp\/v2\/product\/9237\/revisions\/28551"}],"wp:featuredmedia":[{"embeddable":true,"href":"https:\/\/ddoptics.shop\/cs\/wp-json\/wp\/v2\/media\/9240"}],"wp:attachment":[{"href":"https:\/\/ddoptics.shop\/cs\/wp-json\/wp\/v2\/media?parent=9237"}],"wp:term":[{"taxonomy":"product_brand","embeddable":true,"href":"https:\/\/ddoptics.shop\/cs\/wp-json\/wp\/v2\/product_brand?post=9237"},{"taxonomy":"product_cat","embeddable":true,"href":"https:\/\/ddoptics.shop\/cs\/wp-json\/wp\/v2\/product_cat?post=9237"},{"taxonomy":"product_tag","embeddable":true,"href":"https:\/\/ddoptics.shop\/cs\/wp-json\/wp\/v2\/product_tag?post=9237"}],"curies":[{"name":"wp","href":"https:\/\/api.w.org\/{rel}","templated":true}]}}