{"id":9241,"date":"2016-07-23T10:45:35","date_gmt":"2016-07-23T08:45:35","guid":{"rendered":"https:\/\/beta.optik-sport-shop.at\/kaufen\/swarovski-slc-8x42-w-b-fernglas"},"modified":"2025-07-02T10:54:00","modified_gmt":"2025-07-02T08:54:00","slug":"dalekohled-swarovski-slc-8x42","status":"publish","type":"product","link":"https:\/\/ddoptics.shop\/cs\/kaufen\/swarovski-slc-8x42-fernglas\/","title":{"rendered":"Dalekohled Swarovski SLC 8\u00d742 W B"},"content":{"rendered":"<div class=\"row\"  id=\"row-187889167\">\n\n\t<div id=\"col-1255606158\" class=\"col medium-8 small-12 large-8\"  >\n\t\t\t\t<div class=\"col-inner\"  >\n\t\t\t\n\t\t\t\n<h2>Dalekohled SWAROVSKI SLC 8\u00d742 W B<\/h2>\n<p>S t\u011bmito dalekohledy m\u016f\u017eete \u0159\u00edci: jeden za v\u0161echno!<\/p>\n<p>Na str\u00e1nk\u00e1ch <strong>Swarovski SLC 8\u00d742 W B<\/strong> je skute\u010dn\u00fd <strong>Univerz\u00e1ln\u00ed dalekohled,<\/strong> s <strong>Optika a syst\u00e9m povrchov\u00e9 \u00fapravy speci\u00e1ln\u011b navr\u017een\u00e9 pro kontrast a ostrost<\/strong> byly optimalizov\u00e1ny. Krom\u011b toho tento model zaujme <strong>velk\u00e9 zorn\u00e9 pole<\/strong> a je zp\u016fsobena <strong>extr\u00e9mn\u011b robustn\u00ed ho\u0159\u010d\u00edkov\u00e9 pouzdro.<\/strong> Ergonomick\u00fd design zaji\u0161\u0165uje optim\u00e1ln\u00ed pozorovac\u00ed a ovl\u00e1dac\u00ed komfort i p\u0159i del\u0161\u00edm pozorov\u00e1n\u00ed.<\/p>\n\t\t<\/div>\n\t\t\t\t\n<style>\n#col-1255606158 > .col-inner {\n  margin: 0px 0px -30px 0px;\n}\n<\/style>\n\t<\/div>\n\n\t\n\n\t<div id=\"col-630549001\" class=\"col medium-4 small-12 large-4\"  >\n\t\t\t\t<div class=\"col-inner\"  >\n\t\t\t\n\t\t\t\n\t<div class=\"img has-hover x md-x lg-x y md-y lg-y\" id=\"image_344988174\">\n\t\t\t\t\t\t\t\t<div class=\"img-inner dark\" >\n\t\t\t\t\t\t\t\t\t\n\t\t\t\t\t<\/div>\n\t\t\t\t\t\t\t\t\n<style>\n#image_344988174 {\n  width: 100%;\n}\n<\/style>\n\t<\/div>\n\t\n<h3>Dalekohledy Swarovski - fakta<\/h3>\n\n\t\t<div class=\"icon-box featured-box icon-box-left text-left\"  >\n\t\t\t\t\t<div class=\"icon-box-img\" style=\"width: 32px\">\n\t\t\t\t<div class=\"icon\">\n\t\t\t\t\t<div class=\"icon-inner\" >\n\t\t\t\t\t\t<img decoding=\"async\" width=\"100\" height=\"83\" src=\"https:\/\/ddoptics.shop\/wp-content\/uploads\/2021\/05\/DDoptics-SHG-Icon.jpg\" class=\"attachment-medium size-medium\" alt=\"Dalekohled DDoptics SHG Icon\" title=\"\">\t\t\t\t\t<\/div>\n\t\t\t\t<\/div>\n\t\t\t<\/div>\n\t\t\t\t<div class=\"icon-box-text last-reset\">\n\t\t\t\t\t\t\t\t\t\n<p>10let\u00e1 z\u00e1ruka v\u00fdrobce<\/p>\n\t\t<\/div>\n\t<\/div>\n\t\n\t\n\n\t\t<div class=\"icon-box featured-box icon-box-left text-left\"  >\n\t\t\t\t\t<div class=\"icon-box-img\" style=\"width: 32px\">\n\t\t\t\t<div class=\"icon\">\n\t\t\t\t\t<div class=\"icon-inner\" >\n\t\t\t\t\t\t<img decoding=\"async\" width=\"100\" height=\"83\" src=\"https:\/\/ddoptics.shop\/wp-content\/uploads\/2021\/05\/DDoptics-SHG-Icon.jpg\" class=\"attachment-medium size-medium\" alt=\"Dalekohled DDoptics SHG Icon\" title=\"\">\t\t\t\t\t<\/div>\n\t\t\t\t<\/div>\n\t\t\t<\/div>\n\t\t\t\t<div class=\"icon-box-text last-reset\">\n\t\t\t\t\t\t\t\t\t\n<p>Zorn\u00e9 pole 136 m<\/p>\n\t\t<\/div>\n\t<\/div>\n\t\n\t\n\n\t\t<div class=\"icon-box featured-box icon-box-left text-left\"  >\n\t\t\t\t\t<div class=\"icon-box-img\" style=\"width: 32px\">\n\t\t\t\t<div class=\"icon\">\n\t\t\t\t\t<div class=\"icon-inner\" >\n\t\t\t\t\t\t<img decoding=\"async\" width=\"100\" height=\"83\" src=\"https:\/\/ddoptics.shop\/wp-content\/uploads\/2021\/05\/DDoptics-SHG-Icon.jpg\" class=\"attachment-medium size-medium\" alt=\"Dalekohled DDoptics SHG Icon\" title=\"\">\t\t\t\t\t<\/div>\n\t\t\t\t<\/div>\n\t\t\t<\/div>\n\t\t\t\t<div class=\"icon-box-text last-reset\">\n\t\t\t\t\t\t\t\t\t\n<p>\u2705 \u0160irok\u00fd \u00fahel z\u00e1b\u011bru<\/p>\n\t\t<\/div>\n\t<\/div>\n\t\n\t\n\n\t\t<div class=\"icon-box featured-box icon-box-left text-left\"  >\n\t\t\t\t\t<div class=\"icon-box-img\" style=\"width: 32px\">\n\t\t\t\t<div class=\"icon\">\n\t\t\t\t\t<div class=\"icon-inner\" >\n\t\t\t\t\t\t<img decoding=\"async\" width=\"100\" height=\"83\" src=\"https:\/\/ddoptics.shop\/wp-content\/uploads\/2021\/05\/DDoptics-SHG-Icon.jpg\" class=\"attachment-medium size-medium\" alt=\"Dalekohled DDoptics SHG Icon\" title=\"\">\t\t\t\t\t<\/div>\n\t\t\t\t<\/div>\n\t\t\t<\/div>\n\t\t\t\t<div class=\"icon-box-text last-reset\">\n\t\t\t\t\t\t\t\t\t\n<p>\u2705 <strong>St\u0159e\u0161n\u00ed hranol<\/strong><\/p>\n\t\t<\/div>\n\t<\/div>\n\t\n\t\n\n\t\t<div class=\"icon-box featured-box icon-box-left text-left\"  >\n\t\t\t\t\t<div class=\"icon-box-img\" style=\"width: 32px\">\n\t\t\t\t<div class=\"icon\">\n\t\t\t\t\t<div class=\"icon-inner\" >\n\t\t\t\t\t\t<img decoding=\"async\" width=\"100\" height=\"83\" src=\"https:\/\/ddoptics.shop\/wp-content\/uploads\/2021\/05\/DDoptics-SHG-Icon.jpg\" class=\"attachment-medium size-medium\" alt=\"Dalekohled DDoptics SHG Icon\" title=\"\">\t\t\t\t\t<\/div>\n\t\t\t\t<\/div>\n\t\t\t<\/div>\n\t\t\t\t<div class=\"icon-box-text last-reset\">\n\t\t\t\t\t\t\t\t\t\n<p>\u2705 <strong>Robustn\u00ed ho\u0159\u010d\u00edkov\u00e9 pouzdro<\/strong><\/p>\n\t\t<\/div>\n\t<\/div>\n\t\n\t\n\n\t\t<div class=\"icon-box featured-box icon-box-left text-left\"  >\n\t\t\t\t\t<div class=\"icon-box-img\" style=\"width: 32px\">\n\t\t\t\t<div class=\"icon\">\n\t\t\t\t\t<div class=\"icon-inner\" >\n\t\t\t\t\t\t<img decoding=\"async\" width=\"100\" height=\"83\" src=\"https:\/\/ddoptics.shop\/wp-content\/uploads\/2021\/05\/DDoptics-SHG-Icon.jpg\" class=\"attachment-medium size-medium\" alt=\"Dalekohled DDoptics SHG Icon\" title=\"\">\t\t\t\t\t<\/div>\n\t\t\t\t<\/div>\n\t\t\t<\/div>\n\t\t\t\t<div class=\"icon-box-text last-reset\">\n\t\t\t\t\t\t\t\t\t\n<p>Vhodn\u00e9 pro nositele br\u00fdl\u00ed<\/p>\n\t\t<\/div>\n\t<\/div>\n\t\n\t\n<div class=\"is-divider divider clearfix\" ><\/div>\n\t\t<\/div>\n\t\t\t\t\t<\/div>\n\n\t\n<\/div>\n<h3>Technologie SWAROBRIGHT<\/h3>\n<p><strong>Odm\u011b\u0148ov\u00e1n\u00ed <\/strong>pro<strong> Optim\u00e1ln\u00ed v\u011brnost barev <\/strong>o<strong> cel\u00e9 sv\u011bteln\u00e9 spektrum<\/strong>Spole\u010dnost SWAROVSKI OPTIK je prvn\u00edm v\u00fdrobcem na sv\u011bt\u011b, kter\u00fd tuto technologii pou\u017e\u00edv\u00e1 v s\u00e9riov\u00e9 v\u00fdrob\u011b.<\/p>\n<h3>Technologie SWAROCLEAN<\/h3>\n<p>Prost\u0159ednictv\u00edm tohoto <strong>Nep\u0159ilnav\u00fd povrch usnad\u0148uje \u010di\u0161t\u011bn\u00ed v p\u0159\u00edpad\u011b zne\u010di\u0161t\u011bn\u00ed.<\/strong> jako jsou vodn\u00ed skvrny, repelenty proti hmyzu nebo prysky\u0159ice ze strom\u016f.<\/p>\n<h3>Dalekohled Swarovski 8\u00d742 SLC - solidn\u00ed v\u0161estrann\u00fd dalekohled<\/h3>\n<p>Se za\u0159\u00edzen\u00edm SLC m\u00e1te v rukou skute\u010dn\u00e9ho g\u00e9nia. SLC 8\u00d742 je spolehliv\u00fd za ka\u017ed\u00e9ho po\u010das\u00ed - den za dnem. P\u0159esv\u011bd\u010d\u00ed tak\u00e9 mimo\u0159\u00e1dn\u011b vysokou optickou kvalitou. Tento robustn\u00ed a ergonomick\u00fd dalekohled si budete u\u017e\u00edvat po mnoho let.<\/p>","protected":false},"excerpt":{"rendered":"<h3>Univerz\u00e1ln\u00ed dalekohled Swarovski SLC 8\u00d742<\/h3>\n<ul>\n<li>nov\u00fd <strong>Model<\/strong><\/li>\n<li>Bezplatn\u00e9 doru\u010den\u00ed v r\u00e1mci N\u011bmecka<\/li>\n<li>V\u0161echny ceny jsou uvedeny v\u010detn\u011b DPH.<\/li>\n<\/ul>","protected":false},"featured_media":9244,"comment_status":"open","ping_status":"closed","template":"","meta":{"inline_featured_image":false,"footnotes":""},"product_brand":[],"product_cat":[362,349,67,345,344,237],"product_tag":[91,319],"class_list":{"0":"post-9241","1":"product","2":"type-product","3":"status-publish","4":"has-post-thumbnail","6":"product_cat-42-mm-objektiv","7":"product_cat-8x-vergroesserung","8":"product_cat-fernglas","9":"product_cat-jagd-und-wild","10":"product_cat-naturbeobachtung","11":"product_cat-swarovski-optik","12":"product_tag-8x42","13":"product_tag-swarovski","14":"pa_brand-marke-swarovski","15":"pa_farbe-gruen","16":"pa_produkt-typ-fernglas","18":"first","19":"instock","20":"sale","21":"taxable","22":"shipping-taxable","23":"product-type-external"},"bundled_by":[],"bundle_stock_status":"instock","bundle_stock_quantity":null,"bundle_virtual":false,"bundle_layout":"","bundle_add_to_cart_form_location":"","bundle_editable_in_cart":false,"bundle_sold_individually_context":"","bundle_item_grouping":"","bundle_min_size":"","bundle_max_size":"","bundle_price":[],"bundled_items":[],"bundle_sell_ids":[],"_links":{"self":[{"href":"https:\/\/ddoptics.shop\/cs\/wp-json\/wp\/v2\/product\/9241","targetHints":{"allow":["GET"]}}],"collection":[{"href":"https:\/\/ddoptics.shop\/cs\/wp-json\/wp\/v2\/product"}],"about":[{"href":"https:\/\/ddoptics.shop\/cs\/wp-json\/wp\/v2\/types\/product"}],"replies":[{"embeddable":true,"href":"https:\/\/ddoptics.shop\/cs\/wp-json\/wp\/v2\/comments?post=9241"}],"version-history":[{"count":2,"href":"https:\/\/ddoptics.shop\/cs\/wp-json\/wp\/v2\/product\/9241\/revisions"}],"predecessor-version":[{"id":28549,"href":"https:\/\/ddoptics.shop\/cs\/wp-json\/wp\/v2\/product\/9241\/revisions\/28549"}],"wp:featuredmedia":[{"embeddable":true,"href":"https:\/\/ddoptics.shop\/cs\/wp-json\/wp\/v2\/media\/9244"}],"wp:attachment":[{"href":"https:\/\/ddoptics.shop\/cs\/wp-json\/wp\/v2\/media?parent=9241"}],"wp:term":[{"taxonomy":"product_brand","embeddable":true,"href":"https:\/\/ddoptics.shop\/cs\/wp-json\/wp\/v2\/product_brand?post=9241"},{"taxonomy":"product_cat","embeddable":true,"href":"https:\/\/ddoptics.shop\/cs\/wp-json\/wp\/v2\/product_cat?post=9241"},{"taxonomy":"product_tag","embeddable":true,"href":"https:\/\/ddoptics.shop\/cs\/wp-json\/wp\/v2\/product_tag?post=9241"}],"curies":[{"name":"wp","href":"https:\/\/api.w.org\/{rel}","templated":true}]}}