{"id":9249,"date":"2016-07-23T12:51:16","date_gmt":"2016-07-23T10:51:16","guid":{"rendered":"https:\/\/beta.optik-sport-shop.at\/kaufen\/swarovski-slc-8x56-fernglas"},"modified":"2025-07-01T12:37:23","modified_gmt":"2025-07-01T10:37:23","slug":"dalekohled-swarovski-slc-8x56","status":"publish","type":"product","link":"https:\/\/ddoptics.shop\/cs\/kaufen\/swarovski-fernglas-slc-8x56\/","title":{"rendered":"Dalekohled Swarovski SLC 8\u00d756 W B"},"content":{"rendered":"<div class=\"row\"  id=\"row-1207537934\">\n\n\t<div id=\"col-152975240\" class=\"col medium-8 small-12 large-8\"  >\n\t\t\t\t<div class=\"col-inner\"  >\n\t\t\t\n\t\t\t\n<h2>Dalekohled SWAROVSKI SLC 8\u00d756 W B<\/h2>\n<p>A\u0165 je sv\u011btlo se zku\u0161en\u00fdm odborn\u00edkem!<\/p>\n<p>Na str\u00e1nk\u00e1ch <strong>Poznejte p\u0159\u00edrodu v pozd\u011bj\u0161\u00edch hodin\u00e1ch<\/strong>, To m\u00e1 pro mnoho lid\u00ed zvl\u00e1\u0161tn\u00ed p\u0159ita\u017elivost. D\u00edky rychl\u00e9mu <strong>Dalekohled Swarovski SLC 8\u00d756<\/strong>\u00a0z\u00e1\u017eitkov\u00e9 dalekohledy s v\u00fdjime\u010dn\u011b vysokou propustnost\u00ed sv\u011btla. Pr\u00e1v\u011b v t\u00e9to dob\u011b se jinak pom\u011brn\u011b plach\u00e1 zv\u00ed\u0159ata, jako nap\u0159. <strong>Sovy nebo divok\u00e9 ko\u010dky<\/strong>. S dalekohledem SLC 8\u00d756 budete m\u00edt optim\u00e1ln\u00ed podporu p\u0159i sv\u00e9 pr\u00e1ci. <strong>vzru\u0161uj\u00edc\u00ed pozorov\u00e1n\u00ed<\/strong>\u00a0podporovan\u00e9.<\/p>\n<p>Na str\u00e1nk\u00e1ch <strong>Optika optimalizovan\u00e1 pro no\u010dn\u00ed provoz<\/strong> s <strong>p\u016fsobiv\u00e1 ostrost hran<\/strong> a<strong> velk\u00e9 zorn\u00e9 pole<\/strong> udivuje mnoho lid\u00ed. Roz\u0161\u00ed\u0159en\u00e9 zapu\u0161t\u011bn\u00e9 rukojeti a vyv\u00e1\u017een\u00e1 hmotnost zaji\u0161\u0165uj\u00ed maxim\u00e1ln\u011b snadn\u00e9 pou\u017e\u00edv\u00e1n\u00ed.<\/p>\n\t\t<\/div>\n\t\t\t\t\n<style>\n#col-152975240 > .col-inner {\n  margin: 0px 0px -30px 0px;\n}\n<\/style>\n\t<\/div>\n\n\t\n\n\t<div id=\"col-1166545152\" class=\"col medium-4 small-12 large-4\"  >\n\t\t\t\t<div class=\"col-inner\"  >\n\t\t\t\n\t\t\t\n\t<div class=\"img has-hover x md-x lg-x y md-y lg-y\" id=\"image_240470360\">\n\t\t\t\t\t\t\t\t<div class=\"img-inner dark\" >\n\t\t\t\t\t\t\t\t\t\n\t\t\t\t\t<\/div>\n\t\t\t\t\t\t\t\t\n<style>\n#image_240470360 {\n  width: 100%;\n}\n<\/style>\n\t<\/div>\n\t\n<h3>Dalekohledy Swarovski - fakta<\/h3>\n\n\t\t<div class=\"icon-box featured-box icon-box-left text-left\"  >\n\t\t\t\t\t<div class=\"icon-box-img\" style=\"width: 32px\">\n\t\t\t\t<div class=\"icon\">\n\t\t\t\t\t<div class=\"icon-inner\" >\n\t\t\t\t\t\t<img decoding=\"async\" width=\"100\" height=\"83\" src=\"https:\/\/ddoptics.shop\/wp-content\/uploads\/2021\/05\/DDoptics-SHG-Icon.jpg\" class=\"attachment-medium size-medium\" alt=\"Dalekohled DDoptics SHG Icon\" title=\"\">\t\t\t\t\t<\/div>\n\t\t\t\t<\/div>\n\t\t\t<\/div>\n\t\t\t\t<div class=\"icon-box-text last-reset\">\n\t\t\t\t\t\t\t\t\t\n<p>10let\u00e1 z\u00e1ruka v\u00fdrobce<\/p>\n\t\t<\/div>\n\t<\/div>\n\t\n\t\n\n\t\t<div class=\"icon-box featured-box icon-box-left text-left\"  >\n\t\t\t\t\t<div class=\"icon-box-img\" style=\"width: 32px\">\n\t\t\t\t<div class=\"icon\">\n\t\t\t\t\t<div class=\"icon-inner\" >\n\t\t\t\t\t\t<img decoding=\"async\" width=\"100\" height=\"83\" src=\"https:\/\/ddoptics.shop\/wp-content\/uploads\/2021\/05\/DDoptics-SHG-Icon.jpg\" class=\"attachment-medium size-medium\" alt=\"Dalekohled DDoptics SHG Icon\" title=\"\">\t\t\t\t\t<\/div>\n\t\t\t\t<\/div>\n\t\t\t<\/div>\n\t\t\t\t<div class=\"icon-box-text last-reset\">\n\t\t\t\t\t\t\t\t\t\n<p>Zorn\u00e9 pole 133 m<\/p>\n\t\t<\/div>\n\t<\/div>\n\t\n\t\n\n\t\t<div class=\"icon-box featured-box icon-box-left text-left\"  >\n\t\t\t\t\t<div class=\"icon-box-img\" style=\"width: 32px\">\n\t\t\t\t<div class=\"icon\">\n\t\t\t\t\t<div class=\"icon-inner\" >\n\t\t\t\t\t\t<img decoding=\"async\" width=\"100\" height=\"83\" src=\"https:\/\/ddoptics.shop\/wp-content\/uploads\/2021\/05\/DDoptics-SHG-Icon.jpg\" class=\"attachment-medium size-medium\" alt=\"Dalekohled DDoptics SHG Icon\" title=\"\">\t\t\t\t\t<\/div>\n\t\t\t\t<\/div>\n\t\t\t<\/div>\n\t\t\t\t<div class=\"icon-box-text last-reset\">\n\t\t\t\t\t\t\t\t\t\n<p>\u2705 \u0160irok\u00fd \u00fahel z\u00e1b\u011bru<\/p>\n\t\t<\/div>\n\t<\/div>\n\t\n\t\n\n\t\t<div class=\"icon-box featured-box icon-box-left text-left\"  >\n\t\t\t\t\t<div class=\"icon-box-img\" style=\"width: 32px\">\n\t\t\t\t<div class=\"icon\">\n\t\t\t\t\t<div class=\"icon-inner\" >\n\t\t\t\t\t\t<img decoding=\"async\" width=\"100\" height=\"83\" src=\"https:\/\/ddoptics.shop\/wp-content\/uploads\/2021\/05\/DDoptics-SHG-Icon.jpg\" class=\"attachment-medium size-medium\" alt=\"Dalekohled DDoptics SHG Icon\" title=\"\">\t\t\t\t\t<\/div>\n\t\t\t\t<\/div>\n\t\t\t<\/div>\n\t\t\t\t<div class=\"icon-box-text last-reset\">\n\t\t\t\t\t\t\t\t\t\n<p>\u2705 <strong>St\u0159e\u0161n\u00ed hranol<\/strong><\/p>\n\t\t<\/div>\n\t<\/div>\n\t\n\t\n\n\t\t<div class=\"icon-box featured-box icon-box-left text-left\"  >\n\t\t\t\t\t<div class=\"icon-box-img\" style=\"width: 32px\">\n\t\t\t\t<div class=\"icon\">\n\t\t\t\t\t<div class=\"icon-inner\" >\n\t\t\t\t\t\t<img decoding=\"async\" width=\"100\" height=\"83\" src=\"https:\/\/ddoptics.shop\/wp-content\/uploads\/2021\/05\/DDoptics-SHG-Icon.jpg\" class=\"attachment-medium size-medium\" alt=\"Dalekohled DDoptics SHG Icon\" title=\"\">\t\t\t\t\t<\/div>\n\t\t\t\t<\/div>\n\t\t\t<\/div>\n\t\t\t\t<div class=\"icon-box-text last-reset\">\n\t\t\t\t\t\t\t\t\t\n<p>\u2705 <strong>Robustn\u00ed ho\u0159\u010d\u00edkov\u00e9 pouzdro<\/strong><\/p>\n\t\t<\/div>\n\t<\/div>\n\t\n\t\n\n\t\t<div class=\"icon-box featured-box icon-box-left text-left\"  >\n\t\t\t\t\t<div class=\"icon-box-img\" style=\"width: 32px\">\n\t\t\t\t<div class=\"icon\">\n\t\t\t\t\t<div class=\"icon-inner\" >\n\t\t\t\t\t\t<img decoding=\"async\" width=\"100\" height=\"83\" src=\"https:\/\/ddoptics.shop\/wp-content\/uploads\/2021\/05\/DDoptics-SHG-Icon.jpg\" class=\"attachment-medium size-medium\" alt=\"Dalekohled DDoptics SHG Icon\" title=\"\">\t\t\t\t\t<\/div>\n\t\t\t\t<\/div>\n\t\t\t<\/div>\n\t\t\t\t<div class=\"icon-box-text last-reset\">\n\t\t\t\t\t\t\t\t\t\n<p>Vhodn\u00e9 pro nositele br\u00fdl\u00ed<\/p>\n\t\t<\/div>\n\t<\/div>\n\t\n\t\n<div class=\"is-divider divider clearfix\" ><\/div>\n\t\t<\/div>\n\t\t\t\t\t<\/div>\n\n\t\n<\/div>\n<h3>Technologie SWAROCLEAN<\/h3>\n<p>Prost\u0159ednictv\u00edm tohoto <strong>D\u00edky nep\u0159ilnav\u00e9mu povrchu je \u010di\u0161t\u011bn\u00ed<\/strong> s<strong> Zne\u010di\u0161t\u011bn\u00ed<\/strong> jako jsou vodn\u00ed skvrny, repelenty proti hmyzu nebo prysky\u0159ice ze strom\u016f.<\/p>\n<h3>Dalekohled SWAROVSKI SLC 8\u00d756 - solidn\u00ed v\u0161estrann\u00fd dalekohled<\/h3>\n<p>S <strong>SLC 8\u00d756<\/strong> udr\u017eovat <strong>Univerz\u00e1ln\u00ed dalekohled<\/strong> se st\u00e1le je\u0161t\u011b m\u00edrnou hmotnost\u00ed v rukou. SLC 8\u00d756 je solidn\u00ed na <strong>za ka\u017ed\u00e9ho po\u010das\u00ed - den za dnem a noc za noc\u00ed.<\/strong>. Zaujme tak\u00e9 sv\u00fdm <strong>Obzvl\u00e1\u0161t\u011b vysok\u00e1 optick\u00e1 kvalita<\/strong>. Tyto robustn\u00ed a ergonomick\u00e9 dalekohledy v\u00e1m budou d\u011blat radost po mnoho let.<\/p>","protected":false},"excerpt":{"rendered":"<h3>Soumrakov\u00fd dalekohled Swarovski SLC 8\u00d756<\/h3>\n<ul>\n<li>nov\u00fd <strong>Model<\/strong><\/li>\n<li>Bezplatn\u00e9 doru\u010den\u00ed v r\u00e1mci N\u011bmecka<\/li>\n<li>V\u0161echny ceny jsou uvedeny v\u010detn\u011b DPH.<\/li>\n<\/ul>","protected":false},"featured_media":9251,"comment_status":"open","ping_status":"closed","template":"","meta":{"inline_featured_image":false,"footnotes":""},"product_brand":[],"product_cat":[364,349,67,345,344,237],"product_tag":[75,319,322],"class_list":{"0":"post-9249","1":"product","2":"type-product","3":"status-publish","4":"has-post-thumbnail","6":"product_cat-56-mm-objektiv","7":"product_cat-8x-vergroesserung","8":"product_cat-fernglas","9":"product_cat-jagd-und-wild","10":"product_cat-naturbeobachtung","11":"product_cat-swarovski-optik","12":"product_tag-8x56","13":"product_tag-swarovski","14":"product_tag-swarovski-slc","15":"pa_brand-marke-swarovski","16":"pa_farbe-gruen","17":"pa_produkt-typ-fernglas","19":"first","20":"instock","21":"sale","22":"taxable","23":"shipping-taxable","24":"product-type-external"},"bundled_by":[],"bundle_stock_status":"instock","bundle_stock_quantity":null,"bundle_virtual":false,"bundle_layout":"","bundle_add_to_cart_form_location":"","bundle_editable_in_cart":false,"bundle_sold_individually_context":"","bundle_item_grouping":"","bundle_min_size":"","bundle_max_size":"","bundle_price":[],"bundled_items":[],"bundle_sell_ids":[],"_links":{"self":[{"href":"https:\/\/ddoptics.shop\/cs\/wp-json\/wp\/v2\/product\/9249","targetHints":{"allow":["GET"]}}],"collection":[{"href":"https:\/\/ddoptics.shop\/cs\/wp-json\/wp\/v2\/product"}],"about":[{"href":"https:\/\/ddoptics.shop\/cs\/wp-json\/wp\/v2\/types\/product"}],"replies":[{"embeddable":true,"href":"https:\/\/ddoptics.shop\/cs\/wp-json\/wp\/v2\/comments?post=9249"}],"version-history":[{"count":3,"href":"https:\/\/ddoptics.shop\/cs\/wp-json\/wp\/v2\/product\/9249\/revisions"}],"predecessor-version":[{"id":28504,"href":"https:\/\/ddoptics.shop\/cs\/wp-json\/wp\/v2\/product\/9249\/revisions\/28504"}],"wp:featuredmedia":[{"embeddable":true,"href":"https:\/\/ddoptics.shop\/cs\/wp-json\/wp\/v2\/media\/9251"}],"wp:attachment":[{"href":"https:\/\/ddoptics.shop\/cs\/wp-json\/wp\/v2\/media?parent=9249"}],"wp:term":[{"taxonomy":"product_brand","embeddable":true,"href":"https:\/\/ddoptics.shop\/cs\/wp-json\/wp\/v2\/product_brand?post=9249"},{"taxonomy":"product_cat","embeddable":true,"href":"https:\/\/ddoptics.shop\/cs\/wp-json\/wp\/v2\/product_cat?post=9249"},{"taxonomy":"product_tag","embeddable":true,"href":"https:\/\/ddoptics.shop\/cs\/wp-json\/wp\/v2\/product_tag?post=9249"}],"curies":[{"name":"wp","href":"https:\/\/api.w.org\/{rel}","templated":true}]}}