{"id":9253,"date":"2016-07-23T13:19:36","date_gmt":"2016-07-23T11:19:36","guid":{"rendered":"https:\/\/beta.optik-sport-shop.at\/kaufen\/swarovski-slc-10x56-w-b-fernglas"},"modified":"2025-07-01T12:22:21","modified_gmt":"2025-07-01T10:22:21","slug":"dalekohled-swarovski-slc-10x56-w-b","status":"publish","type":"product","link":"https:\/\/ddoptics.shop\/cs\/kaufen\/swarovski-slc-10x56-w-b-fernglas\/","title":{"rendered":"Dalekohled Swarovski SLC 10\u00d756 W B"},"content":{"rendered":"<div class=\"row\"  id=\"row-774466647\">\n\n\t<div id=\"col-273873328\" class=\"col medium-8 small-12 large-8\"  >\n\t\t\t\t<div class=\"col-inner\"  >\n\t\t\t\n\t\t\t\n<h2>Dalekohled SWAROVSKI SLC 10\u00d756 W B<\/h2>\n<p>Se zku\u0161en\u00fdm odborn\u00edkem s desetin\u00e1sobn\u00fdm zv\u011bt\u0161en\u00edm nech\u0165 je sv\u011btlo.<\/p>\n<p>Na str\u00e1nk\u00e1ch <strong>Poznejte p\u0159\u00edrodu v pozd\u011bj\u0161\u00edch hodin\u00e1ch<\/strong>, To m\u00e1 pro mnoho lid\u00ed zvl\u00e1\u0161tn\u00ed p\u0159ita\u017elivost. S nov\u00fdm <strong>SLC 10\u00d756 m\u016f\u017eete vyu\u017e\u00edt 10n\u00e1sobn\u00e9 zv\u011bt\u0161en\u00ed<\/strong> - pro lep\u0161\u00ed rozpozn\u00e1n\u00ed detail\u016f.<\/p>\n<p>Na str\u00e1nk\u00e1ch <strong>Optimalizovan\u00e1 optika pro noc<\/strong> v kombinaci s podmaniv\u00fdm <strong>Ostrost hran<\/strong> a <strong>velk\u00e9 zorn\u00e9 pole<\/strong>, To usnad\u0148uje pozorov\u00e1n\u00ed i za \u0161patn\u00fdch sv\u011bteln\u00fdch podm\u00ednek. Prodlou\u017een\u00e9 zapu\u0161t\u011bn\u00e9 rukojeti a vyv\u00e1\u017een\u00e1 hmotnost zaji\u0161\u0165uj\u00ed maxim\u00e1ln\u011b snadn\u00e9 pou\u017e\u00edv\u00e1n\u00ed[<\/p>\n\t\t<\/div>\n\t\t\t\t\n<style>\n#col-273873328 > .col-inner {\n  margin: 0px 0px -30px 0px;\n}\n<\/style>\n\t<\/div>\n\n\t\n\n\t<div id=\"col-7254113\" class=\"col medium-4 small-12 large-4\"  >\n\t\t\t\t<div class=\"col-inner\"  >\n\t\t\t\n\t\t\t\n\t<div class=\"img has-hover x md-x lg-x y md-y lg-y\" id=\"image_1707907732\">\n\t\t\t\t\t\t\t\t<div class=\"img-inner dark\" >\n\t\t\t\t\t\t\t\t\t\n\t\t\t\t\t<\/div>\n\t\t\t\t\t\t\t\t\n<style>\n#image_1707907732 {\n  width: 100%;\n}\n<\/style>\n\t<\/div>\n\t\n<h3>Dalekohledy Swarovski - fakta<\/h3>\n\n\t\t<div class=\"icon-box featured-box icon-box-left text-left\"  >\n\t\t\t\t\t<div class=\"icon-box-img\" style=\"width: 32px\">\n\t\t\t\t<div class=\"icon\">\n\t\t\t\t\t<div class=\"icon-inner\" >\n\t\t\t\t\t\t<img decoding=\"async\" width=\"100\" height=\"83\" src=\"https:\/\/ddoptics.shop\/wp-content\/uploads\/2021\/05\/DDoptics-SHG-Icon.jpg\" class=\"attachment-medium size-medium\" alt=\"Dalekohled DDoptics SHG Icon\" title=\"\">\t\t\t\t\t<\/div>\n\t\t\t\t<\/div>\n\t\t\t<\/div>\n\t\t\t\t<div class=\"icon-box-text last-reset\">\n\t\t\t\t\t\t\t\t\t\n<p>10let\u00e1 z\u00e1ruka v\u00fdrobce<\/p>\n\t\t<\/div>\n\t<\/div>\n\t\n\t\n\n\t\t<div class=\"icon-box featured-box icon-box-left text-left\"  >\n\t\t\t\t\t<div class=\"icon-box-img\" style=\"width: 32px\">\n\t\t\t\t<div class=\"icon\">\n\t\t\t\t\t<div class=\"icon-inner\" >\n\t\t\t\t\t\t<img decoding=\"async\" width=\"100\" height=\"83\" src=\"https:\/\/ddoptics.shop\/wp-content\/uploads\/2021\/05\/DDoptics-SHG-Icon.jpg\" class=\"attachment-medium size-medium\" alt=\"Dalekohled DDoptics SHG Icon\" title=\"\">\t\t\t\t\t<\/div>\n\t\t\t\t<\/div>\n\t\t\t<\/div>\n\t\t\t\t<div class=\"icon-box-text last-reset\">\n\t\t\t\t\t\t\t\t\t\n<p>Zorn\u00e9 pole 110 m<\/p>\n\t\t<\/div>\n\t<\/div>\n\t\n\t\n\n\t\t<div class=\"icon-box featured-box icon-box-left text-left\"  >\n\t\t\t\t\t<div class=\"icon-box-img\" style=\"width: 32px\">\n\t\t\t\t<div class=\"icon\">\n\t\t\t\t\t<div class=\"icon-inner\" >\n\t\t\t\t\t\t<img decoding=\"async\" width=\"100\" height=\"83\" src=\"https:\/\/ddoptics.shop\/wp-content\/uploads\/2021\/05\/DDoptics-SHG-Icon.jpg\" class=\"attachment-medium size-medium\" alt=\"Dalekohled DDoptics SHG Icon\" title=\"\">\t\t\t\t\t<\/div>\n\t\t\t\t<\/div>\n\t\t\t<\/div>\n\t\t\t\t<div class=\"icon-box-text last-reset\">\n\t\t\t\t\t\t\t\t\t\n<p>\u2705 \u0160irok\u00fd \u00fahel z\u00e1b\u011bru<\/p>\n\t\t<\/div>\n\t<\/div>\n\t\n\t\n\n\t\t<div class=\"icon-box featured-box icon-box-left text-left\"  >\n\t\t\t\t\t<div class=\"icon-box-img\" style=\"width: 32px\">\n\t\t\t\t<div class=\"icon\">\n\t\t\t\t\t<div class=\"icon-inner\" >\n\t\t\t\t\t\t<img decoding=\"async\" width=\"100\" height=\"83\" src=\"https:\/\/ddoptics.shop\/wp-content\/uploads\/2021\/05\/DDoptics-SHG-Icon.jpg\" class=\"attachment-medium size-medium\" alt=\"Dalekohled DDoptics SHG Icon\" title=\"\">\t\t\t\t\t<\/div>\n\t\t\t\t<\/div>\n\t\t\t<\/div>\n\t\t\t\t<div class=\"icon-box-text last-reset\">\n\t\t\t\t\t\t\t\t\t\n<p>\u2705 <strong>St\u0159e\u0161n\u00ed hranol<\/strong><\/p>\n\t\t<\/div>\n\t<\/div>\n\t\n\t\n\n\t\t<div class=\"icon-box featured-box icon-box-left text-left\"  >\n\t\t\t\t\t<div class=\"icon-box-img\" style=\"width: 32px\">\n\t\t\t\t<div class=\"icon\">\n\t\t\t\t\t<div class=\"icon-inner\" >\n\t\t\t\t\t\t<img decoding=\"async\" width=\"100\" height=\"83\" src=\"https:\/\/ddoptics.shop\/wp-content\/uploads\/2021\/05\/DDoptics-SHG-Icon.jpg\" class=\"attachment-medium size-medium\" alt=\"Dalekohled DDoptics SHG Icon\" title=\"\">\t\t\t\t\t<\/div>\n\t\t\t\t<\/div>\n\t\t\t<\/div>\n\t\t\t\t<div class=\"icon-box-text last-reset\">\n\t\t\t\t\t\t\t\t\t\n<p>\u2705 <strong>Robustn\u00ed ho\u0159\u010d\u00edkov\u00e9 pouzdro<\/strong><\/p>\n\t\t<\/div>\n\t<\/div>\n\t\n\t\n\n\t\t<div class=\"icon-box featured-box icon-box-left text-left\"  >\n\t\t\t\t\t<div class=\"icon-box-img\" style=\"width: 32px\">\n\t\t\t\t<div class=\"icon\">\n\t\t\t\t\t<div class=\"icon-inner\" >\n\t\t\t\t\t\t<img decoding=\"async\" width=\"100\" height=\"83\" src=\"https:\/\/ddoptics.shop\/wp-content\/uploads\/2021\/05\/DDoptics-SHG-Icon.jpg\" class=\"attachment-medium size-medium\" alt=\"Dalekohled DDoptics SHG Icon\" title=\"\">\t\t\t\t\t<\/div>\n\t\t\t\t<\/div>\n\t\t\t<\/div>\n\t\t\t\t<div class=\"icon-box-text last-reset\">\n\t\t\t\t\t\t\t\t\t\n<p>Vhodn\u00e9 pro nositele br\u00fdl\u00ed<\/p>\n\t\t<\/div>\n\t<\/div>\n\t\n\t\n<div class=\"is-divider divider clearfix\" ><\/div>\n\t\t<\/div>\n\t\t\t\t\t<\/div>\n\n\t\n<\/div>\n<h3>Technologie SWAROCLEAN v dalekohledu Swarovski SLC 10\u00d756<\/h3>\n<p>Prost\u0159ednictv\u00edm tohoto <strong>D\u00edky nep\u0159ilnav\u00e9mu povrchu je \u010di\u0161t\u011bn\u00ed<\/strong> s<strong> Zne\u010di\u0161t\u011bn\u00ed<\/strong> jako jsou vodn\u00ed skvrny, repelenty proti hmyzu nebo prysky\u0159ice ze strom\u016f.<\/p>\n<h3>Dalekohled SLC 10\u00d756 - solidn\u00ed specialista<\/h3>\n<p>S <strong>Dalekohled SLC 10\u00d756 hold specialist<\/strong> se st\u00e1le je\u0161t\u011b m\u00edrnou hmotnost\u00ed v rukou. SLC 10\u00d756 je solidn\u00ed na <strong>za ka\u017ed\u00e9ho po\u010das\u00ed - den za dnem a noc za noc\u00ed.<\/strong>. Zaujme tak\u00e9 sv\u00fdm <strong>Obzvl\u00e1\u0161t\u011b vysok\u00e1 optick\u00e1 kvalita<\/strong>. Tyto robustn\u00ed a ergonomick\u00e9 dalekohledy v\u00e1m budou d\u011blat radost po mnoho let.<\/p>","protected":false},"excerpt":{"rendered":"<h3>Dalekohled Swarovski SLC 10\u00d756 W B<\/h3>\n<ul>\n<li>nov\u00fd <strong>Model<\/strong><\/li>\n<li>Bezplatn\u00e9 doru\u010den\u00ed v r\u00e1mci N\u011bmecka<\/li>\n<li>V\u0161echny ceny jsou uvedeny v\u010detn\u011b DPH.<\/li>\n<\/ul>","protected":false},"featured_media":9256,"comment_status":"open","ping_status":"closed","template":"","meta":{"inline_featured_image":false,"footnotes":""},"product_brand":[],"product_cat":[351,364,67,345,237],"product_tag":[323,319,322],"class_list":{"0":"post-9253","1":"product","2":"type-product","3":"status-publish","4":"has-post-thumbnail","6":"product_cat-10x-vergroesserung","7":"product_cat-56-mm-objektiv","8":"product_cat-fernglas","9":"product_cat-jagd-und-wild","10":"product_cat-swarovski-optik","11":"product_tag-10x56","12":"product_tag-swarovski","13":"product_tag-swarovski-slc","14":"pa_brand-marke-swarovski","15":"pa_farbe-gruen","16":"pa_produkt-typ-fernglas","18":"first","19":"instock","20":"sale","21":"taxable","22":"shipping-taxable","23":"product-type-external"},"bundled_by":[],"bundle_stock_status":"instock","bundle_stock_quantity":null,"bundle_virtual":false,"bundle_layout":"","bundle_add_to_cart_form_location":"","bundle_editable_in_cart":false,"bundle_sold_individually_context":"","bundle_item_grouping":"","bundle_min_size":"","bundle_max_size":"","bundle_price":[],"bundled_items":[],"bundle_sell_ids":[],"_links":{"self":[{"href":"https:\/\/ddoptics.shop\/cs\/wp-json\/wp\/v2\/product\/9253","targetHints":{"allow":["GET"]}}],"collection":[{"href":"https:\/\/ddoptics.shop\/cs\/wp-json\/wp\/v2\/product"}],"about":[{"href":"https:\/\/ddoptics.shop\/cs\/wp-json\/wp\/v2\/types\/product"}],"replies":[{"embeddable":true,"href":"https:\/\/ddoptics.shop\/cs\/wp-json\/wp\/v2\/comments?post=9253"}],"version-history":[{"count":2,"href":"https:\/\/ddoptics.shop\/cs\/wp-json\/wp\/v2\/product\/9253\/revisions"}],"predecessor-version":[{"id":28543,"href":"https:\/\/ddoptics.shop\/cs\/wp-json\/wp\/v2\/product\/9253\/revisions\/28543"}],"wp:featuredmedia":[{"embeddable":true,"href":"https:\/\/ddoptics.shop\/cs\/wp-json\/wp\/v2\/media\/9256"}],"wp:attachment":[{"href":"https:\/\/ddoptics.shop\/cs\/wp-json\/wp\/v2\/media?parent=9253"}],"wp:term":[{"taxonomy":"product_brand","embeddable":true,"href":"https:\/\/ddoptics.shop\/cs\/wp-json\/wp\/v2\/product_brand?post=9253"},{"taxonomy":"product_cat","embeddable":true,"href":"https:\/\/ddoptics.shop\/cs\/wp-json\/wp\/v2\/product_cat?post=9253"},{"taxonomy":"product_tag","embeddable":true,"href":"https:\/\/ddoptics.shop\/cs\/wp-json\/wp\/v2\/product_tag?post=9253"}],"curies":[{"name":"wp","href":"https:\/\/api.w.org\/{rel}","templated":true}]}}