{"id":9265,"date":"2016-07-23T14:34:29","date_gmt":"2016-07-23T12:34:29","guid":{"rendered":"https:\/\/beta.optik-sport-shop.at\/kaufen\/zeiss-victory-8x42-ht-fernglas-schwarz"},"modified":"2025-06-27T14:20:31","modified_gmt":"2025-06-27T12:20:31","slug":"dalekohled-zeiss-victory-8x42-ht-cerny","status":"publish","type":"product","link":"https:\/\/ddoptics.shop\/cs\/kaufen\/zeiss-victory-8x42-ht-fernglas-schwarz\/","title":{"rendered":"Dalekohled Zeiss Victory 8\u00d742 HT - \u010dern\u00fd"},"content":{"rendered":"<div class=\"row\"  id=\"row-1126168111\">\n\n\t<div id=\"col-302393055\" class=\"col medium-8 small-12 large-8\"  >\n\t\t\t\t<div class=\"col-inner\"  >\n\t\t\t\n\t\t\t\n<h2>Dalekohled Zeiss Victory 8\u00d742 HT - v\u011bt\u0161\u00ed volnost pohybu za ka\u017ed\u00e9ho po\u010das\u00ed<\/h2>\n<p>To je to, co <strong>Pr\u00e9miov\u00fd dalekohled VICTORY HT 8\u00d742<\/strong>. D\u00edky v\u00fdstupn\u00ed pupile o pr\u016fm\u011bru 5,3 mm. <strong>obzvl\u00e1\u0161t\u011b velk\u00e9 zorn\u00e9 pole a 8n\u00e1sobn\u00e9 zv\u011bt\u0161en\u00ed<\/strong> je ide\u00e1ln\u00ed pro \u0161irokou \u0161k\u00e1lu aplikac\u00ed.<\/p>\n<p>Na str\u00e1nk\u00e1ch <strong>ohromuj\u00edc\u00ed hodnoty p\u0159enosu<\/strong> poskytuj\u00ed extr\u00e9mn\u011b jasn\u00fd obraz i za t\u011bch nejnep\u0159\u00edzniv\u011bj\u0161\u00edch sv\u011bteln\u00fdch podm\u00ednek a umo\u017e\u0148uj\u00ed tak obzvl\u00e1\u0161t\u011b dlouh\u00e9 pozorov\u00e1n\u00ed - hluboko do soumraku.<\/p>\n<p>Se sv\u00fdm <strong>n\u00edzk\u00e1 hmotnost<\/strong> je nejen extr\u00e9mn\u011b lehk\u00fd, ale tak\u00e9 mimo\u0159\u00e1dn\u011b spolehliv\u00fd spole\u010dn\u00edk d\u00edky robustn\u00edmu dvojit\u00e9mu spojovac\u00edmu m\u016fstku - s dvojit\u00fdm spojovac\u00edm m\u016fstkem. <strong>nejvy\u0161\u0161\u00ed mechanick\u00e1 p\u0159esnost<\/strong> p\u0159i zaost\u0159ov\u00e1n\u00ed.<\/p>\n\t\t<\/div>\n\t\t\t\t\n<style>\n#col-302393055 > .col-inner {\n  margin: 0px 0px -30px 0px;\n}\n<\/style>\n\t<\/div>\n\n\t\n\n\t<div id=\"col-1138454946\" class=\"col medium-4 small-12 large-4\"  >\n\t\t\t\t<div class=\"col-inner\"  >\n\t\t\t\n\t\t\t\n\t<div class=\"img has-hover x md-x lg-x y md-y lg-y\" id=\"image_1883895106\">\n\t\t\t\t\t\t\t\t<div class=\"img-inner dark\" >\n\t\t\t\t\t\t\t\t\t\n\t\t\t\t\t<\/div>\n\t\t\t\t\t\t\t\t\n<style>\n#image_1883895106 {\n  width: 100%;\n}\n<\/style>\n\t<\/div>\n\t\n<h3>Dalekohledy Zeiss - fakta<\/h3>\n\n\t\t<div class=\"icon-box featured-box icon-box-left text-left\"  >\n\t\t\t\t\t<div class=\"icon-box-img\" style=\"width: 32px\">\n\t\t\t\t<div class=\"icon\">\n\t\t\t\t\t<div class=\"icon-inner\" >\n\t\t\t\t\t\t<img decoding=\"async\" width=\"100\" height=\"83\" src=\"https:\/\/ddoptics.shop\/wp-content\/uploads\/2021\/05\/DDoptics-SHG-Icon.jpg\" class=\"attachment-medium size-medium\" alt=\"Dalekohled DDoptics SHG Icon\" title=\"\">\t\t\t\t\t<\/div>\n\t\t\t\t<\/div>\n\t\t\t<\/div>\n\t\t\t\t<div class=\"icon-box-text last-reset\">\n\t\t\t\t\t\t\t\t\t\n<p>10let\u00e1 z\u00e1ruka v\u00fdrobce<\/p>\n\t\t<\/div>\n\t<\/div>\n\t\n\t\n\n\t\t<div class=\"icon-box featured-box icon-box-left text-left\"  >\n\t\t\t\t\t<div class=\"icon-box-img\" style=\"width: 32px\">\n\t\t\t\t<div class=\"icon\">\n\t\t\t\t\t<div class=\"icon-inner\" >\n\t\t\t\t\t\t<img decoding=\"async\" width=\"100\" height=\"83\" src=\"https:\/\/ddoptics.shop\/wp-content\/uploads\/2021\/05\/DDoptics-SHG-Icon.jpg\" class=\"attachment-medium size-medium\" alt=\"Dalekohled DDoptics SHG Icon\" title=\"\">\t\t\t\t\t<\/div>\n\t\t\t\t<\/div>\n\t\t\t<\/div>\n\t\t\t\t<div class=\"icon-box-text last-reset\">\n\t\t\t\t\t\t\t\t\t\n<p>Zorn\u00e9 pole 136 m<\/p>\n\t\t<\/div>\n\t<\/div>\n\t\n\t\n\n\t\t<div class=\"icon-box featured-box icon-box-left text-left\"  >\n\t\t\t\t\t<div class=\"icon-box-img\" style=\"width: 32px\">\n\t\t\t\t<div class=\"icon\">\n\t\t\t\t\t<div class=\"icon-inner\" >\n\t\t\t\t\t\t<img decoding=\"async\" width=\"100\" height=\"83\" src=\"https:\/\/ddoptics.shop\/wp-content\/uploads\/2021\/05\/DDoptics-SHG-Icon.jpg\" class=\"attachment-medium size-medium\" alt=\"Dalekohled DDoptics SHG Icon\" title=\"\">\t\t\t\t\t<\/div>\n\t\t\t\t<\/div>\n\t\t\t<\/div>\n\t\t\t\t<div class=\"icon-box-text last-reset\">\n\t\t\t\t\t\t\t\t\t\n<p>\u2705 Druckwasserdicht<\/p>\n\t\t<\/div>\n\t<\/div>\n\t\n\t\n\n\t\t<div class=\"icon-box featured-box icon-box-left text-left\"  >\n\t\t\t\t\t<div class=\"icon-box-img\" style=\"width: 32px\">\n\t\t\t\t<div class=\"icon\">\n\t\t\t\t\t<div class=\"icon-inner\" >\n\t\t\t\t\t\t<img decoding=\"async\" width=\"100\" height=\"83\" src=\"https:\/\/ddoptics.shop\/wp-content\/uploads\/2021\/05\/DDoptics-SHG-Icon.jpg\" class=\"attachment-medium size-medium\" alt=\"Dalekohled DDoptics SHG Icon\" title=\"\">\t\t\t\t\t<\/div>\n\t\t\t\t<\/div>\n\t\t\t<\/div>\n\t\t\t\t<div class=\"icon-box-text last-reset\">\n\t\t\t\t\t\t\t\t\t\n<p>\u2705 SCHOTT HT Glas &#8211; ZEISS T*-Mehrschichtverg\u00fctung<\/p>\n\t\t<\/div>\n\t<\/div>\n\t\n\t\n\n\t\t<div class=\"icon-box featured-box icon-box-left text-left\"  >\n\t\t\t\t\t<div class=\"icon-box-img\" style=\"width: 32px\">\n\t\t\t\t<div class=\"icon\">\n\t\t\t\t\t<div class=\"icon-inner\" >\n\t\t\t\t\t\t<img decoding=\"async\" width=\"100\" height=\"83\" src=\"https:\/\/ddoptics.shop\/wp-content\/uploads\/2021\/05\/DDoptics-SHG-Icon.jpg\" class=\"attachment-medium size-medium\" alt=\"Dalekohled DDoptics SHG Icon\" title=\"\">\t\t\t\t\t<\/div>\n\t\t\t\t<\/div>\n\t\t\t<\/div>\n\t\t\t\t<div class=\"icon-box-text last-reset\">\n\t\t\t\t\t\t\t\t\t\n<p>\u2705 Abbe K\u00f6nig Prisma<\/p>\n\t\t<\/div>\n\t<\/div>\n\t\n\t\n\n\t\t<div class=\"icon-box featured-box icon-box-left text-left\"  >\n\t\t\t\t\t<div class=\"icon-box-img\" style=\"width: 32px\">\n\t\t\t\t<div class=\"icon\">\n\t\t\t\t\t<div class=\"icon-inner\" >\n\t\t\t\t\t\t<img decoding=\"async\" width=\"100\" height=\"83\" src=\"https:\/\/ddoptics.shop\/wp-content\/uploads\/2021\/05\/DDoptics-SHG-Icon.jpg\" class=\"attachment-medium size-medium\" alt=\"Dalekohled DDoptics SHG Icon\" title=\"\">\t\t\t\t\t<\/div>\n\t\t\t\t<\/div>\n\t\t\t<\/div>\n\t\t\t\t<div class=\"icon-box-text last-reset\">\n\t\t\t\t\t\t\t\t\t\n<p>Ho\u0159\u010d\u00edkov\u00e9 pouzdro<\/p>\n\t\t<\/div>\n\t<\/div>\n\t\n\t\n<div class=\"is-divider divider clearfix\" ><\/div>\n\t\t<\/div>\n\t\t\t\t\t<\/div>\n\n\t\n<\/div>\n<h3>Inovativn\u00ed optick\u00e1 koncepce: souhra \u010do\u010dek SCHOTT HT, v\u00edcevrstv\u00fdch vrstev ZEISS T* a syst\u00e9mu hranol\u016f Abbe-K\u00f6nig<\/h3>\n<p>Bezkonkuren\u010dn\u00ed jas d\u00edky <strong>P\u0159evodovka z 95%<\/strong> a dal\u0161\u00ed. Inovativn\u00ed optick\u00e1 koncepce \u0159ady dalekohled\u016f VICTORY HT zaji\u0161\u0165uje tuto jedine\u010dnou \u0161pi\u010dkovou hodnotu. To je mo\u017en\u00e9 d\u00edky dokonal\u00e9 souh\u0159e <strong>Objektivy SCHOTT HT, v\u00edcevrstv\u00e1 vrstva ZEISS T* a syst\u00e9m hranol\u016f Abbe-K\u00f6nig.<\/strong><\/p>\n<p>S t\u00edmto v\u00fdkonn\u00fdm inova\u010dn\u00edm bal\u00ed\u010dkem m\u016f\u017eete nap\u0159\u00edklad p\u0159i lovu pozorovat d\u00e9le ne\u017e kdykoli p\u0159edt\u00edm - a to i v nejhlub\u0161\u00edm soumraku.<\/p>\n<h3>Zeiss Victory 8\u00d742 - Ergonomick\u00e1 koncepce pohodln\u00e9ho ost\u0159en\u00ed pro maxim\u00e1ln\u00ed ergonomii u\u017eivatele<\/h3>\n<p>To v\u00e1m zajist\u00ed <strong>inovativn\u00ed koncepce Comfort Focus se zaost\u0159ovac\u00edm kole\u010dkem.<\/strong> Je n\u00e1padn\u011b velk\u00fd a um\u00edst\u011bn\u00fd daleko vp\u0159edu na m\u016fstku. D\u00edky tomu m\u016f\u017eete zaost\u0159ovac\u00ed kole\u010dko ovl\u00e1dat ukazov\u00e1\u010dkem zcela uvoln\u011bn\u011b, a to i v rukavic\u00edch. Dlouh\u00fd p\u0159evodov\u00fd pom\u011br umo\u017e\u0148uje rychl\u00e9 a p\u0159esn\u00e9 zaost\u0159en\u00ed.<\/p>\n<h3>Extr\u00e9mn\u011b robustn\u00ed dvoulinkov\u00fd m\u016fstek na objektivu Zeiss Victory 8\u00d742<\/h3>\n<p><strong>Nejvy\u0161\u0161\u00ed p\u0159esnost a maxim\u00e1ln\u00ed \u017eivotnost<\/strong> je zaru\u010dena mimo\u0159\u00e1dn\u011b robustn\u00ed konstrukc\u00ed. Pouzdro s inovativn\u00edm dvojit\u00fdm spojovac\u00edm m\u016fstkem je vyrobeno z vysoce pevn\u00e9ho a z\u00e1rove\u0148 velmi lehk\u00e9ho ho\u0159\u010d\u00edku. Ovl\u00e1dac\u00ed kole\u010dko pro zaost\u0159ov\u00e1n\u00ed je pevn\u011b zabudov\u00e1no do pouzdra. To znamen\u00e1, \u017ee pr\u00e9miov\u00e9 dalekohledy VICTORY HT jsou ide\u00e1ln\u011b vybaveny i pro nejn\u00e1ro\u010dn\u011bj\u0161\u00ed pou\u017eit\u00ed.<\/p>\n<h3>Brilantn\u00ed koncept FL<\/h3>\n<p><strong>Nejjasn\u011bj\u0161\u00ed dalekohledy jsou tak\u00e9 nejz\u00e1\u0159iv\u011bj\u0161\u00ed.<\/strong> Osv\u011bd\u010den\u00e1 koncepce FL povy\u0161uje rozhoduj\u00edc\u00ed krit\u00e9ria ostrosti obrazu a brilance barev na novou \u00farove\u0148. D\u00edky pou\u017eit\u00ed speci\u00e1ln\u00edch \u010do\u010dek s obsahem fluorid\u016f ji\u017e prakticky nezaznamen\u00e1te \u017e\u00e1dn\u00e9 barevn\u00e9 t\u0159\u00e1sn\u011b. Koncepce FL zaru\u010duje vynikaj\u00edc\u00ed obrazov\u00fd v\u00fdkon a vysoce kontrastn\u00ed sn\u00edmky.<\/p>\n<h3>Povlak LotuTec\u00ae<\/h3>\n<p>U\u017eijte si fascinuj\u00edc\u00ed kvalitu obrazu za ka\u017ed\u00e9ho po\u010das\u00ed. Povrchov\u00e1 \u00faprava LotuTec\u00ae zaji\u0161\u0165uje, \u017ee <strong>Voda se z \u010do\u010dky okam\u017eit\u011b odpa\u0159\u00ed a ne\u010distoty lze odstranit snadno, \u0161etrn\u011b a bez zanech\u00e1n\u00ed zbytk\u016f.<\/strong><\/p>\n<h3>Z\u00e1v\u011br k dalekohledu Zeiss Victory 8\u00d742 HT<\/h3>\n<p>Extr\u00e9mn\u011b robustn\u00ed a snadno ovladateln\u00fd - v <strong>Pokud jde o ergonomii, je dalekohled Zeiss Victory 8\u00d742 HT p\u016fsobiv\u00fd.<\/strong> Sou\u010dasn\u011b se ukazuje, \u017ee je velmi odoln\u00fd v\u016f\u010di pov\u011btrnostn\u00edm vliv\u016fm, a proto jej lze pou\u017e\u00edvat i za \u0161patn\u00fdch pov\u011btrnostn\u00edch podm\u00ednek. Nesm\u00edme zapomenout ani na optiku, kter\u00e1 d\u00edky vysok\u00fdm hodnot\u00e1m propustnosti a kvalitn\u00edm vlastnostem zaji\u0161\u0165uje jasn\u00e9 a jasn\u00e9 vid\u011bn\u00ed. <strong>Ostr\u00fd obraz a\u017e k okraj\u016fm<\/strong> poskytuje. Za sou\u010dasnou cenu p\u0159ibli\u017en\u011b 1 706 eur z\u00edsk\u00e1te v\u00fdkonn\u00e9ho spole\u010dn\u00edka, na kter\u00e9ho v\u00fdrobce poskytuje desetiletou z\u00e1ruku.<\/p>","protected":false},"excerpt":{"rendered":"<h3>Pr\u00e9miov\u00fd dalekohled VICTORY HT 8\u00d742 T* od spole\u010dnosti ZEISS<\/h3>\n<ul>\n<li>Bezplatn\u00e9 doru\u010den\u00ed v r\u00e1mci N\u011bmecka<\/li>\n<li>V\u0161echny ceny jsou uvedeny v\u010detn\u011b DPH.<\/li>\n<\/ul>","protected":false},"featured_media":9267,"comment_status":"open","ping_status":"closed","template":"","meta":{"inline_featured_image":false,"footnotes":""},"product_brand":[],"product_cat":[362,349,358,345,344,346,238],"product_tag":[91,328,774],"class_list":{"0":"post-9265","1":"product","2":"type-product","3":"status-publish","4":"has-post-thumbnail","6":"product_cat-42-mm-objektiv","7":"product_cat-8x-vergroesserung","8":"product_cat-fernglas-objektivdurchmesser","9":"product_cat-jagd-und-wild","10":"product_cat-naturbeobachtung","11":"product_cat-wandern-und-reisen","12":"product_cat-zeiss-sport-optik","13":"product_tag-8x42","14":"product_tag-zeiss","15":"product_tag-zeiss-victory","16":"pa_brand-marke-zeiss","17":"pa_farbe-schwarz","18":"pa_produkt-typ-fernglas","20":"first","21":"instock","22":"taxable","23":"shipping-taxable","24":"product-type-external"},"bundled_by":[],"bundle_stock_status":"instock","bundle_stock_quantity":null,"bundle_virtual":false,"bundle_layout":"","bundle_add_to_cart_form_location":"","bundle_editable_in_cart":false,"bundle_sold_individually_context":"","bundle_item_grouping":"","bundle_min_size":"","bundle_max_size":"","bundle_price":[],"bundled_items":[],"bundle_sell_ids":[],"_links":{"self":[{"href":"https:\/\/ddoptics.shop\/cs\/wp-json\/wp\/v2\/product\/9265","targetHints":{"allow":["GET"]}}],"collection":[{"href":"https:\/\/ddoptics.shop\/cs\/wp-json\/wp\/v2\/product"}],"about":[{"href":"https:\/\/ddoptics.shop\/cs\/wp-json\/wp\/v2\/types\/product"}],"replies":[{"embeddable":true,"href":"https:\/\/ddoptics.shop\/cs\/wp-json\/wp\/v2\/comments?post=9265"}],"version-history":[{"count":7,"href":"https:\/\/ddoptics.shop\/cs\/wp-json\/wp\/v2\/product\/9265\/revisions"}],"predecessor-version":[{"id":28477,"href":"https:\/\/ddoptics.shop\/cs\/wp-json\/wp\/v2\/product\/9265\/revisions\/28477"}],"wp:featuredmedia":[{"embeddable":true,"href":"https:\/\/ddoptics.shop\/cs\/wp-json\/wp\/v2\/media\/9267"}],"wp:attachment":[{"href":"https:\/\/ddoptics.shop\/cs\/wp-json\/wp\/v2\/media?parent=9265"}],"wp:term":[{"taxonomy":"product_brand","embeddable":true,"href":"https:\/\/ddoptics.shop\/cs\/wp-json\/wp\/v2\/product_brand?post=9265"},{"taxonomy":"product_cat","embeddable":true,"href":"https:\/\/ddoptics.shop\/cs\/wp-json\/wp\/v2\/product_cat?post=9265"},{"taxonomy":"product_tag","embeddable":true,"href":"https:\/\/ddoptics.shop\/cs\/wp-json\/wp\/v2\/product_tag?post=9265"}],"curies":[{"name":"wp","href":"https:\/\/api.w.org\/{rel}","templated":true}]}}