{"id":9920,"date":"2016-08-29T19:49:05","date_gmt":"2016-08-29T17:49:05","guid":{"rendered":"https:\/\/beta.optik-sport-shop.at\/?post_type=product&#038;p=9920"},"modified":"2025-10-03T11:55:51","modified_gmt":"2025-10-03T09:55:51","slug":"kucharka-jeste-vice-lovcu-vari-divoce","status":"publish","type":"product","link":"https:\/\/ddoptics.shop\/cs\/kaufen\/kochbuch-noch-mehr-jaeger-kochen-wild\/","title":{"rendered":"Kucha\u0159ka: Je\u0161t\u011b v\u00edce lovc\u016f va\u0159\u00ed zv\u011b\u0159inu"},"content":{"rendered":"<h2 class=\"ncTitle\"><span class=\"ncTitleSub\"><span class=\"oSubTitle\">Kucha\u0159ka 2. d\u00edl: Dal\u0161\u00ed recepty a anekdoty od v\u00e1\u0161niv\u00fdch lovc\u016f<\/span><\/span><\/h2>\n<p><strong>Recepty od lovc\u016f pro lovce<\/strong> a dal\u0161\u00ed milovn\u00edci her! A je pravda, \u017ee st\u00e1le v\u00edce myslivc\u016f lov\u00ed na va\u0159en\u00ed.<\/p>\n<p>Pokud nad\u0161en\u00ed lovci cht\u011bj\u00ed nyn\u00ed<strong> P\u0159\u00edprava obl\u00edben\u00fdch pokrm\u016f ze zv\u011b\u0159iny<\/strong> do zm\u00edn\u011bn\u00fdch hrnc\u016f, na jejich prsty a do jejich soukrom\u00fdch \u00fakryt\u016f, vyvol\u00e1v\u00e1 zv\u011bdavost - jak dok\u00e1zal 1. d\u00edl Lisy Lensingov\u00e9 a Josepha Gasteigera-Rabensteina.<\/p>\n<p>Tento <strong>\u00dasp\u011bch kucha\u0159ky si \u017e\u00e1d\u00e1 pokra\u010dov\u00e1n\u00ed<\/strong>. Je to ji\u017e podruh\u00e9, co jsme do na\u0161ich kuchyn\u00ed pozvali v\u00fdznamn\u00e9 lovce! <strong>P\u0159ibli\u017en\u011b 60 recept\u016f se zv\u011b\u0159inou povzbud\u00ed chu\u0165 na zv\u011b\u0159inu<\/strong>, K va\u0159e\u010dce budou op\u011bt l\u00e1kat zn\u00e1m\u00ed lovci z \u0159ad \u0161lechty, podnikatel\u016f a loveck\u00fdch organizac\u00ed v Rakousku a N\u011bmecku. A samoz\u0159ejm\u011b nebude chyb\u011bt ani spousta p\u0159\u00edb\u011bh\u016f o myslivosti a trocha mysliveck\u00fdch drb\u016f.<\/p>\n<p><strong>Ne ka\u017ed\u00fd lovec je z\u00e1rove\u0148 (hobby) kucha\u0159em<\/strong> - a rozhodn\u011b ne naopak! Nicm\u00e9n\u011b <strong>Kreativn\u00ed recepty od profesion\u00e1ln\u00edch lovc\u016f<\/strong> \u201edruh\u00fd chod\u201c. Nap\u0159\u00edklad Katharina Foidl (nejmlad\u0161\u00ed rakousk\u00e1 \u0161\u00e9fkucha\u0159ka) odhaluje sv\u00e1 divok\u00e1 tajemstv\u00ed. Kathi Schneider, jednatelka spole\u010dnosti Habsburg Kleidermanufaktur, m\u00e1 cit nejen pro m\u00f3du, ale tak\u00e9 pro p\u0159\u00edpravu zv\u011b\u0159inov\u00fdch pokrm\u016f.<\/p>\n<p>Sv\u00e9 um\u011bn\u00ed v kuchyni p\u0159edvedou profesion\u00e1ln\u00ed lovci jako Hartwig Fischer (prezident N\u011bmeck\u00e9ho loveck\u00e9ho svazu) a Ferdinand Gorton (korutansk\u00fd zemsk\u00fd loveck\u00fd mistr), Philipp Prinz von Thurn und Taxis a hrab\u011b Alexander Kottlinsky.<\/p>\n<p>Na str\u00e1nk\u00e1ch <strong>Speciality podle recept\u016f na zv\u011b\u0159inu<\/strong> od r\u016f\u017eov\u00e9ho jelen\u00edho sedla v chlebov\u00e9m kab\u00e1tku p\u0159es klob\u00e1su z divok\u00fdch jater a\u017e po rustik\u00e1ln\u00ed pe\u010den\u00e9ho divo\u010d\u00e1ka s houskov\u00fdm knedl\u00edkem a \u0161\u0165\u00e1vou. <strong>Koroptve, k\u0159epelky a bekasiny<\/strong> by nem\u011bly chyb\u011bt v nab\u00eddce vynikaj\u00edc\u00ed p\u0159\u00edrody.<\/p>\n<p>Auto\u0159i: Lisa Lensingov\u00e1 je sama lovkyn\u00ed. Paul Lensing pracuje p\u0159edev\u0161\u00edm v oblasti udr\u017eitelnosti a zv\u011b\u0159inu pova\u017euje za dokonalou potravinu. Joseph Gasteiger-Rabenstein se vyzn\u00e1 ve <strong>Lov jako rodinn\u00e1 tradice<\/strong> a fotografov\u00e1n\u00ed se v\u011bnuje ji\u017e dlouhou dobu vedle sv\u00e9 ka\u017edodenn\u00ed pr\u00e1ce v realitn\u00edm pr\u016fmyslu.<\/p>\n<h3>Druh\u00e1 hern\u00ed kucha\u0159ka navazuje na \u00fasp\u011b\u0161n\u00e9 prvn\u00ed vyd\u00e1n\u00ed.<\/h3>\n<p>Loni jsme si koupili 1. d\u00edl a moc se n\u00e1m l\u00edbil. Na <strong>Auto\u0159i kucha\u0159ek se zab\u00fdvaj\u00ed t\u00e9matem zv\u011b\u0159iny a pozad\u00edm lovu.<\/strong> dokonale osv\u011btluj\u00ed osobn\u00ed loveck\u00e9 anekdoty. I jako nelovec z\u00edsk\u00e1te velmi zda\u0159il\u00fd vhled do sv\u011bta myslivosti.<\/p>\n<p>Na str\u00e1nk\u00e1ch <strong>Pokrmy ze zv\u011b\u0159iny jsou kr\u00e1sn\u011b prezentov\u00e1ny<\/strong> a lid\u00e9, kte\u0159\u00ed je p\u0159ipravuj\u00ed, jsou kr\u00e1sn\u011b p\u0159edstaveni ve spr\u00e1vn\u00e9m sv\u011btle.<\/p>\n<p>Na str\u00e1nk\u00e1ch <strong>Navazuj\u00edc\u00ed kucha\u0159ka svazek 2 m\u016f\u017ee snadno konkurovat kucha\u0159ce svazek 1<\/strong> zahrnovat. Je to \u00fa\u017easn\u00fd dopln\u011bk, jak z hlediska kuchyn\u011b, tak z hlediska lid\u00ed. Knihu jsme p\u0159e\u010detli za t\u00fdden a u\u017e jsme \u00fasp\u011b\u0161n\u011b uva\u0159ili n\u011bkolik j\u00eddel. Jako velk\u00e9 fanou\u0161ky grilov\u00e1n\u00ed n\u00e1s pot\u011b\u0161ily i dal\u0161\u00ed str\u00e1nky v\u011bnovan\u00e9 \u201cGrilov\u00e1n\u00ed zv\u011b\u0159iny\u201d. Z\u00e1v\u011br: Knihu v\u0159ele doporu\u010dujeme.<\/p>","protected":false},"excerpt":{"rendered":"<h3>Druh\u00e1 kucha\u0159ka: Je\u0161t\u011b v\u00edce myslivc\u016f va\u0159\u00ed zv\u011b\u0159inu<\/h3>\n<h4>od 39,90 \u20ac<\/h4>\n<p>Koupit u:<\/p>\n<a href=\"https:\/\/www.amazon.de\/gp\/product\/3702014187\/ref=as_li_tl?ie=UTF8&#038;camp=1638&#038;creative=19454&#038;creativeASIN=3702014187&#038;linkCode=as2&#038;tag=optsposho-21&#038;linkId=RV2EPFSB3VWPZSFT\" target=\"_blank\" class=\"button success is-success is-medium\" rel=\"nofollow noopener\" >\n\t\t<span>Amazon<\/span>\n\t<\/a>\n\n<a href=\"http:\/\/ad.zanox.com\/ppc\/?30283886C42456355&#038;ULP=http:\/\/www.thalia.de\/shop\/home\/suchartikel\/noch_mehr_jaeger_kochen_wild_band_2\/lisa_lensing\/ISBN3-7020-1418-7\/ID33975881.html?fftrk=1%3A1%3A10%3A10%3A1&#038;jumpId=3946928&#038;ProvID=10911378\" target=\"_blank\" class=\"button success is-success is-medium\" rel=\"nofollow noopener\" >\n\t\t<span>THALIA N\u011aMECKO<\/span>\n\t<\/a>\n\n<a class=\"button success is-success is-medium\" rel=\"nofollow\" >\n\t\t<span>TH\u00c1LIE RAKOUSKO<\/span>\n\t<\/a>","protected":false},"featured_media":9921,"comment_status":"open","ping_status":"closed","template":"","meta":{"inline_featured_image":false,"footnotes":""},"product_brand":[],"product_cat":[74],"product_tag":[422,425],"class_list":{"0":"post-9920","1":"product","2":"type-product","3":"status-publish","4":"has-post-thumbnail","6":"product_cat-buchtipps-buecher","7":"product_tag-buchtipp","8":"product_tag-wild-kochbuch","10":"first","11":"instock","12":"taxable","13":"shipping-taxable","14":"product-type-simple"},"bundled_by":[],"bundle_stock_status":"instock","bundle_stock_quantity":null,"bundle_virtual":false,"bundle_layout":"","bundle_add_to_cart_form_location":"","bundle_editable_in_cart":false,"bundle_sold_individually_context":"","bundle_item_grouping":"","bundle_min_size":"","bundle_max_size":"","bundle_price":[],"bundled_items":[],"bundle_sell_ids":[],"_links":{"self":[{"href":"https:\/\/ddoptics.shop\/cs\/wp-json\/wp\/v2\/product\/9920","targetHints":{"allow":["GET"]}}],"collection":[{"href":"https:\/\/ddoptics.shop\/cs\/wp-json\/wp\/v2\/product"}],"about":[{"href":"https:\/\/ddoptics.shop\/cs\/wp-json\/wp\/v2\/types\/product"}],"replies":[{"embeddable":true,"href":"https:\/\/ddoptics.shop\/cs\/wp-json\/wp\/v2\/comments?post=9920"}],"version-history":[{"count":1,"href":"https:\/\/ddoptics.shop\/cs\/wp-json\/wp\/v2\/product\/9920\/revisions"}],"predecessor-version":[{"id":29107,"href":"https:\/\/ddoptics.shop\/cs\/wp-json\/wp\/v2\/product\/9920\/revisions\/29107"}],"wp:featuredmedia":[{"embeddable":true,"href":"https:\/\/ddoptics.shop\/cs\/wp-json\/wp\/v2\/media\/9921"}],"wp:attachment":[{"href":"https:\/\/ddoptics.shop\/cs\/wp-json\/wp\/v2\/media?parent=9920"}],"wp:term":[{"taxonomy":"product_brand","embeddable":true,"href":"https:\/\/ddoptics.shop\/cs\/wp-json\/wp\/v2\/product_brand?post=9920"},{"taxonomy":"product_cat","embeddable":true,"href":"https:\/\/ddoptics.shop\/cs\/wp-json\/wp\/v2\/product_cat?post=9920"},{"taxonomy":"product_tag","embeddable":true,"href":"https:\/\/ddoptics.shop\/cs\/wp-json\/wp\/v2\/product_tag?post=9920"}],"curies":[{"name":"wp","href":"https:\/\/api.w.org\/{rel}","templated":true}]}}