{"id":9927,"date":"2016-08-29T20:27:41","date_gmt":"2016-08-29T18:27:41","guid":{"rendered":"https:\/\/beta.optik-sport-shop.at\/kaufen\/kochbuch-wild-grillen-tom-heinzle"},"modified":"2025-10-03T11:54:24","modified_gmt":"2025-10-03T09:54:24","slug":"kucharka-divoke-grilovani-tom-heinzle","status":"publish","type":"product","link":"https:\/\/ddoptics.shop\/cs\/kaufen\/kochbuch-wild-grillen-tom-heinzle\/","title":{"rendered":"Kucha\u0159ka: Divok\u00e9 grilov\u00e1n\u00ed od Toma Heinzleho"},"content":{"rendered":"<h2>Kucha\u0159ka pro divok\u00e9 grilov\u00e1n\u00ed - naprost\u00e1 nutnost pro ka\u017ed\u00e9 grilov\u00e1n\u00ed!<\/h2>\n<p><strong>Tom Heinzle, vicemistr sv\u011bta v grilov\u00e1n\u00ed<\/strong> a autor bestselleru \u201cWintergrillen\u201d p\u0159edstavuje se sv\u00fdm <strong>Kucha\u0159ka nejobs\u00e1hlej\u0161\u00ed sb\u00edrka recept\u016f na t\u00e9ma grilov\u00e1n\u00ed zv\u011b\u0159iny<\/strong> p\u0159ed.<\/p>\n<p>Divok\u00e1 je <strong>Udr\u017eiteln\u00e9, n\u00edzkotu\u010dn\u00e9 a zatracen\u011b chutn\u00e9<\/strong> - Toto jsou inovativn\u00ed recepty na grilov\u00e1n\u00ed od hv\u011bzdy grilovac\u00ed sc\u00e9ny.<\/p>\n<h3>Grilov\u00e1n\u00ed mnoha r\u016fzn\u00fdch druh\u016f zv\u011b\u0159e<\/h3>\n<p>Zda<strong> Zv\u011b\u0159inov\u00fd burger, zv\u011b\u0159inov\u00fd filet s k\u0159epel\u010d\u00edm vejcem nebo vep\u0159ov\u00e9 maso z divo\u010d\u00e1ka<\/strong> - Tomovy recepty jsou smysln\u00e9, tv\u016fr\u010d\u00ed a s n\u00e1dechem<strong> jist\u00fd instinkt pro kombinace chut\u00ed.<\/strong> Prostorov\u00e9 nahr\u00e1vky v autentick\u00e9m prost\u0159ed\u00ed umo\u017e\u0148uj\u00ed <strong>Srdce fanou\u0161k\u016f zv\u011b\u0159iny a grilov\u00e1n\u00ed<\/strong> zrychlit rytmus. Tato kniha je naprostou \u201cnutnost\u00ed\u201d pro ka\u017ed\u00e9ho grilova\u010de.<\/p>\n<h3>Pro v\u0161echny, kdo hledaj\u00ed neobvykl\u00e9 recepty na grilov\u00e1n\u00ed zv\u011b\u0159iny<\/h3>\n<p>Jak u\u017e m\u016f\u017eete z n\u00e1zvu vytu\u0161it, v\u0161e se zde to\u010d\u00ed kolem <strong>Hra cuisine<\/strong>. V nab\u00eddce je klasika jako vep\u0159ov\u00e9 maso, ale samoz\u0159ejm\u011b z divo\u010d\u00e1ka, \u017eeb\u00edrka a n\u011bkolik dal\u0161\u00edch klasick\u00fdch pokrm\u016f. Zdaleka nejde jen o klasick\u00fd viklan z <strong>Babi\u010d\u010dino va\u0159en\u00ed, zde v nov\u00e9 interpretaci se zv\u011b\u0159inou.<\/strong> Na str\u00e1nk\u00e1ch <strong>Recepty jsou p\u0159ehledn\u011b strukturov\u00e1ny a p\u0159ehledn\u00e9.<\/strong><br \/>\nP\u0159\u00edb\u011bhy a fotografie v\u00e1s p\u0159im\u011bj\u00ed vyzkou\u0161et recepty. Skute\u010dn\u00fd zasv\u011bcen\u00fd tip nejen pro lovce. Krom\u011b mnoha zaj\u00edmav\u00fdch recept\u016f je zde i trocha technick\u00fdch a v\u00fdrobkov\u00fdch znalost\u00ed, jak je najdete ve v\u011bt\u0161in\u011b knih. <strong>Knihy o grilov\u00e1n\u00ed<\/strong> n\u00e1lezy.<\/p>","protected":false},"excerpt":{"rendered":"<h3>Kucha\u0159ka: Lovci va\u0159\u00ed zv\u011b\u0159inu<\/h3>\n<h4>od 24,99<\/h4>\n<p>Koupit u:<\/p>\n<a href=\"https:\/\/www.amazon.de\/gp\/product\/3868529322\/ref=as_li_tl?ie=UTF8&#038;camp=1638&#038;creative=19454&#038;creativeASIN=3868529322&#038;linkCode=as2&#038;tag=optsposho-21&#038;linkId=VFOE4X7J64IATGGT\" target=\"_blank\" class=\"button success is-success is-medium\" rel=\"nofollow noopener\" >\n\t\t<span>Amazon<\/span>\n\t<\/a>\n\n<a href=\"http:\/\/ad.zanox.com\/ppc\/?30283886C42456355&#038;ULP=http:\/\/www.thalia.de\/shop\/home\/suchartikel\/wild_grillen\/tom_heinzle\/ISBN3-86852-932-2\/ID39362044.html?fftrk=1%3A1%3A10%3A10%3A1&#038;jumpId=4017826&#038;ProvID=10911378\" target=\"_blank\" class=\"button success is-success is-medium\" rel=\"nofollow noopener\" >\n\t\t<span>THALIA N\u011aMECKO<\/span>\n\t<\/a>\n\n<a href=\"http:\/\/ad.zanox.com\/ppc\/?30284203C81391933&#038;ULP=http:\/\/www.thalia.at\/shop\/home\/suchartikel\/wild_grillen\/tom_heinzle\/ISBN3-86852-932-2\/ID39362044.html?fftrk=1%3A1%3A10%3A10%3A1&#038;jumpId=12298663&#038;ProvID=10910929\" target=\"_blank\" class=\"button success is-success is-medium\" rel=\"nofollow noopener\" >\n\t\t<span>TH\u00c1LIE RAKOUSKO<\/span>\n\t<\/a>","protected":false},"featured_media":9930,"comment_status":"open","ping_status":"closed","template":"","meta":{"inline_featured_image":false,"footnotes":""},"product_brand":[],"product_cat":[74],"product_tag":[422,426,425],"class_list":{"0":"post-9927","1":"product","2":"type-product","3":"status-publish","4":"has-post-thumbnail","6":"product_cat-buchtipps-buecher","7":"product_tag-buchtipp","8":"product_tag-wild-grillen","9":"product_tag-wild-kochbuch","11":"first","12":"instock","13":"taxable","14":"shipping-taxable","15":"product-type-simple"},"bundled_by":[],"bundle_stock_status":"instock","bundle_stock_quantity":null,"bundle_virtual":false,"bundle_layout":"","bundle_add_to_cart_form_location":"","bundle_editable_in_cart":false,"bundle_sold_individually_context":"","bundle_item_grouping":"","bundle_min_size":"","bundle_max_size":"","bundle_price":[],"bundled_items":[],"bundle_sell_ids":[],"_links":{"self":[{"href":"https:\/\/ddoptics.shop\/cs\/wp-json\/wp\/v2\/product\/9927","targetHints":{"allow":["GET"]}}],"collection":[{"href":"https:\/\/ddoptics.shop\/cs\/wp-json\/wp\/v2\/product"}],"about":[{"href":"https:\/\/ddoptics.shop\/cs\/wp-json\/wp\/v2\/types\/product"}],"replies":[{"embeddable":true,"href":"https:\/\/ddoptics.shop\/cs\/wp-json\/wp\/v2\/comments?post=9927"}],"version-history":[{"count":1,"href":"https:\/\/ddoptics.shop\/cs\/wp-json\/wp\/v2\/product\/9927\/revisions"}],"predecessor-version":[{"id":29105,"href":"https:\/\/ddoptics.shop\/cs\/wp-json\/wp\/v2\/product\/9927\/revisions\/29105"}],"wp:featuredmedia":[{"embeddable":true,"href":"https:\/\/ddoptics.shop\/cs\/wp-json\/wp\/v2\/media\/9930"}],"wp:attachment":[{"href":"https:\/\/ddoptics.shop\/cs\/wp-json\/wp\/v2\/media?parent=9927"}],"wp:term":[{"taxonomy":"product_brand","embeddable":true,"href":"https:\/\/ddoptics.shop\/cs\/wp-json\/wp\/v2\/product_brand?post=9927"},{"taxonomy":"product_cat","embeddable":true,"href":"https:\/\/ddoptics.shop\/cs\/wp-json\/wp\/v2\/product_cat?post=9927"},{"taxonomy":"product_tag","embeddable":true,"href":"https:\/\/ddoptics.shop\/cs\/wp-json\/wp\/v2\/product_tag?post=9927"}],"curies":[{"name":"wp","href":"https:\/\/api.w.org\/{rel}","templated":true}]}}