{"id":9931,"date":"2016-08-29T20:55:47","date_gmt":"2016-08-29T18:55:47","guid":{"rendered":"https:\/\/beta.optik-sport-shop.at\/?post_type=product&#038;p=9931"},"modified":"2025-10-03T11:53:04","modified_gmt":"2025-10-03T09:53:04","slug":"tip-na-knihu-prekladani-pro-lovce-norbert-klups","status":"publish","type":"product","link":"https:\/\/ddoptics.shop\/cs\/kaufen\/buchtipp-wiederladen-fuer-jaeger-norbert-klups\/","title":{"rendered":"Tip na knihu: Norbert Klups: P\u0159eb\u00edjen\u00ed pro lovce"},"content":{"rendered":"<h2>P\u0159eb\u00edjen\u00ed pro lovce: kniha o nab\u00edjen\u00ed loveck\u00e9ho st\u0159eliva pro lov velk\u00e9 zv\u011b\u0159e a velk\u00fdch \u0161elem<\/h2>\n<p>Zejm\u00e9na pro <strong>loveck\u00fd nab\u00edje\u010d<\/strong> byla tato kniha naps\u00e1na. Jej\u00edm c\u00edlem bylo p\u0159edstavit loveck\u00e9 n\u00e1boje bez zbyte\u010dn\u00e9ho balastu a poskytnout <strong>Hunter a book<\/strong> do va\u0161ich rukou. Kniha, kter\u00e1 srozumiteln\u011b shrnuje informace, je\u017e jsou pro \u010dlov\u011bka d\u016fle\u017eit\u00e9.<strong> Nab\u00edjen\u00ed loveck\u00fdch n\u00e1boj\u016f<\/strong> jsou nezbytn\u00e9. Norbert Klups je jedn\u00edm z nejzn\u00e1m\u011bj\u0161\u00edch odborn\u00fdch novin\u00e1\u0159\u016f pro loveck\u00e9 vybaven\u00ed a zbra\u0148ovou techniku. \u0158ada jeho publikac\u00ed pat\u0159\u00ed ke standardn\u00edm d\u00edl\u016fm v t\u00e9to oblasti.<\/p>\n<h3>Z\u00e1v\u011br ke knize: Nakl\u00e1d\u00e1n\u00ed loveck\u00e9ho st\u0159eliva pro lov velk\u00e9 a u\u0161lechtil\u00e9 zv\u011b\u0159e<\/h3>\n<p>Na str\u00e1nk\u00e1ch <strong>Kniha poskytuje ucelenou \u0159adu fakt\u016f<\/strong>, co\u017e odpov\u00edd\u00e1 <strong>Za\u010d\u00e1te\u010dn\u00edci a zku\u0161en\u00ed nab\u00edje\u010di<\/strong> stejn\u011b dob\u0159e.<\/p>\n<p>Ka\u017ed\u00fd <strong>Kazeta je vyvinuta s d\u016fkladn\u00fdmi odborn\u00fdmi znalostmi<\/strong> a nab\u00edz\u00ed \u010dten\u00e1\u0159i nejen historick\u00fd p\u0159ehled, ale tak\u00e9 kategorizaci podle sou\u010dasn\u00fdch hodnocen\u00ed. Norbert Klups vych\u00e1z\u00ed z dlouholet\u00fdch praktick\u00fdch zku\u0161enost\u00ed, co\u017e mu umo\u017e\u0148uje nejen analyzovat <strong>po\u017eadavky na jehn\u011b\u010d\u00ed zv\u011b\u0159 v dom\u00e1c\u00edch honitb\u00e1ch, ale tak\u00e9 na africk\u00e9 druhy zv\u011b\u0159e.<\/strong> kter\u00e9 maj\u00ed b\u00fdt zahrnuty.<\/p>\n<p>Na str\u00e1nk\u00e1ch <strong>Typy prachu, typy st\u0159el a hmotnosti st\u0159el<\/strong> jsou dostate\u010dn\u011b prezentov\u00e1ny a nab\u00edzej\u00ed u\u017eivateli \u0161irok\u00fd sortiment, kter\u00fd si m\u016f\u017ee jen st\u011b\u017e\u00ed p\u0159\u00e1t. Jedin\u00fd bod kritiky, kter\u00fd by jeden nebo dva \u010dten\u00e1\u0159i mohli vzn\u00e9st, je, \u017ee <strong>Na\u010d\u00edt\u00e1n\u00ed dat p\u0159i optim\u00e1ln\u00edm zat\u00ed\u017een\u00ed autora<\/strong> a <strong>\u017d\u00e1dn\u00e9 \u00fadaje o minim\u00e1ln\u00edm nebo maxim\u00e1ln\u00edm zat\u00ed\u017een\u00ed<\/strong> b\u00fdt poskytnuta. V n\u011bm\u010din\u011b v sou\u010dasn\u00e9 dob\u011b sotva existuje srovnateln\u00e1 kniha, kterou lze bez v\u00fdhrad doporu\u010dit.<\/p>","protected":false},"excerpt":{"rendered":"<h4>od 19,95<\/h4>\n<p>Koupit u:<\/p>\n<a href=\"https:\/\/www.amazon.de\/gp\/product\/3788812702\/ref=as_li_tl?ie=UTF8&#038;camp=1638&#038;creative=19454&#038;creativeASIN=3788812702&#038;linkCode=as2&#038;tag=optsposho-21&#038;linkId=Y4EMIX7XE54DDSXO\" target=\"_blank\" class=\"button success is-success is-medium\" rel=\"nofollow noopener\" >\n\t\t<span>Amazon<\/span>\n\t<\/a>\n\n<a href=\"http:\/\/ad.zanox.com\/ppc\/?30283886C42456355&#038;ULP=http:\/\/www.thalia.de\/shop\/home\/suche\/;jsessionid=8B684651E84438E3C608ABB9B2D6BAAC.tc6pc?sq=Wiederladen+f%FCr+J%E4ger&#038;sswg=ANY&#038;timestamp=1423128355382&#038;ProvID=10911378\" target=\"_blank\" class=\"button success is-success is-medium\" rel=\"nofollow noopener\" >\n\t\t<span>THALIA N\u011aMECKO<\/span>\n\t<\/a>\n\n<a href=\"http:\/\/ad.zanox.com\/ppc\/?30284203C81391933&#038;ULP=http:\/\/www.thalia.at\/shop\/home\/suche\/;jsessionid=91728E029DC6402A03A5A5C0D3B0E461.tc5p?sq=Wiederladen+f%FCr+J%E4ger&#038;sswg=ANY&#038;timestamp=1423128379272&#038;ProvID=10910929\" target=\"_blank\" class=\"button success is-success is-medium\" rel=\"nofollow noopener\" >\n\t\t<span>TH\u00c1LIE RAKOUSKO<\/span>\n\t<\/a>","protected":false},"featured_media":9932,"comment_status":"open","ping_status":"closed","template":"","meta":{"inline_featured_image":false,"footnotes":""},"product_brand":[],"product_cat":[74],"product_tag":[422,427],"class_list":{"0":"post-9931","1":"product","2":"type-product","3":"status-publish","4":"has-post-thumbnail","6":"product_cat-buchtipps-buecher","7":"product_tag-buchtipp","8":"product_tag-wiederladen-buch","10":"first","11":"instock","12":"taxable","13":"shipping-taxable","14":"product-type-simple"},"bundled_by":[],"bundle_stock_status":"instock","bundle_stock_quantity":null,"bundle_virtual":false,"bundle_layout":"","bundle_add_to_cart_form_location":"","bundle_editable_in_cart":false,"bundle_sold_individually_context":"","bundle_item_grouping":"","bundle_min_size":"","bundle_max_size":"","bundle_price":[],"bundled_items":[],"bundle_sell_ids":[],"_links":{"self":[{"href":"https:\/\/ddoptics.shop\/cs\/wp-json\/wp\/v2\/product\/9931","targetHints":{"allow":["GET"]}}],"collection":[{"href":"https:\/\/ddoptics.shop\/cs\/wp-json\/wp\/v2\/product"}],"about":[{"href":"https:\/\/ddoptics.shop\/cs\/wp-json\/wp\/v2\/types\/product"}],"replies":[{"embeddable":true,"href":"https:\/\/ddoptics.shop\/cs\/wp-json\/wp\/v2\/comments?post=9931"}],"version-history":[{"count":1,"href":"https:\/\/ddoptics.shop\/cs\/wp-json\/wp\/v2\/product\/9931\/revisions"}],"predecessor-version":[{"id":29104,"href":"https:\/\/ddoptics.shop\/cs\/wp-json\/wp\/v2\/product\/9931\/revisions\/29104"}],"wp:featuredmedia":[{"embeddable":true,"href":"https:\/\/ddoptics.shop\/cs\/wp-json\/wp\/v2\/media\/9932"}],"wp:attachment":[{"href":"https:\/\/ddoptics.shop\/cs\/wp-json\/wp\/v2\/media?parent=9931"}],"wp:term":[{"taxonomy":"product_brand","embeddable":true,"href":"https:\/\/ddoptics.shop\/cs\/wp-json\/wp\/v2\/product_brand?post=9931"},{"taxonomy":"product_cat","embeddable":true,"href":"https:\/\/ddoptics.shop\/cs\/wp-json\/wp\/v2\/product_cat?post=9931"},{"taxonomy":"product_tag","embeddable":true,"href":"https:\/\/ddoptics.shop\/cs\/wp-json\/wp\/v2\/product_tag?post=9931"}],"curies":[{"name":"wp","href":"https:\/\/api.w.org\/{rel}","templated":true}]}}