{"id":10698,"date":"2017-03-08T00:02:51","date_gmt":"2017-03-07T23:02:51","guid":{"rendered":"https:\/\/beta.optik-sport-shop.at\/?page_id=10698"},"modified":"2026-04-13T20:48:05","modified_gmt":"2026-04-13T18:48:05","slug":"shop-network","status":"publish","type":"page","link":"https:\/\/ddoptics.shop\/en\/shop-netzwerk\/","title":{"rendered":"Shop partnerships in the network"},"content":{"rendered":"<p>We work actively with shop partners to make our message of \"holistic health\" accessible to as many people as possible, along with the purchase of favourite products. Our ultimate goal is to restore and protect health through radiation-free living and sleeping, supplemented with valuable and effective products.<\/p>\n<p><strong>We are proud to work with each of the following partners through their online shops. CLICK AHEAD is a must!<\/strong><\/p>\n\n\t<div id=\"col-1380655255\" class=\"col medium-1\/1 large-12\"  data-animate=\"fadeInDown\">\n\t\t\t\t<div class=\"col-inner\"  >\n\t\t\t\n\t\t\t\n<div class=\"container section-title-container\" ><h3 class=\"section-title section-title-bold\"><b aria-hidden=\"true\"><\/b><span class=\"section-title-main\" >Alpen Sepp Cheese Shop<\/span><b aria-hidden=\"true\"><\/b><\/h3><\/div>\n<p><img decoding=\"async\" class=\"alignright wp-image-8067\" src=\"https:\/\/pronatur24.shop\/wp-content\/uploads\/2014\/12\/alpensepp_logo_300.png\" alt=\"Alpen Sepp Logo\" width=\"250\" height=\"103\" title=\"\"><\/p>\n<p>We are actively involved in the shop development of the \"Alpen Sepp\" farmers' project. Alpen Sepp stands for valuable products from the Bregenzerwald region in Vorarlberg, Austria. For the first time, it is possible for the end customer to purchase the best alpine cheese directly from the cheese cellar of the alpine dairy with over 300 dairy farmers. Pure culinary delight is guaranteed! Of course, information about the cheese is also \"on board\".<\/p>\n<p>Some of the farmers have holiday rooms and therefore offer a \"farm holiday\". Fun with all the animals on the farm is guaranteed, but the aim is also to provide an insight into the farmer's everyday life. Tasty recipes with Alpine cheese from the baker are also waiting to be discovered. The \"Alpen Sepp K\u00e4seshop\" farm project is rounded off with tourist information from the region and unique hiking routes in the Bregenzerwald.<\/p>\n<p><a title=\"To the Alpen Sepp cheese shop\" href=\"http:\/\/alpensepp.com\/?partner=d3d9446802a44259755d38e6d163e820\" target=\"_blank\" rel=\"noopener\">\" Directly to the Alpen Sepp cheese shop<\/a><\/p>\n\t\n    <div class=\"row\">\n    <div class=\"large-12 col\">\n      <h3 class=\"section-title\"><span>Cheese extract from Alpen Sepp<\/span><\/h3>\n    <\/div>\n  <\/div>\n  \n    <div class=\"row large-columns-4 medium-columns-3 small-columns-2 row-small slider row-slider slider-nav-reveal slider-nav-push\"  data-flickity-options='{&quot;imagesLoaded&quot;: true, &quot;groupCells&quot;: &quot;100%&quot;, &quot;dragThreshold&quot; : 5, &quot;cellAlign&quot;: &quot;left&quot;,&quot;wrapAround&quot;: true,&quot;prevNextButtons&quot;: true,&quot;percentPosition&quot;: true,&quot;pageDots&quot;: false, &quot;rightToLeft&quot;: false, &quot;autoPlay&quot; : false}' >\n\n  <\/div>\n\t\t<\/div>\n\t\t\t\t\t<\/div>\n\n\t\n\n\t<div id=\"col-1493562590\" class=\"col medium-1\/1 large-12\"  data-animate=\"fadeInDown\">\n\t\t\t\t<div class=\"col-inner\"  >\n\t\t\t\n\t\t\t\n<div class=\"container section-title-container\" ><h3 class=\"section-title section-title-bold\"><b aria-hidden=\"true\"><\/b><span class=\"section-title-main\" >Optics sports shop<\/span><b aria-hidden=\"true\"><\/b><\/h3><\/div>\n<p><img decoding=\"async\" class=\"alignright wp-image-13394\" src=\"https:\/\/pronatur24.shop\/wp-content\/uploads\/2015\/01\/optik-sport-shop-logo-300.png\" alt=\"Optik Sport Shop Logo\" width=\"250\" height=\"58\" title=\"\"><\/p>\n<p>The Optik-Sport-Shop is the professional for the eye. No, not an optician!<\/p>\n<p>The Optik-Sport-Shop wants to give people back an eye for nature and the animal world. In our hectic everyday lives, we all too often forget that we have to live in harmony with nature in order to be able to live ourselves. Far too often it happens that our environment has to bear the costs of our comfort and luxury, many people no longer realise this dependency and symbiosis.<\/p>\n<p>The Optik-Sport-Shop would like to convey a feeling for nature and animals through your vision and thus touch your heart. Experience the beauty of nature and the biodiversity of the animal world with your own eyes. Reconnect with nature through your eyes - incredible moments await your discovery. Optik-Sport-Shop...your eyes will make EYES.<\/p>\n<p><a title=\"To the Optik-Sport-Shop\" href=\"http:\/\/ddoptics.shop\/en\/\" target=\"_blank\" rel=\"noopener\">\" Directly to the Optik-Sport-Shop<\/a><\/p>\n\t\t<\/div>\n\t\t\t\t\t<\/div>\n\n\t\n\n\t<div id=\"col-130335339\" class=\"col medium-1\/1 large-12\"  data-animate=\"fadeInDown\">\n\t\t\t\t<div class=\"col-inner\"  >\n\t\t\t\n\t\t\t\n<div class=\"container section-title-container\" ><h3 class=\"section-title section-title-bold\"><b aria-hidden=\"true\"><\/b><span class=\"section-title-main\" >Practice LebensPuls<\/span><b aria-hidden=\"true\"><\/b><\/h3><\/div>\n<p><img decoding=\"async\" class=\"alignright wp-image-13395\" src=\"https:\/\/pronatur24.shop\/wp-content\/uploads\/2015\/01\/praxis-lebenspuls-logo_300.png\" alt=\"NaturPraxis LebenPuls Logo\" width=\"250\" height=\"109\" title=\"\"><\/p>\n<p>Andrea Mussmann from the LebenPuls practice would describe herself as follows: \"<em>I am a mediator for people and animals. The health of two-legged friends is very important to me, but my heart beats above all for our four-legged companions - our pets. They share their lives with us and are an important member of the family. I help you to understand your pet and to maintain their health as well as your own.<\/em>\"<\/p>\n<p>The LebensPuls practice works on an energetic level with kinesiology, Bach flowers, herbs, aromatic oils and healing stones and can now present impressive results. In 2014, the practice launched an online shop with healthy care products for animals and humans based on aloe vera. It also offers more than just special pet food for dogs and cats. With the pet food brand defu, everything fits down to the last detail. It starts with the species-appropriate rearing of farm animals - say HELLO to demeter quality for your pet. Demeter, because organic simply says too much about the origin.<\/p>\n<p><a title=\"To the LebensPuls practice\" href=\"http:\/\/lebenspuls.com\" target=\"_blank\" rel=\"noopener\">\" Directly to the LebensPuls practice<\/a><\/p>\n\t\n    <div class=\"row\">\n    <div class=\"large-12 col\">\n      <h3 class=\"section-title\"><span>Pet food extract from the LebensPuls practice<\/span><\/h3>\n    <\/div>\n  <\/div>\n  \n    <div class=\"row large-columns-4 medium-columns-3 small-columns-2 row-small slider row-slider slider-nav-reveal slider-nav-push\"  data-flickity-options='{&quot;imagesLoaded&quot;: true, &quot;groupCells&quot;: &quot;100%&quot;, &quot;dragThreshold&quot; : 5, &quot;cellAlign&quot;: &quot;left&quot;,&quot;wrapAround&quot;: true,&quot;prevNextButtons&quot;: true,&quot;percentPosition&quot;: true,&quot;pageDots&quot;: false, &quot;rightToLeft&quot;: false, &quot;autoPlay&quot; : false}' >\n\n  <\/div>\n\t\t<\/div>\n\t\t\t\t\t<\/div>\n\n\t\n\n\t<div id=\"col-247852072\" class=\"col medium-1\/1 large-12\"  data-animate=\"fadeInDown\">\n\t\t\t\t<div class=\"col-inner\"  >\n\t\t\t\n\t\t\t\n<div class=\"container section-title-container\" ><h3 class=\"section-title section-title-bold\"><b aria-hidden=\"true\"><\/b><span class=\"section-title-main\" >1000 vases<\/span><b aria-hidden=\"true\"><\/b><\/h3><\/div>\n<p><img decoding=\"async\" class=\"alignright wp-image-13396\" src=\"https:\/\/pronatur24.shop\/wp-content\/uploads\/2015\/01\/1000vasen-logo_300.png\" alt=\"1000 vases logo\" width=\"250\" height=\"289\" title=\"\"><\/p>\n<p>In co-operation with Elmar Kalb, the Design Manufaktur in Dornbirn (AT), the idea for simple room embellishment in the flat or house was born. People spend a lot of time within their own four walls and we thought that a play of glass and colour would bring form and life to their own LIFE.<\/p>\n<p>The \"1000 Vases\" idea does not yet have an online shop, but the showroom in Dornbirn is a real eye-catcher!<\/p>\n<p>1000 vases ... simply more beautiful living!<\/p>\n<p><a title=\"Directly to 1000Vases\" href=\"http:\/\/1000vasen.com\" target=\"_blank\" rel=\"noopener\">\" Directly to 1000 vases<\/a><\/p>\n\t\t<\/div>\n\t\t\t\t\t<\/div>\n\n\t\n<p>&nbsp;<\/p>","protected":false},"excerpt":{"rendered":"<p>Wir arbeiten aktiv mit Shop-Partnern zusammen um unsere Botschaft f\u00fcr die &#8220;ganzheitliche Gesundheit&#8221; m\u00f6glichst vielen Menschen zug\u00e4nglich zu machen, begleitend zum Einkauf liebgewonnener Produkte. Gesundheit wiederzufinden und zu sch\u00fctzen durch strahlenfrei wohnen und schlafen, erg\u00e4nzt mit wertvollen und wirksamen Produkten ist unser hohes Ziel. Wir sind stolz mit jedem der nachfolgenden Partner \u00fcber deren Onlineshops [&#8230;]\n","protected":false},"author":3,"featured_media":0,"parent":0,"menu_order":0,"comment_status":"closed","ping_status":"closed","template":"page-left-sidebar.php","meta":{"inline_featured_image":false,"footnotes":""},"class_list":["post-10698","page","type-page","status-publish","hentry"],"_links":{"self":[{"href":"https:\/\/ddoptics.shop\/en\/wp-json\/wp\/v2\/pages\/10698","targetHints":{"allow":["GET"]}}],"collection":[{"href":"https:\/\/ddoptics.shop\/en\/wp-json\/wp\/v2\/pages"}],"about":[{"href":"https:\/\/ddoptics.shop\/en\/wp-json\/wp\/v2\/types\/page"}],"author":[{"embeddable":true,"href":"https:\/\/ddoptics.shop\/en\/wp-json\/wp\/v2\/users\/3"}],"replies":[{"embeddable":true,"href":"https:\/\/ddoptics.shop\/en\/wp-json\/wp\/v2\/comments?post=10698"}],"version-history":[{"count":0,"href":"https:\/\/ddoptics.shop\/en\/wp-json\/wp\/v2\/pages\/10698\/revisions"}],"wp:attachment":[{"href":"https:\/\/ddoptics.shop\/en\/wp-json\/wp\/v2\/media?parent=10698"}],"curies":[{"name":"wp","href":"https:\/\/api.w.org\/{rel}","templated":true}]}}