{"id":14708,"date":"2019-06-04T12:39:41","date_gmt":"2019-06-04T10:39:41","guid":{"rendered":"https:\/\/ddoptics.shop\/?page_id=14708"},"modified":"2020-08-16T13:09:48","modified_gmt":"2020-08-16T11:09:48","slug":"riflescope-sport-training-and-competition","status":"publish","type":"page","link":"https:\/\/ddoptics.shop\/en\/zielfernrohr-sport-training-und-wettkampf\/","title":{"rendered":"Zielfernrohr f\u00fcr Schie\u00dfsport &#8211; Training und Wettkampf"},"content":{"rendered":"<h1 class=\"page-title category-title\">Recommendation: Ideal riflescope for sport shooting - especially training, competition and long range shooting<\/h1>\n<div class=\"category-description std\">\n<div class=\"category-description std\">\n<p>Many manufacturers subdivide the various <strong>Scope lines<\/strong> basically into a <strong>Favourable and a premium class<\/strong>. This distinction was and is never made at DDoptics.<\/p>\n<p>This means that a <strong>Cheap glass for the less affluent customer<\/strong> and the <strong>expensive for the financially strong customer<\/strong>. In a broader sense, this leads to <strong>Brand management perspective to a kind of \"club compulsion\"<\/strong> and many are saving up for a premium product and have to make sacrifices on other very important issues such as the <strong>Save on ZF assembly<\/strong> (a big mistake).<\/p>\n<blockquote><p><strong><img decoding=\"async\" class=\"alignright wp-image-11210\" src=\"https:\/\/ddoptics.shop\/wp-content\/uploads\/2016\/09\/DDoptics-Logo.jpg\" alt=\"DDoptics logo\" width=\"300\" height=\"200\" title=\"\" srcset=\"https:\/\/ddoptics.shop\/wp-content\/uploads\/2016\/09\/DDoptics-Logo.jpg 600w, https:\/\/ddoptics.shop\/wp-content\/uploads\/2016\/09\/DDoptics-Logo-304x203.jpg 304w, https:\/\/ddoptics.shop\/wp-content\/uploads\/2016\/09\/DDoptics-Logo-305x203.jpg 305w, https:\/\/ddoptics.shop\/wp-content\/uploads\/2016\/09\/DDoptics-Logo-510x340.jpg 510w, https:\/\/ddoptics.shop\/wp-content\/uploads\/2016\/09\/DDoptics-Logo-250x167.jpg 250w\" sizes=\"(max-width: 300px) 100vw, 300px\" \/>What we really like about DDoptics:<\/strong><\/p>\n<ul style=\"list-style-type: circle;\">\n<li>At DDoptics, the further development of the individual ZF products is proceeding with a generation increase. The <strong>Customer always receives the best ZF according to the current state of development.<\/strong><\/li>\n<li>The best price\/performance ratio is achieved through reasonable quantities and without expensive advertising in traditional media.<\/li>\n<\/ul>\n<\/blockquote>\n<p>Result: Every customer receives a DDoptics quality riflescope with maximum features such as<\/p>\n<ul>\n<li>Riflescopes are variable 4x zoom or 6x zoom<\/li>\n<li>Reticle in the 2nd image plane<\/li>\n<li>Maximum possible coatings and light transmissions above 95%<\/li>\n<li>Parallax adjustment is standard<\/li>\n<li>Illuminated dot is standard<\/li>\n<li>From Gen 3 - Zerostop for ASV<\/li>\n<\/ul>\n<h3>What generally makes a good <a href=\"https:\/\/de.wikipedia.org\/wiki\/Sportschie%C3%9Fen\" target=\"_blank\" rel=\"noopener noreferrer\">Telescopic sight for shooting sports<\/a> out?<\/h3>\n<ul>\n<li>The riflescope lenses:<br \/>\n- The quality of the coating (=anti-reflective coating) and the lenses<br \/>\n- The light transmission (=brightness in the field of vision) between 95 and 97%<br \/>\n- The edge sharpness (= image at the edge of the field of view)<br \/>\n- The option to adjust the sharpness of the lenses (parallax adjustment)<\/li>\n<li>The riflescope reticle:<br \/>\n- With and without lighting (helps at dusk)<\/li>\n<li>The scope adjustment:<br \/>\n- Left-right and height adjustment not too rough<br \/>\n- Repeatability must be guaranteed<br \/>\n- Robustness against shocks and shots<br \/>\n- Quick and easy<\/li>\n<\/ul>\n<h3>The ideal riflescope for the <a href=\"https:\/\/ddoptics.shop\/en\/riflescopes-for-sport-shooting-and-competition\/\" target=\"_blank\" rel=\"noopener noreferrer\">sport shooting<\/a><\/h3>\n<p>This category is primarily concerned with the <strong>use of the telescopic sight and the price relationship to the rifle<\/strong>. It probably makes no sense to mount a \u20ac1000 sight on a KK rifle (22lr) for \u20ac300.<\/p>\n<p>For high-precision long guns in the<strong> Precision calibre 338 Lapua or 308 Win<\/strong> when wide <strong>Shots up to e.g. 1000 m<\/strong> gefordert sind sieht die Sache ein wenig anders aus. Hier wird dann eine 5-30 variable Vergr\u00f6sserung eher passend sein. F\u00fcr das<strong> dynamic IPSC shooting<\/strong> wird eine Zieloptik mit 25 oder 42 mm Objektiv und grossem Sehfeld zur raschen Zielerfassung das beste sein.<\/p>\n<blockquote><p>In sport shooting, the sporting discipline decides on the right target optics.<\/p><\/blockquote>\n<p><strong>IF comparison and suitability according to lens diameter<\/strong><\/p>\n<table style=\"width: 835px;\">\n<tbody>\n<tr>\n<td style=\"width: 113px;\"><strong>Luminous intensity<\/strong><\/td>\n<td style=\"width: 176.778px;\"><strong>Lens diameter<\/strong><\/td>\n<td style=\"width: 527.222px;\"><strong>Utilisation<\/strong><\/td>\n<\/tr>\n<tr>\n<td style=\"width: 113px;\">low<\/td>\n<td style=\"width: 176.778px;\">25 mm<\/td>\n<td style=\"width: 527.222px;\">ZF for driven hunts<\/td>\n<\/tr>\n<tr>\n<td style=\"width: 113px;\">Medium to high<\/td>\n<td style=\"width: 176.778px;\">42 mm, <a href=\"https:\/\/ddoptics.shop\/en\/shop\/rifle-scope\/riflescope-objective-diameter\/50-mm-lens-diameter\/\" target=\"_blank\" rel=\"noopener noreferrer\">50 mm<\/a><\/td>\n<td style=\"width: 527.222px;\">All-round ZF Ideal until (late) dusk, stalking, mountain hunting<\/td>\n<\/tr>\n<tr>\n<td style=\"width: 113px;\">Very high<\/td>\n<td style=\"width: 176.778px;\">56 mm, 60 mm<\/td>\n<td style=\"width: 527.222px;\">Heavier night glasses for hide hunting<\/td>\n<\/tr>\n<\/tbody>\n<\/table>\n<p><strong>ZV comparison and suitability after enlargement<\/strong><\/p>\n<table>\n<tbody>\n<tr>\n<td><strong>Enlargement:<\/strong><\/td>\n<td><strong>small<\/strong><\/td>\n<\/tr>\n<tr>\n<td>1-6x<\/td>\n<td>Ideal for stalking and driven hunts - shots at short distances<\/td>\n<\/tr>\n<tr>\n<td><strong>Magnification<\/strong><\/td>\n<td><strong>medium<\/strong><\/td>\n<\/tr>\n<tr>\n<td>\u00a0up to 15x<\/td>\n<td>Ideal for many hunting applications such as hide hunting, stalking and mountain hunting<\/td>\n<\/tr>\n<tr>\n<td><strong>Magnification<\/strong><\/td>\n<td><strong>high<\/strong><\/td>\n<\/tr>\n<tr>\n<td>\u00a0up to 30x<\/td>\n<td>\u00a0Riflescope for sports and long-range shots in the mountains, use as a replacement for a spotting scope<\/td>\n<\/tr>\n<\/tbody>\n<\/table>\n<\/div>\n<\/div>","protected":false},"excerpt":{"rendered":"<p>Empfehlung: Ideales Zielfernrohr f\u00fcr Sportschie\u00dfen &#8211; speziell Training, Wettkampf und Long Range Schie\u00dfen Viele Hersteller unterteilen bei den verschiedene Zielfernrohr-Linien grunds\u00e4tzlich in eine G\u00fcnstige und eine Premium Klasse. Diese Unterscheidung wurde und wird bei DDoptics nie gemacht. Das bedeutet n\u00e4mlich, ein billiges Glas f\u00fcr den nicht so finanzkr\u00e4ftigen Kunden und das teure f\u00fcr den finanzkr\u00e4ftigen [&#8230;]\n","protected":false},"author":2,"featured_media":0,"parent":0,"menu_order":0,"comment_status":"closed","ping_status":"closed","template":"","meta":{"inline_featured_image":false,"footnotes":""},"class_list":["post-14708","page","type-page","status-publish","hentry"],"_links":{"self":[{"href":"https:\/\/ddoptics.shop\/en\/wp-json\/wp\/v2\/pages\/14708","targetHints":{"allow":["GET"]}}],"collection":[{"href":"https:\/\/ddoptics.shop\/en\/wp-json\/wp\/v2\/pages"}],"about":[{"href":"https:\/\/ddoptics.shop\/en\/wp-json\/wp\/v2\/types\/page"}],"author":[{"embeddable":true,"href":"https:\/\/ddoptics.shop\/en\/wp-json\/wp\/v2\/users\/2"}],"replies":[{"embeddable":true,"href":"https:\/\/ddoptics.shop\/en\/wp-json\/wp\/v2\/comments?post=14708"}],"version-history":[{"count":2,"href":"https:\/\/ddoptics.shop\/en\/wp-json\/wp\/v2\/pages\/14708\/revisions"}],"predecessor-version":[{"id":24814,"href":"https:\/\/ddoptics.shop\/en\/wp-json\/wp\/v2\/pages\/14708\/revisions\/24814"}],"wp:attachment":[{"href":"https:\/\/ddoptics.shop\/en\/wp-json\/wp\/v2\/media?parent=14708"}],"curies":[{"name":"wp","href":"https:\/\/api.w.org\/{rel}","templated":true}]}}