{"id":15087,"date":"2019-06-05T12:09:37","date_gmt":"2019-06-05T10:09:37","guid":{"rendered":"https:\/\/ddoptics.shop\/?page_id=15087"},"modified":"2019-06-06T11:18:59","modified_gmt":"2019-06-06T09:18:59","slug":"binoculars-binoculars-hunting-for-stalking-in-the-mountains","status":"publish","type":"page","link":"https:\/\/ddoptics.shop\/en\/fernglas-fernglaeser-jagd-fuer-ansitz-pirsch-gebirge\/","title":{"rendered":"Binoculars or binoculars for hunting - hide, stalking, mountains"},"content":{"rendered":"<div class=\"page-title category-title\">\n<h1>Recommendation: Ideal binoculars for hunting, especially hide, stalking and mountain hunting<\/h1>\n<p>When hunting, binoculars must be very robust.<\/p>\n<p><strong>Hunters and huntresses<\/strong> belong, alongside ornithologists, to the <strong>most demanding customers for binoculars<\/strong>. Due to the many different hunting requirements, binoculars for hunters must first of all be particularly robust.<\/p>\n<p>Observed and <strong>Hunting takes place in both summer and winter<\/strong>. Temperatures and weather conditions can be very unfavourable. Cold, snow, rain and fog can demand a lot from binoculars. The main thing here is to have high-quality binoculars that can function in all environmental conditions.<\/p>\n<p>Based on these considerations, it makes a lot of sense to opt for quality instead of choosing binoculars from the cheap price segment in the short term.<\/p>\n<h2>The right binoculars depend on the hunter's type of use<\/h2>\n<p>If you are mainly on the prowl, you should go to <strong>a model with about 8x magnification<\/strong> reach. A big advantage of these binoculars is generally the large field of view. If, on the other hand, you are more in the hide, a higher magnification is advisable. <strong>At 10x magnification, good binoculars also have a large field of view of approx. 115 m at 1000 m<\/strong>. If you are hunting in the mountains, 10x is also an ideal choice. Experience has shown that a minimum lens diameter of 42 mm is recommended for 10x binoculars, as the larger lenses increase the size and weight of the binoculars. The higher weight in turn increases the <strong>Inertia of the mass<\/strong> and the \"trembling\" (transmission through the hand) of the binoculars is avoided.<\/p>\n<h3><span style=\"color: #333333;\">Light intensity - a major issue when sitting game - twilight hunting<\/span><\/h3>\n<p>If you use your binoculars mainly in the <strong>Dusk or dawn<\/strong> If you want to use a lens with a high magnification, you should make sure that the lens diameter is as large as possible so that a good view is guaranteed even in low light. Traditionally, the 56 mm lens with 8x magnification is always recommended. In recent years, however, glass types have improved in terms of light transmission to such an extent that even <strong>7\u00d742 and 8\u00d742 extreme brightnesses<\/strong> can demonstrate. Relying solely on the calculated twilight number is no longer permitted.<\/p>\n<p>It is important to know that extreme brightness is usually at the expense of colour rendering. This is why the greatest compromise usually has to be made here.<\/p>\n<blockquote><p>As a hunter, you unfortunately have to make compromises if you only want 1 pair of binoculars<\/p><\/blockquote>\n<p>As the different applications in hunting show, if you only want to buy one pair of binoculars, you will always have to make compromises. The optimum model for each type of hunting is fundamentally different and is also the reason why many hunters often own 2-3 pairs of binoculars.<\/p>\n<p>An advantage with <strong>DDoptics is that you can buy at least 2 binoculars for the price of one binocular from a high-price brand.<\/strong> without having to compromise.<\/p>\n<h3>An ideal hunting combination from DDoptics, for example<\/h3>\n<p><strong>8\u00d730 + 8\u00d756 or 10\u00d756 or one 8\u00d730 + 10\u00d742<\/strong><\/p>\n<\/div>\n<div class=\"category-description std\">\n<h3>General binocular comparison and suitability according to objective lens diameter<\/h3>\n<table border=\"0\">\n<tbody>\n<tr>\n<td><strong>Luminous intensity<\/strong><\/td>\n<td><strong>Lens<\/strong><\/td>\n<td><strong>Utilisation<\/strong><\/td>\n<\/tr>\n<tr>\n<td>low<\/td>\n<td>25mm<\/td>\n<td>Lightweight and small pocket binoculars Ideal for normal lighting conditions<\/td>\n<\/tr>\n<tr>\n<td>medium<\/td>\n<td>30mm, 32mm<\/td>\n<td>Small all-round binoculars Ideal until early twilight<\/td>\n<\/tr>\n<tr>\n<td>medium higher<\/td>\n<td>42mm, 45mm<\/td>\n<td>All-round binoculars Ideal until (late) dusk<\/td>\n<\/tr>\n<tr>\n<td>high<\/td>\n<td>50mm, 56mm, 60mm<\/td>\n<td>Heavier night glasses for astronomy, for low light conditions, in the evening and at night<\/td>\n<\/tr>\n<\/tbody>\n<\/table>\n<h3>Comparison of binoculars and suitability by magnification<\/h3>\n<table border=\"0\">\n<tbody>\n<tr>\n<td><strong>Magnification<\/strong><\/td>\n<td><strong>medium<\/strong><\/td>\n<\/tr>\n<tr>\n<td>\u00a07x, 8x, 8.5x, 10x, 10.5x<\/td>\n<td>\u00a0Binoculars for sport, nature observation, astronomy, travel, ornithology, safari, observation<br \/>\n<strong>General scope for selection:\u00a0<\/strong>Small and handy with low light intensity or high light intensity with normal size and weight<\/td>\n<\/tr>\n<tr>\n<td><strong>Magnification<\/strong><\/td>\n<td><strong>high<\/strong><\/td>\n<\/tr>\n<tr>\n<td>\u00a012x, 15x<\/td>\n<td>\u00a0Binoculars for birdwatching, nature observation, safari, security, surveillance or border protection<\/td>\n<\/tr>\n<\/tbody>\n<\/table>\n<\/div>","protected":false},"excerpt":{"rendered":"<p>Empfehlung: Ideales Fernglas f\u00fcr die Jagd speziell Ansitz, Pirsch, Gebirge Auf der Jagd muss ein Fernglas vor allem eines, es muss sehr robust sein. J\u00e4ger und J\u00e4gerinnen geh\u00f6ren, neben den Ornithologen, zu den anspruchsvollsten Kunden f\u00fcr Ferngl\u00e4ser. Aufgrund der vielen unterschiedlichen, jagdlichen Anforderungen, m\u00fcssen Ferngl\u00e4ser f\u00fcr J\u00e4ger zuerst einmal ganz besonders robust gebaut sein. Beobachtet [&#8230;]\n","protected":false},"author":2,"featured_media":0,"parent":0,"menu_order":0,"comment_status":"closed","ping_status":"closed","template":"","meta":{"inline_featured_image":false,"footnotes":""},"class_list":["post-15087","page","type-page","status-publish","hentry"],"_links":{"self":[{"href":"https:\/\/ddoptics.shop\/en\/wp-json\/wp\/v2\/pages\/15087","targetHints":{"allow":["GET"]}}],"collection":[{"href":"https:\/\/ddoptics.shop\/en\/wp-json\/wp\/v2\/pages"}],"about":[{"href":"https:\/\/ddoptics.shop\/en\/wp-json\/wp\/v2\/types\/page"}],"author":[{"embeddable":true,"href":"https:\/\/ddoptics.shop\/en\/wp-json\/wp\/v2\/users\/2"}],"replies":[{"embeddable":true,"href":"https:\/\/ddoptics.shop\/en\/wp-json\/wp\/v2\/comments?post=15087"}],"version-history":[{"count":0,"href":"https:\/\/ddoptics.shop\/en\/wp-json\/wp\/v2\/pages\/15087\/revisions"}],"wp:attachment":[{"href":"https:\/\/ddoptics.shop\/en\/wp-json\/wp\/v2\/media?parent=15087"}],"curies":[{"name":"wp","href":"https:\/\/api.w.org\/{rel}","templated":true}]}}