{"id":15101,"date":"2019-06-05T18:18:21","date_gmt":"2019-06-05T16:18:21","guid":{"rendered":"https:\/\/ddoptics.shop\/?page_id=15101"},"modified":"2019-06-06T09:27:33","modified_gmt":"2019-06-06T07:27:33","slug":"binoculars-binoculars-observation-observation-animals-plants-mountains-people","status":"publish","type":"page","link":"https:\/\/ddoptics.shop\/en\/fernglas-fernglaeser-beobachtung-observation-tiere-pflanzen-berge-menschen\/","title":{"rendered":"Fernglas bzw. Ferngl\u00e4ser f\u00fcr Naturbeobachtung &#8211; Tiere, Pflanzen, Insekten, Berge, Observation"},"content":{"rendered":"<div class=\"page-title category-title\">\n<h1>Recommendation: Ideal binoculars for nature observation - animals, plants, insects, mountains, observation and observation<\/h1>\n<\/div>\n<div class=\"category-description std\">\n<div class=\"category-description std\">\n<div class=\"category-description std\">\n<div class=\"page-title category-title\">\n<p>The <strong>Nature observation <\/strong>z\u00e4hlt wie die\u00a0Vogelbeobachtung zu einem<strong>\u00a0of the most important areas of application for binoculars.<\/strong> <strong>Many outdoor enthusiasts\u00a0<\/strong>want to get to know nature even better. They observe so many situations from a distance as if they were right in the middle of them. When choosing the right binoculars, it's all about personal preferences for image reproduction and the available budget. <strong>Four characteristics are important when choosing the right binoculars<\/strong> decisive:<\/p>\n<ol>\n<li>Resolution of the binoculars - image sharpness<\/li>\n<li>Colour reproduction - absolutely true to life<\/li>\n<li>Brightness in coordination with the colour rendering<\/li>\n<li>Vern\u00fcnftige, angenehme Randsch\u00e4rfe &#8211; ein wenig Randsch\u00e4rfe entspricht der Natur des Auges<\/li>\n<li>m\u00f6glichst gro\u00dfes Sehfeld um das ganze Bild r\u00e4umlich zu erleben<\/li>\n<\/ol>\n<h2>Special requirements for binoculars for observing nature<\/h2>\n<p><strong>Binoculars handiness<\/strong><\/p>\n<p>On the <strong>\"Picture hunting\" in nature<\/strong>\u00a0it is very important that you have the binoculars quickly to hand and that they are not bulky. It is best if they can be gripped easily with one hand.<\/p>\n<p>The situation is different if the<strong> Binoculars with thread on tripod<\/strong> and makes continuous observations. Then a weight of 1.6 kg, for example, does not matter. For all freehand observations, we recommend a maximum weight of 900 grams.<\/p>\n<p><strong>Flexibility and focussing travel of the adjustment wheel<\/strong><\/p>\n<p>Occasionally you have to pan back and forth a lot. Many animals are almost always on the move. You have to <strong>Then frequently refocus the image<\/strong>as the distance also changes frequently. With binoculars, it is therefore important that the focussing can always be adjusted very finely and, above all, without play. It is also very important that the focussing wheel does not have to be turned for too long to get the \"fast image\" in focus. This is best tested directly on the binoculars. It is important that the<strong> \"Focusing speed of the rotation\"<\/strong> is matched to the rotational resistance.<\/p>\n<p>The magnification has a direct effect on the <strong>Binoculars focusing<\/strong> from: Binoculars with <strong>7x magnification<\/strong> need to be focussed less often than 12x binoculars.<\/p>\n<h3>Binoculars image quality for optimum nature observation and monitoring<\/h3>\n<blockquote><p>Das Wichtigste bei der Naturbeobachtung ist die Bildsch\u00e4rfe gekoppelt mit der Farbwiedergabe! Ausnahme: Wenn man in der D\u00e4mmerung beobachten will werden die Objektive gr\u00f6sser!<\/p><\/blockquote>\n<p>Only if you recognise the fantastic\u00a0<strong>details<\/strong>\u00a0so erkennen kann, wie sie wirklich sind macht es Spa\u00df. Hochwertigste Verg\u00fctungen von Prismen und Linsen sind unumg\u00e4nglich. Bei Dachkantgl\u00e4sern bedeutet das, dass die Prismen \u00fcber eine <strong>Variety of dielectric layers<\/strong> verf\u00fcgen m\u00fcssen. Einzig Ferngl\u00e4ser mit Porro Prismen k\u00f6nnen darauf verzichten &#8211; das kleine Sehfeld h\u00e4lt aber viele davon ob, so ein Fernglas f\u00fcr die Vogelbeobachtung zu verwenden.<\/p>\n<h3>Recommended binoculars for observing nature such as animals, insects, mountains, etc.<\/h3>\n<p>Wir empfehlen f\u00fcr die Naturbeobachtung eine 7-10-fach Vergr\u00f6sserung. F\u00fcr besondere Anwendungen auch h\u00f6her.<\/p>\n<\/div>\n<div class=\"category-description std\">\n<h3>General binocular comparison and suitability according to objective lens diameter<\/h3>\n<table border=\"0\">\n<tbody>\n<tr>\n<td><strong>Luminous intensity<\/strong><\/td>\n<td><strong>Lens<\/strong><\/td>\n<td><strong>Utilisation<\/strong><\/td>\n<\/tr>\n<tr>\n<td>low<\/td>\n<td>25 mm<\/td>\n<td>Lightweight and small pocket binoculars Ideal for normal lighting conditions<\/td>\n<\/tr>\n<tr>\n<td>medium<\/td>\n<td>30 mm, 32 mm<\/td>\n<td>Small all-round binoculars Ideal until early twilight<\/td>\n<\/tr>\n<tr>\n<td>medium higher<\/td>\n<td>42 mm, 45 mm<\/td>\n<td>All-round binoculars Ideal until (late) dusk<\/td>\n<\/tr>\n<tr>\n<td>high<\/td>\n<td>50 mm, 56 mm, 60 mm<\/td>\n<td>Heavier night glasses for astronomy, for low light conditions, in the evening and at night<\/td>\n<\/tr>\n<\/tbody>\n<\/table>\n<h3>Comparison of binoculars and suitability by magnification<\/h3>\n<table border=\"0\">\n<tbody>\n<tr>\n<td><strong>Magnification<\/strong><\/td>\n<td><strong>medium<\/strong><\/td>\n<\/tr>\n<tr>\n<td>\u00a07x, 8x, 8.5x, 10x, 10.5x<\/td>\n<td>\u00a0Binoculars for sport, nature observation, astronomy, travel, ornithology, safari, observation<br \/>\n<strong>General scope for selection:\u00a0<\/strong>Small and handy with low light intensity or high light intensity with normal size and weight<\/td>\n<\/tr>\n<tr>\n<td><strong>Magnification<\/strong><\/td>\n<td><strong>high<\/strong><\/td>\n<\/tr>\n<tr>\n<td>\u00a012x, 15x<\/td>\n<td>\u00a0Binoculars for birdwatching, nature observation, safari, security, surveillance or border protection<\/td>\n<\/tr>\n<\/tbody>\n<\/table>\n<\/div>\n<\/div>\n<\/div>\n<\/div>","protected":false},"excerpt":{"rendered":"<p>Empfehlung: Ideales Fernglas f\u00fcr Naturbeobachtung &#8211; Tiere, Pflanzen, Insekten, Berge, Observation und Beobachtung Die Naturbeobachtung z\u00e4hlt wie die\u00a0Vogelbeobachtung zu einem\u00a0der wichtigsten Anwendungsgebiete f\u00fcr Ferngl\u00e4ser. Viele Outdoor Begeisterte\u00a0wollen die Natur noch viel besser kennen lernen. Sie beobachten so viele Situationen aus der Ferne als ob sie\u00a0\u00a0mittendrin w\u00e4ren. Bei der Auswahl des passenden Fernglases geht es hier [&#8230;]\n","protected":false},"author":2,"featured_media":0,"parent":0,"menu_order":0,"comment_status":"closed","ping_status":"closed","template":"","meta":{"inline_featured_image":false,"footnotes":""},"class_list":["post-15101","page","type-page","status-publish","hentry"],"_links":{"self":[{"href":"https:\/\/ddoptics.shop\/en\/wp-json\/wp\/v2\/pages\/15101","targetHints":{"allow":["GET"]}}],"collection":[{"href":"https:\/\/ddoptics.shop\/en\/wp-json\/wp\/v2\/pages"}],"about":[{"href":"https:\/\/ddoptics.shop\/en\/wp-json\/wp\/v2\/types\/page"}],"author":[{"embeddable":true,"href":"https:\/\/ddoptics.shop\/en\/wp-json\/wp\/v2\/users\/2"}],"replies":[{"embeddable":true,"href":"https:\/\/ddoptics.shop\/en\/wp-json\/wp\/v2\/comments?post=15101"}],"version-history":[{"count":0,"href":"https:\/\/ddoptics.shop\/en\/wp-json\/wp\/v2\/pages\/15101\/revisions"}],"wp:attachment":[{"href":"https:\/\/ddoptics.shop\/en\/wp-json\/wp\/v2\/media?parent=15101"}],"curies":[{"name":"wp","href":"https:\/\/api.w.org\/{rel}","templated":true}]}}