{"id":1682,"date":"2012-08-20T15:14:48","date_gmt":"2012-08-20T13:14:48","guid":{"rendered":"http:\/\/www.optik-sport-shop.at\/?page_id=1682"},"modified":"2025-10-02T15:01:09","modified_gmt":"2025-10-02T13:01:09","slug":"quill-embroidery","status":"publish","type":"page","link":"https:\/\/ddoptics.shop\/en\/outdoor-wissen\/federkielstickerei\/","title":{"rendered":"Quill embroidery"},"content":{"rendered":"\r\n<h2>Federkielstickerei mit Federkielen<\/h2>\r\n<p>Beim <strong>Federkiel<\/strong> handelt es sich um den <strong>mittleren Teil<\/strong> einer <strong>Vogelfeder<\/strong>. Der <strong>Bezeichnung Federkielstickerei<\/strong> kommt vom verwendeten Stickmaterial.<\/p>\r\n\t<div class=\"img has-hover x md-x lg-x y md-y lg-y\" id=\"image_1210731935\">\n\t\t\t\t\t\t\t\t<div class=\"img-inner dark\" >\n\t\t\t<img decoding=\"async\" width=\"1020\" height=\"268\" src=\"https:\/\/ddoptics.shop\/wp-content\/uploads\/2016\/09\/Federkielstickerei.jpg\" class=\"attachment-large size-large\" alt=\"\" srcset=\"https:\/\/ddoptics.shop\/wp-content\/uploads\/2016\/09\/Federkielstickerei.jpg 1140w, https:\/\/ddoptics.shop\/wp-content\/uploads\/2016\/09\/Federkielstickerei-304x80.jpg 304w, https:\/\/ddoptics.shop\/wp-content\/uploads\/2016\/09\/Federkielstickerei-305x80.jpg 305w, https:\/\/ddoptics.shop\/wp-content\/uploads\/2016\/09\/Federkielstickerei-632x166.jpg 632w, https:\/\/ddoptics.shop\/wp-content\/uploads\/2016\/09\/Federkielstickerei-800x211.jpg 800w, https:\/\/ddoptics.shop\/wp-content\/uploads\/2016\/09\/Federkielstickerei-250x66.jpg 250w, https:\/\/ddoptics.shop\/wp-content\/uploads\/2016\/09\/Federkielstickerei-510x134.jpg 510w\" sizes=\"(max-width: 1020px) 100vw, 1020px\" title=\"\">\t\t\t\t\t\t\n\t\t\t\t\t<\/div>\n\t\t\t\t\t\t\t\t\n<style>\n#image_1210731935 {\n  width: 100%;\n}\n<\/style>\n\t<\/div>\n\t\r\n<p>In der Federkielstickerei werden mit den <strong>gespaltenen Kielen (Federkiele)<\/strong> der Oberschwanzfedern vom <strong>Pfau Vogel<\/strong> in <strong>kunstvoller Handarbeit lederne Geldtaschen, Handtaschen und andere Lederwaren<\/strong> bestickt.<\/p>\r\n<table border=\"0\">\r\n<tbody>\r\n<tr>\r\n<td>\r\n<figure id=\"attachment_10122\" aria-describedby=\"caption-attachment-10122\" style=\"width: 300px\" class=\"wp-caption aligncenter\"><img decoding=\"async\" class=\"size-full wp-image-10122\" src=\"https:\/\/ddoptics.shop\/wp-content\/uploads\/2012\/08\/pfauenfeder-300x165.jpg\" alt=\"Pfauenfeder von vorne\" width=\"300\" height=\"165\" title=\"\" srcset=\"https:\/\/ddoptics.shop\/wp-content\/uploads\/2012\/08\/pfauenfeder-300x165.jpg 300w, https:\/\/ddoptics.shop\/wp-content\/uploads\/2012\/08\/pfauenfeder-300x165-250x138.jpg 250w\" sizes=\"(max-width: 300px) 100vw, 300px\" \/><figcaption id=\"caption-attachment-10122\" class=\"wp-caption-text\">Pfauenfeder von vorne f\u00fcr Federkielstickerei<\/figcaption><\/figure>\r\n<\/td>\r\n<td>\r\n<figure id=\"attachment_10123\" aria-describedby=\"caption-attachment-10123\" style=\"width: 300px\" class=\"wp-caption aligncenter\"><img decoding=\"async\" class=\"size-full wp-image-10123\" src=\"https:\/\/ddoptics.shop\/wp-content\/uploads\/2012\/08\/pfauenfeder-hinten-300x165.jpg\" alt=\"Pfauenfeder von hinten\" width=\"300\" height=\"165\" title=\"\" srcset=\"https:\/\/ddoptics.shop\/wp-content\/uploads\/2012\/08\/pfauenfeder-hinten-300x165.jpg 300w, https:\/\/ddoptics.shop\/wp-content\/uploads\/2012\/08\/pfauenfeder-hinten-300x165-250x138.jpg 250w\" sizes=\"(max-width: 300px) 100vw, 300px\" \/><figcaption id=\"caption-attachment-10123\" class=\"wp-caption-text\">Pfauenfeder von hinten f\u00fcr Federkielstickerei<\/figcaption><\/figure>\r\n<\/td>\r\n<\/tr>\r\n<\/tbody>\r\n<\/table>\r\n<p>Aus <strong>Pfauenfedern<\/strong> werden gleichm\u00e4\u00dfige F\u00e4den aus der zuvor von Flaum und Auge getrennten Feder gespalten. Die Kunst des Federkielstickens gibt es seit \u00fcber 200 Jahren. Fr\u00fcher wurde dieses Handwerk von der Zunft der Riemer ausgef\u00fchrt.<\/p>\r\n<p>Die Hauptbedeutung liegt bei der <strong>Dekoration von Trachtenmode<\/strong>, insbesondere der Tr\u00e4ger von <strong>Lederhosen<\/strong> und <strong>Ranzen<\/strong>.<\/p>\r\n<h3>Federkiel Stickerei Verbreitung<\/h3>\r\n<p>Verbreitet ist sie als <strong>Handwerk vor allem im Alpenraum<\/strong> S\u00fcddeutschlands, im Tiroler Raum, dem Salzburger Land und dem Salzkammergut. Nur mehr wenige handwerkliche Spezialisten beherrschen heute diese Fertigkeit.<\/p>\r\n<div class=\"video video-fit mb\" style=\"padding-top:56.25%;\"><iframe title=\"\u2661 \u2588\u2584[\u0332\u0305o\u0332\u0305]\u2665[\u0332\u0305e\u0332\u0305] \u2661  PIED PEACOCK  *\u2022.\u00b8\u00b8. \u0f72\u2665\u0f80\" width=\"1020\" height=\"574\" src=\"https:\/\/www.youtube.com\/embed\/6SlgpOzWuFU?feature=oembed\" frameborder=\"0\" allow=\"accelerometer; autoplay; clipboard-write; encrypted-media; gyroscope; picture-in-picture; web-share\" referrerpolicy=\"strict-origin-when-cross-origin\" allowfullscreen><\/iframe><\/div>\r\n<p>Gerade Heute wo das Tragen von Tracht wieder aktuell ist, sind diese Spezialisten sehr gefragt.<\/p>\r\n<h3><a href=\"https:\/\/de.wikipedia.org\/wiki\/Federkielstickerei#:~:text=In%20der%20Federkielstickerei%20werden%20mit,Handtaschen%20und%20andere%20Lederwaren%20bestickt.\" target=\"_blank\" rel=\"noopener sponsored\">Federkiel Stickerei<\/a> \u2013 Geschichtlicher Hintergrund<\/h3>\r\n<p>Die Federkielstickerei war <strong>fr\u00fcher<\/strong> ein <strong>Ausdruck des Standes<\/strong>. <strong>Je reicher, umso \u00fcppiger<\/strong> die Stickerei auf den <strong>Ranzen<\/strong> (=<strong>Prunkg\u00fcrtel f\u00fcr M\u00e4nnertrachten<\/strong> mit teils integrierter Geldtasche) oder Hosentr\u00e4gern.<\/p>\r\n<p>Eine solche Tracht war daher ein <strong>betr\u00e4chtliches Statussymbol<\/strong>.\u00a0Eine in diesem Verfahren gefertigte Lederhose konnte damals den <strong>Gegenwert eines Pferdes<\/strong> erreichen.<\/p>\r\n<h3>Situation Heute<\/h3>\r\n<p>Heutzutage ist das durchaus mit dem Preis eines Kleinwagens zu vergleichen. Tats\u00e4chlich kann auch eine heute gefertigte Lederhose entsprechende Preise erreichen.<\/p>\r\n<p>Bei vielen Trachtenfans ist <strong>Trachtenmode<\/strong> mit Federkielstickerei <strong>Ausdruck der Individualit\u00e4t<\/strong> und vor allem ein besonderer und<a href=\"https:\/\/ddoptics.shop\/shop\/besonderes\/federkiel-stickerei\/\"> <strong>toller Blickfang<\/strong>.<\/a><\/p>\r\n","protected":false},"excerpt":{"rendered":"","protected":false},"author":2,"featured_media":0,"parent":84,"menu_order":0,"comment_status":"closed","ping_status":"open","template":"","meta":{"inline_featured_image":false,"footnotes":""},"class_list":["post-1682","page","type-page","status-publish","hentry"],"_links":{"self":[{"href":"https:\/\/ddoptics.shop\/en\/wp-json\/wp\/v2\/pages\/1682","targetHints":{"allow":["GET"]}}],"collection":[{"href":"https:\/\/ddoptics.shop\/en\/wp-json\/wp\/v2\/pages"}],"about":[{"href":"https:\/\/ddoptics.shop\/en\/wp-json\/wp\/v2\/types\/page"}],"author":[{"embeddable":true,"href":"https:\/\/ddoptics.shop\/en\/wp-json\/wp\/v2\/users\/2"}],"replies":[{"embeddable":true,"href":"https:\/\/ddoptics.shop\/en\/wp-json\/wp\/v2\/comments?post=1682"}],"version-history":[{"count":5,"href":"https:\/\/ddoptics.shop\/en\/wp-json\/wp\/v2\/pages\/1682\/revisions"}],"predecessor-version":[{"id":29038,"href":"https:\/\/ddoptics.shop\/en\/wp-json\/wp\/v2\/pages\/1682\/revisions\/29038"}],"up":[{"embeddable":true,"href":"https:\/\/ddoptics.shop\/en\/wp-json\/wp\/v2\/pages\/84"}],"wp:attachment":[{"href":"https:\/\/ddoptics.shop\/en\/wp-json\/wp\/v2\/media?parent=1682"}],"curies":[{"name":"wp","href":"https:\/\/api.w.org\/{rel}","templated":true}]}}