{"id":29084,"date":"2025-10-03T10:30:51","date_gmt":"2025-10-03T08:30:51","guid":{"rendered":"https:\/\/ddoptics.shop\/?page_id=29084"},"modified":"2025-10-03T10:37:39","modified_gmt":"2025-10-03T08:37:39","slug":"riflescopes-according-to-suitability","status":"publish","type":"page","link":"https:\/\/ddoptics.shop\/en\/zielfernrohre-nach-eignung\/","title":{"rendered":"Riflescopes according to suitability"},"content":{"rendered":"<div class=\"page-title category-title\">\n<h1>Riflescopes according to suitability<\/h1>\n<\/div>\n<div class=\"category-description std\">\n<p><strong>How to find the optimum riflescope for your use with our suitability selection and comparison system!<\/strong><\/p>\n<p>Advice : Here you will receive the most important tips to ensure that your expectations are optimally met when selecting your target optics.<\/p>\n<p><strong>High quality and accurate riflescopes are excellent optics of the latest design!<\/strong><\/p>\n<p>With their variable magnification range, they offer a wide range of applications in competitions and for all types of hunting with different light conditions.<br \/>\nRegardless of the application and the different light and climatic conditions - you must be able to rely on the quality of your riflescope at all times.<\/p>\n<p>Hunters and shooters place the highest demands on the performance of the optical sight - only then will the best weapon deliver optimum overall performance.<br \/>\nThere are riflescopes with constant and variable magnification. Riflescopes with variable magnification allow adjustment according to the intended use. For example, 10x magnification for long-range shooting and only 2.5x magnification for shooting at fleeting game. The reticle (crosshairs) is an important component of a riflescope. The illuminated reticle with the glass fibre illuminated dot II is extremely clear.<\/p>\n<p>Thanks to the glass fibre technology developed by DDoptics, the illuminated dot does not outshine or reflect in any situation. With strong dimming, the illuminated dot not only becomes darker, but also finer.<br \/>\nA high-quality mount ensures a constant, optimum fit on the rifle - even after repeated removal. Well-known mounts are swivel mounts, slide mounts or single-hook mounts such as the Ziegler single-hook mount available from DDoptics.<\/p>\n<table border=\"0\">\n<tbody>\n<tr>\n<td><strong>Type of hunting<\/strong><\/td>\n<td><strong>Utilisation<\/strong><\/td>\n<td><strong>Target optics selection<\/strong><\/td>\n<\/tr>\n<tr>\n<td>Allround<\/td>\n<td>Variable magnifications and objective lens diameters in the centre<br \/>\nrange are light for stalking and offer reserves<br \/>\nin the twilight.<\/td>\n<td>1,5-6\u00d742<br \/>\n2,5-10\u00d750<br \/>\n2,5-15\u00d750<br \/>\n2,5-10\u00d756<\/td>\n<\/tr>\n<tr>\n<td>Seat<\/td>\n<td>Size Magnifications and lens diameters result in a<br \/>\nGood twilight performance - an illuminated reticle is advantageous<\/td>\n<td>2,5-10\u00d750<br \/>\n2,5-10\u00d756<br \/>\n5-30\u00d750<br \/>\n2,5-15\u00d750<\/td>\n<\/tr>\n<tr>\n<td>Stalk<\/td>\n<td>Low magnifications or small lens diameters are<br \/>\npreferable because of their weight or because they are predominantly<br \/>\nbe used in daylight.<\/td>\n<td>1,5-6\u00d742<br \/>\n1-4\u00d724<\/td>\n<\/tr>\n<tr>\n<td>Mountain hunting<\/td>\n<td>Medium variable magnifications and medium lens diameters,<br \/>\nin order to adapt to different distances.<br \/>\nand not carry too much weight.<\/td>\n<td>5-30\u00d750<br \/>\n2,5-15\u00d750<\/td>\n<\/tr>\n<tr>\n<td>Pushing and<\/p>\n<p>Big game<\/td>\n<td>Low magnifications or small lens diameters are<br \/>\nbecause of their weight and higher field of view.<br \/>\nbecause they are also mainly used in daylight.<\/td>\n<td>1,5-6\u00d742<br \/>\n1-4\u00d724<\/td>\n<\/tr>\n<\/tbody>\n<\/table>\n<\/div>","protected":false},"excerpt":{"rendered":"<p>Zielfernrohre nach Eignung Wie Sie mit unserer Eignungsauswahl und dem Vergleichssystem das f\u00fcr Ihren Gebrauch optimale Zielfernrohr finden! Beratung : Hier erhalten Sie die wichtigsten Tipps, damit bei der Auswahl Ihrer Zieloptik auch Ihre Erwartungen optimal erf\u00fcllt werden. Hochqualitatve und genaue Zielfernrohre stellen hervorragende Optiken modernster Bauart dar! Sie bieten mit ihrem variablen Vergr\u00f6\u00dferungsbereich vielf\u00e4ltige [&#8230;]\n","protected":false},"author":2,"featured_media":0,"parent":0,"menu_order":0,"comment_status":"closed","ping_status":"closed","template":"page-blank-title-center.php","meta":{"inline_featured_image":false,"footnotes":""},"class_list":["post-29084","page","type-page","status-publish","hentry"],"_links":{"self":[{"href":"https:\/\/ddoptics.shop\/en\/wp-json\/wp\/v2\/pages\/29084","targetHints":{"allow":["GET"]}}],"collection":[{"href":"https:\/\/ddoptics.shop\/en\/wp-json\/wp\/v2\/pages"}],"about":[{"href":"https:\/\/ddoptics.shop\/en\/wp-json\/wp\/v2\/types\/page"}],"author":[{"embeddable":true,"href":"https:\/\/ddoptics.shop\/en\/wp-json\/wp\/v2\/users\/2"}],"replies":[{"embeddable":true,"href":"https:\/\/ddoptics.shop\/en\/wp-json\/wp\/v2\/comments?post=29084"}],"version-history":[{"count":4,"href":"https:\/\/ddoptics.shop\/en\/wp-json\/wp\/v2\/pages\/29084\/revisions"}],"predecessor-version":[{"id":29088,"href":"https:\/\/ddoptics.shop\/en\/wp-json\/wp\/v2\/pages\/29084\/revisions\/29088"}],"wp:attachment":[{"href":"https:\/\/ddoptics.shop\/en\/wp-json\/wp\/v2\/media?parent=29084"}],"curies":[{"name":"wp","href":"https:\/\/api.w.org\/{rel}","templated":true}]}}