{"id":762,"date":"2012-05-13T10:49:31","date_gmt":"2012-05-13T08:49:31","guid":{"rendered":"http:\/\/www.optik-sport-shop.at\/?page_id=762"},"modified":"2012-05-13T10:49:31","modified_gmt":"2012-05-13T08:49:31","slug":"meaning-loden","status":"publish","type":"page","link":"https:\/\/ddoptics.shop\/en\/outdoor-wissen\/loden\/bedeutung-loden\/","title":{"rendered":"Meaning Loden"},"content":{"rendered":"<h2>The importance of loden<\/h2>\n<p>As <strong>purely natural product made from pure new wool<\/strong> is loden <strong>superior to synthetic materials in many respects.<\/strong> Unlike synthetics, the material can withstand continuous rain for longer (with the exception of membrane technologies) and <strong>warms even when wet<\/strong>.<\/p>\n<p>One positive aspect, for example, is that the <strong>Clothing hardly takes on any odour<\/strong> and, for example, remains relatively odourless even after long periods in smoking rooms.<\/p>\n<p>Loden is a <strong>handcrafted natural product<\/strong>crease-resistant and ideal for manual labour. <strong>relatively inexpensive product.<\/strong><\/p>\n<h3>Loden importance in hunting<\/h3>\n<p>Loden is in <strong>still an interesting material for many hunters in our latitudes.<\/strong> <strong>Low dead weight<\/strong>depending on thickness <strong>Good thermal insulation<\/strong>and the proverbial <strong>Silence<\/strong> are qualities that many hunters appreciate.<\/p>\n<p><object width=\"600\" height=\"400\" classid=\"clsid:d27cdb6e-ae6d-11cf-96b8-444553540000\" codebase=\"http:\/\/download.macromedia.com\/pub\/shockwave\/cabs\/flash\/swflash.cab#version=6,0,40,0\"><param name=\"allowFullScreen\" value=\"true\" \/><param name=\"allowscriptaccess\" value=\"always\" \/><param name=\"src\" value=\"http:\/\/www.youtube.com\/v\/_okXTp4p3PA?version=3&amp;hl=de_DE&amp;rel=0\" \/><param name=\"allowfullscreen\" value=\"true\" \/><embed width=\"600\" height=\"400\" type=\"application\/x-shockwave-flash\" src=\"http:\/\/www.youtube.com\/v\/_okXTp4p3PA?version=3&amp;hl=de_DE&amp;rel=0\" allowfullscreen=\"true\" allowscriptaccess=\"always\" \/><\/object><\/p>\n<p>The <strong>made of wool<\/strong> won, <strong>pure natural product loden<\/strong> is also <strong>Extremely water-repellent<\/strong> und l\u00e4sst nicht viel Wind durch. Richtig wind- und wasserdicht wird es aber erst mit einem speziellen Innenfutter. Loden wird wie andere Outdoor Materialien in unterschiedlicher Qualit\u00e4t hergestellt.<\/p>\n<p><strong>High-quality loden<\/strong> consists of one <strong>large percentage of pure wool<\/strong>the <strong>today, a proportion of llama or alpaca hair is often added.<\/strong> <strong>Synthetic fibre content<\/strong> however, are by no means a sign of inferior quality, but are in no way a sign of inferior quality. <strong>to increase elasticity and firmness<\/strong> incorporated. This is where loden is at a disadvantage. It is not particularly tear-resistant. Loden takes constant rubbing in exposed areas particularly badly. This is because the heat-insulating and water-repellent properties are quickly lost in these areas.<\/p>","protected":false},"excerpt":{"rendered":"<p>Die Bedeutung von Loden Als rein nat\u00fcrliches Produkt aus reiner Schurwolle ist Loden synthetischen Materialien in vielen Aspekten \u00fcberlegen. Anders als Synthetik h\u00e4lt das Material l\u00e4nger einem Dauerregen stand (ausgenommen Membrantechnologien) und w\u00e4rmt auch in nassem Zustand. Positiv f\u00e4llt zum Beispiel auf, dass die Kleidung kaum Geruch annimmt und beispielsweise auch nach l\u00e4ngerem Aufenthalt in [&#8230;]\n","protected":false},"author":2,"featured_media":0,"parent":737,"menu_order":0,"comment_status":"open","ping_status":"open","template":"","meta":{"inline_featured_image":false,"footnotes":""},"class_list":["post-762","page","type-page","status-publish","hentry"],"_links":{"self":[{"href":"https:\/\/ddoptics.shop\/en\/wp-json\/wp\/v2\/pages\/762","targetHints":{"allow":["GET"]}}],"collection":[{"href":"https:\/\/ddoptics.shop\/en\/wp-json\/wp\/v2\/pages"}],"about":[{"href":"https:\/\/ddoptics.shop\/en\/wp-json\/wp\/v2\/types\/page"}],"author":[{"embeddable":true,"href":"https:\/\/ddoptics.shop\/en\/wp-json\/wp\/v2\/users\/2"}],"replies":[{"embeddable":true,"href":"https:\/\/ddoptics.shop\/en\/wp-json\/wp\/v2\/comments?post=762"}],"version-history":[{"count":0,"href":"https:\/\/ddoptics.shop\/en\/wp-json\/wp\/v2\/pages\/762\/revisions"}],"up":[{"embeddable":true,"href":"https:\/\/ddoptics.shop\/en\/wp-json\/wp\/v2\/pages\/737"}],"wp:attachment":[{"href":"https:\/\/ddoptics.shop\/en\/wp-json\/wp\/v2\/media?parent=762"}],"curies":[{"name":"wp","href":"https:\/\/api.w.org\/{rel}","templated":true}]}}