{"id":10619,"date":"2017-03-06T15:40:47","date_gmt":"2017-03-06T14:40:47","guid":{"rendered":"https:\/\/beta.optik-sport-shop.at\/?page_id=10619"},"modified":"2025-11-05T12:24:52","modified_gmt":"2025-11-05T11:24:52","slug":"formas-de-pago","status":"publish","type":"page","link":"https:\/\/ddoptics.shop\/es\/zahlungsarten\/","title":{"rendered":"Formas de pago en Optik Sport Shop"},"content":{"rendered":"<div id=\"gap-1336609420\" class=\"gap-element clearfix\" style=\"display:block; height:auto;\">\n\t\t\n<style>\n#gap-1336609420 {\n  padding-top: 60px;\n}\n<\/style>\n\t<\/div>\n\t\n\n  <div class=\"banner has-hover\" id=\"banner-2059301116\">\n          <div class=\"banner-inner fill\">\n        <div class=\"banner-bg fill\" >\n            <img decoding=\"async\" width=\"1140\" height=\"300\" src=\"https:\/\/ddoptics.shop\/wp-content\/uploads\/2017\/03\/zahlungsmethoden-optik-sport-shop_1140.jpg\" class=\"bg attachment-orginal size-orginal\" alt=\"formas de pago optik sport shop\" title=\"\">                        <div class=\"overlay\"><\/div>            \n                    <\/div>\n\t\t\n        <div class=\"banner-layers container\">\n            <div class=\"fill banner-link\"><\/div>            \n   <div id=\"text-box-273093030\" class=\"text-box banner-layer x50 md-x50 lg-x50 y50 md-y50 lg-y50 res-text\">\n                                <div class=\"text-box-content text dark\">\n              \n              <div class=\"text-inner text-center\">\n                  \n\t<div id=\"gap-1614108224\" class=\"gap-element clearfix\" style=\"display:block; height:auto;\">\n\t\t\n<style>\n#gap-1614108224 {\n  padding-top: 100px;\n}\n<\/style>\n\t<\/div>\n\t\n<h1 class=\"uppercase\"><span style=\"font-size: 80%;\">FORMAS DE PAGO<\/span><\/h1>\n              <\/div>\n           <\/div>\n                            \n<style>\n#text-box-273093030 {\n  width: 60%;\n}\n#text-box-273093030 .text-box-content {\n  font-size: 100%;\n}\n<\/style>\n    <\/div>\n \n        <\/div>\n      <\/div>\n\n              <div class=\"height-fix is-invisible\"><img decoding=\"async\" width=\"1140\" height=\"300\" src=\"https:\/\/ddoptics.shop\/wp-content\/uploads\/2017\/03\/zahlungsmethoden-optik-sport-shop_1140.jpg\" class=\"attachment-orginal size-orginal\" alt=\"formas de pago optik sport shop\" srcset=\"https:\/\/ddoptics.shop\/wp-content\/uploads\/2017\/03\/zahlungsmethoden-optik-sport-shop_1140.jpg 1140w, https:\/\/ddoptics.shop\/wp-content\/uploads\/2017\/03\/zahlungsmethoden-optik-sport-shop_1140-304x80.jpg 304w, https:\/\/ddoptics.shop\/wp-content\/uploads\/2017\/03\/zahlungsmethoden-optik-sport-shop_1140-305x80.jpg 305w, https:\/\/ddoptics.shop\/wp-content\/uploads\/2017\/03\/zahlungsmethoden-optik-sport-shop_1140-632x166.jpg 632w, https:\/\/ddoptics.shop\/wp-content\/uploads\/2017\/03\/zahlungsmethoden-optik-sport-shop_1140-800x211.jpg 800w, https:\/\/ddoptics.shop\/wp-content\/uploads\/2017\/03\/zahlungsmethoden-optik-sport-shop_1140-250x66.jpg 250w, https:\/\/ddoptics.shop\/wp-content\/uploads\/2017\/03\/zahlungsmethoden-optik-sport-shop_1140-510x134.jpg 510w\" sizes=\"(max-width: 1140px) 100vw, 1140px\" title=\"\"><\/div>\n            \n<style>\n#banner-2059301116 .overlay {\n  background-color: rgba(0, 0, 0, 0.17);\n}\n<\/style>\n  <\/div>\n\n\n<div class=\"row\"  id=\"row-1486357370\">\n\n\t<div id=\"col-58491926\" class=\"col small-12 large-12\"  >\n\t\t\t\t<div class=\"col-inner\"  >\n\t\t\t\n\t\t\t\n<h2>C\u00f3mo pagar c\u00f3modamente en Optik Sport Shop<\/h2>\n<p>Cuando se nos ocurri\u00f3 la idea de la tienda Optik Sport, era muy importante para nosotros que el proceso de pago fuera lo m\u00e1s sencillo y c\u00f3modo posible. Para lograr este objetivo, lo m\u00e1s f\u00e1cil es ofrecer todas las opciones de pago conocidas y populares. Esto deber\u00eda facilitarle, como cliente, la realizaci\u00f3n de su pedido electr\u00f3nico.<\/p>\n<h3>Nuevo: Compra a cuenta - seguridad para ambas partes<\/h3>\n<p>Debido a las numerosas consultas de los clientes, todos los<strong> Productos \u00f3pticos mediante compra a cuenta<\/strong> - tras la aprobaci\u00f3n de Klarna - disponible para la compra.<\/p>\n<div class=\"container section-title-container\" ><h3 class=\"section-title section-title-bold\"><b aria-hidden=\"true\"><\/b><span class=\"section-title-main\" >Pago anticipado<\/span><b aria-hidden=\"true\"><\/b><\/h3><\/div>\n<p>En cuanto recibamos su transferencia bancaria (para el pago por adelantado), prepararemos su paquete para el env\u00edo. Esperaremos un m\u00e1ximo de 7 d\u00edas a recibir su transferencia bancaria, transcurridos los cuales cancelaremos su pedido. <strong>Tenga en cuenta lo siguiente:<\/strong> Las transferencias bancarias (tambi\u00e9n en l\u00ednea) pueden tardar de 1 a 3 d\u00edas laborables de DE a AT. Por lo tanto, le aconsejamos que no pague por adelantado los pedidos urgentes.<\/p>\n<div class=\"container section-title-container\" ><h3 class=\"section-title section-title-bold\"><b aria-hidden=\"true\"><\/b><span class=\"section-title-main\" >Tarjeta de cr\u00e9dito<\/span><b aria-hidden=\"true\"><\/b><\/h3><\/div>\n<p><img decoding=\"async\" class=\"alignright size-full wp-image-10637\" src=\"https:\/\/ddoptics.shop\/wp-content\/uploads\/2017\/03\/kreditkarte-optik-sport-shop_300.jpg\" alt=\"\" width=\"100\" height=\"70\" title=\"\">Nosotros <strong>admite VISA y MasterCard <\/strong>y para ello utilizamos el proveedor de servicios financieros Stripe. Necesitamos que nos facilite los siguientes datos: <strong>N\u00famero de tarjeta, validez, empresa de la tarjeta de cr\u00e9dito <\/strong>y el<strong> D\u00edgito de control de su tarjeta de cr\u00e9dito<\/strong>.<\/p>\n<p>Con VISA y MasterCard, el d\u00edgito de control es un n\u00famero de tres cifras que figura en el reverso de la tarjeta. Este <strong>garantizado<\/strong> el<strong> Seguridad en los pagos<\/strong> en Internet. Su tarjeta de cr\u00e9dito tambi\u00e9n puede activarse para el C\u00f3digo 3-D Secure.<\/p>\n<div class=\"container section-title-container\" ><h3 class=\"section-title section-title-bold\"><b aria-hidden=\"true\"><\/b><span class=\"section-title-main\" >PayPal<\/span><b aria-hidden=\"true\"><\/b><\/h3><\/div>\n<p><img decoding=\"async\" class=\"alignright size-full wp-image-10639\" src=\"https:\/\/ddoptics.shop\/wp-content\/uploads\/2017\/03\/paypal-optik-sport-shop_300.jpg\" alt=\"\" width=\"118\" height=\"30\" title=\"\">PayPal es ahora sin\u00f3nimo en todo el mundo de su seguridad a la hora de realizar pagos. Tras la compra, se le remitir\u00e1 a paypal.com para que realice el pago. Con este m\u00e9todo de pago, su pedido se enviar\u00e1 inmediatamente, a veces el mismo d\u00eda. Tenga en cuenta que nuestros d\u00edas de env\u00edo dependen del pa\u00eds de destino. No cobramos gastos de tramitaci\u00f3n adicionales por este m\u00e9todo de pago.<\/p>\n<p>En colaboraci\u00f3n con el proveedor de servicios financieros Klarna, ofrecemos a los clientes de Austria, Alemania y todos los dem\u00e1s pa\u00edses activados la <strong>Compra a cuenta como opci\u00f3n de pago<\/strong>. El plazo de pago de <strong>Factura Klarna 14 d\u00edas a partir de la fecha de factura.<\/strong> En <strong>La factura se emitir\u00e1 en el momento del env\u00edo de la mercanc\u00eda y se enviar\u00e1 por correo electr\u00f3nico o junto con la mercanc\u00eda.<\/strong>.<\/p>\n<p>Tenga en cuenta que el m\u00e9todo de pago a cuenta s\u00f3lo puede utilizarse si\u00a0<strong>La direcci\u00f3n de facturaci\u00f3n y la de entrega son id\u00e9nticas<\/strong> y su domicilio particular (sin direcci\u00f3n de empresa ni apartado de correos).<\/p>\n<div class=\"container section-title-container\" ><h3 class=\"section-title section-title-bold\"><b aria-hidden=\"true\"><\/b><span class=\"section-title-main\" >Klarna<\/span><b aria-hidden=\"true\"><\/b><\/h3><\/div>\n<p><strong><img decoding=\"async\" class=\"alignright size-full wp-image-10636\" src=\"https:\/\/ddoptics.shop\/wp-content\/uploads\/2017\/03\/klarna-rechnung-optik-sport-shop_300.jpg\" alt=\"\" width=\"109\" height=\"30\" title=\"\">El pago se realiza a Klarna.<\/strong> Tenga en cuenta que <strong>Factura Klarna s\u00f3lo para consumidores<\/strong> est\u00e1 disponible. Encontrar\u00e1 m\u00e1s informaci\u00f3n y las condiciones completas de Klarna para la compra a cuenta en <a href=\"https:\/\/cdn.klarna.com\/1.0\/shared\/content\/legal\/terms\/31492\/de_at\/invoice?fee=0,90\" target=\"_blank\" rel=\"noopener noreferrer\">AQU\u00cd para clientes de Austria<\/a> resp. <a href=\"https:\/\/cdn.klarna.com\/1.0\/shared\/content\/legal\/terms\/31492\/de_de\/invoice?fee=0,90\" target=\"_blank\" rel=\"noopener noreferrer\">AQU\u00cd para clientes de Alemania<\/a>. Cobramos una tasa de servicio de 1,50 \u20ac por pedido al comprar en la cuenta de Klarna.<\/p>\n<p><strong><img decoding=\"async\" class=\"alignright size-full wp-image-10635\" src=\"https:\/\/ddoptics.shop\/wp-content\/uploads\/2017\/03\/klarna-ratenkauf-optik-sport-shop_300.jpg\" alt=\"\" width=\"109\" height=\"30\" title=\"\">Compra a plazos Klarna (exclusivamente para clientes de Alemania)<\/strong><br \/>Con el servicio de financiaci\u00f3n de Klarna, puede pagar su compra de forma flexible en cuotas mensuales de al menos 1\/24 del importe total (pero de al menos 6,95 euros).<\/p>\n\t<div id=\"gap-1567605283\" class=\"gap-element clearfix\" style=\"display:block; height:auto;\">\n\t\t\n<style>\n#gap-1567605283 {\n  padding-top: 30px;\n}\n<\/style>\n\t<\/div>\n\t\n<div class=\"is-divider divider clearfix\" style=\"max-width:100%;height:1px;\"><\/div>\n<p>Sujeto a errores de imprenta y de composici\u00f3n tipogr\u00e1fica. Estado: 01.01.2025<\/p>\n\t\t<\/div>\n\t\t\t\t\t<\/div>\n\n\t\n<\/div>","protected":false},"excerpt":{"rendered":"","protected":false},"author":2,"featured_media":0,"parent":0,"menu_order":0,"comment_status":"closed","ping_status":"closed","template":"page-transparent-header.php","meta":{"inline_featured_image":false,"footnotes":""},"class_list":["post-10619","page","type-page","status-publish","hentry"],"_links":{"self":[{"href":"https:\/\/ddoptics.shop\/es\/wp-json\/wp\/v2\/pages\/10619","targetHints":{"allow":["GET"]}}],"collection":[{"href":"https:\/\/ddoptics.shop\/es\/wp-json\/wp\/v2\/pages"}],"about":[{"href":"https:\/\/ddoptics.shop\/es\/wp-json\/wp\/v2\/types\/page"}],"author":[{"embeddable":true,"href":"https:\/\/ddoptics.shop\/es\/wp-json\/wp\/v2\/users\/2"}],"replies":[{"embeddable":true,"href":"https:\/\/ddoptics.shop\/es\/wp-json\/wp\/v2\/comments?post=10619"}],"version-history":[{"count":12,"href":"https:\/\/ddoptics.shop\/es\/wp-json\/wp\/v2\/pages\/10619\/revisions"}],"predecessor-version":[{"id":29416,"href":"https:\/\/ddoptics.shop\/es\/wp-json\/wp\/v2\/pages\/10619\/revisions\/29416"}],"wp:attachment":[{"href":"https:\/\/ddoptics.shop\/es\/wp-json\/wp\/v2\/media?parent=10619"}],"curies":[{"name":"wp","href":"https:\/\/api.w.org\/{rel}","templated":true}]}}