{"id":10698,"date":"2017-03-08T00:02:51","date_gmt":"2017-03-07T23:02:51","guid":{"rendered":"https:\/\/beta.optik-sport-shop.at\/?page_id=10698"},"modified":"2017-06-27T15:04:26","modified_gmt":"2017-06-27T13:04:26","slug":"red-de-tiendas","status":"publish","type":"page","link":"https:\/\/ddoptics.shop\/es\/shop-netzwerk\/","title":{"rendered":"Asociaciones comerciales en la red"},"content":{"rendered":"<p>Trabajamos activamente con los socios de las tiendas para que nuestro mensaje de \"salud hol\u00edstica\" llegue al mayor n\u00famero de personas posible, junto con la compra de los productos favoritos. Nuestro objetivo \u00faltimo es restablecer y proteger la salud mediante una vida y un sue\u00f1o sin radiaciones, complementados con productos valiosos y eficaces.<\/p>\n<p><strong>Estamos orgullosos de trabajar con cada uno de los siguientes socios a trav\u00e9s de sus tiendas en l\u00ednea. \u00a1CLICK AHEAD es imprescindible!<\/strong><\/p>\n\n\t<div id=\"col-1126122307\" class=\"col medium-1\/1 large-12\"  data-animate=\"fadeInDown\">\n\t\t\t\t<div class=\"col-inner\"  >\n\t\t\t\n\t\t\t\n<div class=\"container section-title-container\" ><h3 class=\"section-title section-title-bold\"><b aria-hidden=\"true\"><\/b><span class=\"section-title-main\" >Queser\u00eda Alpen Sepp<\/span><b aria-hidden=\"true\"><\/b><\/h3><\/div>\n<p><img decoding=\"async\" class=\"alignright wp-image-8067\" src=\"https:\/\/pronatur24.shop\/wp-content\/uploads\/2014\/12\/alpensepp_logo_300.png\" alt=\"Logotipo Alpen Sepp\" width=\"250\" height=\"103\" title=\"\"><\/p>\n<p>Participamos activamente en el desarrollo de la tienda del proyecto de agricultores \"Alpen Sepp\". Alpen Sepp es sin\u00f3nimo de productos valiosos de la regi\u00f3n de Bregenzerwald, en Vorarlberg (Austria). Por primera vez, es posible que el cliente final adquiera el mejor queso alpino directamente de la bodega de la queser\u00eda alpina con m\u00e1s de 300 productores l\u00e1cteos. El placer culinario est\u00e1 garantizado. Por supuesto, la informaci\u00f3n sobre el queso tambi\u00e9n est\u00e1 \"a bordo\".<\/p>\n<p>Algunos de los granjeros disponen de habitaciones de vacaciones, por lo que ofrecen unas \"vacaciones en la granja\". La diversi\u00f3n con todos los animales de la granja est\u00e1 garantizada, pero el objetivo es tambi\u00e9n ofrecer una visi\u00f3n de la vida cotidiana del granjero. Tambi\u00e9n esperan a ser descubiertas sabrosas recetas con queso alpino del panadero. El proyecto de granja \"Alpen Sepp K\u00e4seshop\" se completa con informaci\u00f3n tur\u00edstica de la regi\u00f3n y rutas de senderismo \u00fanicas en el Bregenzerwald.<\/p>\n<p><a title=\"A la queser\u00eda Alpen Sepp\" href=\"http:\/\/alpensepp.com\/?partner=d3d9446802a44259755d38e6d163e820\" target=\"_blank\" rel=\"noopener\">\" Directamente a la queser\u00eda Alpen Sepp<\/a><\/p>\n\t\n    <div class=\"row\">\n    <div class=\"large-12 col\">\n      <h3 class=\"section-title\"><span>Extracto de queso de Alpen Sepp<\/span><\/h3>\n    <\/div>\n  <\/div>\n  \n    <div class=\"row large-columns-4 medium-columns-3 small-columns-2 row-small slider row-slider slider-nav-reveal slider-nav-push\"  data-flickity-options='{&quot;imagesLoaded&quot;: true, &quot;groupCells&quot;: &quot;100%&quot;, &quot;dragThreshold&quot; : 5, &quot;cellAlign&quot;: &quot;left&quot;,&quot;wrapAround&quot;: true,&quot;prevNextButtons&quot;: true,&quot;percentPosition&quot;: true,&quot;pageDots&quot;: false, &quot;rightToLeft&quot;: false, &quot;autoPlay&quot; : false}' >\n\n  <\/div>\n\t\t<\/div>\n\t\t\t\t\t<\/div>\n\n\t\n\n\t<div id=\"col-343801722\" class=\"col medium-1\/1 large-12\"  data-animate=\"fadeInDown\">\n\t\t\t\t<div class=\"col-inner\"  >\n\t\t\t\n\t\t\t\n<div class=\"container section-title-container\" ><h3 class=\"section-title section-title-bold\"><b aria-hidden=\"true\"><\/b><span class=\"section-title-main\" >Tienda de \u00f3ptica deportiva<\/span><b aria-hidden=\"true\"><\/b><\/h3><\/div>\n<p><img decoding=\"async\" class=\"alignright wp-image-13394\" src=\"https:\/\/pronatur24.shop\/wp-content\/uploads\/2015\/01\/optik-sport-shop-logo-300.png\" alt=\"Logotipo de Optik Sport Shop\" width=\"250\" height=\"58\" title=\"\"><\/p>\n<p>El Optik-Sport-Shop es el profesional para el ojo. No, \u00a1no es un \u00f3ptico!<\/p>\n<p>La tienda Optik-Sport-Shop quiere devolver a la gente el gusto por la naturaleza y el mundo animal. En nuestro ajetreado d\u00eda a d\u00eda, olvidamos con demasiada frecuencia que tenemos que vivir en armon\u00eda con la naturaleza para poder vivir nosotros. Demasiado a menudo ocurre que nuestro entorno tiene que soportar los costes de nuestra comodidad y lujo, mucha gente ya no se da cuenta de esta dependencia y simbiosis.<\/p>\n<p>La tienda Optik-Sport-Shop desea transmitir a trav\u00e9s de su vista un sentimiento por la naturaleza y los animales y llegar as\u00ed a su coraz\u00f3n. Experimenta la belleza de la naturaleza y la biodiversidad del mundo animal con tus propios ojos. Vuelve a conectar con la naturaleza a trav\u00e9s de tus ojos: te esperan momentos incre\u00edbles por descubrir. Optik-Sport-Shop...tus ojos har\u00e1n OJO.<\/p>\n<p><a title=\"A la Optik-Sport-Shop\" href=\"http:\/\/optik-sport-shop.at\" target=\"_blank\" rel=\"noopener\">\" Directamente a la Optik-Sport-Shop<\/a><\/p>\n\t\t<\/div>\n\t\t\t\t\t<\/div>\n\n\t\n\n\t<div id=\"col-413047793\" class=\"col medium-1\/1 large-12\"  data-animate=\"fadeInDown\">\n\t\t\t\t<div class=\"col-inner\"  >\n\t\t\t\n\t\t\t\n<div class=\"container section-title-container\" ><h3 class=\"section-title section-title-bold\"><b aria-hidden=\"true\"><\/b><span class=\"section-title-main\" >Pr\u00e1ctica LebensPuls<\/span><b aria-hidden=\"true\"><\/b><\/h3><\/div>\n<p><img decoding=\"async\" class=\"alignright wp-image-13395\" src=\"https:\/\/pronatur24.shop\/wp-content\/uploads\/2015\/01\/praxis-lebenspuls-logo_300.png\" alt=\"NaturPraxis LebenPuls Logotipo\" width=\"250\" height=\"109\" title=\"\"><\/p>\n<p>Andrea Mussmann, de la consulta LebenPuls, se describir\u00eda as\u00ed: \"<em>Soy mediadora entre personas y animales. La salud de los amigos de dos patas es muy importante para m\u00ed, pero mi coraz\u00f3n late sobre todo por nuestros compa\u00f1eros de cuatro patas: nuestras mascotas. Comparten su vida con nosotros y son un miembro importante de la familia. Le ayudo a comprender a su mascota y a mantener su salud tanto como la suya propia.<\/em>\"<\/p>\n<p>La consulta LebensPuls trabaja a nivel energ\u00e9tico con kinesiolog\u00eda, flores de Bach, hierbas, aceites arom\u00e1ticos y piedras curativas, y ahora puede presentar resultados impresionantes. En 2014, la consulta lanz\u00f3 una tienda online con productos de cuidado saludable para animales y humanos a base de aloe vera. Tambi\u00e9n ofrece algo m\u00e1s que comida especial para perros y gatos. Con la marca de alimentos para mascotas defu, todo encaja hasta el \u00faltimo detalle. Comienza con la cr\u00eda de animales de granja adecuados a cada especie: diga HOLA a la calidad demeter para su mascota. Demeter, porque lo ecol\u00f3gico dice demasiado sobre el origen.<\/p>\n<p><a title=\"A la consulta de LebensPuls\" href=\"http:\/\/lebenspuls.com\" target=\"_blank\" rel=\"noopener\">\" Directamente a la consulta de LebensPuls<\/a><\/p>\n\t\n    <div class=\"row\">\n    <div class=\"large-12 col\">\n      <h3 class=\"section-title\"><span>Extracto de comida para mascotas de la pr\u00e1ctica LebensPuls<\/span><\/h3>\n    <\/div>\n  <\/div>\n  \n    <div class=\"row large-columns-4 medium-columns-3 small-columns-2 row-small slider row-slider slider-nav-reveal slider-nav-push\"  data-flickity-options='{&quot;imagesLoaded&quot;: true, &quot;groupCells&quot;: &quot;100%&quot;, &quot;dragThreshold&quot; : 5, &quot;cellAlign&quot;: &quot;left&quot;,&quot;wrapAround&quot;: true,&quot;prevNextButtons&quot;: true,&quot;percentPosition&quot;: true,&quot;pageDots&quot;: false, &quot;rightToLeft&quot;: false, &quot;autoPlay&quot; : false}' >\n\n  <\/div>\n\t\t<\/div>\n\t\t\t\t\t<\/div>\n\n\t\n\n\t<div id=\"col-347521324\" class=\"col medium-1\/1 large-12\"  data-animate=\"fadeInDown\">\n\t\t\t\t<div class=\"col-inner\"  >\n\t\t\t\n\t\t\t\n<div class=\"container section-title-container\" ><h3 class=\"section-title section-title-bold\"><b aria-hidden=\"true\"><\/b><span class=\"section-title-main\" >1000 jarrones<\/span><b aria-hidden=\"true\"><\/b><\/h3><\/div>\n<p><img decoding=\"async\" class=\"alignright wp-image-13396\" src=\"https:\/\/pronatur24.shop\/wp-content\/uploads\/2015\/01\/1000vasen-logo_300.png\" alt=\"Logotipo de 1000 jarrones\" width=\"250\" height=\"289\" title=\"\"><\/p>\n<p>En colaboraci\u00f3n con Elmar Kalb, Design Manufaktur de Dornbirn (AT), surgi\u00f3 la idea de embellecer de forma sencilla las habitaciones de un piso o una casa. La gente pasa mucho tiempo entre sus propias cuatro paredes y pensamos que un juego de cristal y color dar\u00eda forma y vida a su propia VIDA.<\/p>\n<p>La idea de los \"1000 jarrones\" a\u00fan no tiene tienda en l\u00ednea, pero la sala de exposiciones de Dornbirn es todo un reclamo.<\/p>\n<p>1000 jarrones ... \u00a1simplemente una vida m\u00e1s bella!<\/p>\n<p><a title=\"Directamente a 1000Vases\" href=\"http:\/\/1000vasen.com\" target=\"_blank\" rel=\"noopener\">\" Directamente a 1000 jarrones<\/a><\/p>\n\t\t<\/div>\n\t\t\t\t\t<\/div>\n\n\t\n<p>&nbsp;<\/p>","protected":false},"excerpt":{"rendered":"<p>Wir arbeiten aktiv mit Shop-Partnern zusammen um unsere Botschaft f\u00fcr die &#8220;ganzheitliche Gesundheit&#8221; m\u00f6glichst vielen Menschen zug\u00e4nglich zu machen, begleitend zum Einkauf liebgewonnener Produkte. Gesundheit wiederzufinden und zu sch\u00fctzen durch strahlenfrei wohnen und schlafen, erg\u00e4nzt mit wertvollen und wirksamen Produkten ist unser hohes Ziel. Wir sind stolz mit jedem der nachfolgenden Partner \u00fcber deren Onlineshops [&#8230;]\n","protected":false},"author":3,"featured_media":0,"parent":0,"menu_order":0,"comment_status":"closed","ping_status":"closed","template":"page-left-sidebar.php","meta":{"inline_featured_image":false,"footnotes":""},"class_list":["post-10698","page","type-page","status-publish","hentry"],"_links":{"self":[{"href":"https:\/\/ddoptics.shop\/es\/wp-json\/wp\/v2\/pages\/10698","targetHints":{"allow":["GET"]}}],"collection":[{"href":"https:\/\/ddoptics.shop\/es\/wp-json\/wp\/v2\/pages"}],"about":[{"href":"https:\/\/ddoptics.shop\/es\/wp-json\/wp\/v2\/types\/page"}],"author":[{"embeddable":true,"href":"https:\/\/ddoptics.shop\/es\/wp-json\/wp\/v2\/users\/3"}],"replies":[{"embeddable":true,"href":"https:\/\/ddoptics.shop\/es\/wp-json\/wp\/v2\/comments?post=10698"}],"version-history":[{"count":0,"href":"https:\/\/ddoptics.shop\/es\/wp-json\/wp\/v2\/pages\/10698\/revisions"}],"wp:attachment":[{"href":"https:\/\/ddoptics.shop\/es\/wp-json\/wp\/v2\/media?parent=10698"}],"curies":[{"name":"wp","href":"https:\/\/api.w.org\/{rel}","templated":true}]}}