{"id":11262,"date":"2017-07-06T10:50:29","date_gmt":"2017-07-06T08:50:29","guid":{"rendered":"https:\/\/beta.optik-sport-shop.at\/?page_id=11262"},"modified":"2018-01-18T08:45:16","modified_gmt":"2018-01-18T07:45:16","slug":"filosofia-de-productos","status":"publish","type":"page","link":"https:\/\/ddoptics.shop\/es\/produkte-philosophie\/","title":{"rendered":"Filosof\u00eda de la tienda deportiva DDoptics Optics"},"content":{"rendered":"<div class=\"banner has-hover\" id=\"banner-1896695677\">\n          <div class=\"banner-inner fill\">\n        <div class=\"banner-bg fill\" >\n            <img decoding=\"async\" width=\"1020\" height=\"678\" src=\"https:\/\/ddoptics.shop\/wp-content\/uploads\/2017\/03\/Fernglas-Shop-1600x1064.jpg\" class=\"bg attachment-large size-large\" alt=\"Observaci\u00f3n de la naturaleza con prism\u00e1ticos\" title=\"\">                        <div class=\"overlay\"><\/div>            \n                    <\/div>\n\t\t\n        <div class=\"banner-layers container\">\n            <div class=\"fill banner-link\"><\/div>            \n   <div id=\"text-box-246328350\" class=\"text-box banner-layer x50 md-x50 lg-x50 y50 md-y50 lg-y50 res-text\">\n                                <div class=\"text-box-content text dark\">\n              \n              <div class=\"text-inner text-center\">\n                  \n<h1 class=\"uppercase\">Filosof\u00eda de la tienda DDOPTICS<\/h1>\n<div class=\"social-icons share-icons share-row relative\" ><a href=\"whatsapp:\/\/send?text=DDoptics%20Optik%20Sport%20Shop%20Philosophie - https:\/\/ddoptics.shop\/es\/produkte-philosophie\/\" data-action=\"share\/whatsapp\/share\" class=\"icon button circle is-outline tooltip whatsapp show-for-medium\" title=\"Compartir en WhatsApp\" aria-label=\"Compartir en WhatsApp\"><i class=\"icon-whatsapp\" aria-hidden=\"true\"><\/i><\/a><a href=\"https:\/\/www.facebook.com\/sharer.php?u=https:\/\/ddoptics.shop\/es\/produkte-philosophie\/\" data-label=\"Facebook\" onclick=\"window.open(this.href,this.title,'width=500,height=500,top=300px,left=300px'); return false;\" target=\"_blank\" class=\"icon button circle is-outline tooltip facebook\" title=\"Compartir en Facebook\" aria-label=\"Compartir en Facebook\" rel=\"noopener nofollow\"><i class=\"icon-facebook\" aria-hidden=\"true\"><\/i><\/a><a href=\"https:\/\/twitter.com\/share?url=https:\/\/ddoptics.shop\/es\/produkte-philosophie\/\" onclick=\"window.open(this.href,this.title,'width=500,height=500,top=300px,left=300px'); return false;\" target=\"_blank\" class=\"icon button circle is-outline tooltip twitter\" title=\"Compartir en Twitter\" aria-label=\"Compartir en Twitter\" rel=\"noopener nofollow\"><i class=\"icon-twitter\" aria-hidden=\"true\"><\/i><\/a><a href=\"mailto:?subject=DDoptics%20Optik%20Sport%20Shop%20Philosophie&body=Check%20this%20out%3A%20https%3A%2F%2Fddoptics.shop%2Fes%2Fprodukte-philosophie%2F\" class=\"icon button circle is-outline tooltip email\" title=\"Enviar por email\" aria-label=\"Enviar por email\" rel=\"nofollow\"><i class=\"icon-envelop\" aria-hidden=\"true\"><\/i><\/a><a href=\"https:\/\/pinterest.com\/pin\/create\/button?url=https:\/\/ddoptics.shop\/es\/produkte-philosophie\/&media&description=DDoptics%20Optik%20Sport%20Shop%20Philosophie\" onclick=\"window.open(this.href,this.title,'width=500,height=500,top=300px,left=300px'); return false;\" target=\"_blank\" class=\"icon button circle is-outline tooltip pinterest\" title=\"Pinear en Pinterest\" aria-label=\"Pinear en Pinterest\" rel=\"noopener nofollow\"><i class=\"icon-pinterest\" aria-hidden=\"true\"><\/i><\/a><a href=\"https:\/\/tumblr.com\/widgets\/share\/tool?canonicalUrl=https:\/\/ddoptics.shop\/es\/produkte-philosophie\/\" target=\"_blank\" class=\"icon button circle is-outline tooltip tumblr\" onclick=\"window.open(this.href,this.title,'width=500,height=500,top=300px,left=300px'); return false;\" title=\"Compartir en Tumblr\" aria-label=\"Compartir en Tumblr\" rel=\"noopener nofollow\"><i class=\"icon-tumblr\" aria-hidden=\"true\"><\/i><\/a><\/div>\n              <\/div>\n           <\/div>\n                            \n<style>\n#text-box-246328350 .text-inner {\n  padding: 100px 0px 0px 0px;\n}\n#text-box-246328350 {\n  width: 60%;\n}\n#text-box-246328350 .text-box-content {\n  font-size: 100%;\n}\n<\/style>\n    <\/div>\n \n        <\/div>\n      <\/div>\n\n            \n<style>\n#banner-1896695677 {\n  padding-top: 300px;\n}\n#banner-1896695677 .overlay {\n  background-color: rgba(0, 0, 0, 0.17);\n}\n#banner-1896695677 .banner-bg img {\n  object-position: 65% 36%;\n}\n<\/style>\n  <\/div>\n\n\n<div class=\"row\"  id=\"row-1489622222\">\n\n\t<div id=\"col-1744197695\" class=\"col small-12 large-12\"  >\n\t\t\t\t<div class=\"col-inner\"  >\n\t\t\t\n\t\t\t\n<h2>M\u00e1s informaci\u00f3n sobre nuestros planteamientos y requisitos<\/h2>\n<div class=\"accordion\">\n\t<div id=\"accordion-1524655280\" class=\"accordion-item\">\n\t\t<a id=\"accordion-1524655280-label\" class=\"accordion-title plain active\" href=\"#accordion-item-warum-das-shopprojekt-ddoptics-optik-sport-shop?\" aria-expanded=\"true\" aria-controls=\"accordion-1524655280-content\">\n\t\t\t<button class=\"toggle\" aria-label=\"Toggle\"><i class=\"icon-angle-down\" aria-hidden=\"true\"><\/i><\/button>\n\t\t\t<span>\u00bfPor qu\u00e9 el proyecto de tienda DDoptics Optik Sport Shop?<\/span>\n\t\t<\/a>\n\t\t<div id=\"accordion-1524655280-content\" class=\"accordion-inner\" style=\"display: block;\" aria-labelledby=\"accordion-1524655280-label\">\n\t\t\t\n<p><strong>La idea de DDoptics Optik Sport Shop surgi\u00f3 del deseo de<\/strong>\u00a0fuera, realmente bueno e innovador sin concesiones.\u00a0<strong>Productos de exterior<\/strong>- y el sector cineg\u00e9tico a otras personas entusiastas. El desarrollo del\u00a0<strong>Portal de caza de Vorarlberg\u00a0<\/strong>tambi\u00e9n demostr\u00f3 que muchas personas buscan informaci\u00f3n en Internet.<\/p>\n<p>Esto condujo a la b\u00fasqueda de\u00a0<strong>alternativas interesantes\u00a0<\/strong>- como el\u00a0<strong>Marca de \u00f3ptica DDoptics.<\/strong>\u00a0En diversos foros, exigiendo\u00a0<strong>S\u00f3lo cosas buenas para cazadores y ornit\u00f3logos<\/strong>\u00a0inform\u00f3 sobre ello, mientras tanto cada vez m\u00e1s\u00a0<strong>Cazadores entusiastas y satisfechos de Vorarlberg y Suiza\u00a0<\/strong>Prism\u00e1ticos y visores DDoptics en uso.<\/p>\n<p>Raz\u00f3n m\u00e1s que suficiente para fijarse en la \u00f3ptica. Es\u00a0<strong>Es sorprendente que por unos 1.000 euros se pueda conseguir una \u00f3ptica de gama alta realmente excelente.<\/strong>puede conseguir.\u00a0<strong>Sea cr\u00edtico y compru\u00e9belo usted mismo.<\/strong><\/p>\n<p>Saludos cordiales desde Vorarlberg\u00a0<strong>Stephan Hohn<\/strong><\/p>\n\t\t<\/div>\n\t<\/div>\n\t\n\t<div id=\"accordion-3389800782\" class=\"accordion-item\">\n\t\t<a id=\"accordion-3389800782-label\" class=\"accordion-title plain\" href=\"#accordion-item-was-ist-ihr-vorteil-beim-ddoptics-optik-sport-shop-einkauf?\" aria-expanded=\"false\" aria-controls=\"accordion-3389800782-content\">\n\t\t\t<button class=\"toggle\" aria-label=\"Toggle\"><i class=\"icon-angle-down\" aria-hidden=\"true\"><\/i><\/button>\n\t\t\t<span>\u00bfCu\u00e1l es su ventaja al comprar en DDoptics Optik Sport Shop?<\/span>\n\t\t<\/a>\n\t\t<div id=\"accordion-3389800782-content\" class=\"accordion-inner\" aria-labelledby=\"accordion-3389800782-label\">\n\t\t\t\n<p>Creemos en la<strong>\u00a0Nicho<\/strong><\/p>\n<p>\u00bfPor qu\u00e9? Creemos en la<strong>\u00a0El poder de las nuevas marcas independientes<\/strong>a quienes creen en s\u00ed mismos y tienen el valor de\u00a0<strong>realizar proyectos propios<\/strong>.<\/p>\n<p>Muchas start-ups tienen grandes ideas que ofrecen enormes ventajas en la pr\u00e1ctica. A menudo tardan mucho tiempo en llegar a los comercios tradicionales offline -o no llegan en absoluto-, como el\u00a0<strong>Bolsa Jerven<\/strong>\u00a0de Noruega.<\/p>\n<p>Tambi\u00e9n creemos en la\u00a0<strong>Internet y sus posibilidades<\/strong>que nos abre a todos, y que puede utilizar para\u00a0<strong>Gana dinero\u00a0<\/strong>puede<strong>\u00a0con las cosas que te gustan y disfrutas haciendo.<\/strong><\/p>\n<p>Optik Sport Shop busca\u00a0<strong>productos innovadores y novedosos<\/strong>a juego con el tema, que son producidos por empresarios comprometidos y que han\u00a0<strong>Ventajas<\/strong>\u00a0especialmente con la\u00a0<strong>Calidad de los puntos\u00a0<\/strong>puede desarrollarse.<\/p>\n\t\t<\/div>\n\t<\/div>\n\t\n\t<div id=\"accordion-3824408462\" class=\"accordion-item\">\n\t\t<a id=\"accordion-3824408462-label\" class=\"accordion-title plain\" href=\"#accordion-item-ddoptics---staunen-beim-schauen\" aria-expanded=\"false\" aria-controls=\"accordion-3824408462-content\">\n\t\t\t<button class=\"toggle\" aria-label=\"Toggle\"><i class=\"icon-angle-down\" aria-hidden=\"true\"><\/i><\/button>\n\t\t\t<span>DDoptics - Asombrar mirando<\/span>\n\t\t<\/a>\n\t\t<div id=\"accordion-3824408462-content\" class=\"accordion-inner\" aria-labelledby=\"accordion-3824408462-label\">\n\t\t\t\n<h3>Por amor a la belleza de nuestro mundo.<\/h3>\n<p>DDoptics es una empresa familiar fundada en Dresde en 2004. El lema de DDoptics -\u00a0<strong>La imagen no lo es todo, \u00a1lo es el rendimiento!<\/strong>\u00a0- nos ha convencido.<\/p>\n<p>El ojo ve y la \u00f3ptica transmite la imagen. Pero s\u00f3lo si la calidad es la adecuada. Uno de los motivos por los que DDoptics acoge con especial agrado a los clientes cr\u00edticos.<\/p>\n<p>DDoptics ofrece a sus clientes\u00a0<strong>calidad excepcional a un precio fant\u00e1stico<\/strong>. Por ello, muchos clientes prefieren comprar 2\u00a0<strong>\u00d3ptica DDoptics<\/strong>\u00a0(\u00f3ptimo para la aplicaci\u00f3n correspondiente)\u00a0<strong>en lugar de\u00a0<\/strong>con un<strong>\u00a0Compromiso<\/strong>\u00a0tener que conformarse con un vaso muy caro.<\/p>\n<h3>\u00bfPor qu\u00e9 eligi\u00f3 DDoptics?<\/h3>\n<p>DD\u00f3ptica significa,\u00a0<strong>En lugar de malgastar el dinero, es mejor crear beneficios para el cliente.<\/strong>\u00a0Esto siempre es mejor (v\u00e9ase la experiencia del cliente).<\/p>\n<p>La gran voluntad de DDoptics de abrir nuevos caminos es especialmente acorde con los tiempos que corren, como la favorable\u00a0<strong>Utilizar Internet en lugar de publicidad cara<\/strong>en las revistas. Al final, alguien siempre tiene que pagar por ello.<\/p>\n<p><strong>Identidad de DDoptics<\/strong>\u00a0desde nuestro punto de vista (d\u00e9jese sorprender):<\/p>\n<ul>\n<li>Especializaci\u00f3n: centrarse exclusivamente en la actividad principal<\/li>\n<li>Rendimiento: la imagen no lo es todo, \u00a1el rendimiento s\u00ed!<\/li>\n<li>Imparcialidad: precios justos, sin costes adicionales ocultos<\/li>\n<li>M\u00e1xima calidad: sin compromisos y con una garant\u00eda de 30 a\u00f1os o de por vida<\/li>\n<\/ul>\n\t\t<\/div>\n\t<\/div>\n\t\n\t<div id=\"accordion-3707780217\" class=\"accordion-item\">\n\t\t<a id=\"accordion-3707780217-label\" class=\"accordion-title plain\" href=\"#accordion-item-partner-netzwerk\" aria-expanded=\"false\" aria-controls=\"accordion-3707780217-content\">\n\t\t\t<button class=\"toggle\" aria-label=\"Toggle\"><i class=\"icon-angle-down\" aria-hidden=\"true\"><\/i><\/button>\n\t\t\t<span>Red de socios<\/span>\n\t\t<\/a>\n\t\t<div id=\"accordion-3707780217-content\" class=\"accordion-inner\" aria-labelledby=\"accordion-3707780217-label\">\n\t\t\t\n<h3>Socios fuertes en el fondo<\/h3>\n<p>Estas son nuestras marcas y socios con los que cooperamos activamente. Todos son profesionales en su campo.<\/p>\n\t\t<\/div>\n\t<\/div>\n\t\n<\/div>\n\t\t<\/div>\n\t\t\t\t\t<\/div>\n\n\t\n<\/div>","protected":false},"excerpt":{"rendered":"","protected":false},"author":2,"featured_media":0,"parent":0,"menu_order":0,"comment_status":"closed","ping_status":"closed","template":"page-transparent-header.php","meta":{"inline_featured_image":false,"footnotes":""},"class_list":["post-11262","page","type-page","status-publish","hentry"],"_links":{"self":[{"href":"https:\/\/ddoptics.shop\/es\/wp-json\/wp\/v2\/pages\/11262","targetHints":{"allow":["GET"]}}],"collection":[{"href":"https:\/\/ddoptics.shop\/es\/wp-json\/wp\/v2\/pages"}],"about":[{"href":"https:\/\/ddoptics.shop\/es\/wp-json\/wp\/v2\/types\/page"}],"author":[{"embeddable":true,"href":"https:\/\/ddoptics.shop\/es\/wp-json\/wp\/v2\/users\/2"}],"replies":[{"embeddable":true,"href":"https:\/\/ddoptics.shop\/es\/wp-json\/wp\/v2\/comments?post=11262"}],"version-history":[{"count":0,"href":"https:\/\/ddoptics.shop\/es\/wp-json\/wp\/v2\/pages\/11262\/revisions"}],"wp:attachment":[{"href":"https:\/\/ddoptics.shop\/es\/wp-json\/wp\/v2\/media?parent=11262"}],"curies":[{"name":"wp","href":"https:\/\/api.w.org\/{rel}","templated":true}]}}