{"id":14703,"date":"2019-06-04T12:08:31","date_gmt":"2019-06-04T10:08:31","guid":{"rendered":"https:\/\/ddoptics.shop\/?page_id=14703"},"modified":"2020-08-16T12:50:20","modified_gmt":"2020-08-16T10:50:20","slug":"visor-de-caza-para-la-caza-de-piel","status":"publish","type":"page","link":"https:\/\/ddoptics.shop\/es\/zielfernrohr-jagd-fuer-ansitzjagd\/","title":{"rendered":"Riflescopio para caza - especialmente caza de pieles"},"content":{"rendered":"<h1 class=\"page-title category-title\">Recomendaci\u00f3n: Visor ideal para la caza - especialmente la caza de pieles<\/h1>\n<div class=\"category-description std\">\n<div class=\"category-description std\">\n<p>Muchos fabricantes subdividen los distintos <strong>L\u00edneas de alcance<\/strong> b\u00e1sicamente en un <strong>Miras \u00f3pticas favorables y de primera clase<\/strong>. Esta distinci\u00f3n no se hac\u00eda ni se hace nunca en DDoptics.<\/p>\n<p>Esto significa que un <strong>Vidrio barato para los clientes menos pudientes<\/strong> y el <strong>caro para el cliente financieramente fuerte<\/strong>. En un sentido m\u00e1s amplio, esto conduce a <strong>perspectiva de gesti\u00f3n de marca a una especie de \"club compulsivo\"<\/strong> y muchos est\u00e1n ahorrando para un producto premium y tienen que hacer sacrificios en otras cuestiones muy importantes como la <strong>Ahorre en el montaje de ZF<\/strong> (un gran error).<\/p>\n<blockquote><p><strong><img decoding=\"async\" class=\"alignright wp-image-11210\" src=\"https:\/\/ddoptics.shop\/wp-content\/uploads\/2016\/09\/DDoptics-Logo.jpg\" alt=\"Logotipo de DDoptics\" width=\"300\" height=\"200\" title=\"\" srcset=\"https:\/\/ddoptics.shop\/wp-content\/uploads\/2016\/09\/DDoptics-Logo.jpg 600w, https:\/\/ddoptics.shop\/wp-content\/uploads\/2016\/09\/DDoptics-Logo-304x203.jpg 304w, https:\/\/ddoptics.shop\/wp-content\/uploads\/2016\/09\/DDoptics-Logo-305x203.jpg 305w, https:\/\/ddoptics.shop\/wp-content\/uploads\/2016\/09\/DDoptics-Logo-510x340.jpg 510w, https:\/\/ddoptics.shop\/wp-content\/uploads\/2016\/09\/DDoptics-Logo-250x167.jpg 250w\" sizes=\"(max-width: 300px) 100vw, 300px\" \/>Lo que m\u00e1s nos gusta de DDoptics:<\/strong><\/p>\n<ul style=\"list-style-type: circle;\">\n<li>En DDoptics, el perfeccionamiento de cada uno de los productos ZF contin\u00faa con un aumento generacional. El cliente siempre recibe el mejor ZF seg\u00fan el estado actual de desarrollo.<\/li>\n<li>La mejor relaci\u00f3n calidad-precio se consigue con cantidades razonables y sin publicidad costosa en los medios tradicionales.<\/li>\n<\/ul>\n<\/blockquote>\n<p>Resultado: cada cliente recibe un <strong>Visor DDoptics de calidad con las m\u00e1ximas prestaciones<\/strong> como<\/p>\n<ul>\n<li>Los visores son variables zoom 4x o zoom 6x<\/li>\n<li>Ret\u00edcula en el 2\u00ba plano de la imagen<\/li>\n<li>M\u00e1ximos revestimientos y transmisiones luminosas posibles por encima de 95%<\/li>\n<li>Ajuste de paralaje de serie<\/li>\n<li>El punto iluminado es est\u00e1ndar<\/li>\n<li>De Gen 3 - Zerostop para ASV<\/li>\n<\/ul>\n<h2>\u00bfQu\u00e9 suele ser un buen visor para la caza con piel?<\/h2>\n<ul>\n<li>Las lentes del visor:<br \/>\n- La calidad del revestimiento (= revestimiento antirreflectante) y de las lentes<br \/>\n- La transmisi\u00f3n de la luz (=brillo en el campo de visi\u00f3n) entre 95 y 97%<br \/>\n- La nitidez de los bordes (= imagen en el borde del campo de visi\u00f3n)<br \/>\n- La opci\u00f3n de ajustar la nitidez de las lentes (ajuste de paralaje)<\/li>\n<li>La ret\u00edcula del visor:<br \/>\n- Con y sin iluminaci\u00f3n (ayuda al anochecer)<\/li>\n<li>El ajuste del alcance:<br \/>\n- Ajuste izquierda-derecha y altura no demasiado bruscos<br \/>\n- Debe garantizarse la repetibilidad<br \/>\n- Robustez frente a golpes y disparos<br \/>\n- R\u00e1pido y sencillo<\/li>\n<\/ul>\n<h3>El visor ideal para la caza en cuero<\/h3>\n<p>Pierna del <a href=\"https:\/\/de.wikipedia.org\/wiki\/Ansitzjagd\" target=\"_blank\" rel=\"noopener noreferrer\"><strong>Stand de caza<\/strong> <\/a>sin duda desempe\u00f1a un papel importante en el que <strong>Coto de caza<\/strong> se ha ido. \u00bfPuedo ir a <strong>\u00bfconduce cerca del escondite o est\u00e1 a 1 hora andando?<\/strong> por delante, posiblemente con pasos empinados. En terreno llano, con buen acceso y con la <strong>Especie de caza Jabal\u00ed Juego Peso y dimensiones<\/strong> no desempe\u00f1a un papel importante. El ZF deber\u00eda ser vers\u00e1til aqu\u00ed, un\u00a0<strong>Gran campo de visi\u00f3n<\/strong> y en el<strong> Crep\u00fasculo su fuerza<\/strong> pru\u00e9balo. A<strong> Objetivo de 56 mm<\/strong> y mayores es sin duda la elecci\u00f3n correcta en este caso. Tambi\u00e9n se recomienda sin duda un aumento variable, ya que cabe esperar disparos a corta y larga distancia. Sin embargo, en cuanto los paseos m\u00e1s largos sean un problema, deber\u00eda utilizarse un objetivo no superior a 50 mm debido al peso.<\/p>\n<p>En cuanto al peso, todos los fabricantes apuestan ahora por <strong>Materiales ligeros<\/strong> se utilizan. Los d\u00edas de las pesadas carcasas de acero, etc., han pasado a la historia. S\u00f3lo los grandes objetivos de cristal aumentan el peso y las dimensiones, lo que nos lleva de nuevo al tema.<\/p>\n<blockquote><p>Al cazar desde un escondite <a href=\"https:\/\/ddoptics.shop\/es\/tienda\/mira-telescopica\/diametro-del-objetivo-del-visor\/diametro-del-objetivo-de-56-mm\/\" target=\"_blank\" rel=\"noopener noreferrer\">En general, se recomiendan lentes de 56.<\/a> Su alto rendimiento crepuscular y su amplio campo de visi\u00f3n ofrecen muchas ventajas.<\/p><\/blockquote>\n<p>Con el <strong>Es aconsejable cazar desde un escondite,\u00a0<\/strong>un visor variable con un di\u00e1metro de lente objetivo de al menos 50 mm. El factor de zoom se deja a la preferencia personal. Para un cazador, 1-4x es suficiente. Otro cazador quiere llegar hasta 6 aumentos (5-30x) para aumentar el campo de aplicaci\u00f3n.<\/p>\n<p><strong>Comparaci\u00f3n del FI e idoneidad seg\u00fan el di\u00e1metro de la lente<\/strong><\/p>\n<table style=\"width: 835px;\">\n<tbody>\n<tr>\n<td style=\"width: 113px;\"><strong>Intensidad luminosa<\/strong><\/td>\n<td style=\"width: 176.778px;\"><strong>Di\u00e1metro de la lente<\/strong><\/td>\n<td style=\"width: 527.222px;\"><strong>Utilizaci\u00f3n<\/strong><\/td>\n<\/tr>\n<tr>\n<td style=\"width: 113px;\">bajo<\/td>\n<td style=\"width: 176.778px;\">25 mm<\/td>\n<td style=\"width: 527.222px;\">ZF para batidas<\/td>\n<\/tr>\n<tr>\n<td style=\"width: 113px;\">Media a alta<\/td>\n<td style=\"width: 176.778px;\">42 mm, 50 mm<\/td>\n<td style=\"width: 527.222px;\">ZF polivalente Ideal hasta (tarde) el atardecer, rececho, caza de monta\u00f1a<\/td>\n<\/tr>\n<tr>\n<td style=\"width: 113px;\">Muy alta<\/td>\n<td style=\"width: 176.778px;\">56 mm, 60 mm<\/td>\n<td style=\"width: 527.222px;\">Gafas nocturnas m\u00e1s pesadas para cazar pieles<\/td>\n<\/tr>\n<\/tbody>\n<\/table>\n<p><strong>Comparaci\u00f3n de ZV e idoneidad tras la ampliaci\u00f3n<\/strong><\/p>\n<table>\n<tbody>\n<tr>\n<td><strong>Ampliaci\u00f3n:<\/strong><\/td>\n<td><strong>peque\u00f1o<\/strong><\/td>\n<\/tr>\n<tr>\n<td>1-6x<\/td>\n<td>Ideal para recechos y batidas - disparos a corta distancia<\/td>\n<\/tr>\n<tr>\n<td><strong>Aumento<\/strong><\/td>\n<td><strong>medio<\/strong><\/td>\n<\/tr>\n<tr>\n<td>\u00a0hasta 15 veces<\/td>\n<td>Ideal para muchas aplicaciones de caza, como la caza en cuero, el acecho y la caza de monta\u00f1a.<\/td>\n<\/tr>\n<tr>\n<td><strong>Aumento<\/strong><\/td>\n<td><strong>alta<\/strong><\/td>\n<\/tr>\n<tr>\n<td>\u00a0hasta 30x<\/td>\n<td>\u00a0Riflescopio para deportes y disparos a larga distancia en monta\u00f1a, se utiliza como sustituto de un catalejo<\/td>\n<\/tr>\n<\/tbody>\n<\/table>\n<\/div>\n<\/div>","protected":false},"excerpt":{"rendered":"<p>Empfehlung: Ideales Zielfernrohr f\u00fcr die Jagd &#8211; speziell Ansitzjagd Viele Hersteller unterteilen bei den verschiedene Zielfernrohr-Linien grunds\u00e4tzlich in eine G\u00fcnstige und eine Premium Klasse bei Zieloptiken. Diese Unterscheidung wurde und wird bei DDoptics nie gemacht. Das bedeutet n\u00e4mlich, ein billiges Glas f\u00fcr den nicht so finanzkr\u00e4ftigen Kunden und das teure f\u00fcr den finanzkr\u00e4ftigen Kunden. Im [&#8230;]\n","protected":false},"author":2,"featured_media":0,"parent":0,"menu_order":0,"comment_status":"closed","ping_status":"closed","template":"","meta":{"inline_featured_image":false,"footnotes":""},"class_list":["post-14703","page","type-page","status-publish","hentry"],"_links":{"self":[{"href":"https:\/\/ddoptics.shop\/es\/wp-json\/wp\/v2\/pages\/14703","targetHints":{"allow":["GET"]}}],"collection":[{"href":"https:\/\/ddoptics.shop\/es\/wp-json\/wp\/v2\/pages"}],"about":[{"href":"https:\/\/ddoptics.shop\/es\/wp-json\/wp\/v2\/types\/page"}],"author":[{"embeddable":true,"href":"https:\/\/ddoptics.shop\/es\/wp-json\/wp\/v2\/users\/2"}],"replies":[{"embeddable":true,"href":"https:\/\/ddoptics.shop\/es\/wp-json\/wp\/v2\/comments?post=14703"}],"version-history":[{"count":1,"href":"https:\/\/ddoptics.shop\/es\/wp-json\/wp\/v2\/pages\/14703\/revisions"}],"predecessor-version":[{"id":23287,"href":"https:\/\/ddoptics.shop\/es\/wp-json\/wp\/v2\/pages\/14703\/revisions\/23287"}],"wp:attachment":[{"href":"https:\/\/ddoptics.shop\/es\/wp-json\/wp\/v2\/media?parent=14703"}],"curies":[{"name":"wp","href":"https:\/\/api.w.org\/{rel}","templated":true}]}}