{"id":14708,"date":"2019-06-04T12:39:41","date_gmt":"2019-06-04T10:39:41","guid":{"rendered":"https:\/\/ddoptics.shop\/?page_id=14708"},"modified":"2020-08-16T13:09:48","modified_gmt":"2020-08-16T11:09:48","slug":"visores-para-entrenamiento-deportivo-y-competicion","status":"publish","type":"page","link":"https:\/\/ddoptics.shop\/es\/zielfernrohr-sport-training-und-wettkampf\/","title":{"rendered":"Zielfernrohr f\u00fcr Schie\u00dfsport &#8211; Training und Wettkampf"},"content":{"rendered":"<h1 class=\"page-title category-title\">Recomendaci\u00f3n: Visor ideal para tiro deportivo - especialmente entrenamiento, competici\u00f3n y tiro a larga distancia<\/h1>\n<div class=\"category-description std\">\n<div class=\"category-description std\">\n<p>Muchos fabricantes subdividen los distintos <strong>L\u00edneas de alcance<\/strong> b\u00e1sicamente en un <strong>Favorable y una clase superior<\/strong>. Esta distinci\u00f3n no se hac\u00eda ni se hace nunca en DDoptics.<\/p>\n<p>Esto significa que un <strong>Vidrio barato para los clientes menos pudientes<\/strong> y el <strong>caro para el cliente financieramente fuerte<\/strong>. En un sentido m\u00e1s amplio, esto conduce a <strong>perspectiva de gesti\u00f3n de marca a una especie de \"club compulsivo\"<\/strong> y muchos est\u00e1n ahorrando para un producto premium y tienen que hacer sacrificios en otras cuestiones muy importantes como la <strong>Ahorre en el montaje de ZF<\/strong> (un gran error).<\/p>\n<blockquote><p><strong><img decoding=\"async\" class=\"alignright wp-image-11210\" src=\"https:\/\/ddoptics.shop\/wp-content\/uploads\/2016\/09\/DDoptics-Logo.jpg\" alt=\"Logotipo de DDoptics\" width=\"300\" height=\"200\" title=\"\" srcset=\"https:\/\/ddoptics.shop\/wp-content\/uploads\/2016\/09\/DDoptics-Logo.jpg 600w, https:\/\/ddoptics.shop\/wp-content\/uploads\/2016\/09\/DDoptics-Logo-304x203.jpg 304w, https:\/\/ddoptics.shop\/wp-content\/uploads\/2016\/09\/DDoptics-Logo-305x203.jpg 305w, https:\/\/ddoptics.shop\/wp-content\/uploads\/2016\/09\/DDoptics-Logo-510x340.jpg 510w, https:\/\/ddoptics.shop\/wp-content\/uploads\/2016\/09\/DDoptics-Logo-250x167.jpg 250w\" sizes=\"(max-width: 300px) 100vw, 300px\" \/>Lo que m\u00e1s nos gusta de DDoptics:<\/strong><\/p>\n<ul style=\"list-style-type: circle;\">\n<li>En DDoptics, el perfeccionamiento de los distintos productos ZF avanza con un aumento generacional. La p\u00e1gina <strong>El cliente siempre recibe el mejor ZF de acuerdo con el estado actual de desarrollo.<\/strong><\/li>\n<li>La mejor relaci\u00f3n calidad-precio se consigue con cantidades razonables y sin publicidad costosa en los medios tradicionales.<\/li>\n<\/ul>\n<\/blockquote>\n<p>Resultado: Cada cliente recibe un visor DDoptics de calidad con las m\u00e1ximas prestaciones, tales como<\/p>\n<ul>\n<li>Los visores son variables zoom 4x o zoom 6x<\/li>\n<li>Ret\u00edcula en el 2\u00ba plano de la imagen<\/li>\n<li>M\u00e1ximos revestimientos y transmisiones luminosas posibles por encima de 95%<\/li>\n<li>Ajuste de paralaje de serie<\/li>\n<li>El punto iluminado es est\u00e1ndar<\/li>\n<li>De Gen 3 - Zerostop para ASV<\/li>\n<\/ul>\n<h3>\u00bfQu\u00e9 es lo que hace que un <a href=\"https:\/\/de.wikipedia.org\/wiki\/Sportschie%C3%9Fen\" target=\"_blank\" rel=\"noopener noreferrer\">Mira telesc\u00f3pica para tiro deportivo<\/a> \u00bfSalir?<\/h3>\n<ul>\n<li>Las lentes del visor:<br \/>\n- La calidad del revestimiento (= revestimiento antirreflectante) y de las lentes<br \/>\n- La transmisi\u00f3n de la luz (=brillo en el campo de visi\u00f3n) entre 95 y 97%<br \/>\n- La nitidez de los bordes (= imagen en el borde del campo de visi\u00f3n)<br \/>\n- La opci\u00f3n de ajustar la nitidez de las lentes (ajuste de paralaje)<\/li>\n<li>La ret\u00edcula del visor:<br \/>\n- Con y sin iluminaci\u00f3n (ayuda al anochecer)<\/li>\n<li>El ajuste del alcance:<br \/>\n- Ajuste izquierda-derecha y altura no demasiado bruscos<br \/>\n- Debe garantizarse la repetibilidad<br \/>\n- Robustez frente a golpes y disparos<br \/>\n- R\u00e1pido y sencillo<\/li>\n<\/ul>\n<h3>La mira telesc\u00f3pica ideal para el <a href=\"https:\/\/ddoptics.shop\/es\/visores-para-tiro-deportivo-y-competicion\/\" target=\"_blank\" rel=\"noopener noreferrer\">tiro deportivo<\/a><\/h3>\n<p>Esta categor\u00eda se ocupa principalmente de la <strong>el uso de la mira telesc\u00f3pica y la relaci\u00f3n del precio con el rifle<\/strong>. Probablemente no tenga sentido montar una mira de 1000 euros en un rifle KK (22lr) de 300 euros.<\/p>\n<p>Para armas largas de alta precisi\u00f3n en el<strong> Calibre de precisi\u00f3n 338 Lapua o 308 Win<\/strong> de ancho <strong>Disparos hasta, por ejemplo, 1000 m<\/strong> gefordert sind sieht die Sache ein wenig anders aus. Hier wird dann eine 5-30 variable Vergr\u00f6sserung eher passend sein. F\u00fcr das<strong> tiro din\u00e1mico IPSC<\/strong> wird eine Zieloptik mit 25 oder 42 mm Objektiv und grossem Sehfeld zur raschen Zielerfassung das beste sein.<\/p>\n<blockquote><p>En el tiro deportivo, la disciplina deportiva decide la \u00f3ptica de punter\u00eda adecuada.<\/p><\/blockquote>\n<p><strong>Comparaci\u00f3n del FI e idoneidad seg\u00fan el di\u00e1metro de la lente<\/strong><\/p>\n<table style=\"width: 835px;\">\n<tbody>\n<tr>\n<td style=\"width: 113px;\"><strong>Intensidad luminosa<\/strong><\/td>\n<td style=\"width: 176.778px;\"><strong>Di\u00e1metro de la lente<\/strong><\/td>\n<td style=\"width: 527.222px;\"><strong>Utilizaci\u00f3n<\/strong><\/td>\n<\/tr>\n<tr>\n<td style=\"width: 113px;\">bajo<\/td>\n<td style=\"width: 176.778px;\">25 mm<\/td>\n<td style=\"width: 527.222px;\">ZF para batidas<\/td>\n<\/tr>\n<tr>\n<td style=\"width: 113px;\">Media a alta<\/td>\n<td style=\"width: 176.778px;\">42 mm, <a href=\"https:\/\/ddoptics.shop\/es\/tienda\/mira-telescopica\/diametro-del-objetivo-del-visor\/objetivo-de-50-mm-de-diametro\/\" target=\"_blank\" rel=\"noopener noreferrer\">50 mm<\/a><\/td>\n<td style=\"width: 527.222px;\">ZF polivalente Ideal hasta (tarde) el atardecer, rececho, caza de monta\u00f1a<\/td>\n<\/tr>\n<tr>\n<td style=\"width: 113px;\">Muy alta<\/td>\n<td style=\"width: 176.778px;\">56 mm, 60 mm<\/td>\n<td style=\"width: 527.222px;\">Gafas nocturnas m\u00e1s pesadas para cazar pieles<\/td>\n<\/tr>\n<\/tbody>\n<\/table>\n<p><strong>Comparaci\u00f3n de ZV e idoneidad tras la ampliaci\u00f3n<\/strong><\/p>\n<table>\n<tbody>\n<tr>\n<td><strong>Ampliaci\u00f3n:<\/strong><\/td>\n<td><strong>peque\u00f1o<\/strong><\/td>\n<\/tr>\n<tr>\n<td>1-6x<\/td>\n<td>Ideal para recechos y batidas - disparos a corta distancia<\/td>\n<\/tr>\n<tr>\n<td><strong>Aumento<\/strong><\/td>\n<td><strong>medio<\/strong><\/td>\n<\/tr>\n<tr>\n<td>\u00a0hasta 15 veces<\/td>\n<td>Ideal para muchas aplicaciones de caza, como la caza en cuero, el acecho y la caza de monta\u00f1a.<\/td>\n<\/tr>\n<tr>\n<td><strong>Aumento<\/strong><\/td>\n<td><strong>alta<\/strong><\/td>\n<\/tr>\n<tr>\n<td>\u00a0hasta 30x<\/td>\n<td>\u00a0Riflescopio para deportes y disparos a larga distancia en monta\u00f1a, se utiliza como sustituto de un catalejo<\/td>\n<\/tr>\n<\/tbody>\n<\/table>\n<\/div>\n<\/div>","protected":false},"excerpt":{"rendered":"<p>Empfehlung: Ideales Zielfernrohr f\u00fcr Sportschie\u00dfen &#8211; speziell Training, Wettkampf und Long Range Schie\u00dfen Viele Hersteller unterteilen bei den verschiedene Zielfernrohr-Linien grunds\u00e4tzlich in eine G\u00fcnstige und eine Premium Klasse. Diese Unterscheidung wurde und wird bei DDoptics nie gemacht. Das bedeutet n\u00e4mlich, ein billiges Glas f\u00fcr den nicht so finanzkr\u00e4ftigen Kunden und das teure f\u00fcr den finanzkr\u00e4ftigen [&#8230;]\n","protected":false},"author":2,"featured_media":0,"parent":0,"menu_order":0,"comment_status":"closed","ping_status":"closed","template":"","meta":{"inline_featured_image":false,"footnotes":""},"class_list":["post-14708","page","type-page","status-publish","hentry"],"_links":{"self":[{"href":"https:\/\/ddoptics.shop\/es\/wp-json\/wp\/v2\/pages\/14708","targetHints":{"allow":["GET"]}}],"collection":[{"href":"https:\/\/ddoptics.shop\/es\/wp-json\/wp\/v2\/pages"}],"about":[{"href":"https:\/\/ddoptics.shop\/es\/wp-json\/wp\/v2\/types\/page"}],"author":[{"embeddable":true,"href":"https:\/\/ddoptics.shop\/es\/wp-json\/wp\/v2\/users\/2"}],"replies":[{"embeddable":true,"href":"https:\/\/ddoptics.shop\/es\/wp-json\/wp\/v2\/comments?post=14708"}],"version-history":[{"count":2,"href":"https:\/\/ddoptics.shop\/es\/wp-json\/wp\/v2\/pages\/14708\/revisions"}],"predecessor-version":[{"id":24814,"href":"https:\/\/ddoptics.shop\/es\/wp-json\/wp\/v2\/pages\/14708\/revisions\/24814"}],"wp:attachment":[{"href":"https:\/\/ddoptics.shop\/es\/wp-json\/wp\/v2\/media?parent=14708"}],"curies":[{"name":"wp","href":"https:\/\/api.w.org\/{rel}","templated":true}]}}