{"id":15087,"date":"2019-06-05T12:09:37","date_gmt":"2019-06-05T10:09:37","guid":{"rendered":"https:\/\/ddoptics.shop\/?page_id=15087"},"modified":"2019-06-06T11:18:59","modified_gmt":"2019-06-06T09:18:59","slug":"prismaticos-prismaticos-caza-para-rececho-en-montana","status":"publish","type":"page","link":"https:\/\/ddoptics.shop\/es\/fernglas-fernglaeser-jagd-fuer-ansitz-pirsch-gebirge\/","title":{"rendered":"Fernglas bzw. Ferngl\u00e4ser f\u00fcr die Jagd &#8211; Ansitz, Pirsch, Gebirge"},"content":{"rendered":"<div class=\"page-title category-title\">\n<h1>Recomendaci\u00f3n: Prism\u00e1ticos ideales para la caza, especialmente al escondite, al rececho y en monta\u00f1a<\/h1>\n<p>En la caza, los prism\u00e1ticos deben ser muy robustos.<\/p>\n<p><strong>Cazadores y cazadoras<\/strong> pertenecen, junto con los ornit\u00f3logos, a la <strong>los clientes m\u00e1s exigentes en prism\u00e1ticos<\/strong>. Debido a las m\u00faltiples exigencias de la caza, los prism\u00e1ticos para cazadores deben ser, en primer lugar, especialmente robustos.<\/p>\n<p>Observado y <strong>La caza se practica tanto en verano como en invierno<\/strong>. Las temperaturas y las condiciones meteorol\u00f3gicas pueden ser muy desfavorables. El fr\u00edo, la nieve, la lluvia y la niebla pueden exigir mucho de unos prism\u00e1ticos. Lo principal aqu\u00ed es disponer de unos prism\u00e1ticos de alta calidad que puedan funcionar en todas las condiciones ambientales.<\/p>\n<p>Bas\u00e1ndonos en estas consideraciones, tiene mucho sentido optar por la calidad en lugar de elegir prism\u00e1ticos del segmento de precios baratos a corto plazo.<\/p>\n<h2>Los prism\u00e1ticos adecuados dependen del tipo de uso del cazador<\/h2>\n<p>Si est\u00e1 principalmente al acecho, deber\u00eda ir a <strong>un modelo con unos 8 aumentos<\/strong> greifen. Ein grosser Vorteil bei diesen Ferngl\u00e4sern ist generell das grosse Sehfeld. Ist man dagegen mehr im Ansitz, ist eine h\u00f6here Vergr\u00f6\u00dferung wie z.B. ratsam. <strong>Gute Ferngl\u00e4ser haben bei 10-fach Vergr\u00f6sserung auch ein grosses Sehfeld von ca. 115 m auf 1000 m<\/strong>. Wenn man im Gebirge auf die Jagd geht, dann ist 10-fach auch eine ideale Wahl. Erfahrungsgem\u00e4ss ist bei 10-fach ein Mindestobjektivdurchmesser von 42 mm empfehlenswert, da durch die gr\u00f6sseren Linsen die Bauweise grosser wird und das Gewicht des Fernglases steigt. Durch das h\u00f6here Gewicht wiederum steigt die <strong>Inercia de la masa<\/strong> y se evita el \"temblor\" (transmisi\u00f3n a trav\u00e9s de la mano) de los prism\u00e1ticos.<\/p>\n<h3><span style=\"color: #333333;\">Intensidad de la luz - un problema importante cuando se caza sentado - caza crepuscular<\/span><\/h3>\n<p>Si utiliza sus prism\u00e1ticos principalmente en el <strong>D\u00e4mmerung oder im Morgengrauen<\/strong> einsetzen m\u00f6chte, sollte auf einen m\u00f6glichst hohen Objektivdurchmesser achten, damit auch bei schwachem Licht noch eine gute Sicht gew\u00e4hrleistet ist. Klassisch wird hier immer das 56 mm Objektiv mit 8-fach Vergr\u00f6sserung empfohlen. In den letzten Jahren haben sich aber die Glassorten derart zur Lichttransmission verbessert, dass auch <strong>7\u00d742 y 8\u00d742 de luminosidad extrema<\/strong> vorweisen k\u00f6nnen. Das alleinige Verlassen auf die rechnerische D\u00e4mmerungszahl ist nicht mehr zul\u00e4ssig.<\/p>\n<p>Es importante saber que la luminosidad extrema suele ir en detrimento de la reproducci\u00f3n crom\u00e1tica. Por eso, aqu\u00ed suele haber que llegar a los mayores compromisos.<\/p>\n<blockquote><p>Como cazador, lamentablemente tienes que hacer concesiones si s\u00f3lo quieres 1 par de prism\u00e1ticos<\/p><\/blockquote>\n<p>Como demuestran las diferentes aplicaciones en la caza, si s\u00f3lo quiere comprar un par de prism\u00e1ticos, siempre tendr\u00e1 que hacer concesiones. El modelo \u00f3ptimo para cada tipo de caza es fundamentalmente diferente y es tambi\u00e9n la raz\u00f3n por la que muchos cazadores suelen poseer 2-3 pares de prism\u00e1ticos.<\/p>\n<p>Una ventaja con <strong>DDoptics es que puedes comprar al menos 2 prism\u00e1ticos por el precio de uno de una marca de precio alto.<\/strong> sin tener que transigir.<\/p>\n<h3>Una combinaci\u00f3n de caza ideal de DDoptics, por ejemplo<\/h3>\n<p><strong>8\u00d730 + 8\u00d756 o 10\u00d756 o un 8\u00d730 + 10\u00d742<\/strong><\/p>\n<\/div>\n<div class=\"category-description std\">\n<h3>Comparaci\u00f3n general de binoculares e idoneidad seg\u00fan el di\u00e1metro de la lente objetivo<\/h3>\n<table border=\"0\">\n<tbody>\n<tr>\n<td><strong>Intensidad luminosa<\/strong><\/td>\n<td><strong>Lente<\/strong><\/td>\n<td><strong>Utilizaci\u00f3n<\/strong><\/td>\n<\/tr>\n<tr>\n<td>bajo<\/td>\n<td>25 mm<\/td>\n<td>Prism\u00e1ticos de bolsillo ligeros y peque\u00f1os Ideales para condiciones de luz normales<\/td>\n<\/tr>\n<tr>\n<td>medio<\/td>\n<td>30 mm, 32 mm<\/td>\n<td>Prism\u00e1ticos peque\u00f1os para todo Ideal hasta el crep\u00fasculo<\/td>\n<\/tr>\n<tr>\n<td>medio superior<\/td>\n<td>42mm, 45mm<\/td>\n<td>Prism\u00e1ticos todoterreno Ideales hasta (tarde) el atardecer<\/td>\n<\/tr>\n<tr>\n<td>alta<\/td>\n<td>50 mm, 56 mm, 60 mm<\/td>\n<td>Gafas nocturnas m\u00e1s pesadas para astronom\u00eda, para condiciones de poca luz, por la tarde y por la noche<\/td>\n<\/tr>\n<\/tbody>\n<\/table>\n<h3>Comparaci\u00f3n de prism\u00e1ticos y adecuaci\u00f3n por aumentos<\/h3>\n<table border=\"0\">\n<tbody>\n<tr>\n<td><strong>Aumento<\/strong><\/td>\n<td><strong>medio<\/strong><\/td>\n<\/tr>\n<tr>\n<td>\u00a07x, 8x, 8,5x, 10x, 10,5x<\/td>\n<td>\u00a0Prism\u00e1ticos para deporte, observaci\u00f3n de la naturaleza, astronom\u00eda, viajes, ornitolog\u00eda, safari, observaci\u00f3n<br \/>\n<strong>\u00c1mbito general de selecci\u00f3n:\u00a0<\/strong>Peque\u00f1o y manejable con baja intensidad luminosa o alta intensidad luminosa con tama\u00f1o y peso normales<\/td>\n<\/tr>\n<tr>\n<td><strong>Aumento<\/strong><\/td>\n<td><strong>alta<\/strong><\/td>\n<\/tr>\n<tr>\n<td>\u00a012x, 15x<\/td>\n<td>\u00a0Prism\u00e1ticos para observaci\u00f3n de aves, naturaleza, safaris, seguridad, vigilancia o protecci\u00f3n de fronteras<\/td>\n<\/tr>\n<\/tbody>\n<\/table>\n<\/div>","protected":false},"excerpt":{"rendered":"<p>Empfehlung: Ideales Fernglas f\u00fcr die Jagd speziell Ansitz, Pirsch, Gebirge Auf der Jagd muss ein Fernglas vor allem eines, es muss sehr robust sein. J\u00e4ger und J\u00e4gerinnen geh\u00f6ren, neben den Ornithologen, zu den anspruchsvollsten Kunden f\u00fcr Ferngl\u00e4ser. Aufgrund der vielen unterschiedlichen, jagdlichen Anforderungen, m\u00fcssen Ferngl\u00e4ser f\u00fcr J\u00e4ger zuerst einmal ganz besonders robust gebaut sein. Beobachtet [&#8230;]\n","protected":false},"author":2,"featured_media":0,"parent":0,"menu_order":0,"comment_status":"closed","ping_status":"closed","template":"","meta":{"inline_featured_image":false,"footnotes":""},"class_list":["post-15087","page","type-page","status-publish","hentry"],"_links":{"self":[{"href":"https:\/\/ddoptics.shop\/es\/wp-json\/wp\/v2\/pages\/15087","targetHints":{"allow":["GET"]}}],"collection":[{"href":"https:\/\/ddoptics.shop\/es\/wp-json\/wp\/v2\/pages"}],"about":[{"href":"https:\/\/ddoptics.shop\/es\/wp-json\/wp\/v2\/types\/page"}],"author":[{"embeddable":true,"href":"https:\/\/ddoptics.shop\/es\/wp-json\/wp\/v2\/users\/2"}],"replies":[{"embeddable":true,"href":"https:\/\/ddoptics.shop\/es\/wp-json\/wp\/v2\/comments?post=15087"}],"version-history":[{"count":0,"href":"https:\/\/ddoptics.shop\/es\/wp-json\/wp\/v2\/pages\/15087\/revisions"}],"wp:attachment":[{"href":"https:\/\/ddoptics.shop\/es\/wp-json\/wp\/v2\/media?parent=15087"}],"curies":[{"name":"wp","href":"https:\/\/api.w.org\/{rel}","templated":true}]}}