{"id":15093,"date":"2019-06-05T17:37:45","date_gmt":"2019-06-05T15:37:45","guid":{"rendered":"https:\/\/ddoptics.shop\/?page_id=15093"},"modified":"2019-06-06T10:58:50","modified_gmt":"2019-06-06T08:58:50","slug":"prismaticos-prismaticos-senderismo-para-bicicleta-vacaciones-trekking","status":"publish","type":"page","link":"https:\/\/ddoptics.shop\/es\/fernglas-fernglaeser-wandern-fuer-bike-urlaub-trekking\/","title":{"rendered":"Fernglas bzw. Ferngl\u00e4ser f\u00fcr Wandern &#8211; Wanderwege, Bike, Urlaub, Trekking, Outdoor"},"content":{"rendered":"<div class=\"page-title category-title\">\n<h1>Recomendaci\u00f3n: Prism\u00e1ticos ideales para senderismo, especialmente rutas de senderismo, ciclismo, vacaciones, trekking, actividades al aire libre y viajes<\/h1>\n<\/div>\n<div class=\"category-description std\">\n<div class=\"page-title category-title\">\n<p>\u00bfQuiere que su <strong>Senderismo y viajes con observaciones<\/strong> un buen par de prism\u00e1ticos no puede faltar en su equipaje. En <strong>Senderismo es prism\u00e1ticos<\/strong> tambi\u00e9n una ayuda para encontrar el camino.<\/p>\n<p>Por lo tanto, un <strong>Prism\u00e1ticos \u00fatiles para senderismo<\/strong> ser n\u00edtida en la resoluci\u00f3n \u00f3ptica, f\u00e1cil de manejar, compacta, robusta y, sobre todo, ligera... y no demasiado cara.<\/p>\n<p>El precio de los prism\u00e1ticos influye en esta categor\u00eda en la medida en que <strong>Excursiones (pernoctaciones en refugios del Club Alpino, etc. y desplazamientos)<\/strong> immer davon ausgehen sollte, dass ein kleines Fernglas schnell einmal verloren gehen kann aufgrund unterschiedlicher Gr\u00fcnde wie z.B. liegen lassen, <strong>Robo, ca\u00edda de la roca<\/strong>etc.<\/p>\n<h2>Importante para los prism\u00e1ticos de senderismo: \u00d3ptica de alta resoluci\u00f3n y precisi\u00f3n<\/h2>\n<p>Un <strong>\u00d3ptica de alta resoluci\u00f3n y precisi\u00f3n<\/strong> mit guten Sehfeld ist wichtig f\u00fcr ein optimalen<strong> Disfrute visual con prism\u00e1ticos<\/strong>. Se pueden ver im\u00e1genes n\u00edtidas a distancias muy largas. El sitio <strong>Prismen und Glas-Linsen<\/strong> (incluso he visto lentes de pl\u00e1stico) de prism\u00e1ticos muy baratos de China no son suficientes para conseguir im\u00e1genes n\u00edtidas a esas distancias. Los buenos prism\u00e1ticos tienen lentes de alta calidad <strong>Revestimientos de las lentes<\/strong> y est\u00e1n calculados con precisi\u00f3n para conseguir los mejores resultados de imagen en muchas situaciones. Tambi\u00e9n lo notas cuando tus ojos no se cansan y no te mareas aunque mires a trav\u00e9s de ellos durante mucho tiempo.<\/p>\n<h3>Rendimiento crepuscular para prism\u00e1ticos de senderismo y viaje<\/h3>\n<p>Los prism\u00e1ticos para este fin son peque\u00f1os,<strong> Ligero y no demasiado caro<\/strong> sein sollen, spielt auch die D\u00e4mmerungsleistung keine grosse Rolle. Wenn man im Gebirge unterwegs ist, wird man immer darauf schauen, dass man zu einer vern\u00fcnftigen Abendzeit in der Unterkunft ankommt. Bei Tageslicht sind diese Ferngl\u00e4ser mehr als stark genug helle <strong>Im\u00e1genes con gran reproducci\u00f3n del color<\/strong> para dar.<\/p>\n<blockquote><p>Hier in teure Glassorten mit extremer Helligkeit zu investieren ist nicht Sinn der Sache.<\/p><\/blockquote>\n<h3>Carcasa robusta y manejo c\u00f3modo<\/h3>\n<p>Adem\u00e1s de la precisi\u00f3n <strong>La \u00f3ptica es el material de la carcasa<\/strong> importante. Los prism\u00e1ticos deben ser<strong> ser un compa\u00f1ero agradable y estable que apenas se nota en t\u00e9rminos de peso.<\/strong> macht. Einen Sto\u00df gegen einen Felsen, ein Sturz oder Wind und Wetter d\u00fcrfen kein Problem sein. Das muss es aushalten. Dazu geh\u00f6ren ergonomisch geformte Augenmuscheln sowie ein &#8220;Augenabstands-Regulier-Mechanismus&#8221; f\u00fcr die Benutzung mit Brille dazu.<\/p>\n<\/div>\n<div class=\"category-description std\">\n<h3>Comparaci\u00f3n e idoneidad de los binoculares en funci\u00f3n del di\u00e1metro de la lente objetivo<\/h3>\n<table border=\"0\">\n<tbody>\n<tr>\n<td><strong>Intensidad luminosa<\/strong><\/td>\n<td><strong>Lente<\/strong><\/td>\n<td><strong>Utilizaci\u00f3n<\/strong><\/td>\n<\/tr>\n<tr>\n<td>bajo<\/td>\n<td>25 mm<\/td>\n<td>Prism\u00e1ticos de bolsillo ligeros y peque\u00f1os Ideales para condiciones de luz normales<\/td>\n<\/tr>\n<tr>\n<td>medio<\/td>\n<td>30 mm, 32 mm<\/td>\n<td>Prism\u00e1ticos peque\u00f1os para todo Ideal hasta el crep\u00fasculo<\/td>\n<\/tr>\n<tr>\n<td>medio superior<\/td>\n<td>42mm, 45mm<\/td>\n<td>Prism\u00e1ticos todoterreno Ideales hasta (tarde) el atardecer<\/td>\n<\/tr>\n<tr>\n<td>alta<\/td>\n<td>50 mm, 56 mm, 60 mm<\/td>\n<td>Gafas nocturnas m\u00e1s pesadas para astronom\u00eda, para condiciones de poca luz, por la tarde y por la noche<\/td>\n<\/tr>\n<\/tbody>\n<\/table>\n<h3>Comparaci\u00f3n de prism\u00e1ticos y adecuaci\u00f3n por aumentos<\/h3>\n<table border=\"0\">\n<tbody>\n<tr>\n<td><strong>Aumento<\/strong><\/td>\n<td><strong>medio<\/strong><\/td>\n<\/tr>\n<tr>\n<td>\u00a07x, 8x, 8,5x, 10x, 10,5x<\/td>\n<td>\u00a0Prism\u00e1ticos para deporte, observaci\u00f3n de la naturaleza, astronom\u00eda, viajes, ornitolog\u00eda, safari, observaci\u00f3n<br \/>\n<strong>\u00c1mbito general de selecci\u00f3n:\u00a0<\/strong>Peque\u00f1o y manejable con baja intensidad luminosa o alta intensidad luminosa con tama\u00f1o y peso normales<\/td>\n<\/tr>\n<tr>\n<td><strong>Aumento<\/strong><\/td>\n<td><strong>alta<\/strong><\/td>\n<\/tr>\n<tr>\n<td>\u00a012x, 15x<\/td>\n<td>\u00a0Prism\u00e1ticos para observaci\u00f3n de aves, naturaleza, safaris, seguridad, vigilancia o protecci\u00f3n de fronteras<\/td>\n<\/tr>\n<\/tbody>\n<\/table>\n<\/div>\n<\/div>","protected":false},"excerpt":{"rendered":"<p>Empfehlung: Ideales Fernglas f\u00fcr das Wandern speziell Wanderwege, Bike,Urlaub, Trekking, Outdoor und Reisen Wollen Sie Ihre Wanderungen und Reisen mit Beobachtungen der Natur verbinden, geh\u00f6rt ein gutes Fernglas unbedingt mit ins Gep\u00e4ck. Beim Wandern ist ein Fernglas auch zudem ein Helfer zur Wegsuche. Deshalb sollte ein brauchbares Wanderfernglas scharf in der optischen Aufl\u00f6sung, leicht in [&#8230;]\n","protected":false},"author":2,"featured_media":0,"parent":0,"menu_order":0,"comment_status":"closed","ping_status":"closed","template":"","meta":{"inline_featured_image":false,"footnotes":""},"class_list":["post-15093","page","type-page","status-publish","hentry"],"_links":{"self":[{"href":"https:\/\/ddoptics.shop\/es\/wp-json\/wp\/v2\/pages\/15093","targetHints":{"allow":["GET"]}}],"collection":[{"href":"https:\/\/ddoptics.shop\/es\/wp-json\/wp\/v2\/pages"}],"about":[{"href":"https:\/\/ddoptics.shop\/es\/wp-json\/wp\/v2\/types\/page"}],"author":[{"embeddable":true,"href":"https:\/\/ddoptics.shop\/es\/wp-json\/wp\/v2\/users\/2"}],"replies":[{"embeddable":true,"href":"https:\/\/ddoptics.shop\/es\/wp-json\/wp\/v2\/comments?post=15093"}],"version-history":[{"count":0,"href":"https:\/\/ddoptics.shop\/es\/wp-json\/wp\/v2\/pages\/15093\/revisions"}],"wp:attachment":[{"href":"https:\/\/ddoptics.shop\/es\/wp-json\/wp\/v2\/media?parent=15093"}],"curies":[{"name":"wp","href":"https:\/\/api.w.org\/{rel}","templated":true}]}}