{"id":15101,"date":"2019-06-05T18:18:21","date_gmt":"2019-06-05T16:18:21","guid":{"rendered":"https:\/\/ddoptics.shop\/?page_id=15101"},"modified":"2019-06-06T09:27:33","modified_gmt":"2019-06-06T07:27:33","slug":"prismaticos-prismaticos-observacion-observacion-animales-plantas-montanas-personas","status":"publish","type":"page","link":"https:\/\/ddoptics.shop\/es\/fernglas-fernglaeser-beobachtung-observation-tiere-pflanzen-berge-menschen\/","title":{"rendered":"Prism\u00e1ticos para observaci\u00f3n de la naturaleza - animales, plantas, insectos, monta\u00f1as, observaci\u00f3n"},"content":{"rendered":"<div class=\"page-title category-title\">\n<h1>Recomendaci\u00f3n: Prism\u00e1ticos ideales para la observaci\u00f3n de la naturaleza - animales, plantas, insectos, monta\u00f1as, observaci\u00f3n y observaci\u00f3n<\/h1>\n<\/div>\n<div class=\"category-description std\">\n<div class=\"category-description std\">\n<div class=\"category-description std\">\n<div class=\"page-title category-title\">\n<p>En <strong>Observaci\u00f3n de la naturaleza <\/strong>como la observaci\u00f3n de aves, es uno de los<strong>\u00a0de los \u00e1mbitos de aplicaci\u00f3n m\u00e1s importantes de los prism\u00e1ticos.<\/strong> <strong>Muchos aficionados a las actividades al aire libre\u00a0<\/strong>quieren conocer a\u00fan mejor la naturaleza. Observan muchas situaciones desde la distancia como si estuvieran justo en medio de ellas. A la hora de elegir los prism\u00e1ticos adecuados, todo depende de las preferencias personales en cuanto a reproducci\u00f3n de im\u00e1genes y del presupuesto disponible. <strong>Hay cuatro caracter\u00edsticas importantes a la hora de elegir los prism\u00e1ticos adecuados<\/strong> decisivo:<\/p>\n<ol>\n<li>Resoluci\u00f3n de los prism\u00e1ticos: nitidez de la imagen<\/li>\n<li>Reproducci\u00f3n del color absolutamente fiel a la realidad<\/li>\n<li>Brillo coordinado con la reproducci\u00f3n crom\u00e1tica<\/li>\n<li>Nitidez de los bordes razonable y agradable: un poco de nitidez en los bordes corresponde a la naturaleza del ojo<\/li>\n<li>El mayor campo de visi\u00f3n posible para experimentar espacialmente toda la imagen<\/li>\n<\/ol>\n<h2>Requisitos especiales de los prism\u00e1ticos para observar la naturaleza<\/h2>\n<p><strong>Prism\u00e1ticos manejables<\/strong><\/p>\n<p>En el <strong>\"Caza de im\u00e1genes\" en la naturaleza<\/strong>\u00a0es muy importante que tenga los prism\u00e1ticos r\u00e1pidamente a mano y que no sean voluminosos. Lo mejor es que se puedan sujetar f\u00e1cilmente con una mano.<\/p>\n<p>La situaci\u00f3n es diferente si el<strong> Prism\u00e1ticos con rosca sobre tr\u00edpode<\/strong> y realiza observaciones continuas. Entonces, un peso de 1,6 kg, por ejemplo, no importa. Para todas las observaciones a mano alzada, recomendamos un peso m\u00e1ximo de 900 gramos.<\/p>\n<p><strong>Flexibilidad y recorrido de enfoque de la rueda de ajuste<\/strong><\/p>\n<p>De vez en cuando hay que desplazarse mucho hacia delante y hacia atr\u00e1s. Muchos animales est\u00e1n casi siempre en movimiento. Hay que <strong>A continuaci\u00f3n, vuelva a enfocar la imagen con frecuencia<\/strong>ya que la distancia tambi\u00e9n cambia con frecuencia. Por eso, en los prism\u00e1ticos es importante que el enfoque pueda ajustarse siempre con gran precisi\u00f3n y, sobre todo, sin holguras. Tambi\u00e9n es muy importante que la rueda de enfoque no tenga que girarse durante demasiado tiempo para enfocar la \"imagen r\u00e1pida\". Esto se comprueba mejor directamente en los prism\u00e1ticos. Es importante que el<strong> \"Velocidad de enfoque de la rotaci\u00f3n\"<\/strong> se adapta a la resistencia a la rotaci\u00f3n.<\/p>\n<p>El aumento tiene un efecto directo en la <strong>Enfoque de prism\u00e1ticos<\/strong> de: Prism\u00e1ticos con <strong>7 aumentos<\/strong> necesitan enfocarse con menos frecuencia que los prism\u00e1ticos de 12 aumentos.<\/p>\n<h3>Calidad de imagen de los prism\u00e1ticos para una observaci\u00f3n y observaci\u00f3n de la naturaleza \u00f3ptimas<\/h3>\n<blockquote><p>Lo m\u00e1s importante en la observaci\u00f3n de la naturaleza es la nitidez de la imagen y la reproducci\u00f3n de los colores. Excepci\u00f3n: si quieres observar al atardecer, \u00a1los objetivos son m\u00e1s grandes!<\/p><\/blockquote>\n<p>S\u00f3lo si reconoces lo fant\u00e1stico\u00a0<strong>detalles<\/strong>\u00a0como son en realidad es divertido. Los revestimientos de alta calidad para prismas y lentes son esenciales. En el caso de los prismas de techo, esto significa que los prismas deben tener un <strong>Variedad de capas diel\u00e9ctricas<\/strong> imprescindible. S\u00f3lo los prism\u00e1ticos con prismas Porro pueden prescindir de ello, pero el reducido campo de visi\u00f3n impide a muchas personas utilizar este tipo de prism\u00e1ticos para la observaci\u00f3n de aves.<\/p>\n<h3>Prism\u00e1ticos recomendados para observar la naturaleza, como animales, insectos, monta\u00f1as, etc.<\/h3>\n<p>Recomendamos un aumento de 7-10x para la observaci\u00f3n de la naturaleza. Tambi\u00e9n es posible un aumento mayor para aplicaciones especiales.<\/p>\n<\/div>\n<div class=\"category-description std\">\n<h3>Comparaci\u00f3n general de binoculares e idoneidad seg\u00fan el di\u00e1metro de la lente objetivo<\/h3>\n<table border=\"0\">\n<tbody>\n<tr>\n<td><strong>Intensidad luminosa<\/strong><\/td>\n<td><strong>Lente<\/strong><\/td>\n<td><strong>Utilizaci\u00f3n<\/strong><\/td>\n<\/tr>\n<tr>\n<td>bajo<\/td>\n<td>25 mm<\/td>\n<td>Prism\u00e1ticos de bolsillo ligeros y peque\u00f1os Ideales para condiciones de luz normales<\/td>\n<\/tr>\n<tr>\n<td>medio<\/td>\n<td>30 mm, 32 mm<\/td>\n<td>Prism\u00e1ticos peque\u00f1os para todo Ideal hasta el crep\u00fasculo<\/td>\n<\/tr>\n<tr>\n<td>medio superior<\/td>\n<td>42 mm, 45 mm<\/td>\n<td>Prism\u00e1ticos todoterreno Ideales hasta (tarde) el atardecer<\/td>\n<\/tr>\n<tr>\n<td>alta<\/td>\n<td>50 mm, 56 mm, 60 mm<\/td>\n<td>Gafas nocturnas m\u00e1s pesadas para astronom\u00eda, para condiciones de poca luz, por la tarde y por la noche<\/td>\n<\/tr>\n<\/tbody>\n<\/table>\n<h3>Comparaci\u00f3n de prism\u00e1ticos y adecuaci\u00f3n por aumentos<\/h3>\n<table border=\"0\">\n<tbody>\n<tr>\n<td><strong>Aumento<\/strong><\/td>\n<td><strong>medio<\/strong><\/td>\n<\/tr>\n<tr>\n<td>\u00a07x, 8x, 8,5x, 10x, 10,5x<\/td>\n<td>\u00a0Prism\u00e1ticos para deporte, observaci\u00f3n de la naturaleza, astronom\u00eda, viajes, ornitolog\u00eda, safari, observaci\u00f3n<br \/>\n<strong>\u00c1mbito general de selecci\u00f3n:\u00a0<\/strong>Peque\u00f1o y manejable con baja intensidad luminosa o alta intensidad luminosa con tama\u00f1o y peso normales<\/td>\n<\/tr>\n<tr>\n<td><strong>Aumento<\/strong><\/td>\n<td><strong>alta<\/strong><\/td>\n<\/tr>\n<tr>\n<td>\u00a012x, 15x<\/td>\n<td>\u00a0Prism\u00e1ticos para observaci\u00f3n de aves, naturaleza, safaris, seguridad, vigilancia o protecci\u00f3n de fronteras<\/td>\n<\/tr>\n<\/tbody>\n<\/table>\n<\/div>\n<\/div>\n<\/div>\n<\/div>","protected":false},"excerpt":{"rendered":"<p>Empfehlung: Ideales Fernglas f\u00fcr Naturbeobachtung &#8211; Tiere, Pflanzen, Insekten, Berge, Observation und Beobachtung Die Naturbeobachtung z\u00e4hlt wie die\u00a0Vogelbeobachtung zu einem\u00a0der wichtigsten Anwendungsgebiete f\u00fcr Ferngl\u00e4ser. Viele Outdoor Begeisterte\u00a0wollen die Natur noch viel besser kennen lernen. Sie beobachten so viele Situationen aus der Ferne als ob sie\u00a0\u00a0mittendrin w\u00e4ren. Bei der Auswahl des passenden Fernglases geht es hier [&#8230;]\n","protected":false},"author":2,"featured_media":0,"parent":0,"menu_order":0,"comment_status":"closed","ping_status":"closed","template":"","meta":{"inline_featured_image":false,"footnotes":""},"class_list":["post-15101","page","type-page","status-publish","hentry"],"_links":{"self":[{"href":"https:\/\/ddoptics.shop\/es\/wp-json\/wp\/v2\/pages\/15101","targetHints":{"allow":["GET"]}}],"collection":[{"href":"https:\/\/ddoptics.shop\/es\/wp-json\/wp\/v2\/pages"}],"about":[{"href":"https:\/\/ddoptics.shop\/es\/wp-json\/wp\/v2\/types\/page"}],"author":[{"embeddable":true,"href":"https:\/\/ddoptics.shop\/es\/wp-json\/wp\/v2\/users\/2"}],"replies":[{"embeddable":true,"href":"https:\/\/ddoptics.shop\/es\/wp-json\/wp\/v2\/comments?post=15101"}],"version-history":[{"count":0,"href":"https:\/\/ddoptics.shop\/es\/wp-json\/wp\/v2\/pages\/15101\/revisions"}],"wp:attachment":[{"href":"https:\/\/ddoptics.shop\/es\/wp-json\/wp\/v2\/media?parent=15101"}],"curies":[{"name":"wp","href":"https:\/\/api.w.org\/{rel}","templated":true}]}}