{"id":29084,"date":"2025-10-03T10:30:51","date_gmt":"2025-10-03T08:30:51","guid":{"rendered":"https:\/\/ddoptics.shop\/?page_id=29084"},"modified":"2025-10-03T10:37:39","modified_gmt":"2025-10-03T08:37:39","slug":"visores-segun-idoneidad","status":"publish","type":"page","link":"https:\/\/ddoptics.shop\/es\/zielfernrohre-nach-eignung\/","title":{"rendered":"Riflescopios seg\u00fan idoneidad"},"content":{"rendered":"<div class=\"page-title category-title\">\n<h1>Riflescopios seg\u00fan idoneidad<\/h1>\n<\/div>\n<div class=\"category-description std\">\n<p><strong>C\u00f3mo encontrar la mira telesc\u00f3pica \u00f3ptima para su uso con nuestro sistema de selecci\u00f3n y comparaci\u00f3n de idoneidad.<\/strong><\/p>\n<p>Consejos : Aqu\u00ed recibir\u00e1 los consejos m\u00e1s importantes para que sus expectativas se cumplan de forma \u00f3ptima a la hora de elegir su \u00f3ptica de destino.<\/p>\n<p><strong>Los visores de punter\u00eda de alta calidad y precisi\u00f3n son excelentes \u00f3pticas de \u00faltimo dise\u00f1o.<\/strong><\/p>\n<p>Con su gama de aumentos variables, ofrecen una amplia gama de aplicaciones en competiciones y para todo tipo de caza con diferentes condiciones de luz.<br \/>\nIndependientemente de la aplicaci\u00f3n y de las diferentes condiciones lum\u00ednicas y clim\u00e1ticas, debe poder confiar en la calidad de su visor en todo momento.<\/p>\n<p>Los cazadores y tiradores exigen lo m\u00e1ximo del rendimiento de la mira \u00f3ptica: s\u00f3lo as\u00ed el mejor arma ofrecer\u00e1 un rendimiento global \u00f3ptimo.<br \/>\nEs gibt Zielfernrohre mit konstanter und variabler Vergr\u00f6\u00dferung. Zieloptiken mit variabler Verg\u00f6sserungen erm\u00f6glichen eine Einstellung entsprechend dem Verwendungszweck. Bei weitem Schuss z.B. 10x, beim Schuss auf fl\u00fcchtiges Wild nur 2,5-facher Vergr\u00f6sserung. Wichtiger Bestandteil eines Zielfernrohres ist das Absehen (Fadenkreuz). Das Leuchtabsehen mit dem Glasfaser Leuchtpunkt II ist extrem klar.<\/p>\n<p>Dank der von DDoptics entwickelten Glasfasertechnik \u00fcberstrahlt oder reflektiert der Leuchtpunkt in keiner Situation. Bei starker Dimmung wird der Leuchtpunkt nicht nur dunkler, sondern auch feiner.<br \/>\nUna montura de alta calidad garantiza un ajuste \u00f3ptimo y constante en el rifle, incluso despu\u00e9s de desmontarla varias veces. Las monturas m\u00e1s conocidas son las monturas giratorias, las monturas deslizantes o las monturas de gancho \u00fanico, como la montura de gancho \u00fanico Ziegler disponible en DDoptics.<\/p>\n<table border=\"0\">\n<tbody>\n<tr>\n<td><strong>Tipo de caza<\/strong><\/td>\n<td><strong>Utilizaci\u00f3n<\/strong><\/td>\n<td><strong>Selecci\u00f3n de la \u00f3ptica de punter\u00eda<\/strong><\/td>\n<\/tr>\n<tr>\n<td>Allround<\/td>\n<td>Aumentos variables y di\u00e1metros de lente objetivo en el centro<br \/>\nson ligeras para el acecho y ofrecen reservas<br \/>\nen el crep\u00fasculo.<\/td>\n<td>1,5-6\u00d742<br \/>\n2,5-10\u00d750<br \/>\n2,5-15\u00d750<br \/>\n2,5-10\u00d756<\/td>\n<\/tr>\n<tr>\n<td>Asiento<\/td>\n<td>Tama\u00f1o Los aumentos y los di\u00e1metros de las lentes dan como resultado un<br \/>\nBuen rendimiento en el crep\u00fasculo - una ret\u00edcula iluminada es ventajosa<\/td>\n<td>2,5-10\u00d750<br \/>\n2,5-10\u00d756<br \/>\n5-30\u00d750<br \/>\n2,5-15\u00d750<\/td>\n<\/tr>\n<tr>\n<td>Acechar<\/td>\n<td>Los aumentos bajos o los di\u00e1metros de lente peque\u00f1os son<br \/>\npreferibles por su peso o porque son predominantemente<br \/>\nutilizarse a la luz del d\u00eda.<\/td>\n<td>1,5-6\u00d742<br \/>\n1-4\u00d724<\/td>\n<\/tr>\n<tr>\n<td>Caza de monta\u00f1a<\/td>\n<td>Aumentos variables medios y di\u00e1metros de objetivo medios,<br \/>\npara adaptarse a las diferentes distancias.<br \/>\ny no llevar demasiado peso.<\/td>\n<td>5-30\u00d750<br \/>\n2,5-15\u00d750<\/td>\n<\/tr>\n<tr>\n<td>Empujar y<\/p>\n<p>Gran juego<\/td>\n<td>Los aumentos bajos o los di\u00e1metros de lente peque\u00f1os son<br \/>\npor su peso y su mayor campo de visi\u00f3n.<br \/>\nporque tambi\u00e9n se utilizan principalmente a la luz del d\u00eda.<\/td>\n<td>1,5-6\u00d742<br \/>\n1-4\u00d724<\/td>\n<\/tr>\n<\/tbody>\n<\/table>\n<\/div>","protected":false},"excerpt":{"rendered":"<p>Zielfernrohre nach Eignung Wie Sie mit unserer Eignungsauswahl und dem Vergleichssystem das f\u00fcr Ihren Gebrauch optimale Zielfernrohr finden! Beratung : Hier erhalten Sie die wichtigsten Tipps, damit bei der Auswahl Ihrer Zieloptik auch Ihre Erwartungen optimal erf\u00fcllt werden. Hochqualitatve und genaue Zielfernrohre stellen hervorragende Optiken modernster Bauart dar! Sie bieten mit ihrem variablen Vergr\u00f6\u00dferungsbereich vielf\u00e4ltige [&#8230;]\n","protected":false},"author":2,"featured_media":0,"parent":0,"menu_order":0,"comment_status":"closed","ping_status":"closed","template":"page-blank-title-center.php","meta":{"inline_featured_image":false,"footnotes":""},"class_list":["post-29084","page","type-page","status-publish","hentry"],"_links":{"self":[{"href":"https:\/\/ddoptics.shop\/es\/wp-json\/wp\/v2\/pages\/29084","targetHints":{"allow":["GET"]}}],"collection":[{"href":"https:\/\/ddoptics.shop\/es\/wp-json\/wp\/v2\/pages"}],"about":[{"href":"https:\/\/ddoptics.shop\/es\/wp-json\/wp\/v2\/types\/page"}],"author":[{"embeddable":true,"href":"https:\/\/ddoptics.shop\/es\/wp-json\/wp\/v2\/users\/2"}],"replies":[{"embeddable":true,"href":"https:\/\/ddoptics.shop\/es\/wp-json\/wp\/v2\/comments?post=29084"}],"version-history":[{"count":4,"href":"https:\/\/ddoptics.shop\/es\/wp-json\/wp\/v2\/pages\/29084\/revisions"}],"predecessor-version":[{"id":29088,"href":"https:\/\/ddoptics.shop\/es\/wp-json\/wp\/v2\/pages\/29084\/revisions\/29088"}],"wp:attachment":[{"href":"https:\/\/ddoptics.shop\/es\/wp-json\/wp\/v2\/media?parent=29084"}],"curies":[{"name":"wp","href":"https:\/\/api.w.org\/{rel}","templated":true}]}}