{"id":33,"date":"2012-04-01T20:15:52","date_gmt":"2012-04-01T18:15:52","guid":{"rendered":"http:\/\/www.optik-sport-shop.at\/?page_id=33"},"modified":"2025-11-05T12:25:28","modified_gmt":"2025-11-05T11:25:28","slug":"gastos-de-envio","status":"publish","type":"page","link":"https:\/\/ddoptics.shop\/es\/versandkosten\/","title":{"rendered":"Gastos e informaci\u00f3n de env\u00edo"},"content":{"rendered":"<div id=\"gap-1759032684\" class=\"gap-element clearfix\" style=\"display:block; height:auto;\">\n\t\t\n<style>\n#gap-1759032684 {\n  padding-top: 60px;\n}\n<\/style>\n\t<\/div>\n\t\n\n  <div class=\"banner has-hover\" id=\"banner-1058486798\">\n          <div class=\"banner-inner fill\">\n        <div class=\"banner-bg fill\" >\n            <img decoding=\"async\" width=\"1020\" height=\"268\" src=\"https:\/\/ddoptics.shop\/wp-content\/uploads\/2017\/03\/versandkosten-optik-sport-shop_1140.jpg\" class=\"bg attachment-large size-large\" alt=\"Gastos de env\u00edo en Optik Sport Shop\" title=\"\">                        <div class=\"overlay\"><\/div>            \n                    <\/div>\n\t\t\n        <div class=\"banner-layers container\">\n            <div class=\"fill banner-link\"><\/div>            \n   <div id=\"text-box-259704679\" class=\"text-box banner-layer x50 md-x50 lg-x50 y50 md-y50 lg-y50 res-text\">\n                                <div class=\"text-box-content text dark\">\n              \n              <div class=\"text-inner text-center\">\n                  \n<h1 class=\"uppercase\"><span style=\"font-size: 80%;\">GASTOS DE ENV\u00cdO<\/span><\/h1>\n              <\/div>\n           <\/div>\n                            \n<style>\n#text-box-259704679 .text-inner {\n  padding: 100px 0px 0px 0px;\n}\n#text-box-259704679 {\n  width: 60%;\n}\n#text-box-259704679 .text-box-content {\n  font-size: 100%;\n}\n<\/style>\n    <\/div>\n \n        <\/div>\n      <\/div>\n\n              <div class=\"height-fix is-invisible\"><img decoding=\"async\" width=\"1020\" height=\"268\" src=\"https:\/\/ddoptics.shop\/wp-content\/uploads\/2017\/03\/versandkosten-optik-sport-shop_1140.jpg\" class=\"attachment-large size-large\" alt=\"Gastos de env\u00edo en Optik Sport Shop\" srcset=\"https:\/\/ddoptics.shop\/wp-content\/uploads\/2017\/03\/versandkosten-optik-sport-shop_1140.jpg 1140w, https:\/\/ddoptics.shop\/wp-content\/uploads\/2017\/03\/versandkosten-optik-sport-shop_1140-304x80.jpg 304w, https:\/\/ddoptics.shop\/wp-content\/uploads\/2017\/03\/versandkosten-optik-sport-shop_1140-305x80.jpg 305w, https:\/\/ddoptics.shop\/wp-content\/uploads\/2017\/03\/versandkosten-optik-sport-shop_1140-632x166.jpg 632w, https:\/\/ddoptics.shop\/wp-content\/uploads\/2017\/03\/versandkosten-optik-sport-shop_1140-800x211.jpg 800w, https:\/\/ddoptics.shop\/wp-content\/uploads\/2017\/03\/versandkosten-optik-sport-shop_1140-250x66.jpg 250w, https:\/\/ddoptics.shop\/wp-content\/uploads\/2017\/03\/versandkosten-optik-sport-shop_1140-510x134.jpg 510w\" sizes=\"(max-width: 1020px) 100vw, 1020px\" title=\"\"><\/div>\n            \n<style>\n#banner-1058486798 .overlay {\n  background-color: rgba(0, 0, 0, 0.17);\n}\n<\/style>\n  <\/div>\n\n\n<div class=\"row\"  id=\"row-1573171127\">\n\n\t<div id=\"col-1468830961\" class=\"col small-12 large-12\"  >\n\t\t\t\t<div class=\"col-inner\"  >\n\t\t\t\n\t\t\t\n<h2>Gastos de env\u00edo en Optik Sport Shop<\/h2>\n<p><strong>Pedidos y env\u00edo posible a:<\/strong><br \/>\nRealizamos env\u00edos dentro de Austria y a los pa\u00edses vecinos de Alemania e Italia, <strong><a href=\"https:\/\/ddoptics.shop\/es\/clientes-suiza-liechtenstein\/\" target=\"_blank\" rel=\"noopener noreferrer\">Suiza y Liechtenstein<\/a>.<\/strong><\/p>\n<p>NUEVO En toda la UE: B\u00e9lgica, Bulgaria, Dinamarca, Estonia, Finlandia, Francia (continente), Grecia (Atenas, El Pireo), Irlanda, Italia, Croacia, Letonia, Lituania, Luxemburgo, Malta, Pa\u00edses Bajos, Polonia, Portugal (continente), Ruman\u00eda, Suecia, Eslovaquia, Eslovenia, Espa\u00f1a (continente), Rep\u00fablica Checa, Hungr\u00eda, Chipre (sur),<\/p>\n<p><strong>SIN gastos de env\u00edo:<\/strong><br \/>\nEn principio, la recogida personal siempre es posible y, por tanto, gratuita.<\/p>\n<h3>Gastos de env\u00edo nacionales (Austria):<strong><br \/>\n<\/strong><\/h3>\n<table style=\"width: 800px;\" border=\"0\">\n<tbody>\n<tr>\n<td>Paquete de hasta 999 g<\/td>\n<td>\u20ac 13,00<\/td>\n<\/tr>\n<tr>\n<td>Envase a partir de 1000 g<\/td>\n<td>\u20ac 14,00<\/td>\n<\/tr>\n<tr>\n<td>Paquete de hasta 20 kg<\/td>\n<td>\u20ac 18,00<\/td>\n<\/tr>\n<\/tbody>\n<\/table>\n<p>&nbsp;<\/p>\n<h3>Gastos de env\u00edo a Alemania:<\/h3>\n<table style=\"width: 800px;\" border=\"0\">\n<tbody>\n<tr>\n<td>Envase a partir de 200 g<\/td>\n<td>\u20ac 7,00<\/td>\n<\/tr>\n<tr>\n<td>Envase a partir de 500 g<\/td>\n<td>\u20ac 9,00<\/td>\n<\/tr>\n<tr>\n<td>Envase a partir de 1000 g<\/td>\n<td>\u20ac 14,00<\/td>\n<\/tr>\n<tr>\n<td>Paquete de hasta 20 kg<\/td>\n<td>\u20ac 24,90<\/td>\n<\/tr>\n<\/tbody>\n<\/table>\n<p>&nbsp;<\/p>\n<h3>Gastos de env\u00edo Suiza y Liechtenstein (no UE - factura neta, como exportaci\u00f3n)<\/h3>\n<p>El plazo medio de entrega de los art\u00edculos en stock es de 5-7 d\u00edas (excepto s\u00e1bados, domingos y festivos) debido al despacho de aduanas.<\/p>\n<table style=\"width: 800px;\" border=\"0\">\n<tbody>\n<tr>\n<td>Paquete hasta 999 euros netos incl. tr\u00e1mites aduaneros - documentos de env\u00edo y papeles de aduana<\/td>\n<td>\u20ac 35,00<\/td>\n<\/tr>\n<tr>\n<td>Paquete a partir de 1000 \u20ac netos incl. tr\u00e1mites aduaneros ampliados - documentos de env\u00edo y papeles de aduana - incl. 3 n\u00fameros de arancel aduanero (por ejemplo, ejes de carbono UNIC, etc.).<\/td>\n<td>\u20ac 87,00<\/td>\n<\/tr>\n<tr>\n<td>Prohibido el env\u00edo de balas y dispositivos de visi\u00f3n nocturna \/ imagen t\u00e9rmica a Suiza<\/td>\n<td><\/td>\n<\/tr>\n<\/tbody>\n<\/table>\n<p>Resto de Europa: Ver cesta de la compra con selecci\u00f3n de pa\u00eds de destino.<\/p>\n<p>Los gastos de env\u00edo finales se calculan siempre sobre <strong>Fin del pedido antes de enviarlo<\/strong> exhibido.<\/p>\n<p>Todos los precios incluyen embalaje, gastos de env\u00edo e incluyen (excepto CH) 20% IVA. Salvo error tipogr\u00e1fico o de impresi\u00f3n.<\/p>\n\t\t<\/div>\n\t\t\t\t\t<\/div>\n\n\t\n<\/div>","protected":false},"excerpt":{"rendered":"","protected":false},"author":2,"featured_media":0,"parent":0,"menu_order":0,"comment_status":"closed","ping_status":"open","template":"page-transparent-header.php","meta":{"inline_featured_image":false,"footnotes":""},"class_list":["post-33","page","type-page","status-publish","hentry"],"_links":{"self":[{"href":"https:\/\/ddoptics.shop\/es\/wp-json\/wp\/v2\/pages\/33","targetHints":{"allow":["GET"]}}],"collection":[{"href":"https:\/\/ddoptics.shop\/es\/wp-json\/wp\/v2\/pages"}],"about":[{"href":"https:\/\/ddoptics.shop\/es\/wp-json\/wp\/v2\/types\/page"}],"author":[{"embeddable":true,"href":"https:\/\/ddoptics.shop\/es\/wp-json\/wp\/v2\/users\/2"}],"replies":[{"embeddable":true,"href":"https:\/\/ddoptics.shop\/es\/wp-json\/wp\/v2\/comments?post=33"}],"version-history":[{"count":12,"href":"https:\/\/ddoptics.shop\/es\/wp-json\/wp\/v2\/pages\/33\/revisions"}],"predecessor-version":[{"id":29417,"href":"https:\/\/ddoptics.shop\/es\/wp-json\/wp\/v2\/pages\/33\/revisions\/29417"}],"wp:attachment":[{"href":"https:\/\/ddoptics.shop\/es\/wp-json\/wp\/v2\/media?parent=33"}],"curies":[{"name":"wp","href":"https:\/\/api.w.org\/{rel}","templated":true}]}}