{"id":598,"date":"2012-04-16T23:00:31","date_gmt":"2012-04-16T21:00:31","guid":{"rendered":"http:\/\/www.optik-sport-shop.at\/?page_id=598"},"modified":"2025-11-04T18:31:21","modified_gmt":"2025-11-04T17:31:21","slug":"conjunto-de-enganche-suhl-contra-de-ziegler","status":"publish","type":"page","link":"https:\/\/ddoptics.shop\/es\/outdoor-wissen\/zf-montagen\/suhler-einhakmontage-kontra-von-ziegler\/","title":{"rendered":"SEM Contra de Ziegler"},"content":{"rendered":"\r\n<h2>SEM Kontra. Die Neudefinition eines perfekten Klassikers &#8211; Suhler Einhakmontage<\/h2>\r\n<p>Die <strong><em><a href=\"https:\/\/ddoptics.shop\/kaufen\/ziegler-suhler-einhakmontage-sem-kontra\/\" target=\"_blank\" rel=\"noopener\" data-schema-attribute=\"\">Kontra Montage<\/a> von Ziegler<\/em> ist eine Zusatzentwicklung<\/strong>, welche die top Eigenschaften der Suhler Einhakmontage rein f\u00fcr die Montage am Mittelrohr des ZF erm\u00f6glicht. Sie ist nach Meinung vieler J\u00e4ger in Deutschland, inzwischen eine der <strong>besten abnehmbare <em>Zielfernrohrmontage f\u00fcr 30 mm Rohre im Markt<\/em><\/strong>. Ihre Eleganz und Einfachheit ist nach wie vor un\u00fcbertroffen.<\/p>\r\n\t<div class=\"img has-hover x md-x lg-x y md-y lg-y\" id=\"image_660156499\">\n\t\t\t\t\t\t\t\t<div class=\"img-inner dark\" >\n\t\t\t<img decoding=\"async\" width=\"1020\" height=\"268\" src=\"https:\/\/ddoptics.shop\/wp-content\/uploads\/2017\/03\/ZF-Montagen.jpg\" class=\"attachment-large size-large\" alt=\"ZF-Montagen\" srcset=\"https:\/\/ddoptics.shop\/wp-content\/uploads\/2017\/03\/ZF-Montagen.jpg 1140w, https:\/\/ddoptics.shop\/wp-content\/uploads\/2017\/03\/ZF-Montagen-304x80.jpg 304w, https:\/\/ddoptics.shop\/wp-content\/uploads\/2017\/03\/ZF-Montagen-305x80.jpg 305w, https:\/\/ddoptics.shop\/wp-content\/uploads\/2017\/03\/ZF-Montagen-632x166.jpg 632w, https:\/\/ddoptics.shop\/wp-content\/uploads\/2017\/03\/ZF-Montagen-800x211.jpg 800w, https:\/\/ddoptics.shop\/wp-content\/uploads\/2017\/03\/ZF-Montagen-250x66.jpg 250w, https:\/\/ddoptics.shop\/wp-content\/uploads\/2017\/03\/ZF-Montagen-510x134.jpg 510w\" sizes=\"(max-width: 1020px) 100vw, 1020px\" title=\"\">\t\t\t\t\t\t\n\t\t\t\t\t<\/div>\n\t\t\t\t\t\t\t\t\n<style>\n#image_660156499 {\n  width: 100%;\n}\n<\/style>\n\t<\/div>\n\t\r\n<h3>SEM Kontra &#8211; toller Vorteil: Selbstmontage auf Ihrem Gewehr!<\/h3>\r\n<p>Mit ein wenig <strong>technischem Geschick und Gef\u00fchl l\u00e4sst sich diese hochgenaue Montage vom Sch\u00fctzen selbst montieren.<\/strong> Es k\u00f6nnen einfach verschiedene Zieloptiken (nur noch wenige Montageringe werden ben\u00f6tigt) auf der B\u00fcchse montiert und eingeschossen werden. Das entsprechende ZF kann danach, je nach Einsatzart, einfach nur noch getauscht. Die Montageanleitung liegt der Lieferung bei.<\/p>\r\n<h3>Was macht die Ziegler SEM Kontra Montage so besonders?<\/h3>\r\n<p>Die <strong>Kontra Einhakmontage vom Prinzip her gesehen eine &#8220;umgedrehte&#8221; <a href=\"https:\/\/de.wikipedia.org\/wiki\/Suhler_Einhakmontage\" target=\"_blank\" rel=\"noopener sponsored\" data-schema-attribute=\"\">Suhler Einhakmontage<\/a> (SEM).<\/strong> Zuerst wird beim Einhaken der Hinterfu\u00df eingeh\u00e4ngt und die Verriegelung erfolgt dann vorne.<\/p>\r\n<p>Das Verriegelungsschloss sitzt vorne in der H\u00fclsenbr\u00fccke. Dieser Montagetyp erlaubt die <strong>Befestigung der Ringe am Mittelrohr des 30mm Zielfernrohrs<\/strong>und eignet sich besonders als <strong>abnehmbare, formsch\u00f6ne Montage f\u00fcr Zielfernrohre auf Repetiergewehren<\/strong> &#8211; oder als elegante L\u00f6sung auf Kipplaufwaffen, wenn keine Montage mit einem gro\u00dfen Ring am Objektiv gew\u00fcnscht wird.<\/p>\r\n<figure id=\"attachment_9654\" aria-describedby=\"caption-attachment-9654\" style=\"width: 350px\" class=\"wp-caption alignright\"><img decoding=\"async\" class=\"wp-image-9654\" src=\"https:\/\/ddoptics.shop\/wp-content\/uploads\/2013\/06\/Jaeger-10-mit-DDoptics-und-.jpg\" alt=\"Haenel J\u00e4ger 10 Testbericht\" width=\"350\" height=\"263\" title=\"\" srcset=\"https:\/\/ddoptics.shop\/wp-content\/uploads\/2013\/06\/Jaeger-10-mit-DDoptics-und-.jpg 800w, https:\/\/ddoptics.shop\/wp-content\/uploads\/2013\/06\/Jaeger-10-mit-DDoptics-und--304x228.jpg 304w, https:\/\/ddoptics.shop\/wp-content\/uploads\/2013\/06\/Jaeger-10-mit-DDoptics-und--305x229.jpg 305w, https:\/\/ddoptics.shop\/wp-content\/uploads\/2013\/06\/Jaeger-10-mit-DDoptics-und--632x474.jpg 632w, https:\/\/ddoptics.shop\/wp-content\/uploads\/2013\/06\/Jaeger-10-mit-DDoptics-und--250x188.jpg 250w, https:\/\/ddoptics.shop\/wp-content\/uploads\/2013\/06\/Jaeger-10-mit-DDoptics-und--510x383.jpg 510w\" sizes=\"(max-width: 350px) 100vw, 350px\" \/><figcaption id=\"caption-attachment-9654\" class=\"wp-caption-text\">Jaeger 10 mit DDoptics und Ziegler Montage<\/figcaption><\/figure>\r\n<p><strong>Montagearbeiten am Lauf entfallen v\u00f6llig.<\/strong> Funktionellen Nachteile der konventionellen Suhler Einhakmontage (SEM) wurden von Ziegler vollst\u00e4ndig beseitigt.<\/p>\r\n<h3>Forschungs- und Entwicklungshintergrund<\/h3>\r\n<p>Seit Jahren entwickelt und baut die Firma Ziegler als Zulieferer ZF-Montagen f\u00fcr seine Partner. W\u00e4hrend der Auseinandersetzung mit dem komplexen Zusammenspiel von Jagdwaffe, Montage und Zielfernrohr konnte die Firma Ziegler viele neue Erkenntnisse gewonnen.<\/p>\r\n<p>\u00c4u\u00dferlich sieht die neue Montage der klassischen Suhler Einhakmontage sehr \u00e4hnlich. Genau das war bei der Entwicklung dieser Montage beabsichtigt.<\/p>\r\n<p>Die <strong>ver\u00e4nderte Konstruktion macht die Montage steifer, spannungsfrei, endlich langzeitstabil und leicht montierbar.<\/strong> \u201eDie Montage so aussehen zu lassen wie eine Einhakmontage war eines der schwierigsten Schritte in der Entwicklung\u201c, so Herr Gerhard Ziegler.<\/p>\r\n<p>Hier sehen Sie die praktische und einfache Anwendung der Montage auf der Waffe.<\/p>\r\n<h3>Die Suhler Einhakmontage &#8211; Geschichte und Hintergrund<\/h3>\r\n<p>Die klassische Einhakmontage ist rund 100 Jahre alt und war f\u00fcr leichte Gl\u00e4ser sowie Standardkaliber gedacht. Die <strong>Herstellung einer klassischen SEM war f\u00fcr den B\u00fcchsenmacher mit langwierigen und teuren Passarbeiten<\/strong> verbunden. Die Haltbarkeit der Montage war ein Problem. Mit Aufkommen immer st\u00e4rkerer Kaliber und immer schwererer Gl\u00e4ser vor 30 Jahren begann der Siegeszug der Schwenkmontage, die industriell vorgefertigt werden konnte. Zu diesem Zeitpunkt h\u00f6rte die Entwicklungsarbeit an der Einhakmontage einfach auf.<\/p>\r\n<h3>Die Suhler Einhakmontage &#8211; Pr\u00e4zise Technik f\u00fcr den pr\u00e4zisen Schuss<\/h3>\r\n<p><strong>Modernste Fertigungsverfahren in Kombination mit neuen Werkstoffen und Pr\u00fcfverfahren erlauben heute immer noch bessere L\u00f6sungen.<\/strong> In zweij\u00e4hriger Entwicklungsarbeit ist es der Firma Ziegler gelungen, die altehrw\u00fcrdige Suhler Einhakmontage ins 21. Jahrhundert zu transformieren. Mit dem Know-How und der Erfahrung eines High Tech Unternehmens schlagen wir die Br\u00fccke zwischen der \u00c4sthetik traditioneller Handwerkskunst und der Pr\u00e4zision moderner Fertigungsmethoden.<\/p>\r\n<h3>Ziegler Suhler Einhakmontage Kontra im Shop kaufen &#8211; einfach Waffenmodell ausw\u00e4hlen<\/h3>\r\n\t\n  \n    <div class=\"row large-columns-2 medium-columns- small-columns- row-small\" >\n  \n\t     <div class=\"product-small col has-hover product type-product post-1812 status-publish first instock product_cat-zielfernrohr-montage product_tag-einhakmontage product_tag-kontra-montage product_tag-sem product_tag-suhler-montage product_tag-zielgler-montage has-post-thumbnail taxable shipping-taxable purchasable product-type-variable\">\n\t<div class=\"col-inner\">\n\t\n<div class=\"badge-container absolute left top z-1\">\n\n<\/div>\n\t<div class=\"product-small box \">\n\t\t<div class=\"box-image\">\n\t\t\t<div class=\"image-fade_in_back\">\n\t\t\t\t<a href=\"https:\/\/ddoptics.shop\/es\/kaufen\/ziegler-suhler-einhakmontage-sem-kontra\/\">\n\t\t\t\t\t<img decoding=\"async\" width=\"304\" height=\"358\" src=\"https:\/\/ddoptics.shop\/wp-content\/uploads\/2016\/04\/Ziegler-Kontra-Montage-304x358.jpg\" class=\"attachment-woocommerce_thumbnail size-woocommerce_thumbnail\" alt=\"Ziegler Kontra Montage - Suhler Einhakmontage\" srcset=\"https:\/\/ddoptics.shop\/wp-content\/uploads\/2016\/04\/Ziegler-Kontra-Montage-304x358.jpg 304w, https:\/\/ddoptics.shop\/wp-content\/uploads\/2016\/04\/Ziegler-Kontra-Montage-305x360.jpg 305w, https:\/\/ddoptics.shop\/wp-content\/uploads\/2016\/04\/Ziegler-Kontra-Montage-632x744.jpg 632w, https:\/\/ddoptics.shop\/wp-content\/uploads\/2016\/04\/Ziegler-Kontra-Montage-680x800.jpg 680w, https:\/\/ddoptics.shop\/wp-content\/uploads\/2016\/04\/Ziegler-Kontra-Montage-213x250.jpg 213w, https:\/\/ddoptics.shop\/wp-content\/uploads\/2016\/04\/Ziegler-Kontra-Montage-510x600.jpg 510w, https:\/\/ddoptics.shop\/wp-content\/uploads\/2016\/04\/Ziegler-Kontra-Montage.jpg 884w\" sizes=\"(max-width: 304px) 100vw, 304px\" title=\"\"><img decoding=\"async\" width=\"304\" height=\"358\" src=\"https:\/\/ddoptics.shop\/wp-content\/uploads\/2016\/04\/Ziegler-SEM-1-304x358.jpg\" class=\"show-on-hover absolute fill hide-for-small back-image\" alt=\"Ziegler Suhler Einhakmontage SEM Kontra Detail\" aria-hidden=\"true\" srcset=\"https:\/\/ddoptics.shop\/wp-content\/uploads\/2016\/04\/Ziegler-SEM-1-304x358.jpg 304w, https:\/\/ddoptics.shop\/wp-content\/uploads\/2016\/04\/Ziegler-SEM-1-305x360.jpg 305w, https:\/\/ddoptics.shop\/wp-content\/uploads\/2016\/04\/Ziegler-SEM-1-632x744.jpg 632w, https:\/\/ddoptics.shop\/wp-content\/uploads\/2016\/04\/Ziegler-SEM-1-680x800.jpg 680w, https:\/\/ddoptics.shop\/wp-content\/uploads\/2016\/04\/Ziegler-SEM-1-213x250.jpg 213w, https:\/\/ddoptics.shop\/wp-content\/uploads\/2016\/04\/Ziegler-SEM-1-510x600.jpg 510w, https:\/\/ddoptics.shop\/wp-content\/uploads\/2016\/04\/Ziegler-SEM-1.jpg 884w\" sizes=\"(max-width: 304px) 100vw, 304px\" title=\"\">\t\t\t\t<\/a>\n\t\t\t<\/div>\n\t\t\t<div class=\"image-tools is-small top right show-on-hover\">\n\t\t\t\t\t\t\t<\/div>\n\t\t\t<div class=\"image-tools is-small hide-for-small bottom left show-on-hover\">\n\t\t\t\t\t\t\t<\/div>\n\t\t\t<div class=\"image-tools grid-tools text-center hide-for-small bottom hover-slide-in show-on-hover\">\n\t\t\t\t<a href=\"#quick-view\" class=\"quick-view\" role=\"button\" data-prod=\"1812\" aria-haspopup=\"dialog\" aria-expanded=\"false\" data-flatsome-role-button>Vista R\u00e1pida<\/a>\t\t\t<\/div>\n\t\t\t\t\t<\/div>\n\n\t\t<div class=\"box-text box-text-products\">\n\t\t\t<div class=\"title-wrapper\">\t\t<p class=\"category uppercase is-smaller no-text-overflow product-cat op-8\">\n\t\t\tZielfernrohr Montagen\t\t<\/p>\n\t<p class=\"name product-title woocommerce-loop-product__title\"><a href=\"https:\/\/ddoptics.shop\/es\/kaufen\/ziegler-suhler-einhakmontage-sem-kontra\/\" class=\"woocommerce-LoopProduct-link woocommerce-loop-product__link\">Ziegler &#8211; Suhler Einhakmontage SEM als Kontra System<\/a><\/p><\/div><div class=\"price-wrapper\"><div class=\"star-rating star-rating--inline\" role=\"img\" aria-label=\"Rated 5 de 5\"><span style=\"width:100%\">Rated <strong class=\"rating\">5<\/strong> de 5<\/span><\/div><span class=\"review-count is-small op-8\" aria-label=\"3 valoraciones de clientes\">(3)<\/span>\n\t<span class=\"price\"><span class=\"woocommerce-Price-amount amount\"><bdi><span class=\"woocommerce-Price-currencySymbol\">&euro;<\/span>\u00a0570,00<\/bdi><\/span><\/span>\n<\/div><div class=\"add-to-cart-button\"><a href=\"https:\/\/ddoptics.shop\/es\/kaufen\/ziegler-suhler-einhakmontage-sem-kontra\/\" aria-describedby=\"woocommerce_loop_add_to_cart_link_describedby_1812\" data-quantity=\"1\" class=\"primary is-small mb-0 button product_type_variable add_to_cart_button is-underline\" data-product_id=\"1812\" data-product_sku=\"OSS015\" aria-label=\"Seleccione opciones para &quot;Ziegler - Suhler Einhakmontage SEM als Kontra System&quot;\" rel=\"nofollow\">Seleccionar opciones<\/a><\/div>\t<span id=\"woocommerce_loop_add_to_cart_link_describedby_1812\" class=\"screen-reader-text\">\n\t\tEste producto tiene m\u00faltiples variantes. Las opciones se pueden elegir en la p\u00e1gina del producto\t<\/span>\n\t\t<\/div>\n\t<\/div>\n\t\t\t\t<input type=\"hidden\" class=\"pmwProductId\" data-id=\"1812\">\n\t\t\t\t\t<script>\n\t\t\t(window.pmwDataLayer = window.pmwDataLayer || {}).products                = window.pmwDataLayer.products || {};\n\t\t\twindow.pmwDataLayer.products[1812] = {\"id\":\"1812\",\"sku\":\"OSS015\",\"price\":570,\"brand\":\"\",\"quantity\":1,\"dyn_r_ids\":{\"post_id\":\"1812\",\"sku\":\"OSS015\",\"gpf\":\"woocommerce_gpf_1812\",\"gla\":\"gla_1812\"},\"is_variable\":true,\"type\":\"variable\",\"name\":\"Ziegler - Suhler Einhakmontage SEM als Kontra System\",\"category\":[\"Zielfernrohr Montagen\"],\"is_variation\":false};\n\t\t\t\t\twindow.pmw_product_position = window.pmw_product_position || 1;\n\t\twindow.pmwDataLayer.products[1812]['position'] = window.pmw_product_position++;\n\t\t\t\t<\/script>\n\t\t\t<\/div>\n<\/div><\/div>","protected":false},"excerpt":{"rendered":"","protected":false},"author":2,"featured_media":3637,"parent":8509,"menu_order":0,"comment_status":"closed","ping_status":"open","template":"","meta":{"inline_featured_image":false,"footnotes":""},"class_list":["post-598","page","type-page","status-publish","has-post-thumbnail","hentry"],"_links":{"self":[{"href":"https:\/\/ddoptics.shop\/es\/wp-json\/wp\/v2\/pages\/598","targetHints":{"allow":["GET"]}}],"collection":[{"href":"https:\/\/ddoptics.shop\/es\/wp-json\/wp\/v2\/pages"}],"about":[{"href":"https:\/\/ddoptics.shop\/es\/wp-json\/wp\/v2\/types\/page"}],"author":[{"embeddable":true,"href":"https:\/\/ddoptics.shop\/es\/wp-json\/wp\/v2\/users\/2"}],"replies":[{"embeddable":true,"href":"https:\/\/ddoptics.shop\/es\/wp-json\/wp\/v2\/comments?post=598"}],"version-history":[{"count":11,"href":"https:\/\/ddoptics.shop\/es\/wp-json\/wp\/v2\/pages\/598\/revisions"}],"predecessor-version":[{"id":29356,"href":"https:\/\/ddoptics.shop\/es\/wp-json\/wp\/v2\/pages\/598\/revisions\/29356"}],"up":[{"embeddable":true,"href":"https:\/\/ddoptics.shop\/es\/wp-json\/wp\/v2\/pages\/8509"}],"wp:featuredmedia":[{"embeddable":true,"href":"https:\/\/ddoptics.shop\/es\/wp-json\/"}],"wp:attachment":[{"href":"https:\/\/ddoptics.shop\/es\/wp-json\/wp\/v2\/media?parent=598"}],"curies":[{"name":"wp","href":"https:\/\/api.w.org\/{rel}","templated":true}]}}