{"id":6491,"date":"2014-06-11T14:55:31","date_gmt":"2014-06-11T12:55:31","guid":{"rendered":"http:\/\/optik-sport-shop.at\/?page_id=6491"},"modified":"2025-05-27T15:38:05","modified_gmt":"2025-05-27T13:38:05","slug":"politica-de-cancelacion","status":"publish","type":"page","link":"https:\/\/ddoptics.shop\/es\/widerrufsbestimmungen\/","title":{"rendered":"Disposiciones de anulaci\u00f3n"},"content":{"rendered":"<p>Tiene derecho a anular el pedido en un plazo de catorce d\u00edas a partir de la recepci\u00f3n de la mercanc\u00eda (\u00a1no de la factura!) sin indicar motivo alguno. El d\u00eda de la entrega no se cuenta a la hora de calcular el plazo de cancelaci\u00f3n.<\/p>\n<p style=\"color: #666666;\">El plazo de desistimiento comienza tras la recepci\u00f3n de la notificaci\u00f3n de desistimiento en forma de texto, pero no antes de la recepci\u00f3n de la mercanc\u00eda por el destinatario (en el caso de entregas peri\u00f3dicas de mercanc\u00edas similares, no antes de la recepci\u00f3n de la primera entrega parcial).<\/p>\n<p>Para ejercer su derecho de cancelaci\u00f3n, debe enviarnos<\/p>\n<p>Tiendas Webdeals GmbH<br \/>\nProjekt Optik Sport Shop - \u00d3ptica DDoptics y varillas de carbono FBT<br \/>\nHolzbodenweg 6<br \/>\nAT - 6858 Schwarzach<br \/>\nwiderruf@ddoptics.shop<\/p>\n<p>mediante una declaraci\u00f3n clara (por ejemplo, una carta enviada por correo postal, un correo electr\u00f3nico o una llamada telef\u00f3nica) de su decisi\u00f3n de anular el pedido o -si la mercanc\u00eda le ha sido entregada antes de la fecha l\u00edmite- tambi\u00e9n mediante la devoluci\u00f3n de la mercanc\u00eda. Puede utilizar nuestro <a title=\"Modelo de formulario de cancelaci\u00f3n\" href=\"\/wp-content\/uploads\/2017\/02\/Schriftlicher-Widerruf-Bestellung.pdf\">Modelo de formulario de cancelaci\u00f3n<\/a>\u00a0pero no es obligatorio. Tambi\u00e9n puede utilizar el formulario de cancelaci\u00f3n de nuestro sitio web (<a title=\"Formulario de cancelaci\u00f3n en l\u00ednea\" href=\"\/es\/anulacion-del-pedido\/\">http:\/\/ddoptics.shop\/widerruf-bestellung<\/a>) por v\u00eda electr\u00f3nica y envi\u00e1rnosla. Si hace uso de esta opci\u00f3n, le enviaremos inmediatamente un acuse de recibo de dicha cancelaci\u00f3n (por ejemplo, por correo electr\u00f3nico). Para cumplir el plazo de cancelaci\u00f3n, basta con que nos env\u00ede la notificaci\u00f3n del ejercicio del derecho de cancelaci\u00f3n antes de que expire el plazo de cancelaci\u00f3n.<\/p>\n<p style=\"color: #666666;\"><a title=\"Formulario de pedido de anulaci\u00f3n en l\u00ednea\" href=\"\/es\/anulacion-del-pedido\/\">\" Ir al formulario de cancelaci\u00f3n en l\u00ednea<\/a><\/p>\n<p style=\"color: #666666;\"><a title=\"Formulario de anulaci\u00f3n de pedido\" href=\"https:\/\/ddoptics.shop\/wp-content\/uploads\/2021\/11\/vorlage_widerruf_bestellung.pdf\">\" Descargar el formulario \"Anulaci\u00f3n de pedido\" (.pdf)<\/a><\/p>\n<h3 style=\"color: #444444;\">Grupos de productos excluidos del derecho de cancelaci\u00f3n<\/h3>\n<p style=\"color: #666666;\">Servicios sociales, servicios sanitarios, art\u00edculos de higiene, productos perecederos de uso cotidiano y productos a medida.<\/p>\n<h3 style=\"color: #444444;\">Consecuencias de la anulaci\u00f3n<\/h3>\n<p style=\"color: #666666;\">Si cancela el pedido, le reembolsaremos todos los pagos recibidos de usted, incluidos los gastos de entrega (con excepci\u00f3n de los gastos suplementarios resultantes de la elecci\u00f3n por su parte de un tipo de entrega distinto del tipo menos costoso de entrega est\u00e1ndar que ofrezcamos), sin ninguna demora indebida y, en cualquier caso, a m\u00e1s tardar 14 d\u00edas a partir del d\u00eda en que se nos informe de su decisi\u00f3n de cancelar el presente contrato. Para este reembolso, utilizaremos el mismo medio de pago que usted utiliz\u00f3 para la transacci\u00f3n original, a menos que se acuerde expresamente otra cosa con usted; cualquier coste de transacci\u00f3n (que actualmente no nos reembolsa PayPal, por ejemplo) correr\u00e1 a cargo del cliente. Podremos negarnos a efectuar un reembolso hasta que hayamos recibido la mercanc\u00eda de vuelta.<\/p>\n<h3 style=\"color: #444444;\">Devoluci\u00f3n de la mercanc\u00eda<\/h3>\n<p style=\"color: #666666;\">Deber\u00e1 devolvernos o entregarnos la mercanc\u00eda (DDoptics Optik Sport Shop, Webdeals Shops GmbH, Holzbodenweg 6, 6858 Schwarzach, Austria) inmediatamente y, en cualquier caso, en un plazo m\u00e1ximo de catorce d\u00edas a partir de la recepci\u00f3n de la pol\u00edtica de cancelaci\u00f3n o de la recepci\u00f3n de la mercanc\u00eda. El plazo se considerar\u00e1 cumplido si env\u00eda la mercanc\u00eda antes de que haya transcurrido el plazo de catorce d\u00edas. Usted correr\u00e1 con los gastos directos de devoluci\u00f3n de la mercanc\u00eda. S\u00f3lo tendr\u00e1 que pagar la p\u00e9rdida de valor de la mercanc\u00eda si dicha p\u00e9rdida de valor se debe a una manipulaci\u00f3n de la mercanc\u00eda que no sea necesaria para comprobar su estado, propiedades y funcionalidad.<\/p>","protected":false},"excerpt":{"rendered":"<p>Sie haben das Recht, binnen vierzehn Tagen ab Erhalt der Ware (nicht Erhalt der Rechnung !) ohne Angabe von Gr\u00fcnden die Bestellung zu widerrufen.\u00a0Der Tag der Zustellung wird bei der Fristberechnung nicht mitgez\u00e4hlt. Die Widerrufsfrist beginnt nach Erhalt der R\u00fccktrittsmeldung in Textform, jedoch nicht vor Eingang der Ware beim Empf\u00e4nger (bei wiederkehrenden Lieferungen gleichartiger Waren [&#8230;]\n","protected":false},"author":2,"featured_media":0,"parent":0,"menu_order":0,"comment_status":"closed","ping_status":"open","template":"page-blank-title-center.php","meta":{"inline_featured_image":false,"footnotes":""},"class_list":["post-6491","page","type-page","status-publish","hentry"],"_links":{"self":[{"href":"https:\/\/ddoptics.shop\/es\/wp-json\/wp\/v2\/pages\/6491","targetHints":{"allow":["GET"]}}],"collection":[{"href":"https:\/\/ddoptics.shop\/es\/wp-json\/wp\/v2\/pages"}],"about":[{"href":"https:\/\/ddoptics.shop\/es\/wp-json\/wp\/v2\/types\/page"}],"author":[{"embeddable":true,"href":"https:\/\/ddoptics.shop\/es\/wp-json\/wp\/v2\/users\/2"}],"replies":[{"embeddable":true,"href":"https:\/\/ddoptics.shop\/es\/wp-json\/wp\/v2\/comments?post=6491"}],"version-history":[{"count":9,"href":"https:\/\/ddoptics.shop\/es\/wp-json\/wp\/v2\/pages\/6491\/revisions"}],"predecessor-version":[{"id":28409,"href":"https:\/\/ddoptics.shop\/es\/wp-json\/wp\/v2\/pages\/6491\/revisions\/28409"}],"wp:attachment":[{"href":"https:\/\/ddoptics.shop\/es\/wp-json\/wp\/v2\/media?parent=6491"}],"curies":[{"name":"wp","href":"https:\/\/api.w.org\/{rel}","templated":true}]}}