{"id":737,"date":"2012-05-13T09:58:35","date_gmt":"2012-05-13T07:58:35","guid":{"rendered":"http:\/\/www.optik-sport-shop.at\/?page_id=737"},"modified":"2012-05-13T09:58:35","modified_gmt":"2012-05-13T07:58:35","slug":"loden","status":"publish","type":"page","link":"https:\/\/ddoptics.shop\/es\/outdoor-wissen\/loden\/","title":{"rendered":"Loden"},"content":{"rendered":"<h2>Material tradicional de los alpinos y cazadores, es el tejido loden con el que se hac\u00edan las leyendas.<\/h2>\n<p><strong>Loden<\/strong> es el <strong>tejido tradicional<\/strong>de la que el <strong>Habitantes de la regi\u00f3n alpina<\/strong> desde <strong>siglos para confeccionar su ropa<\/strong>. El material loden ofrece un <strong>excelente protecci\u00f3n<\/strong> contra el a menudo \u00e1spero <strong>Tiempo de monta\u00f1a, contra la lluvia, el viento y el fr\u00edo<\/strong>. Loden es un material que <strong>Producto de pura lana virgen<\/strong>tradicionalmente suministrada por ovejas de la regi\u00f3n. Debido a las mayores exigencias de calidad, hoy en d\u00eda tambi\u00e9n se hila lana de ovejas neozelandesas.<\/p>\n<p>Para llegar a la moda alpinisti loden <strong>AQU\u00cd<\/strong><\/p>\n<h2>Breve historia sobre Loden<\/h2>\n<p>El t\u00e9rmino loden est\u00e1 documentado en el siglo X como lodo (tejido de lana molida), pero tambi\u00e9n puede proceder del alto alem\u00e1n medio lodi (capa) o del n\u00f3rdico antiguo lodi (capa peluda). Loden se utiliza tradicionalmente (y a\u00fan hoy) para <strong>todo tipo de moda de casa de campo<\/strong> utilizado. Ya sea para <strong>Moda en trajes tradicionales<\/strong>, <strong>Dirndl<\/strong> (por ejemplo <strong>en la Oktoberfest<\/strong>), <strong>Chaqueta tradicional <\/strong>o simplemente<strong> a juego con los lederhosen<\/strong> - El loden se utiliza en todas partes como material principal o complementario.<\/p>\n<p><strong>Loden<\/strong> ha desempe\u00f1ado y sigue desempe\u00f1ando un importante<strong> Trajes tradicionales b\u00e1varos y austriacos<\/strong> un papel importante. El inter\u00e9s por los trajes tradicionales despert\u00f3 en muchas regiones a finales del siglo XIX, cuando la gente empez\u00f3 a recuperar las especialidades regionales y el supuesto romanticismo rural como parte del movimiento Heimat.<\/p>\n<p><object width=\"600\" height=\"400\" classid=\"clsid:d27cdb6e-ae6d-11cf-96b8-444553540000\" codebase=\"http:\/\/download.macromedia.com\/pub\/shockwave\/cabs\/flash\/swflash.cab#version=6,0,40,0\"><param name=\"allowFullScreen\" value=\"true\" \/><param name=\"allowscriptaccess\" value=\"always\" \/><param name=\"src\" value=\"http:\/\/www.youtube.com\/v\/yP-xrJZqBsE?version=3&amp;hl=de_DE&amp;rel=0\" \/><param name=\"allowfullscreen\" value=\"true\" \/><embed width=\"600\" height=\"400\" type=\"application\/x-shockwave-flash\" src=\"http:\/\/www.youtube.com\/v\/yP-xrJZqBsE?version=3&amp;hl=de_DE&amp;rel=0\" allowfullscreen=\"true\" allowscriptaccess=\"always\" \/><\/object><\/p>\n<p>En Austria, en Estiria a mediados del siglo XIX, un gris <strong>Traje de lino con solapas verdes y rayas decorativas<\/strong> (Lampassen) mediante. Fue seleccionado entre los <strong>Ropa de caza<\/strong> desarrollada en el Salzkammergut y popularizada por el archiduque Johann de Austria (1782-1859). La prenda que se sigue utilizando hoy en d\u00eda era<strong> \"Traje de Estiria\"<\/strong> llamado.<\/p>\n<figure id=\"attachment_742\" aria-describedby=\"caption-attachment-742\" style=\"width: 297px\" class=\"wp-caption alignleft\"><a href=\"http:\/\/optik-sport-shop.at\/wp-content\/uploads\/2012\/05\/leobner-und-altsteirer-anzug.jpg\" target=\"_blank\" rel=\"noopener\"><img decoding=\"async\" class=\"wp-image-742\" title=\"Traje de Leobner (izquierda) y Altsteirer\" alt=\"Traje de Leobner (izquierda) y Altsteirer\" src=\"http:\/\/optik-sport-shop.at\/wp-content\/uploads\/2012\/05\/leobner-und-altsteirer-anzug.jpg\" width=\"297\" height=\"230\" \/><\/a><figcaption id=\"caption-attachment-742\" class=\"wp-caption-text\">Traje de Leobner (izquierda) y Altsteirer<\/figcaption><\/figure>\n<p><span style=\"font-size: 22px; letter-spacing: 0px; line-height: 30px;\">El traje de Estiria<\/span><\/p>\n<p>El traje de Estiria lleg\u00f3 a <strong>Ropa de ocio de la nobleza<\/strong> y, en consecuencia, las clases medias altas. Tras la Primera Guerra Mundial, la <strong>El entusiasmo por los trajes tradicionales se extendi\u00f3 por toda Austria.<\/strong> Al principio se usaba como vestimenta t\u00edpica de los ciudadanos leales al r\u00e9gimen, pero sigui\u00f3 siendo una prenda popular incluso despu\u00e9s de la Segunda Guerra Mundial, sobre todo en los c\u00edrculos conservadores.<\/p>","protected":false},"excerpt":{"rendered":"<p>Traditionelles Material der Alpenl\u00e4ndler und J\u00e4ger &#8211; Es ist der Loden Stoff, aus dem Legenden geschneidert wurden. Loden ist der traditionelle Stoff, aus dem die Bewohner der Alpenregion seit vielen Jahrhunderten ihre Kleidung fertigen. Das Material Loden bietet einen ausgezeichneten Schutz gegen das oft rauhe Gebirgswetter, gegen Regen, Wind und K\u00e4lte. Bei Loden handelt es [&#8230;]\n","protected":false},"author":2,"featured_media":0,"parent":84,"menu_order":0,"comment_status":"open","ping_status":"open","template":"","meta":{"inline_featured_image":false,"footnotes":""},"class_list":["post-737","page","type-page","status-publish","hentry"],"_links":{"self":[{"href":"https:\/\/ddoptics.shop\/es\/wp-json\/wp\/v2\/pages\/737","targetHints":{"allow":["GET"]}}],"collection":[{"href":"https:\/\/ddoptics.shop\/es\/wp-json\/wp\/v2\/pages"}],"about":[{"href":"https:\/\/ddoptics.shop\/es\/wp-json\/wp\/v2\/types\/page"}],"author":[{"embeddable":true,"href":"https:\/\/ddoptics.shop\/es\/wp-json\/wp\/v2\/users\/2"}],"replies":[{"embeddable":true,"href":"https:\/\/ddoptics.shop\/es\/wp-json\/wp\/v2\/comments?post=737"}],"version-history":[{"count":0,"href":"https:\/\/ddoptics.shop\/es\/wp-json\/wp\/v2\/pages\/737\/revisions"}],"up":[{"embeddable":true,"href":"https:\/\/ddoptics.shop\/es\/wp-json\/wp\/v2\/pages\/84"}],"wp:attachment":[{"href":"https:\/\/ddoptics.shop\/es\/wp-json\/wp\/v2\/media?parent=737"}],"curies":[{"name":"wp","href":"https:\/\/api.w.org\/{rel}","templated":true}]}}