{"id":84,"date":"2012-04-02T20:27:47","date_gmt":"2012-04-02T18:27:47","guid":{"rendered":"http:\/\/www.optik-sport-shop.at\/?page_id=84"},"modified":"2017-12-27T09:46:48","modified_gmt":"2017-12-27T08:46:48","slug":"conocimientos-sobre-el-aire-libre","status":"publish","type":"page","link":"https:\/\/ddoptics.shop\/es\/outdoor-wissen\/","title":{"rendered":"Merece la pena saberlo"},"content":{"rendered":"<h2>Explicaciones y conocimientos previos<\/h2>\n<p>En <strong>Merece la pena saberlo<\/strong> encontrar\u00e1 muchos <strong>Explicaciones de t\u00e9rminos t\u00e9cnicos<\/strong> as\u00ed como de otro modo <strong>todo tipo de informaci\u00f3n de fondo interesante<\/strong> sobre temas de la tienda DDoptics Optik Sport.<\/p>\n<p>Si usted <strong>Sugerencias y propuestas<\/strong> c\u00f3mo pueden ampliarse estos puntos, escr\u00edbanos un correo electr\u00f3nico. <a title=\"Correo electr\u00f3nico de contacto\" href=\"\/es\/pongase-en-contacto-con\/\" target=\"_blank\" rel=\"noopener\">Correo electr\u00f3nico.<\/a><\/p>\n<p>Esperamos sus aportaciones.<\/p>\n<p>Saludos cordiales, su tienda DDoptics Optik Sport.<\/p>","protected":false},"excerpt":{"rendered":"<p>Erkl\u00e4rungen und Hintergrundwissen Unter Wissenswertes finden Sie viele Erkl\u00e4rungen von Fachbegriffen wie auch sonst allerlei Interessantes an Hintergrundinformationen zu Themen aus dem DDoptics Optik Sport Shop. Wenn Sie Anregungen und Vorschl\u00e4ge haben, wie man diese Punkte erweitern kann, dann schreiben Sie uns einfach eine Email. Wir freuen uns auf Ihre Inputs. Freundliche Gr\u00fcsse, Ihr DDoptics [&#8230;]\n","protected":false},"author":2,"featured_media":0,"parent":0,"menu_order":0,"comment_status":"closed","ping_status":"open","template":"","meta":{"inline_featured_image":false,"footnotes":""},"class_list":["post-84","page","type-page","status-publish","hentry"],"_links":{"self":[{"href":"https:\/\/ddoptics.shop\/es\/wp-json\/wp\/v2\/pages\/84","targetHints":{"allow":["GET"]}}],"collection":[{"href":"https:\/\/ddoptics.shop\/es\/wp-json\/wp\/v2\/pages"}],"about":[{"href":"https:\/\/ddoptics.shop\/es\/wp-json\/wp\/v2\/types\/page"}],"author":[{"embeddable":true,"href":"https:\/\/ddoptics.shop\/es\/wp-json\/wp\/v2\/users\/2"}],"replies":[{"embeddable":true,"href":"https:\/\/ddoptics.shop\/es\/wp-json\/wp\/v2\/comments?post=84"}],"version-history":[{"count":0,"href":"https:\/\/ddoptics.shop\/es\/wp-json\/wp\/v2\/pages\/84\/revisions"}],"wp:attachment":[{"href":"https:\/\/ddoptics.shop\/es\/wp-json\/wp\/v2\/media?parent=84"}],"curies":[{"name":"wp","href":"https:\/\/api.w.org\/{rel}","templated":true}]}}