{"id":10517,"date":"2017-02-17T14:52:57","date_gmt":"2017-02-17T13:52:57","guid":{"rendered":"https:\/\/beta.optik-sport-shop.at\/kaufen\/zielfernrohr-ddoptics-25-15x56-n-fx"},"modified":"2026-04-13T20:41:02","modified_gmt":"2026-04-13T18:41:02","slug":"visor-ddoptics-2komma5-15x56-nfx","status":"publish","type":"product","link":"https:\/\/ddoptics.shop\/es\/kaufen\/zielfernrohr-ddoptics-2komma5-15x56-nfx\/","title":{"rendered":"Visor DDoptics V6 2.5-15\u00d756 NFX | Ajuste MOA"},"content":{"rendered":"[vc_row][vc_column][vc_text_separator title=&#8221;Kurz\u00fcberblick Zielfernrohr 2,5-15&#215;56&#8243; i_icon_fontawesome=&#8221;fa fa-info-circle&#8221; i_color=&#8221;black&#8221; color=&#8221;custom&#8221; add_icon=&#8221;true&#8221; accent_color=&#8221;#a86b0f&#8221;][\/vc_column][\/vc_row][vc_row][vc_column][vc_column_text]\n<table style=\"background-color: #cacaca;\">\n<tbody>\n<tr style=\"height: 24px;\">\n<td style=\"height: 24px; text-align: left; width: 20%;\"><strong>Tubus:<\/strong><\/td>\n<td style=\"height: 24px; text-align: left; width: 30%;\">30 mm Mono Tube<\/td>\n<td style=\"height: 24px; text-align: left; width: 20%;\"><strong>Sichtfeld: m @100m:<\/strong><\/td>\n<td style=\"height: 24px; text-align: left; width: 30%;\">14,7-2,5 m<\/td>\n<\/tr>\n<tr style=\"height: 24px;\">\n<td style=\"height: 24px; text-align: left; width: 20%;\"><strong>Optisches System:<\/strong><\/td>\n<td style=\"height: 24px; text-align: left; width: 30%;\">2,5-15- fach<\/td>\n<td style=\"height: 24px; text-align: left; width: 20%;\"><strong>Augenabstand:<\/strong><\/td>\n<td style=\"height: 24px; text-align: left; width: 30%;\">100 mm<\/td>\n<\/tr>\n<tr style=\"height: 24px;\">\n<td style=\"height: 24px; text-align: left; width: 20%;\"><strong>Objektiv:<\/strong><\/td>\n<td style=\"height: 24px; text-align: left; width: 30%;\">56 mm<\/td>\n<td style=\"height: 24px; text-align: left; width: 20%;\"><strong>L\u00e4nge:<\/strong><\/td>\n<td style=\"height: 24px; text-align: left; width: 30%;\">372 mm<\/td>\n<\/tr>\n<tr style=\"height: 24px;\">\n<td style=\"height: 24px; text-align: left; width: 20%;\"><strong>Absehen:<\/strong><\/td>\n<td style=\"height: 24px; text-align: left; width: 30%;\">New Absehen 4<\/td>\n<td style=\"height: 24px; text-align: left; width: 20%;\"><strong>Gewicht:<\/strong><\/td>\n<td style=\"height: 24px; text-align: left; width: 30%;\">759 g<\/td>\n<\/tr>\n<tr style=\"height: 24px;\">\n<td style=\"height: 24px; text-align: left; width: 20%;\"><strong>Leuchtpunkt<\/strong><\/td>\n<td style=\"height: 24px; text-align: left; width: 30%;\">Standard oder iFiber<\/td>\n<td style=\"height: 24px; text-align: left; width: 20%;\"><strong>Beschlagsschutz:<\/strong><\/td>\n<td style=\"height: 24px; text-align: left; width: 30%;\">Stickstofffu\u0308llung gegen Beschlag<\/td>\n<\/tr>\n<tr style=\"height: 24px;\">\n<td style=\"height: 24px; text-align: left; width: 20%;\"><strong>Fokus\/Parallaxe:<\/strong><\/td>\n<td style=\"height: 24px; text-align: left; width: 30%;\">Verstellbares Objektiv 20-500 m bis unendlich<\/td>\n<td style=\"height: 24px; text-align: left; width: 20%;\"><strong>Dichtheit:<\/strong><\/td>\n<td style=\"height: 24px; text-align: left; width: 30%;\">Wasser- und Sto\u00dffest<\/td>\n<\/tr>\n<\/tbody>\n<\/table>\n[\/vc_column_text][\/vc_column][\/vc_row][vc_row][vc_column width=&#8221;2\/3&#8243;][vc_column_text]\n<h2>Die perfekte Zieloptik 2,5-15&#215;56 NFX von DDoptics f\u00fcr die Jagd auf alle Distanzen und f\u00fcr viele Jagdarten<\/h2>\n<p><strong>Hohe Vergr\u00f6\u00dferungen <\/strong>bei <strong>geringem\u00a0Licht<\/strong>,\u00a0und dazu noch bei <strong>viel Sehfeld f\u00fcr den schnellen Schuss<\/strong>, stellt hohe Anforderungen an die Optik Konstrukteure.<\/p>\n<p>Die Jagd in gro\u00dfen Feldgebieten fordert der Zielfernrohr-Optik einiges ab. Hohe Vergr\u00f6\u00dferungen machen daf\u00fcr aber das sichere Ansprechen auf weite Distanzen sicherer m\u00f6glich.<\/p>\n<p>Bei der ZF Auslegung ist es deshalb sehr wichtig, das die <strong>Bildhelligkeit auch bei der Verwendung einer hohen Vergr\u00f6\u00dferung<\/strong> noch verwendbar ist.<\/p>\n<p>Der g\u00fcnstige Einblick in das Zielfernrohr Okular, der stark reduzierte Randbereich und das weite Sehfeld machen dieses erstaunliche (zu diesem Preis dazu noch) DDoptics Zielfernrohr auch f\u00fcr das Bewegungsschie\u00dfen interessant.<\/p>\n<p>Die sehr\u00a0aufw\u00e4ndige <strong>HD Zielfernrohr Optik\u00a0von DDoptics<\/strong> bietet aufgrund der speziell f\u00fcr diese Zieloptik entwickelten Verg\u00fctung, die keinerlei Reflexe oder Streulicht zul\u00e4sst, selbst bei 15-facher Vergr\u00f6\u00dferung ein \u00e4u\u00dferst kontrastreiches und farbgetreues Bild mit herausragenden Randsch\u00e4rfe-Eigenschaften. Besonders die\u00a0Farbs\u00e4ume konnten auf ein Minimum reduziert werden.[\/vc_column_text][\/vc_column][vc_column width=&#8221;1\/3&#8243;][ultimate_info_table design_style=&#8221;design02&#8243; color_scheme=&#8221;blue&#8221; package_heading=&#8221;Besonderheiten DDoptics Zielfernrohr&#8221; heading_font_color=&#8221;#ffffff&#8221; features_font_color=&#8221;#1e73be&#8221; features_font_style=&#8221;font-style:italic;&#8221; features_font_size=&#8221;desktop:12px;&#8221;]\n<p style=\"text-align: left;\"><a href=\"https:\/\/www.ddoptics.de\/garantiebestimmungen\" target=\"_blank\" rel=\"nofollow noopener noreferrer\"><img decoding=\"async\" class=\"alignleft wp-image-9270 size-full\" title=\"Garantiebestimmungen lesen\" src=\"https:\/\/ddoptics.shop\/wp-content\/uploads\/2014\/09\/DDoptics-Garantie.jpg\" alt=\"DDoptics Garantie\" width=\"352\" height=\"160\" srcset=\"https:\/\/ddoptics.shop\/wp-content\/uploads\/2014\/09\/DDoptics-Garantie.jpg 352w, https:\/\/ddoptics.shop\/wp-content\/uploads\/2014\/09\/DDoptics-Garantie-304x138.jpg 304w, https:\/\/ddoptics.shop\/wp-content\/uploads\/2014\/09\/DDoptics-Garantie-305x139.jpg 305w, https:\/\/ddoptics.shop\/wp-content\/uploads\/2014\/09\/DDoptics-Garantie-250x114.jpg 250w\" sizes=\"(max-width: 352px) 100vw, 352px\" \/><\/a>\u21d2 Basiert auf Gen 3 &#8211; Sonderausf\u00fchrung FX<br \/>\n\u21d2 FX = Mehr Sehfeld &amp; besserer Einblick<br \/>\n\u21d2 Weniger Randbereich im Einblick<br \/>\n\u21d2 Absehenverstellung Metallt\u00fcrme ( kein Kunststoff wie gen 2)<br \/>\n\u21d2 CT Glas (Clear Transmission) (niedrige Dispersion)<br \/>\n\u21d2 Doppelte Skalierung (Doubleturn)<br \/>\n\u21d2 Zerostop f\u00fcr ASV (Nullanschlag)<br \/>\n\u21d2 Harte Tactical 1\/4 Klickrastung<br \/>\n\u21d2 Neues Design des Vergr\u00f6\u00dferungs &#8211; Verstellringes<br \/>\n\u21d2 New Absehen 4 mit deutlich feineren Balken<\/p>\n[\/ultimate_info_table][\/vc_column][\/vc_row][vc_row][vc_column][vc_text_separator title=&#8221;Technische Zeichnung DDoptics Zielfernrohr 2,5-15&#215;56&#8243; color=&#8221;custom&#8221; accent_color=&#8221;#a86b0f&#8221;][\/vc_column][\/vc_row][vc_row][vc_column][vc_single_image image=&#8221;10523&#8243; img_size=&#8221;full&#8221;][\/vc_column][\/vc_row][vc_row][vc_column][vc_column_text]\n<h3>Jagdliches DDoptics A4-N Leuchtabsehen mit inteligentem IFiber Leuchtpunkt<\/h3>\n<p>Das <strong>6-fach Zielfernrohr 2,5-15&#215;56 NFX<\/strong> verf\u00fcgt \u00fcber das erfolgreiche, moderne, mit vielen J\u00e4gern entwickelte Absehen 4-N.<\/p>\n<h3>Neues Absehen 4N f\u00fcr minimale Zielabdeckung beim 2,5-15&#215;56 NFX <a href=\"https:\/\/de.wikipedia.org\/wiki\/Zielfernrohr\" target=\"_blank\" rel=\"noopener sponsored\" data-schema-attribute=\"\">Zielfernrohr<\/a> von DDoptics<\/h3>\n<p>Beim Blick durch die neue <strong>Zielfernrohr -Generation 3<\/strong>\u00a0erkennt der Betrachter sofort das praxisgerechte Design:<\/p>\n<ul>\n<li>Das <strong>Fadenkreuz im Absehen 4<\/strong> ist <strong>sehr viel feiner<\/strong> und die etwas dickeren \u00e4u\u00dferen Balken sind nur noch halb so dick und stehen deutlich weiter auseinander.<\/li>\n<li>Mit gro\u00dfem Vorteil insbesondere f\u00fcr den J\u00e4ger bei schlechten Lichtverh\u00e4ltnissen, da das <strong>Ziel nur minimal verdeckt<\/strong> und somit ein blitzschneller und sicherer Anschlag optimal unterst\u00fctzt wird.<\/li>\n<\/ul>\n<p>Das Absehen befindet sich in der <strong>Okularbildebene (2. Bildebene)<\/strong>.\u00a0Bei <strong>maximaler Vergr\u00f6\u00dferung um das 15-Fache verdeckt das Fadenkreuz das Ziel nur minimal.<\/strong> Pro Klick verstellt sich das Absehen um 0,25 Winkelminuten (MOA, minute of angle), also um 7,3 Millimeter auf 100 Meter.<\/p>\n<p>Gesamtverstellbereich:<\/p>\n<ul>\n<li>\u00a0310 Klicks<\/li>\n<li>entspricht 62,5\u00a0MOA<\/li>\n<li>entspricht 31,25 MOA pro Seite<\/li>\n<\/ul>\n<h3>Robuste Zielfernrohr Verstellmechanik f\u00fcr den harten Einsatz mit Zerostop &amp; ASV<\/h3>\n<p>Die <strong>Absehenverstellt\u00fcrme der DDoptics-Zieloptiken<\/strong> der Generation 3 bestehen aus einer robusten Aluminiumlegierung und sind frei von allen Kunststoffteilen.\u00a0Alle <strong>Aluminiumteile<\/strong> sind mit der neuen, nicht gl\u00e4nzenden, <strong>DDoptics fine-black Eloxierbeschichtung<\/strong> versehen.<\/p>\n<p>Die <strong>Verstellmechanik wurde auf die Tactical-Ausf\u00fchrung umgestellt<\/strong>, das hei\u00dft, sie ist nicht nur sehr sto\u00dffest und komplett wasserdicht,sondern auch hartg\u00e4ngig und somit gesch\u00fctzt vor ungewolltem Verstellen.<\/p>\n<p>Damit kann die Absehenverstellung im jagdlichen Alltag auch \u201eoffen\u201c, also ohne Schraubverschluss genutzt werden, umsituationsbedingt das Absehen schnell verstellen zu k\u00f6nnen.<\/p>\n<h3>Zielfernrohr Absehenschnellverstellung mit Zerostop beim 2,5-15&#215;56 NFX ZF<\/h3>\n<p>An einer <strong>doppelten Skala (Doubleturn) am Zielfernrohr H\u00f6henverstellturm<\/strong> l\u00e4sst sich die Anzahl der gemachten Klickverstellungen ablesen und entsprechend einstellen. Nach dem Einschie\u00dfen kann die Absehenverstellung \u201egenullt\u201c werden.Anschlie\u00dfend wird der Zerostop-Ring bis zum Anschlag gedreht.<\/p>\n<p>Im Anschluss wird die Nulleinstellung mittels des<strong> Zerostop-Rings von unten gekontert<\/strong> um einen Anschlag bei der Position Null zu erreichen.<\/p>\n<p>Ausgehend von der Nullposition k\u00f6nnen\u00a0&#8211; Kenntnis der Laborierung vorausgesetzt &#8211; <strong>verschiedene Schussentfernungen mittels eines Markierungssystems<\/strong> voreingestellt werden.Der Seitenverstellturm ist mit zwei gegenl\u00e4ufigen Skalen beschriftet.<\/p>\n<p>Von der Einstellung Null ausgehend kann hier das<strong> Absehen in Abh\u00e4ngigkeit von der Windrichtung und Windst\u00e4rke<\/strong> oder einer eventuellen Bewegung des Ziels voreingestellt werden.[\/vc_column_text][\/vc_column][\/vc_row]\n","protected":false},"excerpt":{"rendered":"<p><img decoding=\"async\" class=\"alignnone wp-image-10452 size-full\" title=\"Tiro deportivo\" src=\"https:\/\/ddoptics.shop\/wp-content\/uploads\/2016\/07\/Target-Schiessen.jpg\" alt=\"Tiro al blanco\" width=\"50\" height=\"50\" \/><img decoding=\"async\" class=\"alignnone wp-image-10168 size-full\" title=\"Stand de caza\" src=\"https:\/\/ddoptics.shop\/wp-content\/uploads\/2016\/09\/Jagd-klein.jpg\" alt=\"Prism\u00e1ticos de caza\" width=\"50\" height=\"50\" \/><img decoding=\"async\" class=\"alignnone wp-image-10178 size-full\" title=\"Caza de monta\u00f1a\" src=\"https:\/\/ddoptics.shop\/wp-content\/uploads\/2016\/04\/Gebirgsjagd-klein.jpg\" alt=\"Prism\u00e1ticos de caza de monta\u00f1a\" width=\"50\" height=\"50\" \/><br \/>\nUna nueva \u00f3ptica de punter\u00eda extrema que <strong>casi todas las zonas de caza<\/strong> coberturas. Desde la caza en batida, pasando por la caza en oculto, hasta la caza de monta\u00f1a... hasta la \u00faltima luz del rifle. \u00a1Gracias a una transmisi\u00f3n de luz de hasta 96%!\u00a0<strong>Opcionalmente con <a title=\"NUEVO punto luminoso DDoptics IFiber\" href=\"\/es\/termino-tecnico-wiki\/punto-de-luz-inteligente-ddoptics-ifiber\/\" target=\"_blank\" rel=\"noopener noreferrer\">Punto luminoso IFibre<\/a> por s\u00f3lo 98,- euros de suplemento.<\/strong><\/p>","protected":false},"featured_media":10758,"comment_status":"open","ping_status":"closed","template":"","meta":{"inline_featured_image":false,"footnotes":""},"product_brand":[],"product_cat":[555,454,638,917,640,919,637,68],"product_tag":[556,78,80,79],"class_list":{"0":"post-10517","1":"product","2":"type-product","3":"status-publish","4":"has-post-thumbnail","6":"product_cat-25-15x56","7":"product_cat-56-mm-objektivdurchmesser","8":"product_cat-ansitzjagd","9":"product_cat-nfx-zielfernrohre-weitwinkel-zf","10":"product_cat-pirschjagd-und-gebirgsjagd","11":"product_cat-v6-6-fach-zoom","12":"product_cat-zf-anwendung","13":"product_cat-zielfernrohr","14":"product_tag-2-5-15x56","15":"product_tag-ddoptics","16":"product_tag-gen-3","17":"product_tag-zielfernrohr","18":"product_shipping_class-paket","19":"pa_brand-marke-ddoptics","20":"pa_produkt-typ-zielfernrohr","22":"first","23":"outofstock","24":"sale","25":"taxable","26":"shipping-taxable","27":"purchasable","28":"product-type-bundle"},"bundled_by":[],"bundle_stock_status":"outofstock","bundle_stock_quantity":0,"bundle_virtual":false,"bundle_layout":"default","bundle_add_to_cart_form_location":"default","bundle_editable_in_cart":false,"bundle_sold_individually_context":"product","bundle_item_grouping":"parent","bundle_min_size":"","bundle_max_size":"","bundle_price":{"price":{"min":{"incl_tax":"1227.01","excl_tax":"1022.51"},"max":{"incl_tax":"1331.32","excl_tax":"1109.43"}},"regular_price":{"min":{"incl_tax":"1267.01","excl_tax":"1055.84"},"max":{"incl_tax":"1382.9","excl_tax":"1152.41"}}},"bundled_items":[{"bundled_item_id":68,"product_id":12809,"menu_order":0,"quantity_min":1,"quantity_max":1,"quantity_default":1,"priced_individually":true,"shipped_individually":false,"override_title":true,"title":"","override_description":false,"description":"","optional":false,"hide_thumbnail":true,"discount":"","override_variations":true,"allowed_variations":[12810,12811],"override_default_variation_attributes":false,"default_variation_attributes":[],"single_product_visibility":"visible","cart_visibility":"visible","order_visibility":"visible","single_product_price_visibility":"visible","cart_price_visibility":"visible","order_price_visibility":"visible","stock_status":"in_stock"},{"bundled_item_id":69,"product_id":12812,"menu_order":1,"quantity_min":1,"quantity_max":1,"quantity_default":1,"priced_individually":true,"shipped_individually":false,"override_title":true,"title":"Casi un regalo - flip caps","override_description":false,"description":"","optional":true,"hide_thumbnail":false,"discount":"68.55","override_variations":true,"allowed_variations":[12819],"override_default_variation_attributes":true,"default_variation_attributes":[{"id":17,"name":"Tama\u00f1o del visor","option":"25-15x56"}],"single_product_visibility":"visible","cart_visibility":"visible","order_visibility":"visible","single_product_price_visibility":"visible","cart_price_visibility":"visible","order_price_visibility":"visible","stock_status":"in_stock"}],"bundle_sell_ids":[],"_links":{"self":[{"href":"https:\/\/ddoptics.shop\/es\/wp-json\/wp\/v2\/product\/10517","targetHints":{"allow":["GET"]}}],"collection":[{"href":"https:\/\/ddoptics.shop\/es\/wp-json\/wp\/v2\/product"}],"about":[{"href":"https:\/\/ddoptics.shop\/es\/wp-json\/wp\/v2\/types\/product"}],"replies":[{"embeddable":true,"href":"https:\/\/ddoptics.shop\/es\/wp-json\/wp\/v2\/comments?post=10517"}],"version-history":[{"count":6,"href":"https:\/\/ddoptics.shop\/es\/wp-json\/wp\/v2\/product\/10517\/revisions"}],"predecessor-version":[{"id":25728,"href":"https:\/\/ddoptics.shop\/es\/wp-json\/wp\/v2\/product\/10517\/revisions\/25728"}],"wp:featuredmedia":[{"embeddable":true,"href":"https:\/\/ddoptics.shop\/es\/wp-json\/wp\/v2\/media\/10758"}],"wp:attachment":[{"href":"https:\/\/ddoptics.shop\/es\/wp-json\/wp\/v2\/media?parent=10517"}],"wp:term":[{"taxonomy":"product_brand","embeddable":true,"href":"https:\/\/ddoptics.shop\/es\/wp-json\/wp\/v2\/product_brand?post=10517"},{"taxonomy":"product_cat","embeddable":true,"href":"https:\/\/ddoptics.shop\/es\/wp-json\/wp\/v2\/product_cat?post=10517"},{"taxonomy":"product_tag","embeddable":true,"href":"https:\/\/ddoptics.shop\/es\/wp-json\/wp\/v2\/product_tag?post=10517"}],"curies":[{"name":"wp","href":"https:\/\/api.w.org\/{rel}","templated":true}]}}