{"id":10541,"date":"2017-04-02T18:15:53","date_gmt":"2017-04-02T16:15:53","guid":{"rendered":"https:\/\/beta.optik-sport-shop.at\/kaufen\/ddoptics-fernglas-12x56-pirschler-gen-3-gruen"},"modified":"2025-07-03T15:38:23","modified_gmt":"2025-07-03T13:38:23","slug":"ddoptics-prismaticos-pirschler-12x56-gen-3-verde","status":"publish","type":"product","link":"https:\/\/ddoptics.shop\/es\/kaufen\/ddoptics-pirschler-12x56-fernglas-gen-3-gruen\/","title":{"rendered":"Prism\u00e1ticos DDoptics Pirschler 12\u00d756 | verde - Gen 3"},"content":{"rendered":"<div class=\"row\"  id=\"row-1157628817\">\n\n\t<div id=\"col-448019345\" class=\"col medium-8 small-12 large-8\"  >\n\t\t\t\t<div class=\"col-inner\"  >\n\t\t\t\n\t\t\t\n<h2>DDOPTICS PIRSCHLER 12\u00d756 PRISM\u00c1TICOS GEN 3 | VERDE | <a href=\"https:\/\/de.wikipedia.org\/wiki\/Abbe-K%C3%B6nig-Prisma\" target=\"_blank\" rel=\"noopener sponsored\">ABBE K\u00d6NIG<\/a> PRISMAS\u00a0<span class=\"dd_detail_topic_one\"> |<\/span>\u00a0uno de los prism\u00e1ticos m\u00e1s luminosos de su categor\u00eda<\/h2>\n<div>\n<p>Descubra el nuevo <strong>gran aumento, ultraluminoso y muy robusto<\/strong>\u00a0Prism\u00e1ticos nocturnos y de caza <strong>Pirschler 12\u00d756<\/strong> con prismas Abbe-K\u00f6nig y <a href=\"https:\/\/de.wikipedia.org\/wiki\/Magnesium\" target=\"_blank\" rel=\"noopener noreferrer\">Magnesio<\/a> Cuerpo. Adem\u00e1s de las mejoras en las propiedades \u00f3pticas del Gen 2, estos prism\u00e1ticos est\u00e1n especialmente dise\u00f1ados para durar.<\/p>\n<p>Los materiales y procesos de fabricaci\u00f3n m\u00e1s avanzados de la construcci\u00f3n aeron\u00e1utica han hecho que este <strong>Prism\u00e1ticos 12\u00d756<\/strong> El nuevo modelo tambi\u00e9n es mucho m\u00e1s ligero que su predecesor.<\/p>\n<h3>Estabilidad y robustez de los prism\u00e1ticos profesionales DDoptics Pirschler 12\u00d756<\/h3>\n<p>No hay ni un gramo de pl\u00e1stico en los nuevos prism\u00e1ticos \"Pirschler\" (a excepci\u00f3n de la tapa protectora del tr\u00edpode). Ni en el propio cuerpo de los prism\u00e1ticos, ni en las piezas de desgaste.<\/p>\n<p>El cuerpo y el puente est\u00e1n hechos de <strong>aleaci\u00f3n de magnesio ultradura pero extremadamente ligera<\/strong> de construcci\u00f3n aeron\u00e1utica y hacen que los prism\u00e1ticos sean pr\u00e1cticamente irrompibles. Una ventaja adicional: el magnesio reduce el peso total en unos impresionantes 70 g hasta los 1.150 g.<\/p>\n<p>La mira trasera (rango de ajuste +-4) est\u00e1 situada en el centro de la <strong>mejor funcionalidad ya no en la rueda de enfoque central<\/strong>en el ocular derecho. Todos estos elementos de manejo (dioptr\u00edas, ocular, rueda de enfoque) est\u00e1n fabricados en duraluminio, por lo que garantizan una gran durabilidad. Un blindaje denominado \"Best Grip\" en la parte exterior del cuerpo evita que las manos resbalen.<\/p>\n<p>Esto significa que el <strong>agarre y sujeci\u00f3n con una sola mano<\/strong> de estos prism\u00e1ticos compactos 12\u00d756 es agradablemente c\u00f3modo y seguro, incluso con guantes.<\/p>\n<\/div>\n\t\t<\/div>\n\t\t\t\t\n<style>\n#col-448019345 > .col-inner {\n  margin: 0px 0px -30px 0px;\n}\n<\/style>\n\t<\/div>\n\n\t\n\n\t<div id=\"col-1562764643\" class=\"col medium-4 small-12 large-4\"  >\n\t\t\t\t<div class=\"col-inner\"  >\n\t\t\t\n\t\t\t\n\t<div class=\"img has-hover x md-x lg-x y md-y lg-y\" id=\"image_1833266896\">\n\t\t\t\t\t\t\t\t<div class=\"img-inner dark\" >\n\t\t\t\t\t\t\t\t\t\n\t\t\t\t\t<\/div>\n\t\t\t\t\t\t\t\t\n<style>\n#image_1833266896 {\n  width: 100%;\n}\n<\/style>\n\t<\/div>\n\t\n\t<div class=\"img has-hover x md-x lg-x y md-y lg-y\" id=\"image_1878085965\">\n\t\t<a class=\"\" href=\"https:\/\/www.shop.ddoptics.de\/garantiebestimmungen\" target=\"_blank\" rel=\"noopener\">\t\t\t\t\t\t<div class=\"img-inner dark\" >\n\t\t\t<img decoding=\"async\" width=\"352\" height=\"160\" src=\"https:\/\/ddoptics.shop\/wp-content\/uploads\/2014\/09\/DDoptics-Garantie.jpg\" class=\"attachment-large size-large\" alt=\"Garant\u00eda DDoptics\" srcset=\"https:\/\/ddoptics.shop\/wp-content\/uploads\/2014\/09\/DDoptics-Garantie.jpg 352w, https:\/\/ddoptics.shop\/wp-content\/uploads\/2014\/09\/DDoptics-Garantie-304x138.jpg 304w, https:\/\/ddoptics.shop\/wp-content\/uploads\/2014\/09\/DDoptics-Garantie-305x139.jpg 305w, https:\/\/ddoptics.shop\/wp-content\/uploads\/2014\/09\/DDoptics-Garantie-250x114.jpg 250w\" sizes=\"(max-width: 352px) 100vw, 352px\" title=\"\">\t\t\t\t\t\t\n\t\t\t\t\t<\/div>\n\t\t\t\t\t\t<\/a>\t\t\n<style>\n#image_1878085965 {\n  width: 100%;\n}\n<\/style>\n\t<\/div>\n\t\n<h3>Datos sobre los prism\u00e1ticos DDoptics Pirschler<\/h3>\n\t<div class=\"img has-hover x md-x lg-x y md-y lg-y\" id=\"image_280522993\">\n\t\t<a class=\"image-lightbox lightbox-gallery\" title=\"\" href=\"https:\/\/ddoptics.shop\/wp-content\/uploads\/2018\/09\/DDoptics-Pirschler-Gen-3-neu.jpg\">\t\t\t\t\t\t<div class=\"img-inner dark\" >\n\t\t\t<img decoding=\"async\" width=\"1020\" height=\"574\" src=\"https:\/\/ddoptics.shop\/wp-content\/uploads\/2018\/09\/DDoptics-Pirschler-Gen-3-neu.jpg\" class=\"attachment-large size-large\" alt=\"Comprar DDoptics Pirschler Gen 3 en nuestra tienda\" srcset=\"https:\/\/ddoptics.shop\/wp-content\/uploads\/2018\/09\/DDoptics-Pirschler-Gen-3-neu.jpg 1200w, https:\/\/ddoptics.shop\/wp-content\/uploads\/2018\/09\/DDoptics-Pirschler-Gen-3-neu-304x171.jpg 304w, https:\/\/ddoptics.shop\/wp-content\/uploads\/2018\/09\/DDoptics-Pirschler-Gen-3-neu-305x172.jpg 305w, https:\/\/ddoptics.shop\/wp-content\/uploads\/2018\/09\/DDoptics-Pirschler-Gen-3-neu-632x356.jpg 632w, https:\/\/ddoptics.shop\/wp-content\/uploads\/2018\/09\/DDoptics-Pirschler-Gen-3-neu-800x450.jpg 800w, https:\/\/ddoptics.shop\/wp-content\/uploads\/2018\/09\/DDoptics-Pirschler-Gen-3-neu-510x287.jpg 510w, https:\/\/ddoptics.shop\/wp-content\/uploads\/2018\/09\/DDoptics-Pirschler-Gen-3-neu-250x141.jpg 250w\" sizes=\"(max-width: 1020px) 100vw, 1020px\" title=\"\">\t\t\t\t\t\t\n\t\t\t\t\t<\/div>\n\t\t\t\t\t\t<\/a>\t\t\n<style>\n#image_280522993 {\n  width: 100%;\n}\n<\/style>\n\t<\/div>\n\t\n\n\t\t<div class=\"icon-box featured-box icon-box-left text-left\"  >\n\t\t\t\t\t<div class=\"icon-box-img\" style=\"width: 32px\">\n\t\t\t\t<div class=\"icon\">\n\t\t\t\t\t<div class=\"icon-inner\" >\n\t\t\t\t\t\t<img decoding=\"async\" width=\"100\" height=\"83\" src=\"https:\/\/ddoptics.shop\/wp-content\/uploads\/2021\/06\/DDoptics-Pirschler-icon.jpg\" class=\"attachment-medium size-medium\" alt=\"Prism\u00e1ticos DDoptics Pirschler\" title=\"\">\t\t\t\t\t<\/div>\n\t\t\t\t<\/div>\n\t\t\t<\/div>\n\t\t\t\t<div class=\"icon-box-text last-reset\">\n\t\t\t\t\t\t\t\t\t\n<p><span data-sheets-value=\"{&quot;1&quot;:2,&quot;2&quot;:&quot;\u2705&quot;}\" data-sheets-userformat=\"{&quot;2&quot;:15297,&quot;3&quot;:{&quot;1&quot;:0},&quot;9&quot;:0,&quot;10&quot;:2,&quot;11&quot;:0,&quot;12&quot;:0,&quot;14&quot;:{&quot;1&quot;:2,&quot;2&quot;:0},&quot;15&quot;:&quot;Calibri, sans-serif&quot;,&quot;16&quot;:11}\">\u2705 <\/span><span style=\"color: #333333;\">Refuerzo verde<\/span><\/p>\n\t\t<\/div>\n\t<\/div>\n\t\n\t\n\n\t\t<div class=\"icon-box featured-box icon-box-left text-left\"  >\n\t\t\t\t\t<div class=\"icon-box-img\" style=\"width: 32px\">\n\t\t\t\t<div class=\"icon\">\n\t\t\t\t\t<div class=\"icon-inner\" >\n\t\t\t\t\t\t<img decoding=\"async\" width=\"100\" height=\"83\" src=\"https:\/\/ddoptics.shop\/wp-content\/uploads\/2021\/06\/DDoptics-Pirschler-icon.jpg\" class=\"attachment-medium size-medium\" alt=\"Prism\u00e1ticos DDoptics Pirschler\" title=\"\">\t\t\t\t\t<\/div>\n\t\t\t\t<\/div>\n\t\t\t<\/div>\n\t\t\t\t<div class=\"icon-box-text last-reset\">\n\t\t\t\t\t\t\t\t\t\n<p>\u2705 <span style=\"color: #333333;\">Prism\u00e1ticos con prismas ABBE K\u00d6NIG<\/span><\/p>\n\t\t<\/div>\n\t<\/div>\n\t\n\t\n\n\t\t<div class=\"icon-box featured-box icon-box-left text-left\"  >\n\t\t\t\t\t<div class=\"icon-box-img\" style=\"width: 32px\">\n\t\t\t\t<div class=\"icon\">\n\t\t\t\t\t<div class=\"icon-inner\" >\n\t\t\t\t\t\t<img decoding=\"async\" width=\"100\" height=\"83\" src=\"https:\/\/ddoptics.shop\/wp-content\/uploads\/2021\/06\/DDoptics-Pirschler-icon.jpg\" class=\"attachment-medium size-medium\" alt=\"Prism\u00e1ticos DDoptics Pirschler\" title=\"\">\t\t\t\t\t<\/div>\n\t\t\t\t<\/div>\n\t\t\t<\/div>\n\t\t\t\t<div class=\"icon-box-text last-reset\">\n\t\t\t\t\t\t\t\t\t\n<p>\u2705 <span style=\"color: #333333;\">Cuerpo met\u00e1lico de magnesio (Mg) indestructible<\/span><\/p>\n\t\t<\/div>\n\t<\/div>\n\t\n\t\n\n\t\t<div class=\"icon-box featured-box icon-box-left text-left\"  >\n\t\t\t\t\t<div class=\"icon-box-img\" style=\"width: 32px\">\n\t\t\t\t<div class=\"icon\">\n\t\t\t\t\t<div class=\"icon-inner\" >\n\t\t\t\t\t\t<img decoding=\"async\" width=\"100\" height=\"83\" src=\"https:\/\/ddoptics.shop\/wp-content\/uploads\/2021\/06\/DDoptics-Pirschler-icon.jpg\" class=\"attachment-medium size-medium\" alt=\"Prism\u00e1ticos DDoptics Pirschler\" title=\"\">\t\t\t\t\t<\/div>\n\t\t\t\t<\/div>\n\t\t\t<\/div>\n\t\t\t\t<div class=\"icon-box-text last-reset\">\n\t\t\t\t\t\t\t\t\t\n<p>\u2705 <span style=\"color: #333333;\">80 g m\u00e1s ligero que el modelo anterior (gracias al Mg)<\/span><\/p>\n\t\t<\/div>\n\t<\/div>\n\t\n\t\n\n\t\t<div class=\"icon-box featured-box icon-box-left text-left\"  >\n\t\t\t\t\t<div class=\"icon-box-img\" style=\"width: 32px\">\n\t\t\t\t<div class=\"icon\">\n\t\t\t\t\t<div class=\"icon-inner\" >\n\t\t\t\t\t\t<img decoding=\"async\" width=\"100\" height=\"83\" src=\"https:\/\/ddoptics.shop\/wp-content\/uploads\/2021\/06\/DDoptics-Pirschler-icon.jpg\" class=\"attachment-medium size-medium\" alt=\"Prism\u00e1ticos DDoptics Pirschler\" title=\"\">\t\t\t\t\t<\/div>\n\t\t\t\t<\/div>\n\t\t\t<\/div>\n\t\t\t\t<div class=\"icon-box-text last-reset\">\n\t\t\t\t\t\t\t\t\t\n<p>\u2705 <span style=\"color: #333333;\">Oculares y copas oculares de metal<\/span><\/p>\n\t\t<\/div>\n\t<\/div>\n\t\n\t\n\n\t\t<div class=\"icon-box featured-box icon-box-left text-left\"  >\n\t\t\t\t\t<div class=\"icon-box-img\" style=\"width: 32px\">\n\t\t\t\t<div class=\"icon\">\n\t\t\t\t\t<div class=\"icon-inner\" >\n\t\t\t\t\t\t<img decoding=\"async\" width=\"100\" height=\"83\" src=\"https:\/\/ddoptics.shop\/wp-content\/uploads\/2021\/06\/DDoptics-Pirschler-icon.jpg\" class=\"attachment-medium size-medium\" alt=\"Prism\u00e1ticos DDoptics Pirschler\" title=\"\">\t\t\t\t\t<\/div>\n\t\t\t\t<\/div>\n\t\t\t<\/div>\n\t\t\t\t<div class=\"icon-box-text last-reset\">\n\t\t\t\t\t\t\t\t\t\n<p>\u2705 <span style=\"color: #333333;\">Rueda de enfoque met\u00e1lica y dioptr\u00edas separadas<\/span><\/p>\n\t\t<\/div>\n\t<\/div>\n\t\n\t\n\n\t\t<div class=\"icon-box featured-box icon-box-left text-left\"  >\n\t\t\t\t\t<div class=\"icon-box-img\" style=\"width: 32px\">\n\t\t\t\t<div class=\"icon\">\n\t\t\t\t\t<div class=\"icon-inner\" >\n\t\t\t\t\t\t<img decoding=\"async\" width=\"100\" height=\"83\" src=\"https:\/\/ddoptics.shop\/wp-content\/uploads\/2021\/06\/DDoptics-Pirschler-icon.jpg\" class=\"attachment-medium size-medium\" alt=\"Prism\u00e1ticos DDoptics Pirschler\" title=\"\">\t\t\t\t\t<\/div>\n\t\t\t\t<\/div>\n\t\t\t<\/div>\n\t\t\t\t<div class=\"icon-box-text last-reset\">\n\t\t\t\t\t\t\t\t\t\n<p>\u2705 <span style=\"color: #333333;\">Oculares con pasos de trama claros<\/span><\/p>\n\t\t<\/div>\n\t<\/div>\n\t\n\t\n\n\t\t<div class=\"icon-box featured-box icon-box-left text-left\"  >\n\t\t\t\t\t<div class=\"icon-box-img\" style=\"width: 32px\">\n\t\t\t\t<div class=\"icon\">\n\t\t\t\t\t<div class=\"icon-inner\" >\n\t\t\t\t\t\t<img decoding=\"async\" width=\"100\" height=\"83\" src=\"https:\/\/ddoptics.shop\/wp-content\/uploads\/2021\/06\/DDoptics-Pirschler-icon.jpg\" class=\"attachment-medium size-medium\" alt=\"Prism\u00e1ticos DDoptics Pirschler\" title=\"\">\t\t\t\t\t<\/div>\n\t\t\t\t<\/div>\n\t\t\t<\/div>\n\t\t\t\t<div class=\"icon-box-text last-reset\">\n\t\t\t\t\t\t\t\t\t\n<p>\u2705 <span style=\"color: #333333;\">Aspecto completamente nuevo con cristal CT<\/span><\/p>\n\t\t<\/div>\n\t<\/div>\n\t\n\t\n\n\t\t<div class=\"icon-box featured-box icon-box-left text-left\"  >\n\t\t\t\t\t<div class=\"icon-box-img\" style=\"width: 32px\">\n\t\t\t\t<div class=\"icon\">\n\t\t\t\t\t<div class=\"icon-inner\" >\n\t\t\t\t\t\t<img decoding=\"async\" width=\"100\" height=\"83\" src=\"https:\/\/ddoptics.shop\/wp-content\/uploads\/2021\/06\/DDoptics-Pirschler-icon.jpg\" class=\"attachment-medium size-medium\" alt=\"Prism\u00e1ticos DDoptics Pirschler\" title=\"\">\t\t\t\t\t<\/div>\n\t\t\t\t<\/div>\n\t\t\t<\/div>\n\t\t\t\t<div class=\"icon-box-text last-reset\">\n\t\t\t\t\t\t\t\t\t\n<p>\u2705 <span style=\"color: #333333;\">Resoluci\u00f3n notablemente mejorada<\/span><\/p>\n\t\t<\/div>\n\t<\/div>\n\t\n\t\n\n\t\t<div class=\"icon-box featured-box icon-box-left text-left\"  >\n\t\t\t\t\t<div class=\"icon-box-img\" style=\"width: 32px\">\n\t\t\t\t<div class=\"icon\">\n\t\t\t\t\t<div class=\"icon-inner\" >\n\t\t\t\t\t\t<img decoding=\"async\" width=\"100\" height=\"83\" src=\"https:\/\/ddoptics.shop\/wp-content\/uploads\/2021\/06\/DDoptics-Pirschler-icon.jpg\" class=\"attachment-medium size-medium\" alt=\"Prism\u00e1ticos DDoptics Pirschler\" title=\"\">\t\t\t\t\t<\/div>\n\t\t\t\t<\/div>\n\t\t\t<\/div>\n\t\t\t\t<div class=\"icon-box-text last-reset\">\n\t\t\t\t\t\t\t\t\t\n<p>\u2705 <span style=\"color: #333333;\">Mucho m\u00e1s luminoso que el modelo anterior<\/span><\/p>\n\t\t<\/div>\n\t<\/div>\n\t\n\t\n\n\t\t<div class=\"icon-box featured-box icon-box-left text-left\"  >\n\t\t\t\t\t<div class=\"icon-box-img\" style=\"width: 32px\">\n\t\t\t\t<div class=\"icon\">\n\t\t\t\t\t<div class=\"icon-inner\" >\n\t\t\t\t\t\t<img decoding=\"async\" width=\"100\" height=\"83\" src=\"https:\/\/ddoptics.shop\/wp-content\/uploads\/2021\/06\/DDoptics-Pirschler-icon.jpg\" class=\"attachment-medium size-medium\" alt=\"Prism\u00e1ticos DDoptics Pirschler\" title=\"\">\t\t\t\t\t<\/div>\n\t\t\t\t<\/div>\n\t\t\t<\/div>\n\t\t\t\t<div class=\"icon-box-text last-reset\">\n\t\t\t\t\t\t\t\t\t\n<p>\u2705 <span style=\"color: #333333;\">Campo de visi\u00f3n de 129 m para una visi\u00f3n c\u00f3moda<\/span><\/p>\n\t\t<\/div>\n\t<\/div>\n\t\n\t\n\n\t\t<div class=\"icon-box featured-box icon-box-left text-left\"  >\n\t\t\t\t\t<div class=\"icon-box-img\" style=\"width: 32px\">\n\t\t\t\t<div class=\"icon\">\n\t\t\t\t\t<div class=\"icon-inner\" >\n\t\t\t\t\t\t<img decoding=\"async\" width=\"100\" height=\"83\" src=\"https:\/\/ddoptics.shop\/wp-content\/uploads\/2021\/06\/DDoptics-Pirschler-icon.jpg\" class=\"attachment-medium size-medium\" alt=\"Prism\u00e1ticos DDoptics Pirschler\" title=\"\">\t\t\t\t\t<\/div>\n\t\t\t\t<\/div>\n\t\t\t<\/div>\n\t\t\t\t<div class=\"icon-box-text last-reset\">\n\t\t\t\t\t\t\t\t\t\n<p>\u2705 <span style=\"color: #333333;\">Concepto de dise\u00f1o Best Grip antideslizante<\/span><\/p>\n\t\t<\/div>\n\t<\/div>\n\t\n\t\n\n\t\t<div class=\"icon-box featured-box icon-box-left text-left\"  >\n\t\t\t\t\t<div class=\"icon-box-img\" style=\"width: 32px\">\n\t\t\t\t<div class=\"icon\">\n\t\t\t\t\t<div class=\"icon-inner\" >\n\t\t\t\t\t\t<img decoding=\"async\" width=\"100\" height=\"83\" src=\"https:\/\/ddoptics.shop\/wp-content\/uploads\/2021\/06\/DDoptics-Pirschler-icon.jpg\" class=\"attachment-medium size-medium\" alt=\"Prism\u00e1ticos DDoptics Pirschler\" title=\"\">\t\t\t\t\t<\/div>\n\t\t\t\t<\/div>\n\t\t\t<\/div>\n\t\t\t\t<div class=\"icon-box-text last-reset\">\n\t\t\t\t\t\t\t\t\t\n<p>\u2705 <span style=\"color: #333333;\">Estanco a la presi\u00f3n del agua hasta 50 cm<\/span><\/p>\n\t\t<\/div>\n\t<\/div>\n\t\n\t\n\n\t\t<div class=\"icon-box featured-box icon-box-left text-left\"  >\n\t\t\t\t\t<div class=\"icon-box-img\" style=\"width: 32px\">\n\t\t\t\t<div class=\"icon\">\n\t\t\t\t\t<div class=\"icon-inner\" >\n\t\t\t\t\t\t<img decoding=\"async\" width=\"100\" height=\"83\" src=\"https:\/\/ddoptics.shop\/wp-content\/uploads\/2021\/06\/DDoptics-Pirschler-icon.jpg\" class=\"attachment-medium size-medium\" alt=\"Prism\u00e1ticos DDoptics Pirschler\" title=\"\">\t\t\t\t\t<\/div>\n\t\t\t\t<\/div>\n\t\t\t<\/div>\n\t\t\t\t<div class=\"icon-box-text last-reset\">\n\t\t\t\t\t\t\t\t\t\n<p>\u2705 <span style=\"color: #333333;\">Raindefender Nano - Revestimiento de loto<\/span><\/p>\n\t\t<\/div>\n\t<\/div>\n\t\n\t\n<div class=\"is-divider divider clearfix\" ><\/div>\n<a href=\"https:\/\/ddoptics.shop\/wp-content\/uploads\/2021\/05\/DDoptics-Fernglasanleitung_2019.pdf\" target=\"_blank\" class=\"button white expand\" rel=\"noopener\" style=\"border-radius:10px;\">\n\t<i class=\"icon-angle-down\" aria-hidden=\"true\"><\/i>\t<span>Descargar el manual de instrucciones<\/span>\n\t<\/a>\n\n\t\t<\/div>\n\t\t\t\t\t<\/div>\n\n\t\n<\/div>\n\t<div class=\"img has-hover x md-x lg-x y md-y lg-y\" id=\"image_768338104\">\n\t\t\t\t\t\t\t\t<div class=\"img-inner dark\" >\n\t\t\t<img decoding=\"async\" width=\"1020\" height=\"340\" src=\"https:\/\/ddoptics.shop\/wp-content\/uploads\/2021\/06\/Pirschler-Gen-3-DDoptics.jpg\" class=\"attachment-large size-large\" alt=\"Prism\u00e1ticos DDoptics Pirschler Gen 3\" srcset=\"https:\/\/ddoptics.shop\/wp-content\/uploads\/2021\/06\/Pirschler-Gen-3-DDoptics.jpg 1200w, https:\/\/ddoptics.shop\/wp-content\/uploads\/2021\/06\/Pirschler-Gen-3-DDoptics-304x101.jpg 304w, https:\/\/ddoptics.shop\/wp-content\/uploads\/2021\/06\/Pirschler-Gen-3-DDoptics-305x102.jpg 305w, https:\/\/ddoptics.shop\/wp-content\/uploads\/2021\/06\/Pirschler-Gen-3-DDoptics-632x211.jpg 632w, https:\/\/ddoptics.shop\/wp-content\/uploads\/2021\/06\/Pirschler-Gen-3-DDoptics-800x267.jpg 800w, https:\/\/ddoptics.shop\/wp-content\/uploads\/2021\/06\/Pirschler-Gen-3-DDoptics-510x170.jpg 510w, https:\/\/ddoptics.shop\/wp-content\/uploads\/2021\/06\/Pirschler-Gen-3-DDoptics-250x83.jpg 250w\" sizes=\"(max-width: 1020px) 100vw, 1020px\" title=\"\">\t\t\t\t\t\t\n\t\t\t\t\t\t\t<div class=\"caption\">Prism\u00e1ticos DDoptics Pirschler Gen 3<\/div>\n\t\t\t\t\t<\/div>\n\t\t\t\t\t\t\t\t\n<style>\n#image_768338104 {\n  width: 100%;\n}\n<\/style>\n\t<\/div>\n\t\n\t<div id=\"gap-2093376370\" class=\"gap-element clearfix\" style=\"display:block; height:auto;\">\n\t\t\n<style>\n#gap-2093376370 {\n  padding-top: 30px;\n}\n<\/style>\n\t<\/div>\n\t\n<p>&nbsp;<\/p>\n<h3>Brillante \u00f3ptica de prism\u00e1ticos 12\u00d756 con prism\u00e1ticos Pirschler<\/h3>\n<p>El nuevo cristal CT con sofisticado revestimiento DDlucid y <strong>prismas Abbe-K\u00f6nig de alta calidad<\/strong> convierten la observaci\u00f3n con los prism\u00e1ticos Pirschler 12\u00d756 en un puro placer visual. Al observador se le ofrece <strong>Transmisi\u00f3n de luz y brillo de imagen extremadamente altos<\/strong> para una reproducci\u00f3n de im\u00e1genes brillante y de alto contraste con <strong>contornos n\u00edtidos<\/strong>. La dispersi\u00f3n del vidrio es muy baja.<\/p>\n<h3>Prism\u00e1ticos especializados en la noche con grandes aumentos<\/h3>\n<p>Aunque la \u00f3ptica ya es impresionante durante el d\u00eda, el Pirschler 12\u00d756 tambi\u00e9n est\u00e1 hecho para la caza nocturna. A medida que se acerca el crep\u00fasculo, cuando otros prism\u00e1ticos ya pierden claramente luminosidad y brillo de imagen, el Pirschler empieza a mostrar sus puntos fuertes. Casi se tiene la impresi\u00f3n de que la resoluci\u00f3n y el contraste mejoran a\u00fan m\u00e1s a medida que aumenta el crep\u00fasculo. Incluso con un aumento de 12x, sigue mostrando una \"buena imagen\" en las \u00faltimas horas de la noche. Estos prism\u00e1ticos no le defraudar\u00e1n hasta la \u00faltima luz del d\u00eda.<\/p>\n<h3>Carcasa binocular impermeable y nanorrevestimiento hidr\u00f3fugo<\/h3>\n<p>El revestimiento \" Raindefender Nano\" proporciona una<strong> efecto loto hidr\u00f3fugo<\/strong>los propios prism\u00e1ticos son <strong>Totalmente estanco a la presi\u00f3n del agua<\/strong> hasta 50 cm en agua caliente o fr\u00eda.<\/p>\n<figure id=\"attachment_10769\" aria-describedby=\"caption-attachment-10769\" style=\"width: 400px\" class=\"wp-caption alignright\"><img decoding=\"async\" class=\"size-full wp-image-10769\" src=\"https:\/\/ddoptics.shop\/wp-content\/uploads\/2017\/02\/Fernglas-Pirschler-8x56-smart-Focus-small.jpg\" alt=\"Prism\u00e1ticos Pirschler 15x56 smart Funci\u00f3n Focus\" width=\"400\" height=\"267\" title=\"\" srcset=\"https:\/\/ddoptics.shop\/wp-content\/uploads\/2017\/02\/Fernglas-Pirschler-8x56-smart-Focus-small.jpg 400w, https:\/\/ddoptics.shop\/wp-content\/uploads\/2017\/02\/Fernglas-Pirschler-8x56-smart-Focus-small-304x203.jpg 304w, https:\/\/ddoptics.shop\/wp-content\/uploads\/2017\/02\/Fernglas-Pirschler-8x56-smart-Focus-small-305x204.jpg 305w, https:\/\/ddoptics.shop\/wp-content\/uploads\/2017\/02\/Fernglas-Pirschler-8x56-smart-Focus-small-250x167.jpg 250w\" sizes=\"(max-width: 400px) 100vw, 400px\" \/><figcaption id=\"caption-attachment-10769\" class=\"wp-caption-text\">Prism\u00e1ticos Pirschler 12\u00d756 funci\u00f3n smart Focus<\/figcaption><\/figure>\n<h3>Prism\u00e1ticos Pirschler - Funci\u00f3n Smart Focus: 50 m - infinito<\/h3>\n<p>Smart Focus es una ventaja en el crep\u00fasculo o por la noche: esta tecnolog\u00eda elimina en gran medida la necesidad de reenfocar el \"Pirschler 12\u00d756\".<\/p>\n<p>Tras enfocar un objeto situado a unos 100 metros de distancia, el ojo se ajusta en el rango de distancia de<strong> De 50 m a infinito autom\u00e1ticamente sin reenfoque constante<\/strong> en.<\/p>\n<p>Ajuste de la funci\u00f3n 50m a infinito: Para ajustar la funci\u00f3n, gire la marca de l\u00ednea t\u00e1ctil de la rueda de enfoque a la posici\u00f3n \"arriba\".<\/p>\n<h3>Gran campo de visi\u00f3n de los prism\u00e1ticos 12\u00d756<\/h3>\n<p>El campo de visi\u00f3n de 93 metros ofrece claras ventajas a la hora de<strong> el llamado acristalamiento<\/strong> y garantiza que la caza y las aves puedan encontrarse y reconocerse m\u00e1s r\u00e1pidamente.<\/p>\n<h3>Prism\u00e1ticos aptos tambi\u00e9n para usuarios con gafas<\/h3>\n<p>Esto se debe a que las 3 posiciones del <strong>oculares met\u00e1licos orientables hacia dentro y hacia fuera<\/strong> garantizan una distancia ocular perfecta. El ajuste es suave, s\u00f3lido y funciona absolutamente sin holguras.<\/p>\n<p>El a la <strong>El modelo predecesor Gen 2 mejor\u00f3 significativamente la calidad del mecanismo del ocular<\/strong> es perceptible gracias a una resistencia h\u00e1ptica adecuada y al enclavamiento claramente definido de los pasos intermedios. (sin traqueteo, sin juego, sin ajuste accidental).<\/p>\n<p>Por otra parte, el <strong>Prism\u00e1ticos Pirschler 12\u00d756<\/strong> se caracteriza por una mayor distancia de la pupila de salida (20 mm) en comparaci\u00f3n con otros prism\u00e1ticos de esta clase<\/p>","protected":false},"excerpt":{"rendered":"<p><a href=\"https:\/\/ddoptics.shop\/wp-content\/uploads\/2016\/09\/Ornitologie-klein.jpg\"><img decoding=\"async\" class=\"alignnone wp-image-10170 size-full\" title=\"Observaci\u00f3n de aves\" src=\"https:\/\/ddoptics.shop\/wp-content\/uploads\/2016\/09\/Ornitologie-klein.jpg\" alt=\"Observaci\u00f3n de aves\" width=\"50\" height=\"50\" \/><\/a><a href=\"https:\/\/ddoptics.shop\/wp-content\/uploads\/2016\/09\/Astronomie-klein.jpg\"><img decoding=\"async\" class=\"alignnone wp-image-10166 size-full\" title=\"Astronom\u00eda, observaci\u00f3n de las estrellas\" src=\"https:\/\/ddoptics.shop\/wp-content\/uploads\/2016\/09\/Astronomie-klein.jpg\" alt=\"Prism\u00e1ticos astron\u00f3micos\" width=\"50\" height=\"50\" \/><\/a><br \/>\nEl nuevo c\u00e1lculo completo<strong> Prism\u00e1ticos Pirschler 12\u00d756<\/strong> son actualmente los prism\u00e1ticos m\u00e1s modernos de la serie DDoptics Pirschler. Es uno de los prism\u00e1ticos 12x m\u00e1s luminosos de su clase.<\/p>\n<a href=\"https:\/\/amzn.to\/3nYo2Nj\" target=\"_blank\" class=\"button success is-success is-small\" rel=\"\u201dnofollow\u201d noopener\" >\n\t\t<span>\u00bfes cliente de amazon? - \u00bfutiliza las ventajas prime?<\/span>\n\t<\/a>","protected":false},"featured_media":10550,"comment_status":"open","ping_status":"closed","template":"","meta":{"inline_featured_image":false,"footnotes":""},"product_brand":[],"product_cat":[352,364,949,329,67,345],"product_tag":[504,93,78,84,953,777],"class_list":{"0":"post-10541","1":"product","2":"type-product","3":"status-publish","4":"has-post-thumbnail","6":"product_cat-12x-vergroesserung","7":"product_cat-56-mm-objektiv","8":"product_cat-messeaktion","9":"product_cat-ddoptics","10":"product_cat-fernglas","11":"product_cat-jagd-und-wild","12":"product_tag-12x56","13":"product_tag-ansitzglas","14":"product_tag-ddoptics","15":"product_tag-nachtfernglas","16":"product_tag-pirschler-12x56","17":"product_tag-pirschler-gen-3","18":"product_shipping_class-paket","19":"pa_brand-marke-ddoptics","20":"pa_farbe-gruen","21":"pa_produkt-typ-fernglas","23":"first","24":"instock","25":"sale","26":"taxable","27":"shipping-taxable","28":"purchasable","29":"product-type-simple"},"bundled_by":[],"bundle_stock_status":"instock","bundle_stock_quantity":48,"bundle_virtual":false,"bundle_layout":"","bundle_add_to_cart_form_location":"","bundle_editable_in_cart":false,"bundle_sold_individually_context":"","bundle_item_grouping":"","bundle_min_size":"","bundle_max_size":"","bundle_price":[],"bundled_items":[],"bundle_sell_ids":[],"_links":{"self":[{"href":"https:\/\/ddoptics.shop\/es\/wp-json\/wp\/v2\/product\/10541","targetHints":{"allow":["GET"]}}],"collection":[{"href":"https:\/\/ddoptics.shop\/es\/wp-json\/wp\/v2\/product"}],"about":[{"href":"https:\/\/ddoptics.shop\/es\/wp-json\/wp\/v2\/types\/product"}],"replies":[{"embeddable":true,"href":"https:\/\/ddoptics.shop\/es\/wp-json\/wp\/v2\/comments?post=10541"}],"version-history":[{"count":10,"href":"https:\/\/ddoptics.shop\/es\/wp-json\/wp\/v2\/product\/10541\/revisions"}],"predecessor-version":[{"id":28582,"href":"https:\/\/ddoptics.shop\/es\/wp-json\/wp\/v2\/product\/10541\/revisions\/28582"}],"wp:featuredmedia":[{"embeddable":true,"href":"https:\/\/ddoptics.shop\/es\/wp-json\/wp\/v2\/media\/10550"}],"wp:attachment":[{"href":"https:\/\/ddoptics.shop\/es\/wp-json\/wp\/v2\/media?parent=10541"}],"wp:term":[{"taxonomy":"product_brand","embeddable":true,"href":"https:\/\/ddoptics.shop\/es\/wp-json\/wp\/v2\/product_brand?post=10541"},{"taxonomy":"product_cat","embeddable":true,"href":"https:\/\/ddoptics.shop\/es\/wp-json\/wp\/v2\/product_cat?post=10541"},{"taxonomy":"product_tag","embeddable":true,"href":"https:\/\/ddoptics.shop\/es\/wp-json\/wp\/v2\/product_tag?post=10541"}],"curies":[{"name":"wp","href":"https:\/\/api.w.org\/{rel}","templated":true}]}}