{"id":10850,"date":"2017-04-11T12:10:01","date_gmt":"2017-04-11T10:10:01","guid":{"rendered":"https:\/\/beta.optik-sport-shop.at\/kaufen\/ddoptics-fernglas-edx-12x50\/"},"modified":"2025-07-03T15:28:05","modified_gmt":"2025-07-03T13:28:05","slug":"prismaticos-ddoptics-edx-12x50-2","status":"publish","type":"product","link":"https:\/\/ddoptics.shop\/es\/kaufen\/ddoptics-edx-12x50-fernglas\/","title":{"rendered":"Prism\u00e1ticos DDoptics EDX 12\u00d750"},"content":{"rendered":"<div class=\"row\"  id=\"row-201889327\">\n\n\t<div id=\"col-9114504\" class=\"col medium-8 small-12 large-8\"  >\n\t\t\t\t<div class=\"col-inner\"  >\n\t\t\t\n\t\t\t\n<div>\n<h2>Prism\u00e1ticos DDoptics EDX 12\u00d750 | Prism\u00e1ticos de gama alta - ligereza asombrosa con las im\u00e1genes m\u00e1s brillantes<\/h2>\n<p>En <strong>Prism\u00e1ticos EDX 12\u00d750<\/strong> es una aut\u00e9ntica especialidad. Con su <strong>12 aumentos<\/strong> y el brillante revestimiento DDlucid, los objetos lejanos pueden verse en color real, ricos en contraste y n\u00edtidos. os prism\u00e1ticos EDX Premium combinan un <strong>una calidad de imagen fant\u00e1stica, una intensidad luminosa extremadamente alta y una sensaci\u00f3n de observaci\u00f3n indescriptible.<\/strong><\/p>\n<p>Con la ayuda del <strong>Asa en el puente de los prism\u00e1ticos<\/strong> puede <strong>Usuario de prism\u00e1ticos EDX 12\u00d750<\/strong> sujetar c\u00f3modamente y manejar con seguridad. Incluso en el <strong>Invierno con guantes<\/strong>. Materiales como el aluminio magn\u00e9sico y el policarbonato no s\u00f3lo garantizan la mayor robustez posible en terrenos abruptos, sino tambi\u00e9n un peso muy reducido.<\/p>\n<p>La estilizada carcasa est\u00e1 revestida de un revestimiento de goma antideslizante. La aleaci\u00f3n met\u00e1lica indestructible de los oculares proporciona una protecci\u00f3n \u00f3ptima para los oculares. El EDX 12\u00d750 es, por supuesto <strong>Totalmente impermeable y antivaho<\/strong>.<\/p>\n<p>Con s\u00f3lo <strong>1,5 revoluciones<\/strong> es todo el <strong>Rango de enfoque ajustado con precisi\u00f3n<\/strong> y se pueden captar r\u00e1pidamente hasta los detalles m\u00e1s peque\u00f1os. El ajuste de dioptr\u00edas para usuarios con gafas se encuentra en el ocular derecho<\/p>\n<\/div>\n\t\t<\/div>\n\t\t\t\t\n<style>\n#col-9114504 > .col-inner {\n  margin: 0px 0px -30px 0px;\n}\n<\/style>\n\t<\/div>\n\n\t\n\n\t<div id=\"col-386117327\" class=\"col medium-4 small-12 large-4\"  >\n\t\t\t\t<div class=\"col-inner\"  >\n\t\t\t\n\t\t\t\n\t<div class=\"img has-hover x md-x lg-x y md-y lg-y\" id=\"image_170196228\">\n\t\t\t\t\t\t\t\t<div class=\"img-inner dark\" >\n\t\t\t\t\t\t\t\t\t\n\t\t\t\t\t<\/div>\n\t\t\t\t\t\t\t\t\n<style>\n#image_170196228 {\n  width: 100%;\n}\n<\/style>\n\t<\/div>\n\t\n\t<div class=\"img has-hover x md-x lg-x y md-y lg-y\" id=\"image_72453609\">\n\t\t<a class=\"\" href=\"https:\/\/www.shop.ddoptics.de\/garantiebestimmungen\" target=\"_blank\" rel=\"noopener\">\t\t\t\t\t\t<div class=\"img-inner dark\" >\n\t\t\t<img decoding=\"async\" width=\"352\" height=\"160\" src=\"https:\/\/ddoptics.shop\/wp-content\/uploads\/2014\/09\/DDoptics-Garantie.jpg\" class=\"attachment-large size-large\" alt=\"Garant\u00eda DDoptics\" srcset=\"https:\/\/ddoptics.shop\/wp-content\/uploads\/2014\/09\/DDoptics-Garantie.jpg 352w, https:\/\/ddoptics.shop\/wp-content\/uploads\/2014\/09\/DDoptics-Garantie-304x138.jpg 304w, https:\/\/ddoptics.shop\/wp-content\/uploads\/2014\/09\/DDoptics-Garantie-305x139.jpg 305w, https:\/\/ddoptics.shop\/wp-content\/uploads\/2014\/09\/DDoptics-Garantie-250x114.jpg 250w\" sizes=\"(max-width: 352px) 100vw, 352px\" title=\"\">\t\t\t\t\t\t\n\t\t\t\t\t<\/div>\n\t\t\t\t\t\t<\/a>\t\t\n<style>\n#image_72453609 {\n  width: 100%;\n}\n<\/style>\n\t<\/div>\n\t\n<h3>Datos sobre los prism\u00e1ticos DDoptics EDX<\/h3>\n\n\t\t<div class=\"icon-box featured-box icon-box-left text-left\"  >\n\t\t\t\t\t<div class=\"icon-box-img\" style=\"width: 32px\">\n\t\t\t\t<div class=\"icon\">\n\t\t\t\t\t<div class=\"icon-inner\" >\n\t\t\t\t\t\t<img decoding=\"async\" width=\"100\" height=\"83\" src=\"https:\/\/ddoptics.shop\/wp-content\/uploads\/2021\/05\/DDoptics-SHG-Icon.jpg\" class=\"attachment-medium size-medium\" alt=\"Prism\u00e1ticos DDoptics SHG Icon\" title=\"\">\t\t\t\t\t<\/div>\n\t\t\t\t<\/div>\n\t\t\t<\/div>\n\t\t\t\t<div class=\"icon-box-text last-reset\">\n\t\t\t\t\t\t\t\t\t\n<p><span data-sheets-value=\"{&quot;1&quot;:2,&quot;2&quot;:&quot;\u2705&quot;}\" data-sheets-userformat=\"{&quot;2&quot;:15297,&quot;3&quot;:{&quot;1&quot;:0},&quot;9&quot;:0,&quot;10&quot;:2,&quot;11&quot;:0,&quot;12&quot;:0,&quot;14&quot;:{&quot;1&quot;:2,&quot;2&quot;:0},&quot;15&quot;:&quot;Calibri, sans-serif&quot;,&quot;16&quot;:11}\">\u2705 <strong>Im\u00e1genes de gran pureza y colores reales<\/strong><\/span><\/p>\n\t\t<\/div>\n\t<\/div>\n\t\n\t\n\n\t\t<div class=\"icon-box featured-box icon-box-left text-left\"  >\n\t\t\t\t\t<div class=\"icon-box-img\" style=\"width: 32px\">\n\t\t\t\t<div class=\"icon\">\n\t\t\t\t\t<div class=\"icon-inner\" >\n\t\t\t\t\t\t<img decoding=\"async\" width=\"100\" height=\"83\" src=\"https:\/\/ddoptics.shop\/wp-content\/uploads\/2021\/05\/DDoptics-SHG-Icon.jpg\" class=\"attachment-medium size-medium\" alt=\"Prism\u00e1ticos DDoptics SHG Icon\" title=\"\">\t\t\t\t\t<\/div>\n\t\t\t\t<\/div>\n\t\t\t<\/div>\n\t\t\t\t<div class=\"icon-box-text last-reset\">\n\t\t\t\t\t\t\t\t\t\n<p>\u2705 <span data-sheets-value=\"{&quot;1&quot;:2,&quot;2&quot;:&quot;\u2705&quot;}\" data-sheets-userformat=\"{&quot;2&quot;:15297,&quot;3&quot;:{&quot;1&quot;:0},&quot;9&quot;:0,&quot;10&quot;:2,&quot;11&quot;:0,&quot;12&quot;:0,&quot;14&quot;:{&quot;1&quot;:2,&quot;2&quot;:0},&quot;15&quot;:&quot;Calibri, sans-serif&quot;,&quot;16&quot;:11}\">S\u00f3lo 868 gramos<\/span><\/p>\n\t\t<\/div>\n\t<\/div>\n\t\n\t\n\n\t\t<div class=\"icon-box featured-box icon-box-left text-left\"  >\n\t\t\t\t\t<div class=\"icon-box-img\" style=\"width: 32px\">\n\t\t\t\t<div class=\"icon\">\n\t\t\t\t\t<div class=\"icon-inner\" >\n\t\t\t\t\t\t<img decoding=\"async\" width=\"100\" height=\"83\" src=\"https:\/\/ddoptics.shop\/wp-content\/uploads\/2021\/05\/DDoptics-SHG-Icon.jpg\" class=\"attachment-medium size-medium\" alt=\"Prism\u00e1ticos DDoptics SHG Icon\" title=\"\">\t\t\t\t\t<\/div>\n\t\t\t\t<\/div>\n\t\t\t<\/div>\n\t\t\t\t<div class=\"icon-box-text last-reset\">\n\t\t\t\t\t\t\t\t\t\n<p>\u2705 <span data-sheets-value=\"{&quot;1&quot;:2,&quot;2&quot;:&quot;\u2705&quot;}\" data-sheets-userformat=\"{&quot;2&quot;:15297,&quot;3&quot;:{&quot;1&quot;:0},&quot;9&quot;:0,&quot;10&quot;:2,&quot;11&quot;:0,&quot;12&quot;:0,&quot;14&quot;:{&quot;1&quot;:2,&quot;2&quot;:0},&quot;15&quot;:&quot;Calibri, sans-serif&quot;,&quot;16&quot;:11}\">DDlucida remuneraci\u00f3n<\/span><\/p>\n\t\t<\/div>\n\t<\/div>\n\t\n\t\n\n\t\t<div class=\"icon-box featured-box icon-box-left text-left\"  >\n\t\t\t\t\t<div class=\"icon-box-img\" style=\"width: 32px\">\n\t\t\t\t<div class=\"icon\">\n\t\t\t\t\t<div class=\"icon-inner\" >\n\t\t\t\t\t\t<img decoding=\"async\" width=\"100\" height=\"83\" src=\"https:\/\/ddoptics.shop\/wp-content\/uploads\/2021\/05\/DDoptics-SHG-Icon.jpg\" class=\"attachment-medium size-medium\" alt=\"Prism\u00e1ticos DDoptics SHG Icon\" title=\"\">\t\t\t\t\t<\/div>\n\t\t\t\t<\/div>\n\t\t\t<\/div>\n\t\t\t\t<div class=\"icon-box-text last-reset\">\n\t\t\t\t\t\t\t\t\t\n<p>\u2705 <span data-sheets-value=\"{&quot;1&quot;:2,&quot;2&quot;:&quot;\u2705&quot;}\" data-sheets-userformat=\"{&quot;2&quot;:15297,&quot;3&quot;:{&quot;1&quot;:0},&quot;9&quot;:0,&quot;10&quot;:2,&quot;11&quot;:0,&quot;12&quot;:0,&quot;14&quot;:{&quot;1&quot;:2,&quot;2&quot;:0},&quot;15&quot;:&quot;Calibri, sans-serif&quot;,&quot;16&quot;:11}\">Excelente definici\u00f3n de los bordes<\/span><\/p>\n\t\t<\/div>\n\t<\/div>\n\t\n\t\n\n\t\t<div class=\"icon-box featured-box icon-box-left text-left\"  >\n\t\t\t\t\t<div class=\"icon-box-img\" style=\"width: 32px\">\n\t\t\t\t<div class=\"icon\">\n\t\t\t\t\t<div class=\"icon-inner\" >\n\t\t\t\t\t\t<img decoding=\"async\" width=\"100\" height=\"83\" src=\"https:\/\/ddoptics.shop\/wp-content\/uploads\/2021\/05\/DDoptics-SHG-Icon.jpg\" class=\"attachment-medium size-medium\" alt=\"Prism\u00e1ticos DDoptics SHG Icon\" title=\"\">\t\t\t\t\t<\/div>\n\t\t\t\t<\/div>\n\t\t\t<\/div>\n\t\t\t\t<div class=\"icon-box-text last-reset\">\n\t\t\t\t\t\t\t\t\t\n<p>\u2705 <span data-sheets-value=\"{&quot;1&quot;:2,&quot;2&quot;:&quot;\u2705&quot;}\" data-sheets-userformat=\"{&quot;2&quot;:15297,&quot;3&quot;:{&quot;1&quot;:0},&quot;9&quot;:0,&quot;10&quot;:2,&quot;11&quot;:0,&quot;12&quot;:0,&quot;14&quot;:{&quot;1&quot;:2,&quot;2&quot;:0},&quot;15&quot;:&quot;Calibri, sans-serif&quot;,&quot;16&quot;:11}\">Prismas Schmidt-Pechan<\/span><\/p>\n\t\t<\/div>\n\t<\/div>\n\t\n\t\n\n\t\t<div class=\"icon-box featured-box icon-box-left text-left\"  >\n\t\t\t\t\t<div class=\"icon-box-img\" style=\"width: 32px\">\n\t\t\t\t<div class=\"icon\">\n\t\t\t\t\t<div class=\"icon-inner\" >\n\t\t\t\t\t\t<img decoding=\"async\" width=\"100\" height=\"83\" src=\"https:\/\/ddoptics.shop\/wp-content\/uploads\/2021\/05\/DDoptics-SHG-Icon.jpg\" class=\"attachment-medium size-medium\" alt=\"Prism\u00e1ticos DDoptics SHG Icon\" title=\"\">\t\t\t\t\t<\/div>\n\t\t\t\t<\/div>\n\t\t\t<\/div>\n\t\t\t\t<div class=\"icon-box-text last-reset\">\n\t\t\t\t\t\t\t\t\t\n<p>\u2705 <span data-sheets-value=\"{&quot;1&quot;:2,&quot;2&quot;:&quot;\u2705&quot;}\" data-sheets-userformat=\"{&quot;2&quot;:15297,&quot;3&quot;:{&quot;1&quot;:0},&quot;9&quot;:0,&quot;10&quot;:2,&quot;11&quot;:0,&quot;12&quot;:0,&quot;14&quot;:{&quot;1&quot;:2,&quot;2&quot;:0},&quot;15&quot;:&quot;Calibri, sans-serif&quot;,&quot;16&quot;:11}\">Enfoque r\u00e1pido desde 2,4 metros<\/span><\/p>\n\t\t<\/div>\n\t<\/div>\n\t\n\t\n\t\t<\/div>\n\t\t\t\t\t<\/div>\n\n\t\n<\/div>\n<h3>Cristal ED: visualizaci\u00f3n de im\u00e1genes brillantes y resoluci\u00f3n n\u00edtida a larga distancia con el EDX 12\u00d750<\/h3>\n<p>El EDX 12\u00d750 est\u00e1 predestinado al <strong>Uso en largas distancias<\/strong>. El grupo objetivo son los ornit\u00f3logos y los excursionistas de monta\u00f1a en particular. Los cazadores de monta\u00f1a pueden utilizar estos prism\u00e1ticos de primera calidad para avistar rebecos en las crestas incluso a una distancia de 200 m a 300 m y prescindir en gran medida de la necesidad de llevar un pesado catalejo. <strong>Ornit\u00f3logos y excursionistas de monta\u00f1a<\/strong> viene el aumento 12x y el <strong>Alcance de enfoque cercano de 2,4 m<\/strong> ventaja. Equipado con el EDX 12\u00d750, es posible observar tanto objetos cercanos como muy lejanos con un brillo de color, una nitidez y una precisi\u00f3n dif\u00edcilmente superables.<\/p>\n<h3>El innovador revestimiento garantiza unos contornos n\u00edtidos en los prism\u00e1ticos 12\u00d750<\/h3>\n<p>Una garant\u00eda adicional para ello es la <strong>Revestimiento especial DDlucid<\/strong>. Ambas superficies del techo del prisma de techo Schmidt-Pechan han sido recubiertas con \u00e9l. Este revestimiento, originario de la industria fotogr\u00e1fica japonesa, es un perfeccionamiento del conocido y probado revestimiento ELR (Extra Low Reflection). DDlucid es, por tanto, un <strong>de los revestimientos m\u00e1s eficaces para prism\u00e1ticos y exclusivamente prism\u00e1ticos premium<\/strong> reservado.<\/p>\n<h3>Peque\u00f1o, ligero y fiable: un compa\u00f1ero para toda la vida<\/h3>\n<p>Especialmente cuando se utilizan en monta\u00f1a, se exigen grandes prestaciones en cuanto a robustez y ligereza. Gracias a materiales como el aluminio magn\u00e9sico y el policarbonato, los cristales son extremadamente resistentes a los impactos, absolutamente <strong>impermeable y antivaho.<\/strong> La armadura de goma antideslizante de caucho natural garantiza un gran agarre y resistencia al deslizamiento.<\/p>\n<p>Con s\u00f3lo <strong>Todo el rango de enfoque se puede ajustar 1,5 vueltas<\/strong>. Esto garantiza la captura m\u00e1s r\u00e1pida de los detalles.<\/p>\n<h3>Para usuarios de gafas: campo de visi\u00f3n completo<\/h3>\n<p>El ajuste de dioptr\u00edas para usuarios de gafas se encuentra en el ocular derecho. <strong>Las 4 posiciones de la rejilla pueden fijarse firmemente.<\/strong> Es posible un ajuste involuntario.<\/p>\n<h3>Uso recomendado DDoptics EDX 12\u00d750<\/h3>\n<p>Nitidez constante hasta el borde de la imagen y la <strong>El gran campo de visi\u00f3n de 91 metros ofrece a los aficionados a las actividades al aire libre, excursionistas, ornit\u00f3logos y cazadores de monta\u00f1a experiencias de imagen al m\u00e1s alto nivel.<\/strong><\/p>","protected":false},"excerpt":{"rendered":"<p><img decoding=\"async\" class=\"alignnone wp-image-10178 size-full\" title=\"Prism\u00e1ticos de caza de monta\u00f1a\" src=\"https:\/\/ddoptics.shop\/wp-content\/uploads\/2016\/04\/Gebirgsjagd-klein.jpg\" alt=\"Prism\u00e1ticos de caza de monta\u00f1a\" width=\"50\" height=\"50\" \/><img decoding=\"async\" class=\"alignnone wp-image-10170 size-full\" title=\"Prism\u00e1ticos para observaci\u00f3n de aves\" src=\"https:\/\/ddoptics.shop\/wp-content\/uploads\/2016\/09\/Ornitologie-klein.jpg\" alt=\"Prism\u00e1ticos para observaci\u00f3n de aves\" width=\"50\" height=\"50\" \/><br \/>\nHa nacido una nueva estrella. El doble <strong>referencia ligera con objetivo de 50 mm con locura de imagen.<\/strong><\/p>","protected":false},"featured_media":10854,"comment_status":"open","ping_status":"closed","template":"","meta":{"inline_featured_image":false,"footnotes":""},"product_brand":[],"product_cat":[352,363,329,67,344],"product_tag":[568,569,78,86],"class_list":{"0":"post-10850","1":"product","2":"type-product","3":"status-publish","4":"has-post-thumbnail","6":"product_cat-12x-vergroesserung","7":"product_cat-50-mm-objektiv","8":"product_cat-ddoptics","9":"product_cat-fernglas","10":"product_cat-naturbeobachtung","11":"product_tag-12x50","12":"product_tag-12x50-fernglas","13":"product_tag-ddoptics","14":"product_tag-edx","15":"product_shipping_class-paket","16":"pa_brand-marke-ddoptics","17":"pa_farbe-schwarz","18":"pa_produkt-typ-fernglas","20":"first","21":"instock","22":"sale","23":"taxable","24":"shipping-taxable","25":"purchasable","26":"product-type-simple"},"bundled_by":[],"bundle_stock_status":"instock","bundle_stock_quantity":null,"bundle_virtual":false,"bundle_layout":"","bundle_add_to_cart_form_location":"","bundle_editable_in_cart":false,"bundle_sold_individually_context":"","bundle_item_grouping":"","bundle_min_size":"","bundle_max_size":"","bundle_price":[],"bundled_items":[],"bundle_sell_ids":[],"_links":{"self":[{"href":"https:\/\/ddoptics.shop\/es\/wp-json\/wp\/v2\/product\/10850","targetHints":{"allow":["GET"]}}],"collection":[{"href":"https:\/\/ddoptics.shop\/es\/wp-json\/wp\/v2\/product"}],"about":[{"href":"https:\/\/ddoptics.shop\/es\/wp-json\/wp\/v2\/types\/product"}],"replies":[{"embeddable":true,"href":"https:\/\/ddoptics.shop\/es\/wp-json\/wp\/v2\/comments?post=10850"}],"version-history":[{"count":4,"href":"https:\/\/ddoptics.shop\/es\/wp-json\/wp\/v2\/product\/10850\/revisions"}],"predecessor-version":[{"id":28580,"href":"https:\/\/ddoptics.shop\/es\/wp-json\/wp\/v2\/product\/10850\/revisions\/28580"}],"wp:featuredmedia":[{"embeddable":true,"href":"https:\/\/ddoptics.shop\/es\/wp-json\/wp\/v2\/media\/10854"}],"wp:attachment":[{"href":"https:\/\/ddoptics.shop\/es\/wp-json\/wp\/v2\/media?parent=10850"}],"wp:term":[{"taxonomy":"product_brand","embeddable":true,"href":"https:\/\/ddoptics.shop\/es\/wp-json\/wp\/v2\/product_brand?post=10850"},{"taxonomy":"product_cat","embeddable":true,"href":"https:\/\/ddoptics.shop\/es\/wp-json\/wp\/v2\/product_cat?post=10850"},{"taxonomy":"product_tag","embeddable":true,"href":"https:\/\/ddoptics.shop\/es\/wp-json\/wp\/v2\/product_tag?post=10850"}],"curies":[{"name":"wp","href":"https:\/\/api.w.org\/{rel}","templated":true}]}}