{"id":11034,"date":"2017-06-14T13:07:50","date_gmt":"2017-06-14T11:07:50","guid":{"rendered":"https:\/\/beta.optik-sport-shop.at\/?post_type=product&#038;p=11034"},"modified":"2017-07-13T17:59:09","modified_gmt":"2017-07-13T15:59:09","slug":"cinturon-de-cuero-con-motivo-floral-bordado-quilling-moda-traje-tradicional","status":"publish","type":"product","link":"https:\/\/ddoptics.shop\/es\/kaufen\/lederguertel-mit-blumenmotiv-federkiel-stickerei-trachtenmode\/","title":{"rendered":"Cintur\u00f3n tradicional con bordado de plumas con motivos florales - Trachtenmode"},"content":{"rendered":"<h2>Cintur\u00f3n tradicional con pluma bordada motivo flores - Trachtenmode<\/h2>\n<p>En el <strong>moda en general<\/strong> es costumbre llevar pantalones <strong>Cintur\u00f3n<\/strong> para que estos o<strong>ptimal en la cadera<\/strong> Estos cinturones de pantal\u00f3n se llevan en la <strong>Pantalones de cuero<\/strong>Se llevan con pantalones y son muy populares con vaqueros. A menudo llevan bordadas las iniciales del propietario.<\/p>\n<p><strong>Cintur\u00f3n de traje tradicional<\/strong> est\u00e1n dise\u00f1adas expresamente para este fin, <strong>para mantener los lederhosen en su sitio.<\/strong> Sin embargo, tambi\u00e9n est\u00e1n pensados como elegantes accesorios visuales para enfatizar el <strong>Visi\u00f3n de conjunto<\/strong> para completar el programa.<\/p>\n<p><strong style=\"font-size: 13px;\">Medici\u00f3n correcta del per\u00edmetro de la cintura: <\/strong><span style=\"font-size: 13px;\">Dibuja una cinta m\u00e9trica alrededor de tu est\u00f3mago aproximadamente a la altura del ombligo, exhala ligeramente y luego lee el valor.<\/span><\/p>\n<h3>Hebilla de lat\u00f3n punzonado con motivo floral bordado con pluma de ave<\/h3>\n<p>En <strong>Cintur\u00f3n de cuero de la manufactura de Salzburgo,<\/strong> complementado con <strong>Bordado floral sobre piel<\/strong> en el <strong>Hebilla de lat\u00f3n estampado (hebilla de cintur\u00f3n),<\/strong> son un reclamo especialmente elegante.<\/p>\n<h3>Cinturones tradicionales para hombres, mujeres y ni\u00f1os<\/h3>\n<p>En general, el cintur\u00f3n del traje tradicional es un accesorio complementario que llevan preferentemente los hombres a juego con sus lederhosen. Sobre todo cuando \u00e9stos no llevan tirantes. Los cinturones de cuero Trachten ten\u00edan en <strong>una funci\u00f3n adicional en a\u00f1os anteriores<\/strong>. Estaban acostumbrados a <strong>Trofeos de caza<\/strong> adjunto.<\/p>","protected":false},"excerpt":{"rendered":"<p><strong>Cintur\u00f3n de cuero genuino hecho de cuero r\u00fastico de la correa de la deriva de edad,<\/strong> <strong>4 cm<\/strong> ancho, con bordado de pluma\u00a0<strong>Motivo floral<\/strong>.<\/p>\n<p>Cierre: <strong>Hebilla de lat\u00f3n punzonada a mano<\/strong>.<br \/>\nPlazo de entrega: unas 6 semanas tras la recepci\u00f3n del pago.<\/p>","protected":false},"featured_media":11059,"comment_status":"open","ping_status":"closed","template":"","meta":{"inline_featured_image":false,"footnotes":""},"product_brand":[],"product_cat":[598],"product_tag":[600,599],"class_list":{"0":"post-11034","1":"product","2":"type-product","3":"status-publish","4":"has-post-thumbnail","6":"product_cat-federkiel-stickerei","7":"product_tag-federkielstickerei","8":"product_tag-lederguertel","9":"product_shipping_class-paket","10":"pa_brand-marke-salzburger-federkielstickerei","11":"pa_produkt-typ-mode-accessoire","13":"first","14":"instock","15":"taxable","16":"shipping-taxable","17":"purchasable","18":"product-type-variable"},"bundled_by":[],"bundle_stock_status":"instock","bundle_stock_quantity":null,"bundle_virtual":false,"bundle_layout":"","bundle_add_to_cart_form_location":"","bundle_editable_in_cart":false,"bundle_sold_individually_context":"","bundle_item_grouping":"","bundle_min_size":"","bundle_max_size":"","bundle_price":[],"bundled_items":[],"bundle_sell_ids":[],"_links":{"self":[{"href":"https:\/\/ddoptics.shop\/es\/wp-json\/wp\/v2\/product\/11034","targetHints":{"allow":["GET"]}}],"collection":[{"href":"https:\/\/ddoptics.shop\/es\/wp-json\/wp\/v2\/product"}],"about":[{"href":"https:\/\/ddoptics.shop\/es\/wp-json\/wp\/v2\/types\/product"}],"replies":[{"embeddable":true,"href":"https:\/\/ddoptics.shop\/es\/wp-json\/wp\/v2\/comments?post=11034"}],"version-history":[{"count":0,"href":"https:\/\/ddoptics.shop\/es\/wp-json\/wp\/v2\/product\/11034\/revisions"}],"wp:featuredmedia":[{"embeddable":true,"href":"https:\/\/ddoptics.shop\/es\/wp-json\/wp\/v2\/media\/11059"}],"wp:attachment":[{"href":"https:\/\/ddoptics.shop\/es\/wp-json\/wp\/v2\/media?parent=11034"}],"wp:term":[{"taxonomy":"product_brand","embeddable":true,"href":"https:\/\/ddoptics.shop\/es\/wp-json\/wp\/v2\/product_brand?post=11034"},{"taxonomy":"product_cat","embeddable":true,"href":"https:\/\/ddoptics.shop\/es\/wp-json\/wp\/v2\/product_cat?post=11034"},{"taxonomy":"product_tag","embeddable":true,"href":"https:\/\/ddoptics.shop\/es\/wp-json\/wp\/v2\/product_tag?post=11034"}],"curies":[{"name":"wp","href":"https:\/\/api.w.org\/{rel}","templated":true}]}}