{"id":11473,"date":"2017-07-13T11:07:28","date_gmt":"2017-07-13T09:07:28","guid":{"rendered":"https:\/\/beta.optik-sport-shop.at\/?post_type=product&#038;p=11473"},"modified":"2025-06-27T13:47:33","modified_gmt":"2025-06-27T11:47:33","slug":"prismaticos-ddoptics-nighteagle-ergo-8x56-gen-3","status":"publish","type":"product","link":"https:\/\/ddoptics.shop\/es\/kaufen\/ddoptics-fernglas-nighteagle-ergo-8x56-gen-3\/","title":{"rendered":"Prism\u00e1ticos DDoptics Nighteagle ERGO 8\u00d756 CT Gen 3.1"},"content":{"rendered":"<div class=\"row\"  id=\"row-774604186\">\n\n\t<div id=\"col-912451787\" class=\"col medium-8 small-12 large-8\"  >\n\t\t\t\t<div class=\"col-inner\"  >\n\t\t\t\n\t\t\t\n<h2>DDoptics Fernglas Nighteagle ERGO <a href=\"https:\/\/ddoptics.shop\/shop\/fernglas\/fernglas-objektivdurchmesser\/56-mm-objektiv\/\" target=\"_blank\" rel=\"noopener\" data-schema-attribute=\"\">8&#215;56<\/a> Gen 3.1 |\u00a0Das lichtstarke, kleine und leichte Glas f\u00fcr die Jagd<\/h2>\n<p>Der neue Nighteagle <strong>ERGO 8&#215;56 Gen\u00a0 3.1 ist mehr als die n\u00e4chste Generation<\/strong> \u2013 es ist eine kompromisslose L\u00f6sung f\u00fcr alle, die Leistung mit geringem Gewicht zu moderatem Preis erwarten. Trotz des <strong>geringen Gewichtes von nur 960 g<\/strong> liefert das 8&#215;56 Nighteagle ERGO 3.1 unglaubliche Leistung, welche die <strong>meisten Ferngl\u00e4ser in der 400 \u20ac Preisklasse \u00fcbertrifft.<\/strong><\/p>\n<h3>Die neue DDoptics ERGO Generation 3.1<\/h3>\n<p>Die neue Generation 3.1 wurde weiter verbessert: das <strong>Fokussierrad und der Diopter<\/strong> sind aus robustem Metall gefertigt. Insgesamt konnte das <a href=\"https:\/\/de.wikipedia.org\/wiki\/Fernglas\" target=\"_blank\" rel=\"noopener sponsored\" data-schema-attribute=\"\">Fernglas<\/a> damit ganze 20 Gramm leichter gemacht werden. Weiterhin wurden die <strong>Augenmuscheln mit einer innovativen Z-Rastung<\/strong> versehen.<\/p>\n<h3>Sieh die Dinge heller, egal wie das Licht ist.<\/h3>\n<p>Ob bei Tag oder in der D\u00e4mmerung, am sch\u00f6nsten empfindet man einen <strong>Seheindruck, wenn dieser vollkommen nat\u00fcrlich und farbecht<\/strong> erscheint.<\/p>\n<p>Die neue Optik des Nighteagle ERGO 3.1 gibt dem Betrachter das Gef\u00fchl, tats\u00e4chlich brillante Realit\u00e4t zu erleben, wobei der Nighteagle immer wieder positiv \u00fcberrascht. <strong>Farbs\u00e4ume und farbliche Fehldarstellungen<\/strong> kennt man von diesem Fernglas kaum, eine gerade Linie bleibt auch im Randbereich eine gerade Linie.<\/p>\n\t\t<\/div>\n\t\t\t\t\n<style>\n#col-912451787 > .col-inner {\n  margin: 0px 0px -30px 0px;\n}\n<\/style>\n\t<\/div>\n\n\t\n\n\t<div id=\"col-237544476\" class=\"col medium-4 small-12 large-4\"  >\n\t\t\t\t<div class=\"col-inner\"  >\n\t\t\t\n\t\t\t\n\t<div class=\"img has-hover x md-x lg-x y md-y lg-y\" id=\"image_1203159204\">\n\t\t\t\t\t\t\t\t<div class=\"img-inner dark\" >\n\t\t\t\t\t\t\t\t\t\n\t\t\t\t\t<\/div>\n\t\t\t\t\t\t\t\t\n<style>\n#image_1203159204 {\n  width: 100%;\n}\n<\/style>\n\t<\/div>\n\t\n\t<div class=\"img has-hover x md-x lg-x y md-y lg-y\" id=\"image_1746597549\">\n\t\t<a class=\"\" href=\"https:\/\/www.shop.ddoptics.de\/garantiebestimmungen\" target=\"_blank\" rel=\"noopener\">\t\t\t\t\t\t<div class=\"img-inner dark\" >\n\t\t\t<img decoding=\"async\" width=\"352\" height=\"160\" src=\"https:\/\/ddoptics.shop\/wp-content\/uploads\/2014\/09\/DDoptics-Garantie.jpg\" class=\"attachment-large size-large\" alt=\"DDoptics Garantie\" srcset=\"https:\/\/ddoptics.shop\/wp-content\/uploads\/2014\/09\/DDoptics-Garantie.jpg 352w, https:\/\/ddoptics.shop\/wp-content\/uploads\/2014\/09\/DDoptics-Garantie-304x138.jpg 304w, https:\/\/ddoptics.shop\/wp-content\/uploads\/2014\/09\/DDoptics-Garantie-305x139.jpg 305w, https:\/\/ddoptics.shop\/wp-content\/uploads\/2014\/09\/DDoptics-Garantie-250x114.jpg 250w\" sizes=\"(max-width: 352px) 100vw, 352px\" title=\"\">\t\t\t\t\t\t\n\t\t\t\t\t<\/div>\n\t\t\t\t\t\t<\/a>\t\t\n<style>\n#image_1746597549 {\n  width: 100%;\n}\n<\/style>\n\t<\/div>\n\t\n<h3>DDoptics Nighteagle Fernglas Facts<\/h3>\n\n\t\t<div class=\"icon-box featured-box icon-box-left text-left\"  >\n\t\t\t\t\t<div class=\"icon-box-img\" style=\"width: 32px\">\n\t\t\t\t<div class=\"icon\">\n\t\t\t\t\t<div class=\"icon-inner\" >\n\t\t\t\t\t\t<img decoding=\"async\" width=\"100\" height=\"83\" src=\"https:\/\/ddoptics.shop\/wp-content\/uploads\/2021\/05\/DDoptics-SHG-Icon.jpg\" class=\"attachment-medium size-medium\" alt=\"DDoptics SHG Fernglas Icon\" title=\"\">\t\t\t\t\t<\/div>\n\t\t\t\t<\/div>\n\t\t\t<\/div>\n\t\t\t\t<div class=\"icon-box-text last-reset\">\n\t\t\t\t\t\t\t\t\t\n<p>\u2705 Dielektrischer Spiegel<\/p>\n\t\t<\/div>\n\t<\/div>\n\t\n\t\n\n\t\t<div class=\"icon-box featured-box icon-box-left text-left\"  >\n\t\t\t\t\t<div class=\"icon-box-img\" style=\"width: 32px\">\n\t\t\t\t<div class=\"icon\">\n\t\t\t\t\t<div class=\"icon-inner\" >\n\t\t\t\t\t\t<img decoding=\"async\" width=\"100\" height=\"83\" src=\"https:\/\/ddoptics.shop\/wp-content\/uploads\/2021\/05\/DDoptics-SHG-Icon.jpg\" class=\"attachment-medium size-medium\" alt=\"DDoptics SHG Fernglas Icon\" title=\"\">\t\t\t\t\t<\/div>\n\t\t\t\t<\/div>\n\t\t\t<\/div>\n\t\t\t\t<div class=\"icon-box-text last-reset\">\n\t\t\t\t\t\t\t\t\t\n<p>\u2705 CT Glas mit niedriger Dispersion<\/p>\n\t\t<\/div>\n\t<\/div>\n\t\n\t\n\n\t\t<div class=\"icon-box featured-box icon-box-left text-left\"  >\n\t\t\t\t\t<div class=\"icon-box-img\" style=\"width: 32px\">\n\t\t\t\t<div class=\"icon\">\n\t\t\t\t\t<div class=\"icon-inner\" >\n\t\t\t\t\t\t<img decoding=\"async\" width=\"100\" height=\"83\" src=\"https:\/\/ddoptics.shop\/wp-content\/uploads\/2021\/05\/DDoptics-SHG-Icon.jpg\" class=\"attachment-medium size-medium\" alt=\"DDoptics SHG Fernglas Icon\" title=\"\">\t\t\t\t\t<\/div>\n\t\t\t\t<\/div>\n\t\t\t<\/div>\n\t\t\t\t<div class=\"icon-box-text last-reset\">\n\t\t\t\t\t\t\t\t\t\n<p>\u2705 Licht- und Kontraststark<\/p>\n\t\t<\/div>\n\t<\/div>\n\t\n\t\n\n\t\t<div class=\"icon-box featured-box icon-box-left text-left\"  >\n\t\t\t\t\t<div class=\"icon-box-img\" style=\"width: 32px\">\n\t\t\t\t<div class=\"icon\">\n\t\t\t\t\t<div class=\"icon-inner\" >\n\t\t\t\t\t\t<img decoding=\"async\" width=\"100\" height=\"83\" src=\"https:\/\/ddoptics.shop\/wp-content\/uploads\/2021\/05\/DDoptics-SHG-Icon.jpg\" class=\"attachment-medium size-medium\" alt=\"DDoptics SHG Fernglas Icon\" title=\"\">\t\t\t\t\t<\/div>\n\t\t\t\t<\/div>\n\t\t\t<\/div>\n\t\t\t\t<div class=\"icon-box-text last-reset\">\n\t\t\t\t\t\t\t\t\t\n<p>\u2705 Preis \u2013 Leistungsprofi<\/p>\n\t\t<\/div>\n\t<\/div>\n\t\n\t\n\n\t\t<div class=\"icon-box featured-box icon-box-left text-left\"  >\n\t\t\t\t\t<div class=\"icon-box-img\" style=\"width: 32px\">\n\t\t\t\t<div class=\"icon\">\n\t\t\t\t\t<div class=\"icon-inner\" >\n\t\t\t\t\t\t<img decoding=\"async\" width=\"100\" height=\"83\" src=\"https:\/\/ddoptics.shop\/wp-content\/uploads\/2021\/05\/DDoptics-SHG-Icon.jpg\" class=\"attachment-medium size-medium\" alt=\"DDoptics SHG Fernglas Icon\" title=\"\">\t\t\t\t\t<\/div>\n\t\t\t\t<\/div>\n\t\t\t<\/div>\n\t\t\t\t<div class=\"icon-box-text last-reset\">\n\t\t\t\t\t\t\t\t\t\n<p>\u2705 Hellstes Glas aus der Ergo Serie f\u00fcr die Nachtjagd<\/p>\n\t\t<\/div>\n\t<\/div>\n\t\n\t\n\n\t\t<div class=\"icon-box featured-box icon-box-left text-left\"  >\n\t\t\t\t\t<div class=\"icon-box-img\" style=\"width: 32px\">\n\t\t\t\t<div class=\"icon\">\n\t\t\t\t\t<div class=\"icon-inner\" >\n\t\t\t\t\t\t<img decoding=\"async\" width=\"100\" height=\"83\" src=\"https:\/\/ddoptics.shop\/wp-content\/uploads\/2021\/05\/DDoptics-SHG-Icon.jpg\" class=\"attachment-medium size-medium\" alt=\"DDoptics SHG Fernglas Icon\" title=\"\">\t\t\t\t\t<\/div>\n\t\t\t\t<\/div>\n\t\t\t<\/div>\n\t\t\t\t<div class=\"icon-box-text last-reset\">\n\t\t\t\t\t\t\t\t\t\n<p>\u2705 Robust und Allwettergeeignet<\/p>\n\t\t<\/div>\n\t<\/div>\n\t\n\t\n<div class=\"is-divider divider clearfix\" ><\/div>\n\t\t<\/div>\n\t\t\t\t\t<\/div>\n\n\t\n<\/div>\n<h3>Heller, leichter, kontrastst\u00e4rker &#8211; ERGO Gen. 3.1<\/h3>\n<p>Wenn bei einem Fernglas jeder Finger weiss wohin er geh\u00f6rt, wenn man das Gef\u00fchl hat ein leichtes und kleines Fernglas in der Hand zu halten, und wenn dieses Fernglas trotzdem heller und kontrastst\u00e4rker ist, als Sie es bisher bei so einem Leichtgewicht \u00fcberhaupt f\u00fcr m\u00f6glich gehalten haben, dann haben wir alles richtig gemacht.<\/p>\n<h3>Sch\u00e4rfepunkt auch bei Dunkelheit finden (Smart Focus 50m- Unendlich)<\/h3>\n<p>Vorteilhaft in der <strong>D\u00e4mmerung oder bei Nacht ist der Smart Focus:<\/strong> Mit dieser Technik entf\u00e4llt beim Nighteagle das Nachfokussieren weitgehend.<br \/>\nNach der Scharfeinstellung auf ein rund 100 Meter entferntes Objekt stellt sich das Auge im Entfernungsbereich von 50 Meter bis unendlich automatisch ohne st\u00e4ndiges Nachfokussieren ein.<\/p>\n<h3>Leichtes Einstellen der Funktion 50m bis unendlich<\/h3>\n<p>Der neue Nighteagle ERGO 3.1 der dritten Generation ist seinem &#8220;gro\u00dfen Bruder&#8221; dem Pirschler Gen 3 ein wenig \u00e4hnlicher geworden. So verf\u00fcgt auch der neue Nighteagle \u00fcber eine f\u00fchlbare Strichmarkierung, mit deren Hilfe Sie das Fernglas bei Tag &amp; Nacht problemlos in den Sch\u00e4rfebereich zur\u00fcckf\u00fchren k\u00f6nnen.<br \/>\nZum <strong>Einstellen bei Nacht, wird die f\u00fchlbare Strichmarkierung am Fokussierrad<\/strong> einfach nach &#8220;Oben&#8221; gedreht, und schon ist das Bild scharf.[\/vc_column_text][\/vc_column][\/vc_row]\n","protected":false},"excerpt":{"rendered":"<p><img decoding=\"async\" class=\"alignnone wp-image-10471 size-full\" title=\"Stand de caza\" src=\"https:\/\/ddoptics.shop\/wp-content\/uploads\/2016\/04\/Ansitz-Jagd.jpg\" alt=\"Stand de caza\" width=\"50\" height=\"50\" \/><img decoding=\"async\" class=\"alignnone wp-image-10168 size-full\" title=\"Caza de cerdas\" src=\"https:\/\/ddoptics.shop\/wp-content\/uploads\/2016\/09\/Jagd-klein.jpg\" alt=\"Prism\u00e1ticos de caza\" width=\"50\" height=\"50\" \/><br \/>\nEl nuevo <strong>Nighteagle Ergo Gen 3<\/strong> es el mejor prism\u00e1tico 8\u00d756 de DDoptics en su rango de precio. AHORA NUEVO: <strong>Generaci\u00f3n 3.1<\/strong> con rueda de enfoque met\u00e1lica y ajuste de dioptr\u00edas y <strong>Oculares met\u00e1licos mejorados con ret\u00e9n Z<\/strong>!<\/p>","protected":false},"featured_media":12601,"comment_status":"open","ping_status":"closed","template":"","meta":{"inline_featured_image":false,"footnotes":""},"product_brand":[],"product_cat":[364,349,329,67,345,344],"product_tag":[75,78,648,649,566,84],"class_list":{"0":"post-11473","1":"product","2":"type-product","3":"status-publish","4":"has-post-thumbnail","6":"product_cat-56-mm-objektiv","7":"product_cat-8x-vergroesserung","8":"product_cat-ddoptics","9":"product_cat-fernglas","10":"product_cat-jagd-und-wild","11":"product_cat-naturbeobachtung","12":"product_tag-8x56","13":"product_tag-ddoptics","14":"product_tag-ddoptics-gen-3","15":"product_tag-ergo-gen-3-fernglas","16":"product_tag-fernglas-8x56","17":"product_tag-nachtfernglas","18":"product_shipping_class-paket","19":"pa_brand-marke-ddoptics","20":"pa_farbe-gruen","21":"pa_produkt-typ-fernglas","23":"first","24":"instock","25":"sale","26":"taxable","27":"shipping-taxable","28":"purchasable","29":"product-type-simple"},"bundled_by":["12596","12603"],"bundle_stock_status":"instock","bundle_stock_quantity":46,"bundle_virtual":false,"bundle_layout":"","bundle_add_to_cart_form_location":"","bundle_editable_in_cart":false,"bundle_sold_individually_context":"","bundle_item_grouping":"","bundle_min_size":"","bundle_max_size":"","bundle_price":[],"bundled_items":[],"bundle_sell_ids":[],"_links":{"self":[{"href":"https:\/\/ddoptics.shop\/es\/wp-json\/wp\/v2\/product\/11473","targetHints":{"allow":["GET"]}}],"collection":[{"href":"https:\/\/ddoptics.shop\/es\/wp-json\/wp\/v2\/product"}],"about":[{"href":"https:\/\/ddoptics.shop\/es\/wp-json\/wp\/v2\/types\/product"}],"replies":[{"embeddable":true,"href":"https:\/\/ddoptics.shop\/es\/wp-json\/wp\/v2\/comments?post=11473"}],"version-history":[{"count":7,"href":"https:\/\/ddoptics.shop\/es\/wp-json\/wp\/v2\/product\/11473\/revisions"}],"predecessor-version":[{"id":28501,"href":"https:\/\/ddoptics.shop\/es\/wp-json\/wp\/v2\/product\/11473\/revisions\/28501"}],"wp:featuredmedia":[{"embeddable":true,"href":"https:\/\/ddoptics.shop\/es\/wp-json\/wp\/v2\/media\/12601"}],"wp:attachment":[{"href":"https:\/\/ddoptics.shop\/es\/wp-json\/wp\/v2\/media?parent=11473"}],"wp:term":[{"taxonomy":"product_brand","embeddable":true,"href":"https:\/\/ddoptics.shop\/es\/wp-json\/wp\/v2\/product_brand?post=11473"},{"taxonomy":"product_cat","embeddable":true,"href":"https:\/\/ddoptics.shop\/es\/wp-json\/wp\/v2\/product_cat?post=11473"},{"taxonomy":"product_tag","embeddable":true,"href":"https:\/\/ddoptics.shop\/es\/wp-json\/wp\/v2\/product_tag?post=11473"}],"curies":[{"name":"wp","href":"https:\/\/api.w.org\/{rel}","templated":true}]}}