{"id":11736,"date":"2017-08-17T18:52:42","date_gmt":"2017-08-17T16:52:42","guid":{"rendered":"https:\/\/optik-sport-shop.at\/?post_type=product&#038;p=11736"},"modified":"2026-01-30T13:34:26","modified_gmt":"2026-01-30T12:34:26","slug":"montaje-de-visores-carril-basico-de-dentler","status":"publish","type":"product","link":"https:\/\/ddoptics.shop\/es\/kaufen\/zielfernrohr-montage-grundschiene-basis-von-dentler\/","title":{"rendered":"Montura para su visor DDoptics: carril de base \"BASIS\u00ae\" de DENTLER"},"content":{"rendered":"<div class=\"row\"  id=\"row-994885566\">\n\n\t<div id=\"col-936123647\" class=\"col medium-8 small-12 large-8\"  >\n\t\t\t\t<div class=\"col-inner\"  >\n\t\t\t\n\t\t\t\n<h2>El riel de base \"BASIS\" de DENTLER<\/h2>\n<p>En <strong>Ra\u00edl base \"BASIS\" de DENTLER<\/strong> est\u00e1 disponible para muchas armas comunes y tiene un precio sensacional. El riel de montaje es completamente de aluminio, salvo las piezas que absorben la fuerza o son susceptibles de desgaste. <strong>aluminio de alta resistencia<\/strong> trabajado para ahorrar peso.<\/p>\n<p>La precisi\u00f3n <strong>Sistema de montaje de DENTLER<\/strong>que se origina en el <strong>carril de base \"BASIS\" espec\u00edfico para armas y el carril de montaje \"BASIS<\/strong> es compatible con 100% y est\u00e1 dise\u00f1ado para tolerancia cero.<\/p>\n<p>El sistema de dos piezas conecta su rifle con el visor de forma absolutamente fiable y con una reproducibilidad 100%iger. Una vez ajustado, el carril de montaje siempre encaja en el carril base \"b\u00e1sico\" con el mismo par de apriete y sin holgura.<\/p>\n<h3>El sistema de montaje DENTLER consta de 2 partes: Carril base + carril de montaje con anillas<\/h3>\n\t<div class=\"img has-hover x md-x lg-x y md-y lg-y\" id=\"image_2098855731\">\n\t\t\t\t\t\t\t\t<div class=\"img-inner dark\" >\n\t\t\t<img decoding=\"async\" width=\"1020\" height=\"268\" src=\"https:\/\/ddoptics.shop\/wp-content\/uploads\/2017\/08\/Dentler-Basis-Montagesystem.jpg\" class=\"attachment-large size-large\" alt=\"Sistema de montaje b\u00e1sico Dentler\" srcset=\"https:\/\/ddoptics.shop\/wp-content\/uploads\/2017\/08\/Dentler-Basis-Montagesystem.jpg 1140w, https:\/\/ddoptics.shop\/wp-content\/uploads\/2017\/08\/Dentler-Basis-Montagesystem-304x80.jpg 304w, https:\/\/ddoptics.shop\/wp-content\/uploads\/2017\/08\/Dentler-Basis-Montagesystem-305x80.jpg 305w, https:\/\/ddoptics.shop\/wp-content\/uploads\/2017\/08\/Dentler-Basis-Montagesystem-632x166.jpg 632w, https:\/\/ddoptics.shop\/wp-content\/uploads\/2017\/08\/Dentler-Basis-Montagesystem-800x211.jpg 800w, https:\/\/ddoptics.shop\/wp-content\/uploads\/2017\/08\/Dentler-Basis-Montagesystem-250x66.jpg 250w, https:\/\/ddoptics.shop\/wp-content\/uploads\/2017\/08\/Dentler-Basis-Montagesystem-510x134.jpg 510w\" sizes=\"(max-width: 1020px) 100vw, 1020px\" title=\"\">\t\t\t\t\t\t\n\t\t\t\t\t<\/div>\n\t\t\t\t\t\t\t\t\n<style>\n#image_2098855731 {\n  width: 100%;\n}\n<\/style>\n\t<\/div>\n\t\n\t\t<\/div>\n\t\t\t\t\n<style>\n#col-936123647 > .col-inner {\n  margin: 0px 0px -30px 0px;\n}\n<\/style>\n\t<\/div>\n\n\t\n\n\t<div id=\"col-1807182359\" class=\"col medium-4 small-12 large-4\"  >\n\t\t\t\t<div class=\"col-inner\"  >\n\t\t\t\n\t\t\t\n\t<div class=\"img has-hover x md-x lg-x y md-y lg-y\" id=\"image_693130343\">\n\t\t\t\t\t\t\t\t<div class=\"img-inner dark\" >\n\t\t\t\t\t\t\t\t\t\n\t\t\t\t\t<\/div>\n\t\t\t\t\t\t\t\t\n<style>\n#image_693130343 {\n  width: 100%;\n}\n<\/style>\n\t<\/div>\n\t\n\t<div class=\"img has-hover x md-x lg-x y md-y lg-y\" id=\"image_1075753967\">\n\t\t\t\t\t\t\t\t<div class=\"img-inner dark\" >\n\t\t\t<img decoding=\"async\" width=\"1020\" height=\"270\" src=\"https:\/\/ddoptics.shop\/wp-content\/uploads\/2022\/06\/Dentler-Logo.png\" class=\"attachment-large size-large\" alt=\"Montaje Dentler\" srcset=\"https:\/\/ddoptics.shop\/wp-content\/uploads\/2022\/06\/Dentler-Logo.png 1120w, https:\/\/ddoptics.shop\/wp-content\/uploads\/2022\/06\/Dentler-Logo-800x212.png 800w, https:\/\/ddoptics.shop\/wp-content\/uploads\/2022\/06\/Dentler-Logo-18x5.png 18w, https:\/\/ddoptics.shop\/wp-content\/uploads\/2022\/06\/Dentler-Logo-304x81.png 304w, https:\/\/ddoptics.shop\/wp-content\/uploads\/2022\/06\/Dentler-Logo-632x168.png 632w, https:\/\/ddoptics.shop\/wp-content\/uploads\/2022\/06\/Dentler-Logo-305x81.png 305w\" sizes=\"(max-width: 1020px) 100vw, 1020px\" title=\"\">\t\t\t\t\t\t\n\t\t\t\t\t<\/div>\n\t\t\t\t\t\t\t\t\n<style>\n#image_1075753967 {\n  width: 100%;\n}\n<\/style>\n\t<\/div>\n\t\n\t<div id=\"text-702875786\" class=\"text\">\n\t\t\n<p>\u21d2 NUEVO: ra\u00edl base BASIS de DENTLER para montaje en el arma.<br \/>\n\u21d2 compatible con los ra\u00edles de montaje DENTLER<br \/>\n\u21d2 Uso de m\u00faltiples \u00f3pticas en un arma.<br \/>\n\u21d2 1001TP3Eficaz reproducibilidad tras cambiar la \u00f3ptica<br \/>\n\u21d2 Disponible para casi todas las armas comunes.<br \/>\n\t\t\n<style>\n#text-702875786 {\n  text-align: center;\n}\n<\/style>\n\t<\/div>\n\t\n<div class=\"text-center\"><div class=\"is-divider divider clearfix\" ><\/div><\/div>\n\t\t<\/div>\n\t\t\t\t\t<\/div>\n\n\t\n<\/div>\n<div class=\"is-divider divider clearfix\" ><\/div>\n<figure id=\"attachment_11755\" aria-describedby=\"caption-attachment-11755\" style=\"width: 350px\" class=\"wp-caption alignright\"><a href=\"https:\/\/ddoptics.shop\/wp-content\/uploads\/2017\/08\/DDoptics-Dentler-Montage.jpg\"><img decoding=\"async\" class=\"wp-image-11755\" src=\"https:\/\/ddoptics.shop\/wp-content\/uploads\/2017\/08\/DDoptics-Dentler-Montage.jpg\" alt=\"Montura DDoptics Dentler montada en Haenel J\u00e4ger 10\" width=\"350\" height=\"263\" title=\"\" srcset=\"https:\/\/ddoptics.shop\/wp-content\/uploads\/2017\/08\/DDoptics-Dentler-Montage.jpg 960w, https:\/\/ddoptics.shop\/wp-content\/uploads\/2017\/08\/DDoptics-Dentler-Montage-304x228.jpg 304w, https:\/\/ddoptics.shop\/wp-content\/uploads\/2017\/08\/DDoptics-Dentler-Montage-305x229.jpg 305w, https:\/\/ddoptics.shop\/wp-content\/uploads\/2017\/08\/DDoptics-Dentler-Montage-632x474.jpg 632w, https:\/\/ddoptics.shop\/wp-content\/uploads\/2017\/08\/DDoptics-Dentler-Montage-800x600.jpg 800w, https:\/\/ddoptics.shop\/wp-content\/uploads\/2017\/08\/DDoptics-Dentler-Montage-250x188.jpg 250w, https:\/\/ddoptics.shop\/wp-content\/uploads\/2017\/08\/DDoptics-Dentler-Montage-510x383.jpg 510w\" sizes=\"(max-width: 350px) 100vw, 350px\" \/><\/a><figcaption id=\"caption-attachment-11755\" class=\"wp-caption-text\">Tiene buena pinta despu\u00e9s de todo. Montura DDoptics Dentler montada en Haenel J\u00e4ger 10<\/figcaption><\/figure>\n<p>Adem\u00e1s <strong>Ventajas de DENTLER<\/strong>Uso : Uso <strong>M\u00faltiples \u00f3pticas de punter\u00eda de forma segura y sencilla en cada una de tus armas<\/strong>. Basta con sujetar otro visor con un nuevo ra\u00edl de montaje e intercambiar r\u00e1pidamente los visores en funci\u00f3n de la aplicaci\u00f3n.<\/p>\n<p>La sensaci\u00f3n de malestar que se suele tener despu\u00e9s de la <strong>Montaje y desmontaje del visor<\/strong> son cosa del pasado con el sistema de montaje DENTLER.<\/p>\n<blockquote><p>Con el ra\u00edl b\u00e1sico \"BASIS VARIO\" perfeccionado, podr\u00e1 montar incluso todas las \u00f3pticas de punter\u00eda de forma r\u00e1pida y sencilla en diferentes armas.<\/p><\/blockquote>","protected":false},"excerpt":{"rendered":"<p>Modular - Pr\u00e1ctico - Estable. <strong>Conclusi\u00f3n: ra\u00edl b\u00e1sico s\u00f3lido a un precio justo.<\/strong> M\u00e1xima calidad: \u00a1fabricado en Alemania!<\/p>\n<a href=\"https:\/\/ddoptics.shop\/es\/comprar\/base-de-carril-de-montaje-dentler-con-anillos-de-30-mm\/\" class=\"button success is-success is-medium\" >\n\t\t<span>Al carril de montaje DENTLER<\/span>\n\t<\/a>","protected":false},"featured_media":11740,"comment_status":"closed","ping_status":"closed","template":"","meta":{"inline_featured_image":false,"footnotes":""},"product_brand":[],"product_cat":[70],"product_tag":[680,678,677],"class_list":{"0":"post-11736","1":"product","2":"type-product","3":"status-publish","4":"has-post-thumbnail","6":"product_cat-zielfernrohr-montage","7":"product_tag-basis-dentler","8":"product_tag-dentler-montage","9":"product_tag-zielfernrohrmontage","10":"product_shipping_class-paket","11":"pa_brand-marke-dentler","12":"pa_farbe-schwarz","13":"pa_produkt-typ-zielfernrohr-montage","15":"first","16":"instock","17":"taxable","18":"shipping-taxable","19":"purchasable","20":"product-type-variable"},"bundled_by":[],"bundle_stock_status":"instock","bundle_stock_quantity":null,"bundle_virtual":false,"bundle_layout":"","bundle_add_to_cart_form_location":"","bundle_editable_in_cart":false,"bundle_sold_individually_context":"","bundle_item_grouping":"","bundle_min_size":"","bundle_max_size":"","bundle_price":[],"bundled_items":[],"bundle_sell_ids":[],"_links":{"self":[{"href":"https:\/\/ddoptics.shop\/es\/wp-json\/wp\/v2\/product\/11736","targetHints":{"allow":["GET"]}}],"collection":[{"href":"https:\/\/ddoptics.shop\/es\/wp-json\/wp\/v2\/product"}],"about":[{"href":"https:\/\/ddoptics.shop\/es\/wp-json\/wp\/v2\/types\/product"}],"replies":[{"embeddable":true,"href":"https:\/\/ddoptics.shop\/es\/wp-json\/wp\/v2\/comments?post=11736"}],"version-history":[{"count":3,"href":"https:\/\/ddoptics.shop\/es\/wp-json\/wp\/v2\/product\/11736\/revisions"}],"predecessor-version":[{"id":27525,"href":"https:\/\/ddoptics.shop\/es\/wp-json\/wp\/v2\/product\/11736\/revisions\/27525"}],"wp:featuredmedia":[{"embeddable":true,"href":"https:\/\/ddoptics.shop\/es\/wp-json\/wp\/v2\/media\/11740"}],"wp:attachment":[{"href":"https:\/\/ddoptics.shop\/es\/wp-json\/wp\/v2\/media?parent=11736"}],"wp:term":[{"taxonomy":"product_brand","embeddable":true,"href":"https:\/\/ddoptics.shop\/es\/wp-json\/wp\/v2\/product_brand?post=11736"},{"taxonomy":"product_cat","embeddable":true,"href":"https:\/\/ddoptics.shop\/es\/wp-json\/wp\/v2\/product_cat?post=11736"},{"taxonomy":"product_tag","embeddable":true,"href":"https:\/\/ddoptics.shop\/es\/wp-json\/wp\/v2\/product_tag?post=11736"}],"curies":[{"name":"wp","href":"https:\/\/api.w.org\/{rel}","templated":true}]}}