{"id":11759,"date":"2017-08-18T09:21:14","date_gmt":"2017-08-18T07:21:14","guid":{"rendered":"https:\/\/optik-sport-shop.at\/?post_type=product&#038;p=11759"},"modified":"2026-01-30T13:37:08","modified_gmt":"2026-01-30T12:37:08","slug":"base-de-carril-de-montaje-dentler-con-anillos-de-30-mm","status":"publish","type":"product","link":"https:\/\/ddoptics.shop\/es\/kaufen\/dentler-montageschiene-basis-mit-30-mm-ringen\/","title":{"rendered":"Carril de montaje DENTLER \"BASIS\u00ae\" con anillas de 30 mm para visores DDoptics"},"content":{"rendered":"<div class=\"row\"  id=\"row-1627159121\">\n\n\t<div id=\"col-1606952252\" class=\"col medium-8 small-12 large-8\"  >\n\t\t\t\t<div class=\"col-inner\"  >\n\t\t\t\n\t\t\t\n<h2>El carril de montaje BASIS \"BASIS\" de DENTLER con anillos de 30 mm<\/h2>\n<p>En <strong>Carril para visor DENTLER con anillas de 30 mm<\/strong> para <strong>Visores DDoptics<\/strong> es f\u00e1cil de montar por uno mismo. El ra\u00edl de montaje est\u00e1 fabricado \u00edntegramente en aluminio de alta resistencia, excepto las piezas que absorben fuerza o son susceptibles de desgaste, con el fin de ahorrar peso.<\/p>\n<p>Su ventaja: Todos <strong>Visores DDoptics en la tienda Optik Sport Shop<\/strong> ahora tambi\u00e9n se puede pedir con un<strong> Carril de montaje<\/strong> (anillo con anillas, 30 mm) pueden ser suministrados por DENTLER. Estos rieles de montaje pueden montarse en todos los rieles b\u00e1sicos de DENTLER (\"Basis Vario\" o \"Basis\").<\/p>\n<h3>El sistema de montaje DENTLER consta de 2 partes: Carril base + carril de montaje con anillas<\/h3>\n\t<div class=\"img has-hover x md-x lg-x y md-y lg-y\" id=\"image_2146779699\">\n\t\t\t\t\t\t\t\t<div class=\"img-inner dark\" >\n\t\t\t<img decoding=\"async\" width=\"1020\" height=\"268\" src=\"https:\/\/ddoptics.shop\/wp-content\/uploads\/2017\/08\/Dentler-Basis-Montagesystem.jpg\" class=\"attachment-large size-large\" alt=\"Sistema de montaje b\u00e1sico Dentler\" srcset=\"https:\/\/ddoptics.shop\/wp-content\/uploads\/2017\/08\/Dentler-Basis-Montagesystem.jpg 1140w, https:\/\/ddoptics.shop\/wp-content\/uploads\/2017\/08\/Dentler-Basis-Montagesystem-304x80.jpg 304w, https:\/\/ddoptics.shop\/wp-content\/uploads\/2017\/08\/Dentler-Basis-Montagesystem-305x80.jpg 305w, https:\/\/ddoptics.shop\/wp-content\/uploads\/2017\/08\/Dentler-Basis-Montagesystem-632x166.jpg 632w, https:\/\/ddoptics.shop\/wp-content\/uploads\/2017\/08\/Dentler-Basis-Montagesystem-800x211.jpg 800w, https:\/\/ddoptics.shop\/wp-content\/uploads\/2017\/08\/Dentler-Basis-Montagesystem-250x66.jpg 250w, https:\/\/ddoptics.shop\/wp-content\/uploads\/2017\/08\/Dentler-Basis-Montagesystem-510x134.jpg 510w\" sizes=\"(max-width: 1020px) 100vw, 1020px\" title=\"\">\t\t\t\t\t\t\n\t\t\t\t\t<\/div>\n\t\t\t\t\t\t\t\t\n<style>\n#image_2146779699 {\n  width: 100%;\n}\n<\/style>\n\t<\/div>\n\t\n\t\t<\/div>\n\t\t\t\t\n<style>\n#col-1606952252 > .col-inner {\n  margin: 0px 0px -30px 0px;\n}\n<\/style>\n\t<\/div>\n\n\t\n\n\t<div id=\"col-1492580603\" class=\"col medium-4 small-12 large-4\"  >\n\t\t\t\t<div class=\"col-inner\"  >\n\t\t\t\n\t\t\t\n\t<div class=\"img has-hover x md-x lg-x y md-y lg-y\" id=\"image_1654937392\">\n\t\t\t\t\t\t\t\t<div class=\"img-inner dark\" >\n\t\t\t\t\t\t\t\t\t\n\t\t\t\t\t<\/div>\n\t\t\t\t\t\t\t\t\n<style>\n#image_1654937392 {\n  width: 100%;\n}\n<\/style>\n\t<\/div>\n\t\n\t<div class=\"img has-hover x md-x lg-x y md-y lg-y\" id=\"image_1414284659\">\n\t\t\t\t\t\t\t\t<div class=\"img-inner dark\" >\n\t\t\t<img decoding=\"async\" width=\"1020\" height=\"270\" src=\"https:\/\/ddoptics.shop\/wp-content\/uploads\/2022\/06\/Dentler-Logo.png\" class=\"attachment-large size-large\" alt=\"Montaje Dentler\" srcset=\"https:\/\/ddoptics.shop\/wp-content\/uploads\/2022\/06\/Dentler-Logo.png 1120w, https:\/\/ddoptics.shop\/wp-content\/uploads\/2022\/06\/Dentler-Logo-800x212.png 800w, https:\/\/ddoptics.shop\/wp-content\/uploads\/2022\/06\/Dentler-Logo-18x5.png 18w, https:\/\/ddoptics.shop\/wp-content\/uploads\/2022\/06\/Dentler-Logo-304x81.png 304w, https:\/\/ddoptics.shop\/wp-content\/uploads\/2022\/06\/Dentler-Logo-632x168.png 632w, https:\/\/ddoptics.shop\/wp-content\/uploads\/2022\/06\/Dentler-Logo-305x81.png 305w\" sizes=\"(max-width: 1020px) 100vw, 1020px\" title=\"\">\t\t\t\t\t\t\n\t\t\t\t\t<\/div>\n\t\t\t\t\t\t\t\t\n<style>\n#image_1414284659 {\n  width: 100%;\n}\n<\/style>\n\t<\/div>\n\t\n\t<div id=\"text-2739042859\" class=\"text\">\n\t\t\n<p>\u21d2 Rieles de montaje para todos los visores DDoptics de Dentler<br \/>\n\u21d2 Juego de montaje con anillos de 30 mm para automontaje.<br \/>\n\u21d2 El montaje tambi\u00e9n puede ser realizado por personas sin experiencia<br \/>\n\u21d2 Compatible con los ra\u00edles base DENTLER<br \/>\n\u21d2 Uso de m\u00faltiples \u00f3pticas en un arma.<br \/>\n\u21d2 1001TP3Reproducibilidad tras cambiar la \u00f3ptica de FI<br \/>\n\t\t\n<style>\n#text-2739042859 {\n  text-align: center;\n}\n<\/style>\n\t<\/div>\n\t\n<div class=\"text-center\"><div class=\"is-divider divider clearfix\" ><\/div><\/div>\n\t\t<\/div>\n\t\t\t\t\t<\/div>\n\n\t\n<\/div>\n<div class=\"is-divider divider clearfix\" ><\/div>\n<figure id=\"attachment_11755\" aria-describedby=\"caption-attachment-11755\" style=\"width: 350px\" class=\"wp-caption alignright\"><a href=\"https:\/\/ddoptics.shop\/wp-content\/uploads\/2017\/08\/DDoptics-Dentler-Montage.jpg\"><img decoding=\"async\" class=\"wp-image-11755\" src=\"https:\/\/ddoptics.shop\/wp-content\/uploads\/2017\/08\/DDoptics-Dentler-Montage.jpg\" alt=\"Montura DDoptics Dentler montada en Haenel J\u00e4ger 10\" width=\"350\" height=\"263\" title=\"\" srcset=\"https:\/\/ddoptics.shop\/wp-content\/uploads\/2017\/08\/DDoptics-Dentler-Montage.jpg 960w, https:\/\/ddoptics.shop\/wp-content\/uploads\/2017\/08\/DDoptics-Dentler-Montage-304x228.jpg 304w, https:\/\/ddoptics.shop\/wp-content\/uploads\/2017\/08\/DDoptics-Dentler-Montage-305x229.jpg 305w, https:\/\/ddoptics.shop\/wp-content\/uploads\/2017\/08\/DDoptics-Dentler-Montage-632x474.jpg 632w, https:\/\/ddoptics.shop\/wp-content\/uploads\/2017\/08\/DDoptics-Dentler-Montage-800x600.jpg 800w, https:\/\/ddoptics.shop\/wp-content\/uploads\/2017\/08\/DDoptics-Dentler-Montage-250x188.jpg 250w, https:\/\/ddoptics.shop\/wp-content\/uploads\/2017\/08\/DDoptics-Dentler-Montage-510x383.jpg 510w\" sizes=\"(max-width: 350px) 100vw, 350px\" \/><\/a><figcaption id=\"caption-attachment-11755\" class=\"wp-caption-text\">Tiene buena pinta despu\u00e9s de todo. Montura DDoptics Dentler montada en Haenel J\u00e4ger 10<\/figcaption><\/figure>\n<p>En <strong>Ra\u00edl base \"BASIS\" de DENTLER<\/strong> est\u00e1 disponible para casi todas las armas comunes. El sitio <strong>Sistema de montaje de DENTLER<\/strong>que se compone del ra\u00edl base espec\u00edfico para cada arma (ver selecci\u00f3n de armas) y del ra\u00edl de montaje, es compatible con el 100% y est\u00e1 dise\u00f1ado para tolerancia cero.<\/p>\n<p>En <strong>El sistema en dos partes combina el arma y la mira \u00f3ptica<\/strong> absolutamente fiable y con una reproducibilidad 100%iger.<\/p>\n<p>Una vez ajustado, el carril de montaje siempre encaja en el carril base DENTLER con el mismo par de apriete y sin holgura.<\/p>\n<p>Adem\u00e1s <strong>Ventajas de DENTLER<\/strong>Uso : Uso <strong>M\u00faltiples \u00f3pticas de punter\u00eda de forma segura y sencilla en cada una de tus armas<\/strong>. Basta con sujetar otro visor con un nuevo ra\u00edl de montaje e intercambiar r\u00e1pidamente los visores en funci\u00f3n de la aplicaci\u00f3n.<\/p>\n<p>La sensaci\u00f3n de malestar que se suele tener despu\u00e9s de la <strong>Montaje y desmontaje del visor<\/strong> son cosa del pasado con el sistema de montaje DENTLER.<\/p>\n<blockquote><p>Con el ra\u00edl b\u00e1sico \"BASIS VARIO\" perfeccionado, podr\u00e1 montar incluso todas las \u00f3pticas de punter\u00eda de forma r\u00e1pida y sencilla en diferentes armas.<\/p><\/blockquote>","protected":false},"excerpt":{"rendered":"<p>Modular - Pr\u00e1ctico - Estable. <strong>Conclusi\u00f3n: \u00a1Un s\u00f3lido ra\u00edl de montaje a un precio justo!<\/strong> M\u00e1xima calidad: \u00a1fabricado en Alemania!<\/p>\n<a href=\"https:\/\/ddoptics.shop\/es\/comprar\/montaje-de-visores-carril-basico-de-dentler\/\" class=\"button success is-success is-medium\" >\n\t\t<span>Al riel de base DENTLER<\/span>\n\t<\/a>","protected":false},"featured_media":11763,"comment_status":"closed","ping_status":"closed","template":"","meta":{"inline_featured_image":false,"footnotes":""},"product_brand":[],"product_cat":[70],"product_tag":[680,678,681,677],"class_list":{"0":"post-11759","1":"product","2":"type-product","3":"status-publish","4":"has-post-thumbnail","6":"product_cat-zielfernrohr-montage","7":"product_tag-basis-dentler","8":"product_tag-dentler-montage","9":"product_tag-dentler-montageschiene","10":"product_tag-zielfernrohrmontage","11":"product_shipping_class-paket","12":"pa_brand-marke-dentler","13":"pa_farbe-schwarz","14":"pa_produkt-typ-zielfernrohr-montage","16":"first","17":"instock","18":"taxable","19":"shipping-taxable","20":"purchasable","21":"product-type-variable"},"bundled_by":["11931"],"bundle_stock_status":"instock","bundle_stock_quantity":null,"bundle_virtual":false,"bundle_layout":"","bundle_add_to_cart_form_location":"","bundle_editable_in_cart":false,"bundle_sold_individually_context":"","bundle_item_grouping":"","bundle_min_size":"","bundle_max_size":"","bundle_price":[],"bundled_items":[],"bundle_sell_ids":[],"_links":{"self":[{"href":"https:\/\/ddoptics.shop\/es\/wp-json\/wp\/v2\/product\/11759","targetHints":{"allow":["GET"]}}],"collection":[{"href":"https:\/\/ddoptics.shop\/es\/wp-json\/wp\/v2\/product"}],"about":[{"href":"https:\/\/ddoptics.shop\/es\/wp-json\/wp\/v2\/types\/product"}],"replies":[{"embeddable":true,"href":"https:\/\/ddoptics.shop\/es\/wp-json\/wp\/v2\/comments?post=11759"}],"version-history":[{"count":4,"href":"https:\/\/ddoptics.shop\/es\/wp-json\/wp\/v2\/product\/11759\/revisions"}],"predecessor-version":[{"id":29137,"href":"https:\/\/ddoptics.shop\/es\/wp-json\/wp\/v2\/product\/11759\/revisions\/29137"}],"wp:featuredmedia":[{"embeddable":true,"href":"https:\/\/ddoptics.shop\/es\/wp-json\/wp\/v2\/media\/11763"}],"wp:attachment":[{"href":"https:\/\/ddoptics.shop\/es\/wp-json\/wp\/v2\/media?parent=11759"}],"wp:term":[{"taxonomy":"product_brand","embeddable":true,"href":"https:\/\/ddoptics.shop\/es\/wp-json\/wp\/v2\/product_brand?post=11759"},{"taxonomy":"product_cat","embeddable":true,"href":"https:\/\/ddoptics.shop\/es\/wp-json\/wp\/v2\/product_cat?post=11759"},{"taxonomy":"product_tag","embeddable":true,"href":"https:\/\/ddoptics.shop\/es\/wp-json\/wp\/v2\/product_tag?post=11759"}],"curies":[{"name":"wp","href":"https:\/\/api.w.org\/{rel}","templated":true}]}}