{"id":11793,"date":"2017-09-27T20:07:26","date_gmt":"2017-09-27T18:07:26","guid":{"rendered":"https:\/\/optik-sport-shop.at\/?post_type=product&#038;p=11793"},"modified":"2025-10-07T11:06:51","modified_gmt":"2025-10-07T09:06:51","slug":"visor-ddoptics-2komma5-15x56-nfx-mrad","status":"publish","type":"product","link":"https:\/\/ddoptics.shop\/es\/kaufen\/ddoptics-zielfernrohr-2komma5-15x56-nfx-mrad\/","title":{"rendered":"Visor 2,5-15\u00d756 NFX de DDoptics | V6 | A4N | Ajuste MRAD - Gen 3"},"content":{"rendered":"<div class=\"container section-title-container\" ><h3 class=\"section-title section-title-normal\"><b aria-hidden=\"true\"><\/b><span class=\"section-title-main\" ><i class=\"icon-cross\" aria-hidden=\"true\"><\/i>Vista general r\u00e1pida Vista general r\u00e1pida Riflescopio 2,5-15x56 con ajuste por clic de 1 cm \/ 100 m<\/span><b aria-hidden=\"true\"><\/b><\/h3><\/div>\n<table style=\"background-color: #cacaca;\">\n<tbody>\n<tr style=\"height: 24px;\">\n<td style=\"height: 24px; text-align: left; width: 20%;\"><strong>Tubo:<\/strong><\/td>\n<td style=\"height: 24px; text-align: left; width: 30%;\">Tubo mono de 30 mm<\/td>\n<td style=\"height: 24px; text-align: left; width: 20%;\"><strong>Campo de visi\u00f3n: m @100m:<\/strong><\/td>\n<td style=\"height: 24px; text-align: left; width: 30%;\">14,7-2,5 m<\/td>\n<\/tr>\n<tr style=\"height: 24px;\">\n<td style=\"height: 24px; text-align: left; width: 20%;\"><strong>Sistema \u00f3ptico:<\/strong><\/td>\n<td style=\"height: 24px; text-align: left; width: 30%;\">2,5-15 veces<\/td>\n<td style=\"height: 24px; text-align: left; width: 20%;\"><strong>Distancia interpupilar:<\/strong><\/td>\n<td style=\"height: 24px; text-align: left; width: 30%;\">100 mm<\/td>\n<\/tr>\n<tr style=\"height: 24px;\">\n<td style=\"height: 24px; text-align: left; width: 20%;\"><strong>Objetivo:<\/strong><\/td>\n<td style=\"height: 24px; text-align: left; width: 30%;\">56 mm<\/td>\n<td style=\"height: 24px; text-align: left; width: 20%;\"><strong>Longitud:<\/strong><\/td>\n<td style=\"height: 24px; text-align: left; width: 30%;\">372 mm<\/td>\n<\/tr>\n<tr style=\"height: 24px;\">\n<td style=\"height: 24px; text-align: left; width: 20%;\"><a href=\"https:\/\/de.wikipedia.org\/wiki\/Absehen\" target=\"_blank\" rel=\"noopener noreferrer\"><strong>Ret\u00edcula:<\/strong><\/a><\/td>\n<td style=\"height: 24px; text-align: left; width: 30%;\">Nueva ret\u00edcula 4<\/td>\n<td style=\"height: 24px; text-align: left; width: 20%;\"><strong>Peso:<\/strong><\/td>\n<td style=\"height: 24px; text-align: left; width: 30%;\">759 g<\/td>\n<\/tr>\n<tr style=\"height: 24px;\">\n<td style=\"height: 24px; text-align: left; width: 20%;\"><strong>Punto de luz<\/strong><\/td>\n<td style=\"height: 24px; text-align: left; width: 30%;\">Est\u00e1ndar o iFibre<\/td>\n<td style=\"height: 24px; text-align: left; width: 20%;\"><strong>Protecci\u00f3n antivaho:<\/strong><\/td>\n<td style=\"height: 24px; text-align: left; width: 30%;\">Relleno de nitr\u00f3geno contra el vaho<\/td>\n<\/tr>\n<tr style=\"height: 24px;\">\n<td style=\"height: 24px; text-align: left; width: 20%;\"><strong>Enfoque\/paralaje:<\/strong><\/td>\n<td style=\"height: 24px; text-align: left; width: 30%;\">Objetivo ajustable de 20-500 m a infinito<\/td>\n<td style=\"height: 24px; text-align: left; width: 20%;\"><strong>Estrechez:<\/strong><\/td>\n<td style=\"height: 24px; text-align: left; width: 30%;\">Resistente al agua y a los golpes<\/td>\n<\/tr>\n<\/tbody>\n<\/table>\n<div class=\"row\"  id=\"row-1823395104\">\n\n\t<div id=\"col-768690814\" class=\"col medium-8 small-12 large-8\"  >\n\t\t\t\t<div class=\"col-inner\"  >\n\t\t\t\n\t\t\t\n<h2>Visor 2,5-15\u00d756 NFX V6 de DDoptics - potente visor con zoom 6x y ajuste por clic MRAD (1 cm\/clic - 100 m)<\/h2>\n<p><strong>Grandes aumentos <\/strong>con <strong>poca luz<\/strong>y tambi\u00e9n con <strong>Gran campo de visi\u00f3n para una toma r\u00e1pida<\/strong>plantea grandes exigencias a los dise\u00f1adores \u00f3pticos.<\/p>\n<p>La caza en grandes extensiones de campo exige mucho de la \u00f3ptica del visor. Sin embargo, los grandes aumentos permiten responder con fiabilidad a grandes distancias. Por lo tanto, es muy importante para el dise\u00f1o del visor que el <strong>Brillo de imagen incluso con grandes aumentos<\/strong> sigue siendo utilizable.<\/p>\n<p>La visi\u00f3n favorable en el ocular del visor, la zona del borde muy reducida y el amplio campo de visi\u00f3n hacen que este asombroso (a este precio) visor DDoptics tambi\u00e9n sea interesante para disparar en movimiento.<\/p>\n<p>El muy elaborado <strong>Visores HD de DDoptics<\/strong> ofrece una imagen con un contraste extremadamente alto y colores reales con excelentes propiedades de nitidez de borde a borde incluso con un aumento de 15x gracias al revestimiento especialmente desarrollado para esta lente objetivo, que no permite reflejos ni luz par\u00e1sita. En particular, se han reducido al m\u00ednimo las franjas de color.<\/p>\n<p>En <a href=\"https:\/\/ddoptics.shop\/es\/tienda\/mira-telescopica\/v6-zoom-6x\/\" target=\"_blank\" rel=\"noopener noreferrer\">6 veces <strong>Visores <\/strong><\/a>convence con todos los requisitos de caza como<strong>\u00a0Acosar, esconder <\/strong>en el piso y en el<strong> Monta\u00f1as.<\/strong><\/p>\n\t\t<\/div>\n\t\t\t\t\t<\/div>\n\n\t\n\n\t<div id=\"col-573531751\" class=\"col medium-4 small-12 large-4\"  >\n\t\t\t\t<div class=\"col-inner\"  >\n\t\t\t\n\t\t\t\n<a class=\"button primary expand\" >\n\t\t<span>Caracter\u00edsticas especiales visor<\/span>\n\t<\/a>\n\n\n\t<section class=\"section\" id=\"section_1891810739\">\n\t\t<div class=\"section-bg fill\" >\n\t\t\t\t\t\t\t\t\t<div class=\"section-bg-overlay absolute fill\"><\/div>\n\t\t\t\n\n\t\t<\/div>\n\n\t\t\n\n\t\t<div class=\"section-content relative\">\n\t\t\t\n\t<div class=\"img has-hover x md-x lg-x y md-y lg-y\" id=\"image_1123029613\">\n\t\t<a class=\"\" href=\"https:\/\/www.ddoptics.de\/garantiebestimmungen\" target=\"_blank\" rel=\"no follow noopener\">\t\t\t\t\t\t<div class=\"img-inner dark\" >\n\t\t\t<img decoding=\"async\" width=\"352\" height=\"160\" src=\"https:\/\/ddoptics.shop\/wp-content\/uploads\/2014\/09\/DDoptics-Garantie.jpg\" class=\"attachment-large size-large\" alt=\"Garant\u00eda DDoptics\" srcset=\"https:\/\/ddoptics.shop\/wp-content\/uploads\/2014\/09\/DDoptics-Garantie.jpg 352w, https:\/\/ddoptics.shop\/wp-content\/uploads\/2014\/09\/DDoptics-Garantie-304x138.jpg 304w, https:\/\/ddoptics.shop\/wp-content\/uploads\/2014\/09\/DDoptics-Garantie-305x139.jpg 305w, https:\/\/ddoptics.shop\/wp-content\/uploads\/2014\/09\/DDoptics-Garantie-250x114.jpg 250w\" sizes=\"(max-width: 352px) 100vw, 352px\" title=\"\">\t\t\t\t\t\t\n\t\t\t\t\t<\/div>\n\t\t\t\t\t\t<\/a>\t\t\n<style>\n#image_1123029613 {\n  width: 100%;\n}\n<\/style>\n\t<\/div>\n\t\n\t<div id=\"gap-1710632902\" class=\"gap-element clearfix\" style=\"display:block; height:auto;\">\n\t\t\n<style>\n#gap-1710632902 {\n  padding-top: 15px;\n}\n<\/style>\n\t<\/div>\n\t\n\t<div id=\"text-3128520294\" class=\"text\">\n\t\t\n<p><span style=\"font-size: 80%;\"><em>\u21d2 Basado en Gen 3 - versi\u00f3n especial FX<br \/>\n\u21d2 FX = M\u00e1s campo de visi\u00f3n y mejor visi\u00f3n<br \/>\n\u21d2 Menos \u00e1rea de borde en la vista<br \/>\n\u21d2 Ajuste de ret\u00edcula torretas met\u00e1licas (no de pl\u00e1stico como gen 2)<br \/>\n\u21d2 Vidrio CT (transmisi\u00f3n clara) (baja dispersi\u00f3n)<br \/>\n\u21d2 Doble escalado (doble giro)<br \/>\n\u21d2 Zerostop para ASV (parada cero)<br \/>\n<strong>\u21d2 Ret\u00e9n de clic de mrad t\u00e1ctico duro (1cm\/clic)<\/strong><br \/>\n<strong> \u21d2 Recorrido de ajuste 184 clics = 1,8 m a 100 m<\/strong><br \/>\n\u21d2 Nuevo dise\u00f1o del anillo de ajuste del aumento.<br \/>\n\u21d2 Nueva ret\u00edcula 4 con barras significativamente m\u00e1s finas.<br \/>\n<\/em><\/span><br \/>\n\t\t\n<style>\n#text-3128520294 {\n  line-height: 1.15;\n  color: rgb(33, 107, 227);\n}\n#text-3128520294 > * {\n  color: rgb(33, 107, 227);\n}\n<\/style>\n\t<\/div>\n\t\n\t\t<\/div>\n\n\t\t\n<style>\n#section_1891810739 {\n  padding-top: 30px;\n  padding-bottom: 30px;\n  background-color: rgb(232, 232, 232);\n}\n#section_1891810739 .section-bg-overlay {\n  background-color: rgba(255,255,255,.5);\n}\n<\/style>\n\t<\/section>\n\t\n<div class=\"is-divider divider clearfix\" ><\/div>\n\t\t<\/div>\n\t\t\t\t\t<\/div>\n\n\t\n<\/div>\n\t<div class=\"img has-hover x md-x lg-x y md-y lg-y\" id=\"image_750154981\">\n\t\t\t\t\t\t\t\t<div class=\"img-inner dark\" >\n\t\t\t<img decoding=\"async\" width=\"800\" height=\"537\" src=\"https:\/\/ddoptics.shop\/wp-content\/uploads\/2019\/10\/technische-Zeichnung-DDoptics-2_5-15x56.jpg\" class=\"attachment-large size-large\" alt=\"Dibujo DDoptics V4 2.5-10x56 NFX\" srcset=\"https:\/\/ddoptics.shop\/wp-content\/uploads\/2019\/10\/technische-Zeichnung-DDoptics-2_5-15x56.jpg 800w, https:\/\/ddoptics.shop\/wp-content\/uploads\/2019\/10\/technische-Zeichnung-DDoptics-2_5-15x56-304x204.jpg 304w, https:\/\/ddoptics.shop\/wp-content\/uploads\/2019\/10\/technische-Zeichnung-DDoptics-2_5-15x56-305x205.jpg 305w, https:\/\/ddoptics.shop\/wp-content\/uploads\/2019\/10\/technische-Zeichnung-DDoptics-2_5-15x56-632x424.jpg 632w, https:\/\/ddoptics.shop\/wp-content\/uploads\/2019\/10\/technische-Zeichnung-DDoptics-2_5-15x56-510x342.jpg 510w, https:\/\/ddoptics.shop\/wp-content\/uploads\/2019\/10\/technische-Zeichnung-DDoptics-2_5-15x56-250x168.jpg 250w\" sizes=\"(max-width: 800px) 100vw, 800px\" title=\"\">\t\t\t\t\t\t\n\t\t\t\t\t<\/div>\n\t\t\t\t\t\t\t\t\n<style>\n#image_750154981 {\n  width: 100%;\n}\n<\/style>\n\t<\/div>\n\t\n<h3>Visor gran angular DDoptics V6 2.5-15\u00d756 NFX para rifles de caza - con escala MRAD<\/h3>\n<p>Al igual que con los modelos Gen 3, el V6 2.5-15\u00d756 NFX <strong>prescindido sistem\u00e1ticamente de todas las piezas de pl\u00e1stico.\u00a0<\/strong>Entre los bajos, <strong>Torretas de caza con doble escala<\/strong> esconde un <strong>Mecanismo de alta precisi\u00f3n y funcionamiento suave<\/strong>que hasta ahora <strong>s\u00f3lo en la versi\u00f3n de visor t\u00e1ctico<\/strong> se ha instalado.<\/p>\n<p>Ventaja: Puede prescindir de la tapa protectora sobre el ajuste de la ret\u00edcula y por lo tanto tener <strong>Acceso al ajuste de la ret\u00edcula en cualquier momento<\/strong> para corregir las distancias de tiro o la velocidad del viento.<\/p>\n<h3>Caza DDoptics A4N <a href=\"https:\/\/de.wikipedia.org\/wiki\/Absehen\" target=\"_blank\" rel=\"noopener sponsored\" data-schema-attribute=\"\">Ret\u00edcula iluminada<\/a> con punto luminoso inteligente IFiber<\/h3>\n<p>En <strong>Visor 6x 2,5-15\u00d756 NFX<\/strong> incorpora la exitosa y moderna ret\u00edcula 4-N desarrollada con muchos cazadores.<\/p>\n<h3>Nueva ret\u00edcula A4N para una cobertura m\u00ednima del objetivo<\/h3>\n<p>Mirando a trav\u00e9s del nuevo <strong>Visor -Generaci\u00f3n 3<\/strong>\u00a0el espectador reconoce inmediatamente el dise\u00f1o pr\u00e1ctico:<\/p>\n<ul>\n<li>En <strong>Punto de mira en la ret\u00edcula 4<\/strong> es <strong>mucho m\u00e1s fino<\/strong> y las vigas exteriores, algo m\u00e1s gruesas, tienen s\u00f3lo la mitad de grosor y est\u00e1n bastante m\u00e1s separadas.<\/li>\n<li>Esta es una gran ventaja, especialmente para el cazador en condiciones de poca luz, ya que el <strong>Objetivo m\u00ednimamente oculto<\/strong> y as\u00ed se favorece de forma \u00f3ptima una parada r\u00e1pida y segura.<\/li>\n<\/ul>\n<p>La ret\u00edcula se encuentra en el <strong>Plano imagen del ocular (2\u00ba plano imagen)<\/strong>. En <strong>aumento m\u00e1ximo de 15 veces, la ret\u00edcula s\u00f3lo oscurece m\u00ednimamente el objetivo.<\/strong> Cada clic ajusta la ret\u00edcula en 0,25 minutos de \u00e1ngulo (MOA), es decir, en 7,3 mil\u00edmetros a 100 metros.<\/p>\n<h3>Rango total de ajuste del visor:<\/h3>\n<p>El visor tiene un<strong> Ajuste t\u00e1ctico de 0,1 mrad<\/strong>. Para el usuario, esto significa <strong>Europa aplicaci\u00f3n simple seg\u00fan el sistema decimal<\/strong>.<\/p>\n<p>Recorrido total de ajuste en 100 m: 18,4 MRAD - 184 clics - 1,8 m<\/p>\n<ul>\n<li>Recorrido de ajuste \/ clic cada 100 m: 1 cm<\/li>\n<li>Rango de ajuste \/ clic a 200 m: 2 cm<\/li>\n<li>Rango de ajuste \/ clic a 300 m: 3 cm<\/li>\n<li>Recorrido de ajuste \/ clic a 900 m: 9 cm<\/li>\n<\/ul>\n<h3>Robusto mecanismo de ajuste del visor para un uso intensivo con Zerostop y ASV<\/h3>\n<p>En <strong>Torretas de ajuste del ret\u00edculo de la \u00f3ptica de punter\u00eda DDoptics<\/strong> de la Generaci\u00f3n 3 est\u00e1n fabricados en una robusta aleaci\u00f3n de aluminio y carecen de cualquier pieza de pl\u00e1stico. Todos los <strong>Piezas de aluminio<\/strong> con la nueva, no brillante, <strong>Revestimiento anodizado negro fino DDoptics<\/strong> proporcionado.<\/p>\n<p>En <strong>El mecanismo de ajuste se ha cambiado a la versi\u00f3n T\u00e1ctica<\/strong>, Esto significa que no s\u00f3lo es altamente resistente a los golpes y completamente impermeable, sino tambi\u00e9n de funcionamiento suave y, por tanto, protegido contra ajustes involuntarios. Esto significa que el ajuste de la ret\u00edcula tambi\u00e9n se puede utilizar \u201eabierto\u201c en la caza diaria, es decir, sin tapa roscada, para poder ajustar r\u00e1pidamente la ret\u00edcula en funci\u00f3n de la situaci\u00f3n.<\/p>\n<h3>Ajuste r\u00e1pido de la ret\u00edcula del visor con Zerostop<\/h3>\n<p>En un <strong>Doble escala (Doubleturn) en la torreta de elevaci\u00f3n del visor<\/strong> puede leerse el n\u00famero de clics de ajuste realizados y ajustarse en consecuencia. Despu\u00e9s de disparar, el ajuste de la ret\u00edcula se puede \"poner a cero\" y el anillo Zerostop se gira hasta el tope. A continuaci\u00f3n, se ajusta el cero con el bot\u00f3n<strong> Anillos Zerostop contrarrestados desde abajo<\/strong> para llegar a un tope en la posici\u00f3n cero.<\/p>\n<p>Partiendo de la posici\u00f3n cero, y conociendo el etiquetado, puede <strong>Distintas distancias de tiro mediante un sistema de marcado<\/strong> La torre de ajuste lateral est\u00e1 marcada con dos escalas contrarrotantes; partiendo del ajuste cero, el<strong> Ret\u00edcula en funci\u00f3n de la direcci\u00f3n y la fuerza del viento<\/strong> o se puede prefijar cualquier movimiento del objetivo.<\/p>","protected":false},"excerpt":{"rendered":"<p><img decoding=\"async\" class=\"alignnone wp-image-10452 size-full\" title=\"Tiro deportivo\" src=\"https:\/\/ddoptics.shop\/wp-content\/uploads\/2016\/07\/Target-Schiessen.jpg\" alt=\"Tiro al blanco\" width=\"50\" height=\"50\" \/><img decoding=\"async\" class=\"alignnone wp-image-10168 size-full\" title=\"Stand de caza\" src=\"https:\/\/ddoptics.shop\/wp-content\/uploads\/2016\/09\/Jagd-klein.jpg\" alt=\"Prism\u00e1ticos de caza\" width=\"50\" height=\"50\" \/><img decoding=\"async\" class=\"alignnone wp-image-10178 size-full\" title=\"Caza de monta\u00f1a\" src=\"https:\/\/ddoptics.shop\/wp-content\/uploads\/2016\/04\/Gebirgsjagd-klein.jpg\" alt=\"Prism\u00e1ticos de caza de monta\u00f1a\" width=\"50\" height=\"50\" \/><br \/>\nUna nueva \u00f3ptica de punter\u00eda extrema que <strong>casi todas las zonas de caza<\/strong> coberturas. Desde la caza en batida, pasando por la caza en oculto, hasta la caza de monta\u00f1a... hasta la \u00faltima luz del rifle. \u00a1Gracias a una transmisi\u00f3n de luz de hasta 96%! <strong>Opcionalmente con <a title=\"NUEVO punto luminoso DDoptics IFiber\" href=\"\/es\/termino-tecnico-wiki\/punto-de-luz-inteligente-ddoptics-ifiber\/\" target=\"_blank\" rel=\"noopener noreferrer\">Punto luminoso IFibre<\/a> por s\u00f3lo 99,- euros de suplemento.<\/strong><\/p>\n<a href=\"https:\/\/amzn.to\/3Pp05dH\" target=\"_blank\" class=\"button success is-success is-small\" rel=\"\u201dnofollow\u201d noopener\" >\n\t\t<span>\u00bfes cliente de amazon? - \u00bfutiliza las ventajas prime?<\/span>\n\t<\/a>","protected":false},"featured_media":12191,"comment_status":"open","ping_status":"closed","template":"","meta":{"inline_featured_image":false,"footnotes":""},"product_brand":[],"product_cat":[555,454,638,697,917,640,919,637,68],"product_tag":[556,78,80,698,79],"class_list":{"0":"post-11793","1":"product","2":"type-product","3":"status-publish","4":"has-post-thumbnail","6":"product_cat-25-15x56","7":"product_cat-56-mm-objektivdurchmesser","8":"product_cat-ansitzjagd","9":"product_cat-mrad-klickverstellung","10":"product_cat-nfx-zielfernrohre-weitwinkel-zf","11":"product_cat-pirschjagd-und-gebirgsjagd","12":"product_cat-v6-6-fach-zoom","13":"product_cat-zf-anwendung","14":"product_cat-zielfernrohr","15":"product_tag-2-5-15x56","16":"product_tag-ddoptics","17":"product_tag-gen-3","18":"product_tag-mrad-1-cm-klickverstellung","19":"product_tag-zielfernrohr","20":"product_shipping_class-paket","21":"pa_brand-marke-ddoptics","22":"pa_produkt-typ-zielfernrohr","24":"first","25":"instock","26":"sale","27":"taxable","28":"shipping-taxable","29":"purchasable","30":"product-type-bundle"},"bundled_by":[],"bundle_stock_status":"instock","bundle_stock_quantity":34,"bundle_virtual":false,"bundle_layout":"default","bundle_add_to_cart_form_location":"default","bundle_editable_in_cart":false,"bundle_sold_individually_context":"product","bundle_item_grouping":"parent","bundle_min_size":"","bundle_max_size":"","bundle_price":{"price":{"min":{"incl_tax":"1168.01","excl_tax":"973.34"},"max":{"incl_tax":"1272.32","excl_tax":"1060.26"}},"regular_price":{"min":{"incl_tax":"1298.01","excl_tax":"1081.68"},"max":{"incl_tax":"1413.9","excl_tax":"1178.25"}}},"bundled_items":[{"bundled_item_id":66,"product_id":12809,"menu_order":0,"quantity_min":1,"quantity_max":1,"quantity_default":1,"priced_individually":true,"shipped_individually":false,"override_title":true,"title":"","override_description":false,"description":"","optional":false,"hide_thumbnail":true,"discount":"","override_variations":true,"allowed_variations":[12810,12811],"override_default_variation_attributes":false,"default_variation_attributes":[],"single_product_visibility":"visible","cart_visibility":"visible","order_visibility":"visible","single_product_price_visibility":"visible","cart_price_visibility":"visible","order_price_visibility":"visible","stock_status":"in_stock"},{"bundled_item_id":67,"product_id":12812,"menu_order":1,"quantity_min":1,"quantity_max":1,"quantity_default":1,"priced_individually":true,"shipped_individually":false,"override_title":true,"title":"Casi un regalo - flip caps","override_description":false,"description":"","optional":true,"hide_thumbnail":false,"discount":"68.55","override_variations":true,"allowed_variations":[12819],"override_default_variation_attributes":true,"default_variation_attributes":[{"id":17,"name":"Tama\u00f1o del visor","option":"25-15x56"}],"single_product_visibility":"visible","cart_visibility":"visible","order_visibility":"visible","single_product_price_visibility":"visible","cart_price_visibility":"visible","order_price_visibility":"visible","stock_status":"in_stock"}],"bundle_sell_ids":[],"_links":{"self":[{"href":"https:\/\/ddoptics.shop\/es\/wp-json\/wp\/v2\/product\/11793","targetHints":{"allow":["GET"]}}],"collection":[{"href":"https:\/\/ddoptics.shop\/es\/wp-json\/wp\/v2\/product"}],"about":[{"href":"https:\/\/ddoptics.shop\/es\/wp-json\/wp\/v2\/types\/product"}],"replies":[{"embeddable":true,"href":"https:\/\/ddoptics.shop\/es\/wp-json\/wp\/v2\/comments?post=11793"}],"version-history":[{"count":15,"href":"https:\/\/ddoptics.shop\/es\/wp-json\/wp\/v2\/product\/11793\/revisions"}],"predecessor-version":[{"id":29220,"href":"https:\/\/ddoptics.shop\/es\/wp-json\/wp\/v2\/product\/11793\/revisions\/29220"}],"wp:featuredmedia":[{"embeddable":true,"href":"https:\/\/ddoptics.shop\/es\/wp-json\/wp\/v2\/media\/12191"}],"wp:attachment":[{"href":"https:\/\/ddoptics.shop\/es\/wp-json\/wp\/v2\/media?parent=11793"}],"wp:term":[{"taxonomy":"product_brand","embeddable":true,"href":"https:\/\/ddoptics.shop\/es\/wp-json\/wp\/v2\/product_brand?post=11793"},{"taxonomy":"product_cat","embeddable":true,"href":"https:\/\/ddoptics.shop\/es\/wp-json\/wp\/v2\/product_cat?post=11793"},{"taxonomy":"product_tag","embeddable":true,"href":"https:\/\/ddoptics.shop\/es\/wp-json\/wp\/v2\/product_tag?post=11793"}],"curies":[{"name":"wp","href":"https:\/\/api.w.org\/{rel}","templated":true}]}}