{"id":11798,"date":"2017-09-27T20:08:50","date_gmt":"2017-09-27T18:08:50","guid":{"rendered":"https:\/\/optik-sport-shop.at\/?post_type=product&#038;p=11798"},"modified":"2026-04-14T09:57:54","modified_gmt":"2026-04-14T07:57:54","slug":"revestimiento-cerakote-scope","status":"publish","type":"product","link":"https:\/\/ddoptics.shop\/es\/kaufen\/cerakote-beschichtung-zielfernrohr\/","title":{"rendered":"Recubrimiento Cerakote para visores DDoptics - varios colores"},"content":{"rendered":"<h2>Recubrimiento Cerakote | Acabado superficial personalizado para sus visores DDoptics | Protecci\u00f3n anticorrosi\u00f3n para su arma<\/h2>\n<div class=\"row\"  id=\"row-1353524508\">\n\n\t<div id=\"col-267889766\" class=\"col medium-8 small-12 large-8\"  >\n\t\t\t\t<div class=\"col-inner\"  >\n\t\t\t\n\t\t\t\n<p>Ofrecemos a nuestros clientes la posibilidad de revestir individualmente todos los visores con diferentes colores.<\/p>\n<p>S\u00f3lo utilizamos productos de alta calidad <strong>Revestimientos cer\u00e1micos de <a href=\"https:\/\/www.cerakote.com\/project-gallery\" target=\"_blank\" rel=\"noopener sponsored nofollow\">Cerakote<\/a><\/strong> se utiliza. Adem\u00e1s de un dise\u00f1o personalizado, este revestimiento tambi\u00e9n ofrece propiedades superficiales \u00fanicas como <strong>alta resistencia a la abrasi\u00f3n, \u00f3ptima resistencia qu\u00edmica y alta resistencia al rayado.<\/strong><\/p>\n<p>De este modo, su visor recibir\u00e1 una aut\u00e9ntica mejora. El revestimiento es posible tanto para visores nuevos como usados de DDoptics.<\/p>\n<p>Actualmente ofrecemos 12 colores diferentes.<\/p>\n<p>CONSEJO: Los revestimientos Cerakote para armas y tuning est\u00e1n disponibles en <strong><a href=\"https:\/\/www.verex-tactical.com\/galerie\/\" target=\"_blank\" rel=\"noopener\">VEREX Tactical<\/a> <\/strong>profesionalmente y con placer.<\/p>\n<h3>El revestimiento cer\u00e1mico Cerakote garantiza un aspecto \u00fanico y una protecci\u00f3n \u00f3ptima contra la corrosi\u00f3n<\/h3>\n<p>Cerakote es un revestimiento extremadamente duradero desarrollado en EE.UU. (el pa\u00eds de las armas) especialmente para armas, que est\u00e1 disponible en muchas combinaciones de colores.<\/p>\n<p>Adem\u00e1s de la mejora visual deseada, la pistola recibe una superficie que la protege contra todas las influencias ambientales y prolonga considerablemente la vida \u00fatil de la pistola transportada a la intemperie.<\/p>\n<blockquote><p>Gracias a Cerakote, puede crear algo completamente personalizado a partir de su arma, incluida la mira y la montura del visor.<\/p><\/blockquote>\n<h3>Breve explicaci\u00f3n del proceso de revestimiento de armas Cerakote<\/h3>\n<p>Tras un ba\u00f1o desengrasante de acetona, las piezas de armas desmontadas se someten a chorro de arena en la cabina de chorreado por <strong>se ha eliminado el pavonado antiguo o incluso el \u00f3xido por destello<\/strong> y se recubre con una fin\u00edsima capa de Cerakote en los colores de su elecci\u00f3n.<\/p>\n<blockquote><p>Despu\u00e9s de unas cuantas pruebas, tambi\u00e9n encontramos una forma ideal de hacer un revestimiento permanente con el visor + montura.<\/p><\/blockquote>\n<p>Duradero<strong> Laca cer\u00e1mica de EE.UU.<\/strong> obtiene su resistencia final coci\u00e9ndose durante dos horas en la c\u00e1mara de cocci\u00f3n especial.<\/p>\n<p>Cerakote ofrece la mejor protecci\u00f3n contra la corrosi\u00f3n, un aspecto distintivo y aumenta el valor de su arma.<\/p>\n<h3>Convincente prueba extrema con arma revestida de Ceracote en la naturaleza<\/h3>\n\t\t<\/div>\n\t\t\t\t\t<\/div>\n\n\t\n\n\t<div id=\"col-1677931863\" class=\"col medium-4 small-12 large-4\"  >\n\t\t\t\t<div class=\"col-inner\"  >\n\t\t\t\n\t\t\t\n<a class=\"button primary expand\" >\n\t\t<span>Caracter\u00edsticas especiales del revestimiento Keramic<\/span>\n\t<i class=\"icon-checkmark\" aria-hidden=\"true\"><\/i><\/a>\n\n<ul>\n<li>Acabado superficial personalizado<\/li>\n<li>Recubrimientos cer\u00e1micos de alta calidad de Cerakote<\/li>\n<li>Alta resistencia a la abrasi\u00f3n<\/li>\n<li>Resistencia qu\u00edmica \u00f3ptima<\/li>\n<li>Alta resistencia al rayado<\/li>\n<li>para visores nuevos y usados de DDoptics comprados a nosotros<\/li>\n<li>actualmente 12 colores diferentes disponibles<\/li>\n<\/ul>\n\t<div class=\"img has-hover x md-x lg-x y md-y lg-y\" id=\"image_404999482\">\n\t\t<a class=\"image-lightbox lightbox-gallery\" title=\"\" href=\"https:\/\/ddoptics.shop\/wp-content\/uploads\/2023\/05\/Cerakote-Waffe-ZF.webp\">\t\t\t\t\t\t<div class=\"img-inner dark\" >\n\t\t\t<img decoding=\"async\" width=\"600\" height=\"800\" src=\"https:\/\/ddoptics.shop\/wp-content\/uploads\/2023\/05\/Cerakote-Waffe-ZF.webp\" class=\"attachment-large size-large\" alt=\"Arma Cerakote + mira telesc\u00f3pica\" srcset=\"https:\/\/ddoptics.shop\/wp-content\/uploads\/2023\/05\/Cerakote-Waffe-ZF.webp 600w, https:\/\/ddoptics.shop\/wp-content\/uploads\/2023\/05\/Cerakote-Waffe-ZF-304x405.webp 304w, https:\/\/ddoptics.shop\/wp-content\/uploads\/2023\/05\/Cerakote-Waffe-ZF-270x360.webp 270w\" sizes=\"(max-width: 600px) 100vw, 600px\" title=\"\">\t\t\t\t\t\t\n\t\t\t\t\t\t\t<div class=\"caption\">Prueba rifle Cerakote + visor<\/div>\n\t\t\t\t\t<\/div>\n\t\t\t\t\t\t<\/a>\t\t\n<style>\n#image_404999482 {\n  width: 100%;\n}\n<\/style>\n\t<\/div>\n\t\n\t\t<\/div>\n\t\t\t\t\t<\/div>\n\n\t\n<\/div>\n<div class=\"video video-fit mb\" style=\"padding-top:56.25%;\"><p><iframe title=\"Cerakote Outdoor Corrosion Test | 15+ Month Time-Lapse\" width=\"1020\" height=\"574\" src=\"https:\/\/www.youtube.com\/embed\/v4GSDrkZMyE?feature=oembed\" frameborder=\"0\" allow=\"accelerometer; autoplay; clipboard-write; encrypted-media; gyroscope; picture-in-picture; web-share\" referrerpolicy=\"strict-origin-when-cross-origin\" allowfullscreen><\/iframe><\/p>\n<\/div>\n<h3>Por qu\u00e9 Cerakote es perfecto para el rifle de caza<\/h3>\n<p>En <strong>Genios de Cerakote<\/strong> realmente han encontrado una manera de hacer que este recubrimiento incre\u00edblemente delgado sea incre\u00edblemente fuerte.<\/p>\n<p>Esta fina capa protege todas las piezas, incluidas las m\u00f3viles, del desgaste normal.<\/p>\n<p>El revestimiento tambi\u00e9n es bastante insensible a <strong>Agua, agua salada<\/strong> y arena. <strong>Cerakote pr\u00e1cticamente \"apaga\" los elementos<\/strong> y evita que el arma se oxide o sufra otros da\u00f1os por corrosi\u00f3n.<\/p>\n<div class=\"video video-fit mb\" style=\"padding-top:56.25%;\"><p><iframe title=\"Ensayo de corrosi\u00f3n | ASTM B117 | Cerakote vs Nitruro negro\" width=\"1020\" height=\"574\" src=\"https:\/\/www.youtube.com\/embed\/XFMbZEWO1-o?feature=oembed\" frameborder=\"0\" allow=\"accelerometer; autoplay; clipboard-write; encrypted-media; gyroscope; picture-in-picture; web-share\" referrerpolicy=\"strict-origin-when-cross-origin\" allowfullscreen><\/iframe><\/p>\n<\/div>\n<p>Y Cerakote es un casi <strong>Revestimiento universal:<\/strong> Se adhiere a <strong>Metal, pl\u00e1stico, pol\u00edmero y madera.<\/strong><\/p>\n<blockquote><p>Ceracote est\u00e1 a\u00f1os luz por delante de los m\u00e9todos hist\u00f3ricos de protecci\u00f3n de armas, como el pavonado cl\u00e1sico, que s\u00f3lo funciona en metal.<\/p><\/blockquote>\n<p>El cerakote se aplica de forma extremadamente fina y apenas causa problemas con tolerancias estrechas.<\/p>\n<h3>Detalles importantes sobre el revestimiento protector Cerakote:<\/h3>\n<ul>\n<li>Todo lo que est\u00e9 pintado o ligeramente marcado con l\u00e1ser se perder\u00e1 durante el proceso de limpieza y revestimiento. No hay forma de salvar estas marcas, salvo mediante un enmascarado limpio.<\/li>\n<li>Cerakote est\u00e1 dise\u00f1ado de tal manera que otros <strong>Las cosas no se pueden pegar muy bien<\/strong>. Esto puede ser una ventaja o una desventaja.<\/li>\n<li>Una vez aplicado el revestimiento Cerakote, las piezas se colocan en el <strong>Horno de curado seg\u00fan normas Cerakote<\/strong> al horno. La posible sensibilidad al calor debe aclararse caso por caso.<\/li>\n<li>Tras la cocci\u00f3n, las piezas se sacan del horno y se enfr\u00edan. A continuaci\u00f3n, se comprueba que las piezas tengan el grosor de revestimiento, el aspecto y el tacto correctos. Si algo no encaja, todo vuelve a empezar.<\/li>\n<\/ul>","protected":false},"excerpt":{"rendered":"<p><strong>A medida y personal. Plazo de entrega aprox. 2-3 semanas - <a href=\"https:\/\/ddoptics.shop\/es\/visor-con-revestimiento-cerakote\/\">Al informe AQU\u00cd<\/a><\/strong><\/p>\n<p><strong><span style=\"color: #ed1c24;\">Atenci\u00f3n: \u00a1Servicio S\u00d3LO para visores comprados a nosotros!<\/span><br \/>\n<\/strong>Como se trata de un <strong>Personalizaci\u00f3n elaborada de su visor<\/strong> el plazo de entrega es de hasta 3 semanas (junto con un pedido de ZF o tras la recepci\u00f3n de su \u00f3ptica adquirida con nosotros). \u00a1Tambi\u00e9n nos gustar\u00eda se\u00f1alar que el derecho de cancelaci\u00f3n se excluye generalmente para los productos y pedidos individualizados!<\/p>","protected":false},"featured_media":26538,"comment_status":"open","ping_status":"closed","template":"","meta":{"inline_featured_image":false,"footnotes":""},"product_brand":[],"product_cat":[68],"product_tag":[1129,683,684],"class_list":{"0":"post-11798","1":"product","2":"type-product","3":"status-publish","4":"has-post-thumbnail","6":"product_cat-zielfernrohr","7":"product_tag-cerakote","8":"product_tag-zielfernrohr-beschichtung","9":"product_tag-zielfernrohr-farben","10":"product_shipping_class-paket","11":"pa_brand-marke-ddoptics","12":"pa_produkt-typ-zielfernrohr","14":"first","15":"outofstock","16":"taxable","17":"shipping-taxable","18":"purchasable","19":"product-type-variable","20":"has-default-attributes"},"bundled_by":["11816","11830","11926"],"bundle_stock_status":"outofstock","bundle_stock_quantity":null,"bundle_virtual":false,"bundle_layout":"","bundle_add_to_cart_form_location":"","bundle_editable_in_cart":false,"bundle_sold_individually_context":"","bundle_item_grouping":"","bundle_min_size":"","bundle_max_size":"","bundle_price":[],"bundled_items":[],"bundle_sell_ids":[],"_links":{"self":[{"href":"https:\/\/ddoptics.shop\/es\/wp-json\/wp\/v2\/product\/11798","targetHints":{"allow":["GET"]}}],"collection":[{"href":"https:\/\/ddoptics.shop\/es\/wp-json\/wp\/v2\/product"}],"about":[{"href":"https:\/\/ddoptics.shop\/es\/wp-json\/wp\/v2\/types\/product"}],"replies":[{"embeddable":true,"href":"https:\/\/ddoptics.shop\/es\/wp-json\/wp\/v2\/comments?post=11798"}],"version-history":[{"count":22,"href":"https:\/\/ddoptics.shop\/es\/wp-json\/wp\/v2\/product\/11798\/revisions"}],"predecessor-version":[{"id":26609,"href":"https:\/\/ddoptics.shop\/es\/wp-json\/wp\/v2\/product\/11798\/revisions\/26609"}],"wp:featuredmedia":[{"embeddable":true,"href":"https:\/\/ddoptics.shop\/es\/wp-json\/wp\/v2\/media\/26538"}],"wp:attachment":[{"href":"https:\/\/ddoptics.shop\/es\/wp-json\/wp\/v2\/media?parent=11798"}],"wp:term":[{"taxonomy":"product_brand","embeddable":true,"href":"https:\/\/ddoptics.shop\/es\/wp-json\/wp\/v2\/product_brand?post=11798"},{"taxonomy":"product_cat","embeddable":true,"href":"https:\/\/ddoptics.shop\/es\/wp-json\/wp\/v2\/product_cat?post=11798"},{"taxonomy":"product_tag","embeddable":true,"href":"https:\/\/ddoptics.shop\/es\/wp-json\/wp\/v2\/product_tag?post=11798"}],"curies":[{"name":"wp","href":"https:\/\/api.w.org\/{rel}","templated":true}]}}