{"id":12177,"date":"2018-01-08T13:06:24","date_gmt":"2018-01-08T12:06:24","guid":{"rendered":"https:\/\/ddoptics.shop\/?post_type=product&#038;p=12177"},"modified":"2025-10-07T11:11:17","modified_gmt":"2025-10-07T09:11:17","slug":"v6-2komma5-15x50-gen-3-nueva-reticula-4-mrad","status":"publish","type":"product","link":"https:\/\/ddoptics.shop\/es\/kaufen\/v6-2komma5-15x50-gen-3-new-absehen-4-mrad\/","title":{"rendered":"Visor DDoptics Nighteagle 2.5-15\u00d750 | V6 | A4N | Ajuste MRAD - Gen 3"},"content":{"rendered":"<div class=\"container section-title-container\" ><h3 class=\"section-title section-title-normal\"><b aria-hidden=\"true\"><\/b><span class=\"section-title-main\" ><i class=\"icon-cross\" aria-hidden=\"true\"><\/i>Breve resumen Visor DDoptics V6 2,5-15x50 con ajuste MRAD<\/span><b aria-hidden=\"true\"><\/b><\/h3><\/div>\n<table style=\"background-color: #cacaca; width: 100%;\">\n<tbody>\n<tr style=\"height: 24px;\">\n<td style=\"height: 24px; width: 20%;\"><strong>Tubo<\/strong><\/td>\n<td style=\"height: 24px; width: 30%;\">Tubo mono de 30 mm<\/td>\n<td style=\"height: 24px; width: 20%;\"><strong>Campo de visi\u00f3n: m @100m<\/strong><\/td>\n<td style=\"height: 24px; width: 30%;\">13,5 - 2,2 m<\/td>\n<\/tr>\n<tr style=\"height: 24px;\">\n<td style=\"height: 24px; width: 20%;\"><strong>Sistema \u00f3ptico<\/strong><\/td>\n<td style=\"height: 24px; width: 30%;\">\u00a02,5-15 veces<\/td>\n<td style=\"height: 24px; width: 20%;\">\u00a0<strong>Distancia interpupilar<\/strong><\/td>\n<td style=\"height: 24px; width: 30%;\">\u00a088 - 89 mm<\/td>\n<\/tr>\n<tr style=\"height: 24px;\">\n<td style=\"height: 24px; width: 20%;\"><strong>Lente<\/strong><\/td>\n<td style=\"height: 24px; width: 30%;\">\u00a050 mm<\/td>\n<td style=\"height: 24px; width: 20%;\">\u00a0<strong>Longitud<\/strong><\/td>\n<td style=\"height: 24px; width: 30%;\">\u00a0361 mm<\/td>\n<\/tr>\n<tr style=\"height: 24px;\">\n<td style=\"height: 24px; width: 20%;\"><strong>Ret\u00edculo<\/strong><\/td>\n<td style=\"height: 24px; width: 30%;\">\u00a0Nueva ret\u00edcula 4 \/ A4N<\/td>\n<td style=\"height: 24px; width: 20%;\">\u00a0<strong>Peso<\/strong><\/td>\n<td style=\"height: 24px; width: 30%;\">\u00a0640 g<\/td>\n<\/tr>\n<tr style=\"height: 24px;\">\n<td style=\"height: 24px; width: 20%;\"><strong>Punto de luz<\/strong><\/td>\n<td style=\"height: 24px; width: 30%;\">\u00a0Est\u00e1ndar o iFibre<\/td>\n<td style=\"height: 24px; width: 20%;\">\u00a0<strong>Protecci\u00f3n antivaho<\/strong><\/td>\n<td style=\"height: 24px; width: 30%;\">\u00a0Relleno de nitr\u00f3geno contra el vaho<\/td>\n<\/tr>\n<tr style=\"height: 24px;\">\n<td style=\"height: 24px; width: 20%;\"><strong>Enfoque\/paralaje<\/strong><\/td>\n<td style=\"height: 24px; width: 30%;\">\u00a0Objetivo ajustable de 20 m a infinito<\/td>\n<td style=\"height: 24px; width: 20%;\">\u00a0<strong>Tensi\u00f3n<\/strong><\/td>\n<td style=\"height: 24px; width: 30%;\">\u00a0Resistente al agua y a los golpes<\/td>\n<\/tr>\n<\/tbody>\n<\/table>\n<div class=\"row\"  id=\"row-1576003645\">\n\n\t<div id=\"col-155147063\" class=\"col medium-8 small-12 large-8\"  >\n\t\t\t\t<div class=\"col-inner\"  >\n\t\t\t\n\t\t\t\n<h2>Visor DDoptics Nighteagle 2,5-15\u00d750 - potente visor con zoom 6x y ajuste por clic MRAD (1 cm\/clic - 100 m)<\/h2>\n<p>El nuevo <strong>Visor DDoptics 2,5-15\u00d750<\/strong>\u00a0con ajuste de clic MRAD es especialmente adecuado para <strong>Cotos de caza con diferentes distancias de tiro<\/strong>. Cubre una amplia gama de terrenos, por ejemplo, para la caza en monta\u00f1a o en el campo.<\/p>\n<p>La nueva Generaci\u00f3n 3 estaba equipada con un <strong>ajuste de ret\u00edcula de marcha lenta<\/strong> de metal, Zerostop, Nueva Ret\u00edcula 4, cristal CT, revestimiento DDlucid y doble escala.<\/p>\n<p>En <a href=\"https:\/\/ddoptics.shop\/es\/tienda\/mira-telescopica\/v6-zoom-6x\/\" target=\"_blank\" rel=\"noopener noreferrer\">6 veces <strong>Visores <\/strong><\/a>convence con todos los requisitos de caza como<strong>\u00a0Acosar, esconder <\/strong>en el piso y en el<strong> Monta\u00f1as.<\/strong><\/p>\n<h3>Visor universal DDoptics para rifles de caza - ZF V6 2.5-15\u00d750 Gen 3 con escala MRAD<\/h3>\n<p>Durante el desarrollo del 2,5-15\u00d750 en el Gen 3 <strong>prescindido sistem\u00e1ticamente de todas las piezas de pl\u00e1stico.\u00a0<\/strong>Entre los bajos, <strong>Torretas de caza con doble escala<\/strong> esconde un <strong>Mecanismo de alta precisi\u00f3n y funcionamiento suave<\/strong>que hasta ahora <strong>s\u00f3lo en la versi\u00f3n de visor t\u00e1ctico<\/strong> se ha instalado.<\/p>\n<p>Ventaja: Puede prescindir de la tapa protectora sobre el ajuste de la ret\u00edcula y por lo tanto tener <strong>Acceso al ajuste de la ret\u00edcula en cualquier momento<\/strong> para corregir las distancias de tiro o la velocidad del viento.<\/p>\n\t\t<\/div>\n\t\t\t\t\t<\/div>\n\n\t\n\n\t<div id=\"col-939539714\" class=\"col medium-4 small-12 large-4\"  >\n\t\t\t\t<div class=\"col-inner\"  >\n\t\t\t\n\t\t\t\n<a class=\"button primary expand\" >\n\t\t<span>Caracter\u00edsticas especiales visor<\/span>\n\t<\/a>\n\n\n\t<section class=\"section\" id=\"section_1023549369\">\n\t\t<div class=\"section-bg fill\" >\n\t\t\t\t\t\t\t\t\t<div class=\"section-bg-overlay absolute fill\"><\/div>\n\t\t\t\n\n\t\t<\/div>\n\n\t\t\n\n\t\t<div class=\"section-content relative\">\n\t\t\t\n\t<div class=\"img has-hover x md-x lg-x y md-y lg-y\" id=\"image_1742792950\">\n\t\t<a class=\"\" href=\"https:\/\/www.ddoptics.de\/garantiebestimmungen\" target=\"_blank\" rel=\"no follow noopener\">\t\t\t\t\t\t<div class=\"img-inner dark\" >\n\t\t\t<img decoding=\"async\" width=\"352\" height=\"160\" src=\"https:\/\/ddoptics.shop\/wp-content\/uploads\/2014\/09\/DDoptics-Garantie.jpg\" class=\"attachment-large size-large\" alt=\"Garant\u00eda DDoptics\" srcset=\"https:\/\/ddoptics.shop\/wp-content\/uploads\/2014\/09\/DDoptics-Garantie.jpg 352w, https:\/\/ddoptics.shop\/wp-content\/uploads\/2014\/09\/DDoptics-Garantie-304x138.jpg 304w, https:\/\/ddoptics.shop\/wp-content\/uploads\/2014\/09\/DDoptics-Garantie-305x139.jpg 305w, https:\/\/ddoptics.shop\/wp-content\/uploads\/2014\/09\/DDoptics-Garantie-250x114.jpg 250w\" sizes=\"(max-width: 352px) 100vw, 352px\" title=\"\">\t\t\t\t\t\t\n\t\t\t\t\t<\/div>\n\t\t\t\t\t\t<\/a>\t\t\n<style>\n#image_1742792950 {\n  width: 100%;\n}\n<\/style>\n\t<\/div>\n\t\n\t<div id=\"gap-1844054147\" class=\"gap-element clearfix\" style=\"display:block; height:auto;\">\n\t\t\n<style>\n#gap-1844054147 {\n  padding-top: 15px;\n}\n<\/style>\n\t<\/div>\n\t\n\t<div id=\"text-3581008017\" class=\"text\">\n\t\t\n<p><span style=\"font-size: 80%;\"><em>\u21d2 <strong>Ahora con ajuste por clic de 0,1 MRAD: (1cm\/clic)<\/strong><br \/>\n\u21d2 Ajuste de ret\u00edcula met\u00e1lica<br \/>\n<strong>\u21d2 Vidrio CT<\/strong> (Transmisi\u00f3n clara)<br \/>\n<strong>\u21d2 Doble escala<\/strong><br \/>\n\u21d2 Transmisi\u00f3n de luz extrema de hasta 94,7%<br \/>\n<strong>\u21d2 Ret\u00e9n t\u00e1ctico de clic duro<\/strong><br \/>\n\u21d2 Control IFiber posible<br \/>\n<strong>\u21d2 Nueva ret\u00edcula 4<\/strong> en el 2\u00ba plano de la imagen<br \/>\n\u21d2 Parada cero \/ Zerostop<br \/>\n\u21d2 Prueba a prueba de balas: <a href=\"https:\/\/de.wikipedia.org\/wiki\/.375_Holland_%26_Holland_Magnum\" target=\"_blank\" rel=\"noopener sponsored\" data-schema-attribute=\"\">375H&amp;H<\/a> 1000 disparos<br \/>\n<strong>\u21d2 Fusi\u00f3n del catalejo debido al gran aumento.<\/strong><br \/>\n\u21d2 Compensaci\u00f3n de paralaje infinitamente ajustable<br \/>\n\u21d2 Posibilidad de tomas muy largas<br \/>\n<\/em><\/span><\/p>\n\t\t\n<style>\n#text-3581008017 {\n  line-height: 1.15;\n  color: rgb(33, 107, 227);\n}\n#text-3581008017 > * {\n  color: rgb(33, 107, 227);\n}\n<\/style>\n\t<\/div>\n\t\n\t\t<\/div>\n\n\t\t\n<style>\n#section_1023549369 {\n  padding-top: 30px;\n  padding-bottom: 30px;\n  background-color: rgb(232, 232, 232);\n}\n#section_1023549369 .section-bg-overlay {\n  background-color: rgba(255,255,255,.5);\n}\n<\/style>\n\t<\/section>\n\t\n<div class=\"is-divider divider clearfix\" ><\/div>\n\t\t<\/div>\n\t\t\t\t\t<\/div>\n\n\t\n<\/div>\n\t<div class=\"img has-hover x md-x lg-x y md-y lg-y\" id=\"image_591849237\">\n\t\t\t\t\t\t\t\t<div class=\"img-inner dark\" >\n\t\t\t<img decoding=\"async\" width=\"1020\" height=\"477\" src=\"https:\/\/ddoptics.shop\/wp-content\/uploads\/2016\/04\/2_5-15x50-1600x748.jpg\" class=\"attachment-large size-large\" alt=\"Visor ics dibujo Nighteagle 2.5-15x50\" srcset=\"https:\/\/ddoptics.shop\/wp-content\/uploads\/2016\/04\/2_5-15x50-1600x748.jpg 1600w, https:\/\/ddoptics.shop\/wp-content\/uploads\/2016\/04\/2_5-15x50-scaled-304x142.jpg 304w, https:\/\/ddoptics.shop\/wp-content\/uploads\/2016\/04\/2_5-15x50-scaled-305x143.jpg 305w, https:\/\/ddoptics.shop\/wp-content\/uploads\/2016\/04\/2_5-15x50-scaled-632x296.jpg 632w, https:\/\/ddoptics.shop\/wp-content\/uploads\/2016\/04\/2_5-15x50-800x374.jpg 800w, https:\/\/ddoptics.shop\/wp-content\/uploads\/2016\/04\/2_5-15x50-scaled-250x117.jpg 250w, https:\/\/ddoptics.shop\/wp-content\/uploads\/2016\/04\/2_5-15x50-scaled-510x238.jpg 510w\" sizes=\"(max-width: 1020px) 100vw, 1020px\" title=\"\">\t\t\t\t\t\t\n\t\t\t\t\t<\/div>\n\t\t\t\t\t\t\t\t\n<style>\n#image_591849237 {\n  width: 100%;\n}\n<\/style>\n\t<\/div>\n\t\n<p>]Por la seguridad <strong>El tope cero de f\u00e1cil ajuste garantiza el retorno a la puesta a cero<\/strong> ( Zerostop). Con un campo de visi\u00f3n de 13,5 metros (con un aumento de 2,5x), el visor Nighteagle 2,5-15\u00d750 cumple todos los requisitos de la caza en movimiento.<\/p>\n<p>Estos <strong>La \u00f3ptica con zoom 6x triunfa con una intensidad luminosa muy alta con im\u00e1genes brillantes y de gran contraste<\/strong> en. Esto hace que el Nighteagle 2,5-15\u00d750 est\u00e9 predestinado a cazadores exigentes, tiradores de largo alcance t\u00e9cnicamente experimentados y tiradores deportivos que buscan un <strong>Visor de largo alcance con el m\u00e1ximo rendimiento \u00f3ptico<\/strong> b\u00fasqueda.<\/p>\n<h3>Visor DDoptics 2.5-15\u00d750 Nighteagle - transmisi\u00f3n de luz con los mejores valores<\/h3>\n<p>En <strong>\u00d3ptica totalmente revestida<\/strong>que no permite ning\u00fan reflejo, ofrece una imagen de contraste extremadamente alto y colores reales con unas propiedades de nitidez de borde a borde extraordinarias. Gracias a la m\u00ednima cantidad de luz falsa, ni siquiera el contraluz supone un problema. El sitio <strong>La transmisi\u00f3n de luz tiene valores m\u00e1ximos de 94,7% (d\u00eda) y 93% (noche).<\/strong> que permiten una respuesta fiable hasta la \u00faltima luz de fusil.<\/p>\n<h3>Nuevo desarrollo de la ret\u00edcula ZF 4 (A4N) en <a href=\"https:\/\/ddoptics.shop\/es\/termino-tecnico\/reticula-segundo-plano-imagen\/\" target=\"_blank\" rel=\"noopener\" data-schema-attribute=\"\">2\u00ba plano de la imagen<\/a><\/h3>\n<p>En <strong>ret\u00edcula 4 de nuevo desarrollo<\/strong> de DDoptics hace <strong>m\u00e1s espacio para una respuesta limpia.<\/strong><\/p>\n<figure id=\"attachment_1951\" aria-describedby=\"caption-attachment-1951\" style=\"width: 250px\" class=\"wp-caption alignright\"><a href=\"https:\/\/ddoptics.shop\/wp-content\/uploads\/2016\/04\/Neues-DDoptics-Absehen.jpg\" rel=\"attachment wp-att-1951\"><img decoding=\"async\" class=\"wp-image-1951\" src=\"https:\/\/ddoptics.shop\/wp-content\/uploads\/2016\/04\/Neues-DDoptics-Absehen-340x340.jpg\" alt=\"Nueva ret\u00edcula DDoptics 4\" width=\"250\" height=\"199\" title=\"\" srcset=\"https:\/\/ddoptics.shop\/wp-content\/uploads\/2016\/04\/Neues-DDoptics-Absehen-304x242.jpg 304w, https:\/\/ddoptics.shop\/wp-content\/uploads\/2016\/04\/Neues-DDoptics-Absehen-305x243.jpg 305w, https:\/\/ddoptics.shop\/wp-content\/uploads\/2016\/04\/Neues-DDoptics-Absehen-632x503.jpg 632w, https:\/\/ddoptics.shop\/wp-content\/uploads\/2016\/04\/Neues-DDoptics-Absehen.jpg 800w, https:\/\/ddoptics.shop\/wp-content\/uploads\/2016\/04\/Neues-DDoptics-Absehen-250x199.jpg 250w, https:\/\/ddoptics.shop\/wp-content\/uploads\/2016\/04\/Neues-DDoptics-Absehen-510x406.jpg 510w\" sizes=\"(max-width: 250px) 100vw, 250px\" \/><\/a><figcaption id=\"caption-attachment-1951\" class=\"wp-caption-text\">Nueva ret\u00edcula DDoptics 4<\/figcaption><\/figure>\n<p>Para ofrecerle una ventaja decisiva, hemos reducido las barras gruesas a la mitad del grosor A4 y hemos duplicado la distancia (centro) entre las barras gruesas.<\/p>\n<p><strong>Toda la imagen aparece m\u00e1s brillante, m\u00e1s grande y m\u00e1s clara con la nueva ret\u00edcula.<\/strong> No obstante, la ret\u00edcula se ve bien de noche. El <strong>La nueva ret\u00edcula 4 est\u00e1 situada en el plano de imagen del ocular (2\u00ba plano de imagen)<\/strong> y, por lo tanto, siempre mantiene el mismo tama\u00f1o al cambiar el aumento.<\/p>\n<p>Con <strong>aumento m\u00e1ximo de 15 veces, la ret\u00edcula s\u00f3lo oscurece m\u00ednimamente el objetivo.<\/strong> Cada clic ajusta la ret\u00edcula 1 cm a 100 metros, 2 cm a 200 metros, etc. Rango de ajuste total:<\/p>\n<ul>\n<li>27,5 MRAD - 275 clics - 2,75 m<\/li>\n<li>Recorrido de ajuste \/ clic cada 100 m: 1 cm<\/li>\n<li>Rango de ajuste \/ clic a 200 m: 2 cm<\/li>\n<li>Rango de ajuste \/ clic a 300 m: 3 cm<\/li>\n<li>Recorrido de ajuste \/ clic a 600 m: 6 cm<\/li>\n<\/ul>\n<p>En <strong>El ajuste por clic funciona con una precisi\u00f3n de repetici\u00f3n absoluta<\/strong> y se puede poner a cero despu\u00e9s de disparar (en caso de que se utilicen varias cargas). La compensaci\u00f3n de paralaje lateral (20 yardas hasta el infinito) protege contra la desalineaci\u00f3n y tambi\u00e9n garantiza una imagen n\u00edtida y sin fatiga en todos los ajustes de aumento.<\/p>\n<h3>Fabricaci\u00f3n robusta, instalaci\u00f3n sencilla<\/h3>\n<p>En <strong>DDoptics Nighteagle 2.5-15\u00d750 est\u00e1 relleno de nitr\u00f3geno y, por lo tanto, es completamente impermeable<\/strong> <strong>y protegidos contra los accesorios internos.<\/strong> El tubo de la mira telesc\u00f3pica (di\u00e1metro: 30 mm, longitud: 361,5 mm, peso: 640 g) est\u00e1 fabricado de una sola pieza de duraluminio y anodizado duro. Este nuevo tipo de revestimiento es especialmente suave, repele la suciedad y es extremadamente resistente a los ara\u00f1azos.<\/p>\n<h3>Punto luminoso para visores de punter\u00eda con regulaci\u00f3n fina de DDoptics<\/h3>\n<p>En <strong>Punto luminoso de fibra de vidrio<\/strong>(opcionalmente, por un suplemento de 99 euros, tambi\u00e9n en el <strong>versi\u00f3n autom\u00e1tica IFiber<\/strong> disponible) de DDoptics con circuitos electr\u00f3nicos completamente redise\u00f1ados se mantiene tan peque\u00f1o que s\u00f3lo se consigue la menor oclusi\u00f3n posible del objetivo.<\/p>\n<p>Gracias a la <strong>tecnolog\u00eda de fibra \u00f3ptica, el punto de luz se aten\u00faa a un alto<\/strong> no s\u00f3lo m\u00e1s oscuro, sino tambi\u00e9n m\u00e1s fino. El punto luminoso puede atenuarse continuamente en un 100% hasta que el ojo humano ya no pueda verlo.<\/p>\n<p>La ret\u00edcula tiene entonces el mismo efecto que una \u00f3ptica de punter\u00eda sin unidad iluminada. Cuando se activa el punto iluminado, no se producen molestos brillos ni reflejos en la \u00f3ptica. Como la unidad luminosa se fabrica a mano, se pueden tener en cuenta individualmente los requisitos especiales del cliente.<\/p>\n<h3>\u00d3ptica de punter\u00eda Ajuste de la distancia interpupilar y de las dioptr\u00edas<\/h3>\n<p>La distancia ocular es m\u00e1s que adecuada: 89 mm. Para el <strong>s\u00f3lo se necesita media vuelta para toda la gama de aumentos<\/strong>. El ajuste de dioptr\u00edas (de -3 a +4) puede realizarse f\u00e1cilmente en el extremo engomado del ocular mediante un ajuste estriado.<\/p>","protected":false},"excerpt":{"rendered":"<p><img decoding=\"async\" class=\"alignnone wp-image-10452 size-full\" title=\"Tiro deportivo\" src=\"https:\/\/ddoptics.shop\/wp-content\/uploads\/2016\/07\/Target-Schiessen.jpg\" alt=\"Tiro al blanco\" width=\"50\" height=\"50\" \/><img decoding=\"async\" class=\"alignnone wp-image-10168 size-full\" title=\"Stand de caza\" src=\"https:\/\/ddoptics.shop\/wp-content\/uploads\/2016\/09\/Jagd-klein.jpg\" alt=\"Prism\u00e1ticos de caza\" width=\"50\" height=\"50\" \/><img decoding=\"async\" class=\"alignnone wp-image-10178 size-full\" title=\"Caza de monta\u00f1a\" src=\"https:\/\/ddoptics.shop\/wp-content\/uploads\/2016\/04\/Gebirgsjagd-klein.jpg\" alt=\"Prism\u00e1ticos de caza de monta\u00f1a\" width=\"50\" height=\"50\" \/><\/p>\n<p>En <strong>Visor universal de alta intensidad V6 2,5-15\u00d750 Gen 3<\/strong> con\u00a0<strong>Zoom 6x,\u00a0<span style=\"color: #ff0000;\">ret\u00edcula de nuevo desarrollo <span style=\"color: #ed1c24;\">4<\/span><\/span><span style=\"color: #ed1c24;\">\u00a0y ajuste MRAD<\/span> convencido\u00a0<\/strong>por su versatilidad en la caza. <strong>Opcionalmente con <a title=\"NUEVO punto luminoso DDoptics IFiber\" href=\"\/es\/termino-tecnico-wiki\/punto-de-luz-inteligente-ddoptics-ifiber\/\" target=\"_blank\" rel=\"noopener noreferrer\">Punto luminoso IFibre<\/a> por s\u00f3lo 99,- euros de suplemento.<\/strong><\/p>\n<a href=\"https:\/\/amzn.to\/3z3OFH8\" target=\"_blank\" class=\"button success is-success is-small\" rel=\"\u201dnofollow\u201d noopener\" >\n\t\t<span>\u00bfes cliente de amazon? - \u00bfutiliza las ventajas prime?<\/span>\n\t<\/a>","protected":false},"featured_media":12182,"comment_status":"open","ping_status":"closed","template":"","meta":{"inline_featured_image":false,"footnotes":""},"product_brand":[],"product_cat":[478,453,638,697,640,641,919,637,68],"product_tag":[586,78,80,698,1098,79],"class_list":{"0":"post-12177","1":"product","2":"type-product","3":"status-publish","4":"has-post-thumbnail","6":"product_cat-25-15x50","7":"product_cat-50-mm-objektivdurchmesser","8":"product_cat-ansitzjagd","9":"product_cat-mrad-klickverstellung","10":"product_cat-pirschjagd-und-gebirgsjagd","11":"product_cat-sportschiessen","12":"product_cat-v6-6-fach-zoom","13":"product_cat-zf-anwendung","14":"product_cat-zielfernrohr","15":"product_tag-2-5-15x50","16":"product_tag-ddoptics","17":"product_tag-gen-3","18":"product_tag-mrad-1-cm-klickverstellung","19":"product_tag-nighteagle","20":"product_tag-zielfernrohr","21":"product_shipping_class-paket","22":"pa_brand-marke-ddoptics","23":"pa_produkt-typ-zielfernrohr","25":"first","26":"instock","27":"sale","28":"taxable","29":"shipping-taxable","30":"purchasable","31":"product-type-bundle"},"bundled_by":[],"bundle_stock_status":"instock","bundle_stock_quantity":40,"bundle_virtual":false,"bundle_layout":"default","bundle_add_to_cart_form_location":"default","bundle_editable_in_cart":false,"bundle_sold_individually_context":"product","bundle_item_grouping":"parent","bundle_min_size":"","bundle_max_size":"","bundle_price":{"price":{"min":{"incl_tax":"895.01","excl_tax":"745.84"},"max":{"incl_tax":"999.32","excl_tax":"832.76"}},"regular_price":{"min":{"incl_tax":"995.01","excl_tax":"829.18"},"max":{"incl_tax":"1110.9","excl_tax":"925.75"}}},"bundled_items":[{"bundled_item_id":54,"product_id":12809,"menu_order":0,"quantity_min":1,"quantity_max":1,"quantity_default":1,"priced_individually":true,"shipped_individually":false,"override_title":true,"title":"","override_description":false,"description":"","optional":false,"hide_thumbnail":true,"discount":"","override_variations":true,"allowed_variations":[12810,12811],"override_default_variation_attributes":false,"default_variation_attributes":[],"single_product_visibility":"visible","cart_visibility":"visible","order_visibility":"visible","single_product_price_visibility":"visible","cart_price_visibility":"visible","order_price_visibility":"visible","stock_status":"in_stock"},{"bundled_item_id":55,"product_id":12812,"menu_order":1,"quantity_min":1,"quantity_max":1,"quantity_default":1,"priced_individually":true,"shipped_individually":false,"override_title":true,"title":"Casi un regalo - flip caps","override_description":false,"description":"","optional":true,"hide_thumbnail":false,"discount":"68.55","override_variations":true,"allowed_variations":[12817],"override_default_variation_attributes":true,"default_variation_attributes":[{"id":17,"name":"Tama\u00f1o del visor","option":"25-15x50"}],"single_product_visibility":"visible","cart_visibility":"visible","order_visibility":"visible","single_product_price_visibility":"visible","cart_price_visibility":"visible","order_price_visibility":"visible","stock_status":"in_stock"}],"bundle_sell_ids":[],"_links":{"self":[{"href":"https:\/\/ddoptics.shop\/es\/wp-json\/wp\/v2\/product\/12177","targetHints":{"allow":["GET"]}}],"collection":[{"href":"https:\/\/ddoptics.shop\/es\/wp-json\/wp\/v2\/product"}],"about":[{"href":"https:\/\/ddoptics.shop\/es\/wp-json\/wp\/v2\/types\/product"}],"replies":[{"embeddable":true,"href":"https:\/\/ddoptics.shop\/es\/wp-json\/wp\/v2\/comments?post=12177"}],"version-history":[{"count":17,"href":"https:\/\/ddoptics.shop\/es\/wp-json\/wp\/v2\/product\/12177\/revisions"}],"predecessor-version":[{"id":29223,"href":"https:\/\/ddoptics.shop\/es\/wp-json\/wp\/v2\/product\/12177\/revisions\/29223"}],"wp:featuredmedia":[{"embeddable":true,"href":"https:\/\/ddoptics.shop\/es\/wp-json\/wp\/v2\/media\/12182"}],"wp:attachment":[{"href":"https:\/\/ddoptics.shop\/es\/wp-json\/wp\/v2\/media?parent=12177"}],"wp:term":[{"taxonomy":"product_brand","embeddable":true,"href":"https:\/\/ddoptics.shop\/es\/wp-json\/wp\/v2\/product_brand?post=12177"},{"taxonomy":"product_cat","embeddable":true,"href":"https:\/\/ddoptics.shop\/es\/wp-json\/wp\/v2\/product_cat?post=12177"},{"taxonomy":"product_tag","embeddable":true,"href":"https:\/\/ddoptics.shop\/es\/wp-json\/wp\/v2\/product_tag?post=12177"}],"curies":[{"name":"wp","href":"https:\/\/api.w.org\/{rel}","templated":true}]}}