{"id":12614,"date":"2018-06-15T11:37:34","date_gmt":"2018-06-15T09:37:34","guid":{"rendered":"https:\/\/ddoptics.shop\/?post_type=product&#038;p=12614"},"modified":"2025-07-04T09:46:36","modified_gmt":"2025-07-04T07:46:36","slug":"prismaticos-ddoptics-nighteagle-ergo-15x56","status":"publish","type":"product","link":"https:\/\/ddoptics.shop\/es\/kaufen\/ddoptics-nighteagle-ergo-15x56-fernglas\/","title":{"rendered":"Prism\u00e1ticos DDoptics Nighteagle ERGO 15\u00d756 Gen. 3.1"},"content":{"rendered":"<div class=\"row\"  id=\"row-408421084\">\n\n\t<div id=\"col-1165831219\" class=\"col medium-8 small-12 large-8\"  >\n\t\t\t\t<div class=\"col-inner\"  >\n\t\t\t\n\t\t\t\n<div>\n<h2>Prism\u00e1ticos DDoptics Nighteagle ERGO 15\u00d756 Gen 3.1 | Los prism\u00e1ticos todoterreno potentes, peque\u00f1os y ligeros<\/h2>\n<p>El nuevo <strong>Nighteagle Ergo 15\u00d756 <\/strong>es m\u00e1s que la nueva generaci\u00f3n: es una soluci\u00f3n sin concesiones para quienes esperan prestaciones con poco peso a un precio moderado.<\/p>\n<p>A pesar de su reducido peso de s\u00f3lo 930 g, el <strong>15\u00d756 Nighteagle Ergo<\/strong> Un rendimiento incre\u00edble que supera a la mayor\u00eda de los prism\u00e1ticos del rango de precios de 400 euros. El Nighteagle <strong>Ergo el 15\u00d756 est\u00e1 predestinado para todas las observaciones de la naturaleza a distancias m\u00e1s largas <\/strong>como <strong>Observaci\u00f3n de aves.<\/strong><\/p>\n<h3>El nuevo DDoptics ERGO 15\u00d756 Generaci\u00f3n 3.1<\/h3>\n<p>La nueva generaci\u00f3n 3.1 se ha mejorado a\u00fan m\u00e1s: el <strong>Rueda de enfoque y dioptr\u00edas<\/strong> son de metal robusto. En conjunto, los prism\u00e1ticos son 20 gramos m\u00e1s ligeros. Adem\u00e1s, los <strong>Oculares con un innovador mecanismo de bloqueo en Z<\/strong> proporcionado.<\/p>\n<\/div>\n\t\t<\/div>\n\t\t\t\t\n<style>\n#col-1165831219 > .col-inner {\n  margin: 0px 0px -30px 0px;\n}\n<\/style>\n\t<\/div>\n\n\t\n\n\t<div id=\"col-59824381\" class=\"col medium-4 small-12 large-4\"  >\n\t\t\t\t<div class=\"col-inner\"  >\n\t\t\t\n\t\t\t\n\t<div class=\"img has-hover x md-x lg-x y md-y lg-y\" id=\"image_1714615164\">\n\t\t\t\t\t\t\t\t<div class=\"img-inner dark\" >\n\t\t\t\t\t\t\t\t\t\n\t\t\t\t\t<\/div>\n\t\t\t\t\t\t\t\t\n<style>\n#image_1714615164 {\n  width: 100%;\n}\n<\/style>\n\t<\/div>\n\t\n\t<div class=\"img has-hover x md-x lg-x y md-y lg-y\" id=\"image_1322536451\">\n\t\t<a class=\"\" href=\"https:\/\/www.shop.ddoptics.de\/garantiebestimmungen\" target=\"_blank\" rel=\"noopener\">\t\t\t\t\t\t<div class=\"img-inner dark\" >\n\t\t\t<img decoding=\"async\" width=\"352\" height=\"160\" src=\"https:\/\/ddoptics.shop\/wp-content\/uploads\/2014\/09\/DDoptics-Garantie.jpg\" class=\"attachment-large size-large\" alt=\"Garant\u00eda DDoptics\" srcset=\"https:\/\/ddoptics.shop\/wp-content\/uploads\/2014\/09\/DDoptics-Garantie.jpg 352w, https:\/\/ddoptics.shop\/wp-content\/uploads\/2014\/09\/DDoptics-Garantie-304x138.jpg 304w, https:\/\/ddoptics.shop\/wp-content\/uploads\/2014\/09\/DDoptics-Garantie-305x139.jpg 305w, https:\/\/ddoptics.shop\/wp-content\/uploads\/2014\/09\/DDoptics-Garantie-250x114.jpg 250w\" sizes=\"(max-width: 352px) 100vw, 352px\" title=\"\">\t\t\t\t\t\t\n\t\t\t\t\t<\/div>\n\t\t\t\t\t\t<\/a>\t\t\n<style>\n#image_1322536451 {\n  width: 100%;\n}\n<\/style>\n\t<\/div>\n\t\n<h3>Datos sobre los prism\u00e1ticos DDoptics ERGO<\/h3>\n\n\t\t<div class=\"icon-box featured-box icon-box-left text-left\"  >\n\t\t\t\t\t<div class=\"icon-box-img\" style=\"width: 32px\">\n\t\t\t\t<div class=\"icon\">\n\t\t\t\t\t<div class=\"icon-inner\" >\n\t\t\t\t\t\t<img decoding=\"async\" width=\"100\" height=\"83\" src=\"https:\/\/ddoptics.shop\/wp-content\/uploads\/2021\/05\/DDoptics-SHG-Icon.jpg\" class=\"attachment-medium size-medium\" alt=\"Prism\u00e1ticos DDoptics SHG Icon\" title=\"\">\t\t\t\t\t<\/div>\n\t\t\t\t<\/div>\n\t\t\t<\/div>\n\t\t\t\t<div class=\"icon-box-text last-reset\">\n\t\t\t\t\t\t\t\t\t\n<p><span data-sheets-value=\"{&quot;1&quot;:2,&quot;2&quot;:&quot;\u2705&quot;}\" data-sheets-userformat=\"{&quot;2&quot;:15297,&quot;3&quot;:{&quot;1&quot;:0},&quot;9&quot;:0,&quot;10&quot;:2,&quot;11&quot;:0,&quot;12&quot;:0,&quot;14&quot;:{&quot;1&quot;:2,&quot;2&quot;:0},&quot;15&quot;:&quot;Calibri, sans-serif&quot;,&quot;16&quot;:11}\">Espejo diel\u00e9ctrico<br \/>\n<\/span><\/p>\n\t\t<\/div>\n\t<\/div>\n\t\n\t\n\n\t\t<div class=\"icon-box featured-box icon-box-left text-left\"  >\n\t\t\t\t\t<div class=\"icon-box-img\" style=\"width: 32px\">\n\t\t\t\t<div class=\"icon\">\n\t\t\t\t\t<div class=\"icon-inner\" >\n\t\t\t\t\t\t<img decoding=\"async\" width=\"100\" height=\"83\" src=\"https:\/\/ddoptics.shop\/wp-content\/uploads\/2021\/05\/DDoptics-SHG-Icon.jpg\" class=\"attachment-medium size-medium\" alt=\"Prism\u00e1ticos DDoptics SHG Icon\" title=\"\">\t\t\t\t\t<\/div>\n\t\t\t\t<\/div>\n\t\t\t<\/div>\n\t\t\t\t<div class=\"icon-box-text last-reset\">\n\t\t\t\t\t\t\t\t\t\n<p>\u2705 <b>Ideal para detalles como la observaci\u00f3n de aves<\/b><\/p>\n\t\t<\/div>\n\t<\/div>\n\t\n\t\n\n\t\t<div class=\"icon-box featured-box icon-box-left text-left\"  >\n\t\t\t\t\t<div class=\"icon-box-img\" style=\"width: 32px\">\n\t\t\t\t<div class=\"icon\">\n\t\t\t\t\t<div class=\"icon-inner\" >\n\t\t\t\t\t\t<img decoding=\"async\" width=\"100\" height=\"83\" src=\"https:\/\/ddoptics.shop\/wp-content\/uploads\/2021\/05\/DDoptics-SHG-Icon.jpg\" class=\"attachment-medium size-medium\" alt=\"Prism\u00e1ticos DDoptics SHG Icon\" title=\"\">\t\t\t\t\t<\/div>\n\t\t\t\t<\/div>\n\t\t\t<\/div>\n\t\t\t\t<div class=\"icon-box-text last-reset\">\n\t\t\t\t\t\t\t\t\t\n<p>\u2705 <span data-sheets-value=\"{&quot;1&quot;:2,&quot;2&quot;:&quot;\u2705&quot;}\" data-sheets-userformat=\"{&quot;2&quot;:15297,&quot;3&quot;:{&quot;1&quot;:0},&quot;9&quot;:0,&quot;10&quot;:2,&quot;11&quot;:0,&quot;12&quot;:0,&quot;14&quot;:{&quot;1&quot;:2,&quot;2&quot;:0},&quot;15&quot;:&quot;Calibri, sans-serif&quot;,&quot;16&quot;:11}\">Espejo diel\u00e9ctrico<\/span><\/p>\n\t\t<\/div>\n\t<\/div>\n\t\n\t\n\n\t\t<div class=\"icon-box featured-box icon-box-left text-left\"  >\n\t\t\t\t\t<div class=\"icon-box-img\" style=\"width: 32px\">\n\t\t\t\t<div class=\"icon\">\n\t\t\t\t\t<div class=\"icon-inner\" >\n\t\t\t\t\t\t<img decoding=\"async\" width=\"100\" height=\"83\" src=\"https:\/\/ddoptics.shop\/wp-content\/uploads\/2021\/05\/DDoptics-SHG-Icon.jpg\" class=\"attachment-medium size-medium\" alt=\"Prism\u00e1ticos DDoptics SHG Icon\" title=\"\">\t\t\t\t\t<\/div>\n\t\t\t\t<\/div>\n\t\t\t<\/div>\n\t\t\t\t<div class=\"icon-box-text last-reset\">\n\t\t\t\t\t\t\t\t\t\n<p>\u2705 <span data-sheets-value=\"{&quot;1&quot;:2,&quot;2&quot;:&quot;\u2705&quot;}\" data-sheets-userformat=\"{&quot;2&quot;:15297,&quot;3&quot;:{&quot;1&quot;:0},&quot;9&quot;:0,&quot;10&quot;:2,&quot;11&quot;:0,&quot;12&quot;:0,&quot;14&quot;:{&quot;1&quot;:2,&quot;2&quot;:0},&quot;15&quot;:&quot;Calibri, sans-serif&quot;,&quot;16&quot;:11}\">Gran luminosidad y contraste + Buena nitidez de los bordes<\/span><\/p>\n\t\t<\/div>\n\t<\/div>\n\t\n\t\n\n\t\t<div class=\"icon-box featured-box icon-box-left text-left\"  >\n\t\t\t\t\t<div class=\"icon-box-img\" style=\"width: 32px\">\n\t\t\t\t<div class=\"icon\">\n\t\t\t\t\t<div class=\"icon-inner\" >\n\t\t\t\t\t\t<img decoding=\"async\" width=\"100\" height=\"83\" src=\"https:\/\/ddoptics.shop\/wp-content\/uploads\/2021\/05\/DDoptics-SHG-Icon.jpg\" class=\"attachment-medium size-medium\" alt=\"Prism\u00e1ticos DDoptics SHG Icon\" title=\"\">\t\t\t\t\t<\/div>\n\t\t\t\t<\/div>\n\t\t\t<\/div>\n\t\t\t\t<div class=\"icon-box-text last-reset\">\n\t\t\t\t\t\t\t\t\t\n<p>\u2705 <span data-sheets-value=\"{&quot;1&quot;:2,&quot;2&quot;:&quot;\u2705&quot;}\" data-sheets-userformat=\"{&quot;2&quot;:15297,&quot;3&quot;:{&quot;1&quot;:0},&quot;9&quot;:0,&quot;10&quot;:2,&quot;11&quot;:0,&quot;12&quot;:0,&quot;14&quot;:{&quot;1&quot;:2,&quot;2&quot;:0},&quot;15&quot;:&quot;Calibri, sans-serif&quot;,&quot;16&quot;:11}\">Precio - rendimiento profesional<\/span><\/p>\n\t\t<\/div>\n\t<\/div>\n\t\n\t\n\n\t\t<div class=\"icon-box featured-box icon-box-left text-left\"  >\n\t\t\t\t\t<div class=\"icon-box-img\" style=\"width: 32px\">\n\t\t\t\t<div class=\"icon\">\n\t\t\t\t\t<div class=\"icon-inner\" >\n\t\t\t\t\t\t<img decoding=\"async\" width=\"100\" height=\"83\" src=\"https:\/\/ddoptics.shop\/wp-content\/uploads\/2021\/05\/DDoptics-SHG-Icon.jpg\" class=\"attachment-medium size-medium\" alt=\"Prism\u00e1ticos DDoptics SHG Icon\" title=\"\">\t\t\t\t\t<\/div>\n\t\t\t\t<\/div>\n\t\t\t<\/div>\n\t\t\t\t<div class=\"icon-box-text last-reset\">\n\t\t\t\t\t\t\t\t\t\n<p>\u2705 <span data-sheets-value=\"{&quot;1&quot;:2,&quot;2&quot;:&quot;\u2705&quot;}\" data-sheets-userformat=\"{&quot;2&quot;:15297,&quot;3&quot;:{&quot;1&quot;:0},&quot;9&quot;:0,&quot;10&quot;:2,&quot;11&quot;:0,&quot;12&quot;:0,&quot;14&quot;:{&quot;1&quot;:2,&quot;2&quot;:0},&quot;15&quot;:&quot;Calibri, sans-serif&quot;,&quot;16&quot;:11}\">Vidrio CT de baja dispersi\u00f3n<\/span><\/p>\n\t\t<\/div>\n\t<\/div>\n\t\n\t\n\t\t<\/div>\n\t\t\t\t\t<\/div>\n\n\t\n<\/div>\n<h3>Ver las cosas con m\u00e1s claridad, independientemente de la luz que haya<\/h3>\n<p>Ya sea de d\u00eda o al atardecer, la mejor manera de vivir una <strong>impresi\u00f3n visual cuando es completamente natural y fiel al color<\/strong> aparece.<\/p>\n<p>El nuevo aspecto del Nighteagle<strong>\u00a015\u00d756 ERGO 3.1<\/strong> da al espectador la sensaci\u00f3n de estar viviendo una realidad brillante, en la que el \u00c1guila Nocturna siempre sorprende de forma positiva. <strong>Franjas de color y tergiversaciones crom\u00e1ticas<\/strong> apenas se conoce con estos prism\u00e1ticos, una l\u00ednea recta sigue siendo una l\u00ednea recta incluso en los bordes.<\/p>\n<h3>M\u00e1s luminoso, m\u00e1s ligero, mayor contraste - ERGO 15\u00d756 Gen. 3.1<\/h3>\n<p>Si cada dedo de unos prism\u00e1ticos sabe cu\u00e1l es su sitio, si tiene la sensaci\u00f3n de sostener en la mano unos prism\u00e1ticos ligeros y peque\u00f1os, y si estos prism\u00e1ticos son, no obstante, m\u00e1s luminosos y contrastados de lo que antes cre\u00eda posible con un peso tan ligero, entonces lo hemos hecho todo bien.<\/p>\n<h3>Encuentre el punto focal incluso en la oscuridad (Smart Focus 50 m - infinito)<\/h3>\n<p>Ventajoso en el <strong>Al atardecer o por la noche es el Smart Focus:<\/strong> Esta t\u00e9cnica elimina en gran medida la necesidad de reenfocar con el Nighteagle.<br \/>\nTras enfocar un objeto situado a unos 100 metros de distancia, el ojo se ajusta autom\u00e1ticamente en el rango de distancias de 50 metros al infinito sin necesidad de reenfocar constantemente.<\/p>\n<h3>F\u00e1cil ajuste de la funci\u00f3n de 50 m a infinito<\/h3>\n<p>El nuevo DDoptics <strong>Nighteagle ERGO 15\u00d756 3.1<\/strong> de la tercera generaci\u00f3n se ha asemejado un poco m\u00e1s a su \"hermano mayor\", el Pirschler Gen 3. El nuevo Nighteagle tambi\u00e9n tiene un marcador de l\u00ednea t\u00e1ctil que le permite guiar f\u00e1cilmente los prism\u00e1ticos de nuevo en el enfoque de d\u00eda y de noche.<\/p>\n<p>Al <strong>Al ajustar de noche, la l\u00ednea t\u00e1ctil que marca la rueda de enfoque<\/strong> simplemente girado a la \"parte superior\" y la imagen es n\u00edtida.<\/p>","protected":false},"excerpt":{"rendered":"<p><img decoding=\"async\" class=\"alignnone size-full wp-image-10170\" src=\"https:\/\/ddoptics.shop\/wp-content\/uploads\/2016\/09\/Ornitologie-klein.jpg\" alt=\"Observaci\u00f3n de aves\" width=\"50\" height=\"50\" \/><img decoding=\"async\" class=\"alignnone size-full wp-image-10180\" src=\"https:\/\/ddoptics.shop\/wp-content\/uploads\/2016\/04\/Bergwandern-klein.jpg\" alt=\"Prism\u00e1ticos de monta\u00f1a\" width=\"50\" height=\"50\" \/><br \/>\nEl nuevo <strong>Nighteagle Ergo Gen 3.1<\/strong> son los mejores prism\u00e1ticos 15\u00d756 de DDoptics en su categor\u00eda de precio. AHORA NUEVO: <strong>Generaci\u00f3n 3.1<\/strong> con rueda de enfoque y ajuste de dioptr\u00edas de metal y <strong>Oculares met\u00e1licos mejorados con ret\u00e9n Z<\/strong>!<\/p>","protected":false},"featured_media":12619,"comment_status":"open","ping_status":"closed","template":"","meta":{"inline_featured_image":false,"footnotes":""},"product_brand":[],"product_cat":[353,364,329,67,344,354],"product_tag":[324,738,78,648,649],"class_list":{"0":"post-12614","1":"product","2":"type-product","3":"status-publish","4":"has-post-thumbnail","6":"product_cat-15x-vergroesserung","7":"product_cat-56-mm-objektiv","8":"product_cat-ddoptics","9":"product_cat-fernglas","10":"product_cat-naturbeobachtung","11":"product_cat-vogelbeobachtung","12":"product_tag-15x56","13":"product_tag-15x56-fernglas","14":"product_tag-ddoptics","15":"product_tag-ddoptics-gen-3","16":"product_tag-ergo-gen-3-fernglas","17":"product_shipping_class-paket","18":"pa_brand-marke-ddoptics","19":"pa_farbe-gruen","20":"pa_produkt-typ-fernglas","22":"first","23":"instock","24":"sale","25":"taxable","26":"shipping-taxable","27":"purchasable","28":"product-type-simple"},"bundled_by":[],"bundle_stock_status":"instock","bundle_stock_quantity":null,"bundle_virtual":false,"bundle_layout":"","bundle_add_to_cart_form_location":"","bundle_editable_in_cart":false,"bundle_sold_individually_context":"","bundle_item_grouping":"","bundle_min_size":"","bundle_max_size":"","bundle_price":[],"bundled_items":[],"bundle_sell_ids":[],"_links":{"self":[{"href":"https:\/\/ddoptics.shop\/es\/wp-json\/wp\/v2\/product\/12614","targetHints":{"allow":["GET"]}}],"collection":[{"href":"https:\/\/ddoptics.shop\/es\/wp-json\/wp\/v2\/product"}],"about":[{"href":"https:\/\/ddoptics.shop\/es\/wp-json\/wp\/v2\/types\/product"}],"replies":[{"embeddable":true,"href":"https:\/\/ddoptics.shop\/es\/wp-json\/wp\/v2\/comments?post=12614"}],"version-history":[{"count":13,"href":"https:\/\/ddoptics.shop\/es\/wp-json\/wp\/v2\/product\/12614\/revisions"}],"predecessor-version":[{"id":23096,"href":"https:\/\/ddoptics.shop\/es\/wp-json\/wp\/v2\/product\/12614\/revisions\/23096"}],"wp:featuredmedia":[{"embeddable":true,"href":"https:\/\/ddoptics.shop\/es\/wp-json\/wp\/v2\/media\/12619"}],"wp:attachment":[{"href":"https:\/\/ddoptics.shop\/es\/wp-json\/wp\/v2\/media?parent=12614"}],"wp:term":[{"taxonomy":"product_brand","embeddable":true,"href":"https:\/\/ddoptics.shop\/es\/wp-json\/wp\/v2\/product_brand?post=12614"},{"taxonomy":"product_cat","embeddable":true,"href":"https:\/\/ddoptics.shop\/es\/wp-json\/wp\/v2\/product_cat?post=12614"},{"taxonomy":"product_tag","embeddable":true,"href":"https:\/\/ddoptics.shop\/es\/wp-json\/wp\/v2\/product_tag?post=12614"}],"curies":[{"name":"wp","href":"https:\/\/api.w.org\/{rel}","templated":true}]}}