{"id":12741,"date":"2018-09-25T10:55:35","date_gmt":"2018-09-25T08:55:35","guid":{"rendered":"https:\/\/ddoptics.shop\/?post_type=product&#038;p=12741"},"modified":"2025-06-27T13:43:33","modified_gmt":"2025-06-27T11:43:33","slug":"ddoptics-prismaticos-8x45-stalker-gen-3","status":"publish","type":"product","link":"https:\/\/ddoptics.shop\/es\/kaufen\/ddoptics-fernglas-8x45-pirschler-gen-3\/","title":{"rendered":"Prism\u00e1ticos DDoptics Pirschler 8\u00d745 Gen. 3"},"content":{"rendered":"<div class=\"row\"  id=\"row-1091433999\">\n\n\t<div id=\"col-1088065415\" class=\"col medium-8 small-12 large-8\"  >\n\t\t\t\t<div class=\"col-inner\"  >\n\t\t\t\n\t\t\t\n<h2>Prism\u00e1ticos DDoptics Pirschler 8\u00d745 Gen 3 - verde. Las lentes de 45 mm y los prismas Abbe-K\u00f6nig garantizan la luminosidad adecuada<\/h2>\n<p>El nuevo <strong>Prism\u00e1ticos nocturnos y de caza Pirschler 8\u00d745 ultrabrillantes e indestructibles<\/strong>\u00a0es el esperado <strong>una \"versi\u00f3n de acecho\" m\u00e1s peque\u00f1a del cristal nocturno Pirschler 8\u00d756<\/strong>. En cuanto se mira a trav\u00e9s de los oculares de los prism\u00e1ticos DDoptics \"Pirschler 8\u00d745\", la luminosidad de la imagen llama literalmente la atenci\u00f3n. La transmisi\u00f3n luminosa extremadamente alta es la base para una reproducci\u00f3n de im\u00e1genes brillante y de alto contraste con contornos n\u00edtidos.<\/p>\n<p>Incluso por la noche, el <strong>Pirschler 8\u00d745<\/strong> Prism\u00e1ticos como fiel compa\u00f1ero. Responsable de la <strong>la reproducci\u00f3n de im\u00e1genes brillantes y n\u00edtidas es de cristal CT con un elaborado revestimiento DDlucid<\/strong> y <strong>Prisma Abbe King de alta calidad<\/strong>n. La dispersi\u00f3n es muy baja.<\/p>\n<p>Las principales caracter\u00edsticas de estos prism\u00e1ticos, adem\u00e1s del tama\u00f1o reducido, son el peso ligero (gracias a la carcasa de magnesio) de n<strong>950 g con un di\u00e1metro de lente de 45 mm.\u00a0<\/strong>Es precisamente la lente objetiva m\u00e1s grande la que permite la importante combinaci\u00f3n con los prismas Abbe-K\u00f6nig, lo que hace que los prism\u00e1ticos sean significativamente m\u00e1s luminosos que los prism\u00e1ticos con una lente objetiva de 42 mm de di\u00e1metro.<\/p>\n<h3>Estabilidad y robustez de los prism\u00e1ticos Pirschler 8\u00d745 Gen 3 de DDoptics<\/h3>\n<p>Gracias a los modernos materiales y t\u00e9cnicas de fabricaci\u00f3n, el <strong>Los prism\u00e1ticos son indestructibles y ligeros,<\/strong> y extremadamente c\u00f3modo de manejar. Esto hace que el <strong>Prism\u00e1ticos \"Pirschler\" 8\u00d745 y 10\u00d745<\/strong> no s\u00f3lo para todos los \u00e1mbitos de aplicaci\u00f3n, sino que tambi\u00e9n son ideales para <strong>Manos de ni\u00f1os y se\u00f1oras.<\/strong>No hay ni un gramo de pl\u00e1stico en los nuevos prism\u00e1ticos Pirschler 8\u00d745 (excepto en la tapa de protecci\u00f3n del tr\u00edpode y el blindaje), ni en el propio cuerpo ni en las piezas de desgaste.<\/p>\n\t\t<\/div>\n\t\t\t\t\n<style>\n#col-1088065415 > .col-inner {\n  margin: 0px 0px -30px 0px;\n}\n<\/style>\n\t<\/div>\n\n\t\n\n\t<div id=\"col-249792952\" class=\"col medium-4 small-12 large-4\"  >\n\t\t\t\t<div class=\"col-inner\"  >\n\t\t\t\n\t\t\t\n\t<div class=\"img has-hover x md-x lg-x y md-y lg-y\" id=\"image_1174912135\">\n\t\t\t\t\t\t\t\t<div class=\"img-inner dark\" >\n\t\t\t\t\t\t\t\t\t\n\t\t\t\t\t<\/div>\n\t\t\t\t\t\t\t\t\n<style>\n#image_1174912135 {\n  width: 100%;\n}\n<\/style>\n\t<\/div>\n\t\n\t<div class=\"img has-hover x md-x lg-x y md-y lg-y\" id=\"image_1297243027\">\n\t\t<a class=\"\" href=\"https:\/\/www.shop.ddoptics.de\/garantiebestimmungen\" target=\"_blank\" rel=\"noopener\">\t\t\t\t\t\t<div class=\"img-inner dark\" >\n\t\t\t<img decoding=\"async\" width=\"352\" height=\"160\" src=\"https:\/\/ddoptics.shop\/wp-content\/uploads\/2014\/09\/DDoptics-Garantie.jpg\" class=\"attachment-large size-large\" alt=\"Garant\u00eda DDoptics\" srcset=\"https:\/\/ddoptics.shop\/wp-content\/uploads\/2014\/09\/DDoptics-Garantie.jpg 352w, https:\/\/ddoptics.shop\/wp-content\/uploads\/2014\/09\/DDoptics-Garantie-304x138.jpg 304w, https:\/\/ddoptics.shop\/wp-content\/uploads\/2014\/09\/DDoptics-Garantie-305x139.jpg 305w, https:\/\/ddoptics.shop\/wp-content\/uploads\/2014\/09\/DDoptics-Garantie-250x114.jpg 250w\" sizes=\"(max-width: 352px) 100vw, 352px\" title=\"\">\t\t\t\t\t\t\n\t\t\t\t\t<\/div>\n\t\t\t\t\t\t<\/a>\t\t\n<style>\n#image_1297243027 {\n  width: 100%;\n}\n<\/style>\n\t<\/div>\n\t\n<h3>Datos sobre los prism\u00e1ticos DDoptics Pirschler<\/h3>\n\n\t\t<div class=\"icon-box featured-box icon-box-left text-left\"  >\n\t\t\t\t\t<div class=\"icon-box-img\" style=\"width: 32px\">\n\t\t\t\t<div class=\"icon\">\n\t\t\t\t\t<div class=\"icon-inner\" >\n\t\t\t\t\t\t<img decoding=\"async\" width=\"100\" height=\"83\" src=\"https:\/\/ddoptics.shop\/wp-content\/uploads\/2021\/05\/DDoptics-SHG-Icon.jpg\" class=\"attachment-medium size-medium\" alt=\"Prism\u00e1ticos DDoptics SHG Icon\" title=\"\">\t\t\t\t\t<\/div>\n\t\t\t\t<\/div>\n\t\t\t<\/div>\n\t\t\t\t<div class=\"icon-box-text last-reset\">\n\t\t\t\t\t\t\t\t\t\n<p>Prismas ABBE K\u00d6NIG<\/p>\n\t\t<\/div>\n\t<\/div>\n\t\n\t\n\n\t\t<div class=\"icon-box featured-box icon-box-left text-left\"  >\n\t\t\t\t\t<div class=\"icon-box-img\" style=\"width: 32px\">\n\t\t\t\t<div class=\"icon\">\n\t\t\t\t\t<div class=\"icon-inner\" >\n\t\t\t\t\t\t<img decoding=\"async\" width=\"100\" height=\"83\" src=\"https:\/\/ddoptics.shop\/wp-content\/uploads\/2021\/05\/DDoptics-SHG-Icon.jpg\" class=\"attachment-medium size-medium\" alt=\"Prism\u00e1ticos DDoptics SHG Icon\" title=\"\">\t\t\t\t\t<\/div>\n\t\t\t\t<\/div>\n\t\t\t<\/div>\n\t\t\t\t<div class=\"icon-box-text last-reset\">\n\t\t\t\t\t\t\t\t\t\n<p>Cuerpo met\u00e1lico de magnesio (Mg) indestructible<\/p>\n\t\t<\/div>\n\t<\/div>\n\t\n\t\n\n\t\t<div class=\"icon-box featured-box icon-box-left text-left\"  >\n\t\t\t\t\t<div class=\"icon-box-img\" style=\"width: 32px\">\n\t\t\t\t<div class=\"icon\">\n\t\t\t\t\t<div class=\"icon-inner\" >\n\t\t\t\t\t\t<img decoding=\"async\" width=\"100\" height=\"83\" src=\"https:\/\/ddoptics.shop\/wp-content\/uploads\/2021\/05\/DDoptics-SHG-Icon.jpg\" class=\"attachment-medium size-medium\" alt=\"Prism\u00e1ticos DDoptics SHG Icon\" title=\"\">\t\t\t\t\t<\/div>\n\t\t\t\t<\/div>\n\t\t\t<\/div>\n\t\t\t\t<div class=\"icon-box-text last-reset\">\n\t\t\t\t\t\t\t\t\t\n<p>\u2705 Aspecto completamente nuevo con cristal CT.<\/p>\n\t\t<\/div>\n\t<\/div>\n\t\n\t\n\n\t\t<div class=\"icon-box featured-box icon-box-left text-left\"  >\n\t\t\t\t\t<div class=\"icon-box-img\" style=\"width: 32px\">\n\t\t\t\t<div class=\"icon\">\n\t\t\t\t\t<div class=\"icon-inner\" >\n\t\t\t\t\t\t<img decoding=\"async\" width=\"100\" height=\"83\" src=\"https:\/\/ddoptics.shop\/wp-content\/uploads\/2021\/05\/DDoptics-SHG-Icon.jpg\" class=\"attachment-medium size-medium\" alt=\"Prism\u00e1ticos DDoptics SHG Icon\" title=\"\">\t\t\t\t\t<\/div>\n\t\t\t\t<\/div>\n\t\t\t<\/div>\n\t\t\t\t<div class=\"icon-box-text last-reset\">\n\t\t\t\t\t\t\t\t\t\n<p>Campo de visi\u00f3n de 135 m para una visi\u00f3n c\u00f3moda<\/p>\n\t\t<\/div>\n\t<\/div>\n\t\n\t\n\n\t\t<div class=\"icon-box featured-box icon-box-left text-left\"  >\n\t\t\t\t\t<div class=\"icon-box-img\" style=\"width: 32px\">\n\t\t\t\t<div class=\"icon\">\n\t\t\t\t\t<div class=\"icon-inner\" >\n\t\t\t\t\t\t<img decoding=\"async\" width=\"100\" height=\"83\" src=\"https:\/\/ddoptics.shop\/wp-content\/uploads\/2021\/05\/DDoptics-SHG-Icon.jpg\" class=\"attachment-medium size-medium\" alt=\"Prism\u00e1ticos DDoptics SHG Icon\" title=\"\">\t\t\t\t\t<\/div>\n\t\t\t\t<\/div>\n\t\t\t<\/div>\n\t\t\t\t<div class=\"icon-box-text last-reset\">\n\t\t\t\t\t\t\t\t\t\n<p>\u2705 Raindefender Nano - Revestimiento de loto<\/p>\n\t\t<\/div>\n\t<\/div>\n\t\n\t\n\n\t\t<div class=\"icon-box featured-box icon-box-left text-left\"  >\n\t\t\t\t\t<div class=\"icon-box-img\" style=\"width: 32px\">\n\t\t\t\t<div class=\"icon\">\n\t\t\t\t\t<div class=\"icon-inner\" >\n\t\t\t\t\t\t<img decoding=\"async\" width=\"100\" height=\"83\" src=\"https:\/\/ddoptics.shop\/wp-content\/uploads\/2021\/05\/DDoptics-SHG-Icon.jpg\" class=\"attachment-medium size-medium\" alt=\"Prism\u00e1ticos DDoptics SHG Icon\" title=\"\">\t\t\t\t\t<\/div>\n\t\t\t\t<\/div>\n\t\t\t<\/div>\n\t\t\t\t<div class=\"icon-box-text last-reset\">\n\t\t\t\t\t\t\t\t\t\n<p>\u2705 Concepto de dise\u00f1o Best Grip antideslizante<\/p>\n\t\t<\/div>\n\t<\/div>\n\t\n\t\n<div class=\"is-divider divider clearfix\" ><\/div>\n\t\t<\/div>\n\t\t\t\t\t<\/div>\n\n\t\n<\/div>\n<figure id=\"attachment_12747\" aria-describedby=\"caption-attachment-12747\" style=\"width: 400px\" class=\"wp-caption alignright\"><a href=\"https:\/\/ddoptics.shop\/wp-content\/uploads\/2018\/09\/Lichttransmissionswerte-Pirschler-45mm.jpg\"><img decoding=\"async\" class=\"wp-image-12747\" src=\"https:\/\/ddoptics.shop\/wp-content\/uploads\/2018\/09\/Lichttransmissionswerte-Pirschler-45mm.jpg\" alt=\"Valores de transmisi\u00f3n de la luz Prism\u00e1ticos Pirschler 8x45\" width=\"400\" height=\"265\" title=\"\" srcset=\"https:\/\/ddoptics.shop\/wp-content\/uploads\/2018\/09\/Lichttransmissionswerte-Pirschler-45mm.jpg 900w, https:\/\/ddoptics.shop\/wp-content\/uploads\/2018\/09\/Lichttransmissionswerte-Pirschler-45mm-304x201.jpg 304w, https:\/\/ddoptics.shop\/wp-content\/uploads\/2018\/09\/Lichttransmissionswerte-Pirschler-45mm-305x202.jpg 305w, https:\/\/ddoptics.shop\/wp-content\/uploads\/2018\/09\/Lichttransmissionswerte-Pirschler-45mm-632x419.jpg 632w, https:\/\/ddoptics.shop\/wp-content\/uploads\/2018\/09\/Lichttransmissionswerte-Pirschler-45mm-800x530.jpg 800w, https:\/\/ddoptics.shop\/wp-content\/uploads\/2018\/09\/Lichttransmissionswerte-Pirschler-45mm-510x338.jpg 510w, https:\/\/ddoptics.shop\/wp-content\/uploads\/2018\/09\/Lichttransmissionswerte-Pirschler-45mm-250x166.jpg 250w\" sizes=\"(max-width: 400px) 100vw, 400px\" \/><\/a><figcaption id=\"caption-attachment-12747\" class=\"wp-caption-text\">Valores de transmisi\u00f3n de la luz Prism\u00e1ticos Pirschler 8\u00d745<\/figcaption><\/figure>\n<p><strong>El cuerpo y el puente de los prism\u00e1ticos est\u00e1n fabricados con una aleaci\u00f3n de magnesio extremadamente ligera<\/strong> de construcci\u00f3n aeron\u00e1utica y hacen que los prism\u00e1ticos sean pr\u00e1cticamente irrompibles. El sitio <strong>Binoculares Dioptr\u00edas (rango de ajuste +-4)<\/strong> ya no se encuentra en la rueda de enfoque, sino en el ocular derecho del binocular para una mejor funcionalidad. Todos estos elementos de mando - dioptr\u00eda, ocular, rueda de enfoque - est\u00e1n fabricados en duraluminio y garantizan as\u00ed una larga vida \u00fatil.<\/p>\n<p>Un refuerzo denominado \"Best Grip\" en la parte exterior del cuerpo evita que las manos resbalen. Esto hace que el <strong>agarre y sujeci\u00f3n con una sola mano de estos prism\u00e1ticos compactos<\/strong> c\u00f3modo y seguro incluso con guantes.<\/p>\n<h3>\u00d3ptica de los prism\u00e1ticos Brilliant Pirschler 8\u00d745<\/h3>\n<p>Mirando por los oculares del <strong>Los prism\u00e1ticos Pirschler 8\u00d745 aturden literalmente por el brillo de la imagen i<\/strong>n el ojo. Un <strong>Transmisi\u00f3n de luz extremadamente alta<\/strong> constituye la base de un <strong>Reproducci\u00f3n de im\u00e1genes brillantes y de alto contraste<\/strong> con contornos n\u00edtidos, incluso al anochecer. Incluso de noche, el Pirschler 8\u00d745 demuestra ser un compa\u00f1ero fiel para muchas observaciones. Responsable del <strong>la reproducci\u00f3n de im\u00e1genes brillantes y n\u00edtidas es de cristal CT con un elaborado revestimiento DDlucid<\/strong> y prismas Abbe-K\u00f6nig de alta calidad. La dispersi\u00f3n es muy baja.<\/p>\n<h3>Su c\u00f3modo manejo garantiza una observaci\u00f3n de la naturaleza sin nubes<\/h3>\n<p>Los prism\u00e1ticos \"Pirschler\" se adaptan c\u00f3modamente a la mano gracias a su sofisticado dise\u00f1o ergon\u00f3mico. Un blindaje denominado \"Best Grip\" en la parte exterior de los prism\u00e1ticos evita que las manos resbalen. <strong>Agarre con una sola mano, sujeci\u00f3n segura y estable<\/strong> es gracias a la <strong>puente abierto<\/strong> con su empu\u00f1adura ergon\u00f3mica es c\u00f3moda y pr\u00e1ctica incluso con guantes.<\/p>\n<p>La dioptr\u00eda (rango de ajuste +-4) se encuentra en el ocular derecho y, al igual que todos los elementos de manejo, est\u00e1 fabricada en duraluminio resistente. El revestimiento \"Raindefender Nano\" proporciona un efecto de loto repelente al agua, los prism\u00e1ticos son completamente impermeables.<\/p>\n<p>Los oculares pueden utilizarse para la <strong>Distancia interpupilar perfecta en 3 posiciones de cuadr\u00edcula<\/strong> hacia dentro o hacia fuera. Esto permite a los usuarios de gafas utilizar el amplio campo de visi\u00f3n de 135 m sin restricciones. El ajuste funciona suavemente y sin holguras.<\/p>\n<h3>Carcasa impermeable y nanorrevestimiento hidr\u00f3fugo<\/h3>\n<p>En <strong>El revestimiento \"Raindefender Nano\" proporciona un efecto loto repelente al agua,<\/strong> Los prism\u00e1ticos son totalmente estancos hasta 1 metro en agua fr\u00eda o caliente.<\/p>\n<figure id=\"attachment_10769\" aria-describedby=\"caption-attachment-10769\" style=\"width: 400px\" class=\"wp-caption alignright\"><img decoding=\"async\" class=\"size-full wp-image-10769\" src=\"https:\/\/ddoptics.shop\/wp-content\/uploads\/2017\/02\/Fernglas-Pirschler-8x56-smart-Focus-small.jpg\" alt=\"Prism\u00e1ticos Pirschler 15x56 smart Funci\u00f3n Focus\" width=\"400\" height=\"267\" title=\"\" srcset=\"https:\/\/ddoptics.shop\/wp-content\/uploads\/2017\/02\/Fernglas-Pirschler-8x56-smart-Focus-small.jpg 400w, https:\/\/ddoptics.shop\/wp-content\/uploads\/2017\/02\/Fernglas-Pirschler-8x56-smart-Focus-small-304x203.jpg 304w, https:\/\/ddoptics.shop\/wp-content\/uploads\/2017\/02\/Fernglas-Pirschler-8x56-smart-Focus-small-305x204.jpg 305w, https:\/\/ddoptics.shop\/wp-content\/uploads\/2017\/02\/Fernglas-Pirschler-8x56-smart-Focus-small-250x167.jpg 250w\" sizes=\"(max-width: 400px) 100vw, 400px\" \/><figcaption id=\"caption-attachment-10769\" class=\"wp-caption-text\"><strong>Prism\u00e1ticos Pirschler 8\u00d745 funci\u00f3n smart Focus<\/strong><\/figcaption><\/figure>\n<h3>Funci\u00f3n Smart Focus de 50 m a infinito<\/h3>\n<p>Ventajoso en el<strong> Al atardecer o por la noche es el Smart Focus:<\/strong> Esta tecnolog\u00eda elimina en gran medida la necesidad de reenfocar con el \"Pirschler\" 8\u00d745\". Tras enfocar un objeto situado a unos 100 metros de distancia, el ojo se ajusta autom\u00e1ticamente en el rango de distancias de 50 metros al infinito sin necesidad de reenfocar constantemente.<\/p>\n<h3>Amplio campo de visi\u00f3n con el Pirschler 8\u00d745<\/h3>\n<p>En <strong>Campo de visi\u00f3n de los prism\u00e1ticos de 135 metros<\/strong> ofrece claras ventajas a la hora de acristalar y garantiza que la caza pueda encontrarse y reconocerse con mayor rapidez.<\/p>\n<h3>Pirschler 8\u00d745 - tambi\u00e9n para usuarios de gafas<\/h3>\n<ul>\n<li>En <strong>3 posiciones de los oculares giratorios y extra\u00edbles<\/strong>\u00a0fabricados en metal garantizan un relieve ocular perfecto.<\/li>\n<li>El ajuste es suave, s\u00f3lido y funciona absolutamente sin holguras.<\/li>\n<li>En segundo lugar, los prism\u00e1ticos \"Pirschler\" 8\u00d745 se caracterizan por una mayor distancia de la pupila de salida (20 mm) en comparaci\u00f3n con otros prism\u00e1ticos de esta clase.<\/li>\n<\/ul>","protected":false},"excerpt":{"rendered":"<p><img decoding=\"async\" class=\"alignnone wp-image-10471 size-full\" title=\"Stand de caza\" src=\"https:\/\/ddoptics.shop\/wp-content\/uploads\/2016\/04\/Ansitz-Jagd.jpg\" alt=\"Stand de caza\" width=\"50\" height=\"50\" \/><img decoding=\"async\" class=\"alignnone wp-image-10168 size-full\" title=\"Caza del jabal\u00ed\" src=\"https:\/\/ddoptics.shop\/wp-content\/uploads\/2016\/09\/Jagd-klein.jpg\" alt=\"Prism\u00e1ticos de caza\" width=\"50\" height=\"50\" \/><img decoding=\"async\" class=\"alignnone wp-image-10166 size-full\" title=\"Prism\u00e1ticos nocturnos\" src=\"https:\/\/ddoptics.shop\/wp-content\/uploads\/2016\/09\/Astronomie-klein.jpg\" alt=\"Prism\u00e1ticos astron\u00f3micos\" width=\"50\" height=\"50\" \/><br \/>\nLos prism\u00e1ticos universales m\u00e1s luminosos de su clase, con prismas Abbe-K\u00f6nig. Los nuevos prism\u00e1ticos nocturnos y de caza Pirschler 8\u00d745 superbrillantes e indestructibles.<\/p>","protected":false},"featured_media":12745,"comment_status":"open","ping_status":"closed","template":"","meta":{"inline_featured_image":false,"footnotes":""},"product_brand":[],"product_cat":[746,349,949,329,345,344],"product_tag":[745,78,80,744,743],"class_list":{"0":"post-12741","1":"product","2":"type-product","3":"status-publish","4":"has-post-thumbnail","6":"product_cat-45-mm-objektiv","7":"product_cat-8x-vergroesserung","8":"product_cat-messeaktion","9":"product_cat-ddoptics","10":"product_cat-jagd-und-wild","11":"product_cat-naturbeobachtung","12":"product_tag-8x45-fernglas","13":"product_tag-ddoptics","14":"product_tag-gen-3","15":"product_tag-pirschler-8x45","16":"product_tag-pirschler-fernglas","17":"product_shipping_class-paket","18":"pa_brand-marke-ddoptics","19":"pa_farbe-gruen","20":"pa_produkt-typ-fernglas","22":"first","23":"instock","24":"sale","25":"taxable","26":"shipping-taxable","27":"purchasable","28":"product-type-simple"},"bundled_by":[],"bundle_stock_status":"instock","bundle_stock_quantity":46,"bundle_virtual":false,"bundle_layout":"","bundle_add_to_cart_form_location":"","bundle_editable_in_cart":false,"bundle_sold_individually_context":"","bundle_item_grouping":"","bundle_min_size":"","bundle_max_size":"","bundle_price":[],"bundled_items":[],"bundle_sell_ids":[],"_links":{"self":[{"href":"https:\/\/ddoptics.shop\/es\/wp-json\/wp\/v2\/product\/12741","targetHints":{"allow":["GET"]}}],"collection":[{"href":"https:\/\/ddoptics.shop\/es\/wp-json\/wp\/v2\/product"}],"about":[{"href":"https:\/\/ddoptics.shop\/es\/wp-json\/wp\/v2\/types\/product"}],"replies":[{"embeddable":true,"href":"https:\/\/ddoptics.shop\/es\/wp-json\/wp\/v2\/comments?post=12741"}],"version-history":[{"count":8,"href":"https:\/\/ddoptics.shop\/es\/wp-json\/wp\/v2\/product\/12741\/revisions"}],"predecessor-version":[{"id":28500,"href":"https:\/\/ddoptics.shop\/es\/wp-json\/wp\/v2\/product\/12741\/revisions\/28500"}],"wp:featuredmedia":[{"embeddable":true,"href":"https:\/\/ddoptics.shop\/es\/wp-json\/wp\/v2\/media\/12745"}],"wp:attachment":[{"href":"https:\/\/ddoptics.shop\/es\/wp-json\/wp\/v2\/media?parent=12741"}],"wp:term":[{"taxonomy":"product_brand","embeddable":true,"href":"https:\/\/ddoptics.shop\/es\/wp-json\/wp\/v2\/product_brand?post=12741"},{"taxonomy":"product_cat","embeddable":true,"href":"https:\/\/ddoptics.shop\/es\/wp-json\/wp\/v2\/product_cat?post=12741"},{"taxonomy":"product_tag","embeddable":true,"href":"https:\/\/ddoptics.shop\/es\/wp-json\/wp\/v2\/product_tag?post=12741"}],"curies":[{"name":"wp","href":"https:\/\/api.w.org\/{rel}","templated":true}]}}