{"id":12749,"date":"2018-09-25T13:01:27","date_gmt":"2018-09-25T11:01:27","guid":{"rendered":"https:\/\/ddoptics.shop\/?post_type=product&#038;p=12749"},"modified":"2026-04-13T20:34:17","modified_gmt":"2026-04-13T18:34:17","slug":"ddoptics-prismaticos-10x45-stalker-gen-3","status":"publish","type":"product","link":"https:\/\/ddoptics.shop\/es\/kaufen\/ddoptics-fernglas-10x45-pirschler-gen-3\/","title":{"rendered":"Prism\u00e1ticos DDoptics 10\u00d745 Pirschler Gen. 3"},"content":{"rendered":"[vc_row][vc_column width=&#8221;2\/3&#8243;][vc_column_text]\n<h2>DDoptics Fernglas 10&#215;45 Pirschler Gen\u00a0 3 &#8211; gr\u00fcn.\u00a045 mm Objektive &amp; Abbe-K\u00f6nig-Prismen sorgen f\u00fcr richtige Helligkeit<\/h2>\n<p>Das neue <strong>ultrahelle und unverw\u00fcstliche Nacht &amp; Jagdfernglas Pirschler 10&#215;45<\/strong>\u00a0ist die lange erwartete <strong>kleinere &#8220;Pirschversion&#8221; des Nachtglases Pirschler 8&#215;56<\/strong>. Gleich beim Blick durch die Okulare der DDoptics Ferngl\u00e4ser \u201ePirschler 8&#215;45\u201c sticht sprichw\u00f6rtlich die Bildhelligkeit ins Auge. Eine extrem hohe Lichttransmission bildet die Grundlage f\u00fcr eine kontrastreiche und brillante Bildwiedergabe mit gestochen scharfen Konturen.<\/p>\n<p>Selbst nachts entpuppt sich das <strong>Pirschler 10&#215;45<\/strong> Fernglas als treuer Begleiter. Verantwortlich f\u00fcr die <strong>helle und klare Bildwiedergabe ist CT-Glas mit einer aufw\u00e4ndiger DDlucid-Verg\u00fctung<\/strong> und <strong>hochwertigen Abbe-K\u00f6nig-Prisme<\/strong>n. Die Dispersion ist dabei sehr gering.<\/p>\n<p>Hauptaugenmerkmale bei diesem Fernglas sind neben der Verringerung der Baugr\u00f6\u00dfe auch das leichte Gewicht (dank Magnesiumgeh\u00e4use) von n<strong>ur 913 g bei immerhin 45 mm Objektivdurchmesser.\u00a0<\/strong>Eben genau das gr\u00f6\u00dfere Objektiv erlaubt die wichtige Kombination mit Abbe-K\u00f6nig-Prismen &#8211; was\u00a0das Fernglas deutlich heller macht als Ferngl\u00e4ser mit 42 mm- Objektivdurchmesser .<\/p>\n<h3>Stabilit\u00e4t und Robustheit beim Pirschler 10\u00d745 Gen 3 Fernglas von DDoptics<\/h3>\n<p>Aufgrund moderner Materialien und Fertigungstechniken sind die <strong>Ferngl\u00e4ser unverw\u00fcstlich und von leichtem Gewicht,<\/strong> sowie extrem komfortabel zu handhaben. Damit eignen sich die <strong>\u201ePirschler\u201c-Ferngl\u00e4ser 8&#215;45 und 10&#215;45<\/strong> nicht nur f\u00fcr jeden Einsatzbereich, sondern sind geradezu ideal f\u00fcr <strong>Kinder- und Damenh\u00e4nde.<\/strong>[\/vc_column_text][\/vc_column][vc_column width=&#8221;1\/3&#8243;][ultimate_info_table design_style=&#8221;design02&#8243; color_scheme=&#8221;blue&#8221; package_heading=&#8221;Besonderheiten Pirschler 10&#215;45 Gen 3&#8243; heading_font_color=&#8221;#ffffff&#8221; features_font_color=&#8221;#1e73be&#8221; features_font_style=&#8221;font-style:italic;&#8221; features_font_size=&#8221;desktop:12px;&#8221;]\n<p style=\"text-align: left;\"><a href=\"https:\/\/www.ddoptics.de\/garantiebestimmungen\" target=\"_blank\" rel=\"nofollow noopener noreferrer\"><img decoding=\"async\" class=\"alignleft wp-image-9270 size-full\" title=\"Garantiebestimmungen lesen\" src=\"https:\/\/ddoptics.shop\/wp-content\/uploads\/2014\/09\/DDoptics-Garantie.jpg\" alt=\"DDoptics Garantie\" width=\"352\" height=\"160\" srcset=\"https:\/\/ddoptics.shop\/wp-content\/uploads\/2014\/09\/DDoptics-Garantie.jpg 352w, https:\/\/ddoptics.shop\/wp-content\/uploads\/2014\/09\/DDoptics-Garantie-304x138.jpg 304w, https:\/\/ddoptics.shop\/wp-content\/uploads\/2014\/09\/DDoptics-Garantie-305x139.jpg 305w, https:\/\/ddoptics.shop\/wp-content\/uploads\/2014\/09\/DDoptics-Garantie-250x114.jpg 250w\" sizes=\"(max-width: 352px) 100vw, 352px\" \/><\/a>\u21d2\u00a0<strong>30 Jahre DDoptics Garantie<\/strong>&gt;\u21d2 Fernglas mit ABBE K\u00d6NIG Prismen<br \/>\n\u21d2 Unverw\u00fcstlicher Magnesium (Mg) Metallk\u00f6rper<br \/>\n\u21d2 Nur 915 g<br \/>\n\u21d2 Okulare &amp; Augenmuscheln aus Metall<br \/>\n\u21d2 Fokussierrad und getrennter Diopter aus Metall<br \/>\n\u21d2 Augenmuscheln mit deutlichen Rasterstufen<br \/>\n\u21d2 Komplett neue Optik mit CT Glas<br \/>\n\u21d2 Deutlich verbesserte Aufl\u00f6sung<br \/>\n\u21d2 Augen Zwischenabstand 57 &#8211; 79 mm<br \/>\n\u21d2 110 m Sehfeld f\u00fcr angenehmes Abglasen<br \/>\n\u21d2 Best Grip Designkonzept f\u00fcr Rutschfestigkeit<br \/>\n\u21d2 Druckwasserdicht bis 50 cm<br \/>\n\u21d2 Raindefender Nano &#8211; Lotus Verg\u00fctung<\/p>\n[\/ultimate_info_table][\/vc_column][\/vc_row][vc_row][vc_column][vc_progress_bar values=&#8221;%5B%7B%22label%22%3A%22Fernglas%20D%C3%A4mmerungsleistung%22%2C%22value%22%3A%2280%22%2C%22customcolor%22%3A%22%23c37139%22%2C%22customtxtcolor%22%3A%22%23ffffff%22%7D%2C%7B%22label%22%3A%22Fernglas%20Aufl%C3%B6sung%22%2C%22value%22%3A%2290%22%2C%22customcolor%22%3A%22%23c37139%22%2C%22customtxtcolor%22%3A%22%23ffffff%22%7D%2C%7B%22label%22%3A%22Fernglas%20Farbwiedergabe%22%2C%22value%22%3A%2285%22%2C%22customcolor%22%3A%22%23c37139%22%2C%22customtxtcolor%22%3A%22%23ffffff%22%7D%2C%7B%22label%22%3A%22Fernglas%20Randsch%C3%A4rfe%22%2C%22value%22%3A%2280%22%7D%2C%7B%22label%22%3A%22Fernglas%20Sehfeld%22%2C%22value%22%3A%2285%22%7D%5D&#8221; bgcolor=&#8221;custom&#8221; options=&#8221;striped&#8221; units=&#8221;%&#8221; custombgcolor=&#8221;#c37139&#8243; customtxtcolor=&#8221;#ffffff&#8221;][\/vc_column][\/vc_row][vc_row][vc_column][vc_column_text]An dem neuen Pirschler 10&#215;45 Fernglas findet sich (die Stativschutzkappe und Armierung ausgenommen) kein Gramm Kunststoff, weder am K\u00f6rper selbst, noch an Verschlei\u00dfteilen. <strong>Fernglask\u00f6rper und Br\u00fccke sind aus einer extrem leichten Magnesiumlegierung<\/strong> aus dem Flugzeugbau und machen das Fernglas nahezu unzerbrechlich. Der <strong>Fernglas Diopter (Verstellbereich +-4)<\/strong> befindet sich wegen der besseren Funktionalit\u00e4t nicht mehr am Fokussierrad, sondern am rechten Fernglas Okular. All diese Bedienungselemente \u2013 Diopter, Okular , Fokussierend \u2013 bestehen aus Duraluminium und sind damit Garant f\u00fcr eine gro\u00dfe Langzeitbelastung.<\/p>\n<p>Eine sogenannte \u201eBest Grip\u201c- Armierung an der Au\u00dfenseite des K\u00f6rpers verhindert ein Abrutschen der H\u00e4nde.\u00a0Damit wird das <strong>einh\u00e4ndige Greifen und Halten dieses kompakten Fernglases<\/strong> auch mit Handschuhen angenehm komfortabel und sicher.<\/p>\n<figure id=\"attachment_12747\" aria-describedby=\"caption-attachment-12747\" style=\"width: 400px\" class=\"wp-caption alignright\"><a href=\"https:\/\/ddoptics.shop\/wp-content\/uploads\/2018\/09\/Lichttransmissionswerte-Pirschler-45mm.jpg\"><img decoding=\"async\" class=\"wp-image-12747\" src=\"https:\/\/ddoptics.shop\/wp-content\/uploads\/2018\/09\/Lichttransmissionswerte-Pirschler-45mm.jpg\" alt=\"Lichttransmissionswerte Pirschler 8x45 Fernglas\" width=\"400\" height=\"265\" title=\"\" srcset=\"https:\/\/ddoptics.shop\/wp-content\/uploads\/2018\/09\/Lichttransmissionswerte-Pirschler-45mm.jpg 900w, https:\/\/ddoptics.shop\/wp-content\/uploads\/2018\/09\/Lichttransmissionswerte-Pirschler-45mm-304x201.jpg 304w, https:\/\/ddoptics.shop\/wp-content\/uploads\/2018\/09\/Lichttransmissionswerte-Pirschler-45mm-305x202.jpg 305w, https:\/\/ddoptics.shop\/wp-content\/uploads\/2018\/09\/Lichttransmissionswerte-Pirschler-45mm-632x419.jpg 632w, https:\/\/ddoptics.shop\/wp-content\/uploads\/2018\/09\/Lichttransmissionswerte-Pirschler-45mm-800x530.jpg 800w, https:\/\/ddoptics.shop\/wp-content\/uploads\/2018\/09\/Lichttransmissionswerte-Pirschler-45mm-510x338.jpg 510w, https:\/\/ddoptics.shop\/wp-content\/uploads\/2018\/09\/Lichttransmissionswerte-Pirschler-45mm-250x166.jpg 250w\" sizes=\"(max-width: 400px) 100vw, 400px\" \/><\/a><figcaption id=\"caption-attachment-12747\" class=\"wp-caption-text\">Lichttransmissionswerte Pirschler 10&#215;45 Fernglas<\/figcaption><\/figure>\n<h3>Brillante Pirschler 10&#215;45 Fernglas-Optik<\/h3>\n<p>Beim Blick durch die Okulare der <strong>Ferngl\u00e4ser Pirschler 10&#215;45 sticht sprichw\u00f6rtlich die Bildhelligkeit i<\/strong>ns Auge. Eine <strong>extrem hohe Lichttransmission<\/strong> bildet die Grundlage f\u00fcr eine <strong>kontrastreiche und brillante Bildwiedergabe<\/strong> mit gestochen scharfen Konturen \u2013 auch bei D\u00e4mmerung. Selbst nachts entpuppt sich der Pirschler 10&#215;45 als treuer Begleiter f\u00fcr viele Beobachtungen. Verantwortlich f\u00fcr die <strong>helle und klare Bildwiedergabe ist CT-Glas mit einer aufw\u00e4ndiger DDlucid-Verg\u00fctung<\/strong> und hochwertigen Abbe-K\u00f6nig-Prismen. Die Dispersion ist dabei sehr gering.<\/p>\n<h3>Komfortable Bedienung sichert ungetr\u00fcbte Naturbeobachtung beim 10&#215;45 Fernglas<\/h3>\n<p>Die \u201ePirschler\u201c-Ferngl\u00e4ser liegen wegen ihrer ausgefeilten ergonomischen Bauweise ruhig in der Hand. Eine sogenannte \u201eBest Grip\u201c-\u00a0Armierung\u00a0an der Au\u00dfenseite der Ferngl\u00e4ser verhindert ein Abrutschen der H\u00e4nde. <strong>Einh\u00e4ndiges Greifen, sicheres und ruhiges Halten<\/strong> ist dank der <strong>offenen Br\u00fccke<\/strong> mit ihrem ergonomischen Durchgriff selbst mit Handschuhen angenehm und komfortabel.<\/p>\n<p>Der Diopter (Verstellbereich +-4) befindet sich am rechten\u00a0Okular\u00a0und besteht wie alle Bedienelemente aus langlebigem Duraluminium. Die \u201e\u00a0Raindefender\u00a0Nano\u201c-Verg\u00fctung sorgt f\u00fcr einen wasserabweisenden Lotuseffekt, die Ferngl\u00e4ser sind komplett Druckwasserdicht\u00a0.<\/p>\n<p>Die Okulare lassen sich f\u00fcr den <strong>perfekten\u00a0Augenabstand\u00a0in 3 Rasterpositionen<\/strong> ein- bzw. ausdrehen. Damit k\u00f6nnen auch\u00a0Brillentr\u00e4ger\u00a0das weite\u00a0Sehfeld von 110 m uneingeschr\u00e4nkt nutzen. Die Verstellung funktioniert hartg\u00e4ngig und ohne jedes Spiel.<\/p>\n<h3>Druckwasserdichtes Geh\u00e4use &amp; wasserabweisende Nano Verg\u00fctung<\/h3>\n<p>Die <strong>\u201e\u00a0Raindefender\u00a0Nano\u201c-Verg\u00fctung sorgt f\u00fcr einen wasserabweisenden Lotuseffekt,<\/strong> das Fernglas selbst ist komplettDruckwasserdicht\u00a0bis zu 1m in warmen oder kalten Wasser.<\/p>\n<figure id=\"attachment_10769\" aria-describedby=\"caption-attachment-10769\" style=\"width: 400px\" class=\"wp-caption alignright\"><img decoding=\"async\" class=\"size-full wp-image-10769\" src=\"https:\/\/ddoptics.shop\/wp-content\/uploads\/2017\/02\/Fernglas-Pirschler-8x56-smart-Focus-small.jpg\" alt=\"Fernglas Pirschler 15x56 smart Focus Funktion\" width=\"400\" height=\"267\" title=\"\" srcset=\"https:\/\/ddoptics.shop\/wp-content\/uploads\/2017\/02\/Fernglas-Pirschler-8x56-smart-Focus-small.jpg 400w, https:\/\/ddoptics.shop\/wp-content\/uploads\/2017\/02\/Fernglas-Pirschler-8x56-smart-Focus-small-304x203.jpg 304w, https:\/\/ddoptics.shop\/wp-content\/uploads\/2017\/02\/Fernglas-Pirschler-8x56-smart-Focus-small-305x204.jpg 305w, https:\/\/ddoptics.shop\/wp-content\/uploads\/2017\/02\/Fernglas-Pirschler-8x56-smart-Focus-small-250x167.jpg 250w\" sizes=\"(max-width: 400px) 100vw, 400px\" \/><figcaption id=\"caption-attachment-10769\" class=\"wp-caption-text\"><strong>Fernglas Pirschler 10&#215;45 smart Focus Funktion<\/strong><\/figcaption><\/figure>\n<h3>Smart Focus Funktion 50 m bis unendlich<\/h3>\n<p>Vorteilhaft in der<strong> D\u00e4mmerung oder bei Nacht ist der Smart Focus:<\/strong> Mit dieser Technik entf\u00e4llt beim \u201ePirschler\u201c 10&#215;45\u201c das Nachfokussieren weitgehend.\u00a0Nach der Scharfeinstellung auf ein rund 100 Meter entferntes Objekt stellt sich das Auge im Entfernungsbereich von 50 Meter bis unendlich automatisch ohne st\u00e4ndiges Nachfokussieren ein.<\/p>\n<h3>Weites Sehfeld beim Pirschler 10&#215;45 Fernglas<\/h3>\n<p>Das <strong>Fernglas Sehfeld\u00a0von 110 Metern<\/strong> bietet deutliche Vorteile beim sogenannten Abglasen und sorgt daf\u00fcr, dass man das Wild schneller findet bzw. dieses bemerkt.<\/p>\n<h3>Pirschler 10&#215;45 &#8211; auch f\u00fcr\u00a0Brillentr\u00e4ger\u00a0geeignet<\/h3>\n<ul>\n<li>Die <strong>3 Positionen der ein- &amp; ausdrehbaren\u00a0Augenmuscheln<\/strong>\u00a0aus Metall sorgen f\u00fcr einen perfekten\u00a0Augenabstand.<\/li>\n<li>Die Verstellung dabei ist hartg\u00e4ngig, solide und funktioniert absolut ohne jedes Spiel.<\/li>\n<li>Zum anderen zeichnet sich das \u201ePirschler\u201c-10&#215;45-Fernglas im Vergleich zu anderen Ferngl\u00e4sern dieser Klasse durch einen gr\u00f6\u00dferen Abstand der\u00a0Austrittspupille\u00a0aus (20 mm).<\/li>\n<\/ul>\n[\/vc_column_text][\/vc_column][\/vc_row]\n","protected":false},"excerpt":{"rendered":"<p><img decoding=\"async\" class=\"alignnone wp-image-10471 size-full\" title=\"Stand de caza\" src=\"https:\/\/ddoptics.shop\/wp-content\/uploads\/2016\/04\/Ansitz-Jagd.jpg\" alt=\"Stand de caza\" width=\"50\" height=\"50\" \/><a href=\"https:\/\/ddoptics.shop\/wp-content\/uploads\/2016\/04\/Bergwandern-klein.jpg\"><img decoding=\"async\" class=\"alignnone size-full wp-image-10180\" src=\"https:\/\/ddoptics.shop\/wp-content\/uploads\/2016\/04\/Bergwandern-klein.jpg\" alt=\"Prism\u00e1ticos de monta\u00f1a\" width=\"50\" height=\"50\" \/><\/a><a href=\"https:\/\/ddoptics.shop\/wp-content\/uploads\/2016\/09\/Wandern-klein.jpg\"><img decoding=\"async\" class=\"alignnone size-full wp-image-10174\" src=\"https:\/\/ddoptics.shop\/wp-content\/uploads\/2016\/09\/Wandern-klein.jpg\" alt=\"Prism\u00e1ticos para senderismo Treckking\" width=\"50\" height=\"50\" \/><\/a><a href=\"https:\/\/ddoptics.shop\/wp-content\/uploads\/2016\/09\/Ornitologie-klein.jpg\"><img decoding=\"async\" class=\"alignnone size-full wp-image-10170\" src=\"https:\/\/ddoptics.shop\/wp-content\/uploads\/2016\/09\/Ornitologie-klein.jpg\" alt=\"Observaci\u00f3n de aves\" width=\"50\" height=\"50\" \/><\/a><br \/>\nLos prism\u00e1ticos universales m\u00e1s luminosos de su clase - con prismas Abbe-K\u00f6nig. Los nuevos prism\u00e1ticos superbrillantes e indestructibles para observar la naturaleza en todas las situaciones - DDoptics Pirschler 10\u00d745.<\/p>","protected":false},"featured_media":12753,"comment_status":"open","ping_status":"closed","template":"","meta":{"inline_featured_image":false,"footnotes":""},"product_brand":[],"product_cat":[351,746,949,329,345,354],"product_tag":[748,78,80,747,743],"class_list":{"0":"post-12749","1":"product","2":"type-product","3":"status-publish","4":"has-post-thumbnail","6":"product_cat-10x-vergroesserung","7":"product_cat-45-mm-objektiv","8":"product_cat-messeaktion","9":"product_cat-ddoptics","10":"product_cat-jagd-und-wild","11":"product_cat-vogelbeobachtung","12":"product_tag-10x45-fernglas","13":"product_tag-ddoptics","14":"product_tag-gen-3","15":"product_tag-pirschler-10x45","16":"product_tag-pirschler-fernglas","17":"product_shipping_class-paket","18":"pa_brand-marke-ddoptics","19":"pa_farbe-gruen","20":"pa_produkt-typ-fernglas","22":"first","23":"instock","24":"sale","25":"taxable","26":"shipping-taxable","27":"purchasable","28":"product-type-simple"},"bundled_by":[],"bundle_stock_status":"instock","bundle_stock_quantity":42,"bundle_virtual":false,"bundle_layout":"","bundle_add_to_cart_form_location":"","bundle_editable_in_cart":false,"bundle_sold_individually_context":"","bundle_item_grouping":"","bundle_min_size":"","bundle_max_size":"","bundle_price":[],"bundled_items":[],"bundle_sell_ids":[],"_links":{"self":[{"href":"https:\/\/ddoptics.shop\/es\/wp-json\/wp\/v2\/product\/12749","targetHints":{"allow":["GET"]}}],"collection":[{"href":"https:\/\/ddoptics.shop\/es\/wp-json\/wp\/v2\/product"}],"about":[{"href":"https:\/\/ddoptics.shop\/es\/wp-json\/wp\/v2\/types\/product"}],"replies":[{"embeddable":true,"href":"https:\/\/ddoptics.shop\/es\/wp-json\/wp\/v2\/comments?post=12749"}],"version-history":[{"count":4,"href":"https:\/\/ddoptics.shop\/es\/wp-json\/wp\/v2\/product\/12749\/revisions"}],"predecessor-version":[{"id":23087,"href":"https:\/\/ddoptics.shop\/es\/wp-json\/wp\/v2\/product\/12749\/revisions\/23087"}],"wp:featuredmedia":[{"embeddable":true,"href":"https:\/\/ddoptics.shop\/es\/wp-json\/wp\/v2\/media\/12753"}],"wp:attachment":[{"href":"https:\/\/ddoptics.shop\/es\/wp-json\/wp\/v2\/media?parent=12749"}],"wp:term":[{"taxonomy":"product_brand","embeddable":true,"href":"https:\/\/ddoptics.shop\/es\/wp-json\/wp\/v2\/product_brand?post=12749"},{"taxonomy":"product_cat","embeddable":true,"href":"https:\/\/ddoptics.shop\/es\/wp-json\/wp\/v2\/product_cat?post=12749"},{"taxonomy":"product_tag","embeddable":true,"href":"https:\/\/ddoptics.shop\/es\/wp-json\/wp\/v2\/product_tag?post=12749"}],"curies":[{"name":"wp","href":"https:\/\/api.w.org\/{rel}","templated":true}]}}