{"id":12806,"date":"2018-12-12T21:37:28","date_gmt":"2018-12-12T20:37:28","guid":{"rendered":"https:\/\/ddoptics.shop\/?post_type=product&#038;p=12806"},"modified":"2025-10-07T11:23:07","modified_gmt":"2025-10-07T09:23:07","slug":"visor-ddoptics-v6-2komma5-16x42-mrad","status":"publish","type":"product","link":"https:\/\/ddoptics.shop\/es\/kaufen\/ddoptics-zielfernrohr-v6-2komma5-16x42-mrad\/","title":{"rendered":"Visor DDoptics Nighteagle 2.5-16\u00d742 | V6 | A4N | Ajuste MRAD - Gen 3"},"content":{"rendered":"<div class=\"container section-title-container\" ><h3 class=\"section-title section-title-normal\"><b aria-hidden=\"true\"><\/b><span class=\"section-title-main\" ><i class=\"icon-cross\" aria-hidden=\"true\"><\/i>Breve resumen Visor DDoptics V6 2,5-16x42 | MRAD<\/span><b aria-hidden=\"true\"><\/b><\/h3><\/div>\n<table style=\"width: 100%;\">\n<tbody>\n<tr>\n<td style=\"width: 20%;\"><strong>Tubo:<\/strong><\/td>\n<td style=\"width: 30%;\">Tubo mono de 30 mm<\/td>\n<td style=\"width: 20%;\"><strong>Campo de visi\u00f3n: m a 100 m:<\/strong><\/td>\n<td style=\"width: 30%;\">14 - 2,5 m<\/td>\n<\/tr>\n<tr>\n<td style=\"width: 20%;\"><strong>Sistema \u00f3ptico:<\/strong><\/td>\n<td style=\"width: 30%;\">2,5-16 aumentos<\/td>\n<td style=\"width: 20%;\"><strong>Distancia interpupilar:<\/strong><\/td>\n<td style=\"width: 30%;\">90,5 mm<\/td>\n<\/tr>\n<tr>\n<td style=\"width: 20%;\"><strong>Objetivo:<\/strong><\/td>\n<td style=\"width: 30%;\">42 mm<\/td>\n<td style=\"width: 20%;\"><strong>Longitud:<\/strong><\/td>\n<td style=\"width: 30%;\">332 mm<\/td>\n<\/tr>\n<tr>\n<td style=\"width: 20%;\"><strong>Ret\u00edcula:<\/strong><\/td>\n<td style=\"width: 30%;\">Nueva ret\u00edcula 4 \/ A4N<\/td>\n<td style=\"width: 20%;\"><strong>Peso:<\/strong><\/td>\n<td style=\"width: 30%;\">\u00a0610 g<\/td>\n<\/tr>\n<tr>\n<td style=\"width: 20%;\"><strong>Punto de luz<\/strong><\/td>\n<td style=\"width: 30%;\">LP 2 o iFibre<\/td>\n<td style=\"width: 20%;\"><strong>Protecci\u00f3n antivaho:<\/strong><\/td>\n<td style=\"width: 30%;\">Relleno de nitr\u00f3geno contra el vaho<\/td>\n<\/tr>\n<tr>\n<td style=\"width: 20%;\"><strong>Enfoque\/paralaje:<\/strong><\/td>\n<td style=\"width: 30%;\">Objetivo ajustable de 20 m a infinito<\/td>\n<td style=\"width: 20%;\"><strong>\u00a0Estrechez:<\/strong><\/td>\n<td style=\"width: 30%;\">Resistente al agua y a los golpes<\/td>\n<\/tr>\n<\/tbody>\n<\/table>\n<div class=\"row\"  id=\"row-1349107772\">\n\n\t<div id=\"col-670973833\" class=\"col medium-8 small-12 large-8\"  >\n\t\t\t\t<div class=\"col-inner\"  >\n\t\t\t\n\t\t\t\n<h2>Visor DDoptics Nighteagle 2.5-16\u00d742 V6 - visor compacto con zoom 6x, ret\u00edcula A4N y ajuste MRAD - especialista en caza de monta\u00f1a<\/h2>\n<p>El nuevo <strong>Visor \"estrecho\" V6 Doptics<\/strong> est\u00e1 fabricado con una robusta aleaci\u00f3n de aluminio, es resistente a los golpes y no contiene piezas de pl\u00e1stico. Todas las piezas de aluminio tienen un revestimiento anodizado \"negro fino\" no brillante.<\/p>\n<p>En <strong>\u00d3ptica ZF de alto rendimiento<\/strong>k brilla con luz propia <strong>Cristal CT de alto rendimiento (transmisi\u00f3n clara)<\/strong>que garantiza una visi\u00f3n extremadamente brillante y clara, e incluso b<strong>con 16 aumentos, una imagen de gran contraste, sin paralaje y con colores reales<\/strong> con extraordinarias propiedades de nitidez de bordes y excelente transmisi\u00f3n.<\/p>\n<blockquote><p>Con un campo de visi\u00f3n de 14 m o 2,5 m (con un aumento de 2,5x o 16x), la \u00f3ptica es adecuada para todas las aplicaciones de caza, especialmente en rifles de monta\u00f1a peque\u00f1os y ligeros.<\/p><\/blockquote>\n<h3>M\u00e1xima calidad <a href=\"https:\/\/ddoptics.shop\/es\/tienda\/mira-telescopica\/v6-zoom-6x\/\" target=\"_blank\" rel=\"noopener\" data-schema-attribute=\"\">V6<\/a> Equipos de visores<\/h3>\n<p>El visor est\u00e1 equipado con un <strong>ret\u00edcula iluminada ultrafina A4N<\/strong> (2\u00ba plano de la imagen), que s\u00f3lo cubre m\u00ednimamente el objetivo. En condiciones de escasa iluminaci\u00f3n o de noche, la<strong> Punto luminoso de fibra \u00f3ptica roja no reflectante,<\/strong> que es preciso y<strong> puede regularse de forma continua<\/strong> y opcionalmente con un<strong> Funci\u00f3n de encendido y apagado autom\u00e1tico inteligente (iFibre\u2122).<\/strong><\/p>\n\t\t<\/div>\n\t\t\t\t\t<\/div>\n\n\t\n\n\t<div id=\"col-1121020460\" class=\"col medium-4 small-12 large-4\"  >\n\t\t\t\t<div class=\"col-inner\"  >\n\t\t\t\n\t\t\t\n<a class=\"button primary expand\" >\n\t\t<span>Caracter\u00edsticas especiales visor<\/span>\n\t<\/a>\n\n\n\t<section class=\"section\" id=\"section_600912657\">\n\t\t<div class=\"section-bg fill\" >\n\t\t\t\t\t\t\t\t\t<div class=\"section-bg-overlay absolute fill\"><\/div>\n\t\t\t\n\n\t\t<\/div>\n\n\t\t\n\n\t\t<div class=\"section-content relative\">\n\t\t\t\n\t<div class=\"img has-hover x md-x lg-x y md-y lg-y\" id=\"image_784013640\">\n\t\t<a class=\"\" href=\"https:\/\/www.ddoptics.de\/garantiebestimmungen\" target=\"_blank\" rel=\"no follow noopener\">\t\t\t\t\t\t<div class=\"img-inner dark\" >\n\t\t\t<img decoding=\"async\" width=\"352\" height=\"160\" src=\"https:\/\/ddoptics.shop\/wp-content\/uploads\/2014\/09\/DDoptics-Garantie.jpg\" class=\"attachment-large size-large\" alt=\"Garant\u00eda DDoptics\" srcset=\"https:\/\/ddoptics.shop\/wp-content\/uploads\/2014\/09\/DDoptics-Garantie.jpg 352w, https:\/\/ddoptics.shop\/wp-content\/uploads\/2014\/09\/DDoptics-Garantie-304x138.jpg 304w, https:\/\/ddoptics.shop\/wp-content\/uploads\/2014\/09\/DDoptics-Garantie-305x139.jpg 305w, https:\/\/ddoptics.shop\/wp-content\/uploads\/2014\/09\/DDoptics-Garantie-250x114.jpg 250w\" sizes=\"(max-width: 352px) 100vw, 352px\" title=\"\">\t\t\t\t\t\t\n\t\t\t\t\t<\/div>\n\t\t\t\t\t\t<\/a>\t\t\n<style>\n#image_784013640 {\n  width: 100%;\n}\n<\/style>\n\t<\/div>\n\t\n\t<div id=\"gap-382361619\" class=\"gap-element clearfix\" style=\"display:block; height:auto;\">\n\t\t\n<style>\n#gap-382361619 {\n  padding-top: 15px;\n}\n<\/style>\n\t<\/div>\n\t\n\t<div id=\"text-35870132\" class=\"text\">\n\t\t\n<p><span style=\"font-size: 80%;\"><em>\u21d2 Zoom de m\u00e1s de 6 aumentos con un peque\u00f1o objetivo de 42 mm<br \/>\n\u21d2 14 m - 2,5 m de campo de visi\u00f3n - punto iluminado autom\u00e1tico<br \/>\n\u21d2 Perfecto para usar por la noche con el accesorio<br \/>\n\u21d2 Ajuste de ret\u00edcula Torretas met\u00e1licas (sin pl\u00e1stico)<br \/>\n\u21d2 Vidrio CT (transmisi\u00f3n clara) (baja dispersi\u00f3n)<br \/>\n\u21d2 doble escalado (doble giro)<br \/>\n\u21d2 Prueba a prueba de balas: <a href=\"https:\/\/de.wikipedia.org\/wiki\/.375_Holland_%26_Holland_Magnum\" target=\"_blank\" rel=\"noopener sponsored\" data-schema-attribute=\"\">375 H&amp;H<\/a> 1000 disparos<br \/>\n\u21d2 Zerostop para ASV (parada cero)<br \/>\n\u21d2 t\u00e1ctica dura 0,1 <a href=\"https:\/\/ddoptics.shop\/es\/termino-tecnico\/calculo-del-minuto-angular-o-moa-para-visores-de-punteria\/\" target=\"_blank\" rel=\"noopener noreferrer\">MRAD<\/a>-Detenci\u00f3n por clic (1 cm\/clic)<br \/>\n\u21d2 Nueva ret\u00edcula A4N minimalista<br \/>\n\u21d2 Potente nivelaci\u00f3n de paralaje con 10 m de alcance de cerca.<br \/>\n<\/em><\/span><br \/>\n\t\t\n<style>\n#text-35870132 {\n  line-height: 1.15;\n  color: rgb(33, 107, 227);\n}\n#text-35870132 > * {\n  color: rgb(33, 107, 227);\n}\n<\/style>\n\t<\/div>\n\t\n\t\t<\/div>\n\n\t\t\n<style>\n#section_600912657 {\n  padding-top: 30px;\n  padding-bottom: 30px;\n  background-color: rgb(232, 232, 232);\n}\n#section_600912657 .section-bg-overlay {\n  background-color: rgba(255,255,255,.5);\n}\n<\/style>\n\t<\/section>\n\t\n<div class=\"is-divider divider clearfix\" ><\/div>\n\t\t<\/div>\n\t\t\t\t\t<\/div>\n\n\t\n<\/div>\n\t<div class=\"img has-hover x md-x lg-x y md-y lg-y\" id=\"image_640936514\">\n\t\t\t\t\t\t\t\t<div class=\"img-inner dark\" >\n\t\t\t<img decoding=\"async\" width=\"1020\" height=\"339\" src=\"https:\/\/ddoptics.shop\/wp-content\/uploads\/2018\/12\/25-16x42-V6-DDoptics.jpg\" class=\"attachment-large size-large\" alt=\"Visor 2,5-16x42 V6 DDoptics\" srcset=\"https:\/\/ddoptics.shop\/wp-content\/uploads\/2018\/12\/25-16x42-V6-DDoptics.jpg 1428w, https:\/\/ddoptics.shop\/wp-content\/uploads\/2018\/12\/25-16x42-V6-DDoptics-800x266.jpg 800w, https:\/\/ddoptics.shop\/wp-content\/uploads\/2018\/12\/25-16x42-V6-DDoptics-18x6.jpg 18w, https:\/\/ddoptics.shop\/wp-content\/uploads\/2018\/12\/25-16x42-V6-DDoptics-304x101.jpg 304w, https:\/\/ddoptics.shop\/wp-content\/uploads\/2018\/12\/25-16x42-V6-DDoptics-632x210.jpg 632w, https:\/\/ddoptics.shop\/wp-content\/uploads\/2018\/12\/25-16x42-V6-DDoptics-305x101.jpg 305w\" sizes=\"(max-width: 1020px) 100vw, 1020px\" title=\"\">\t\t\t\t\t\t\n\t\t\t\t\t<\/div>\n\t\t\t\t\t\t\t\t\n<style>\n#image_640936514 {\n  width: 100%;\n}\n<\/style>\n\t<\/div>\n\t\n<h3>El ZF V6 2,5-16\u00d742 dispone de un ajuste r\u00e1pido de ret\u00edcula (ASV).<\/h3>\n<p>Su de <strong>Las torres met\u00e1licas de ajuste lateral y de altura son totalmente estancas.<\/strong> La ASV tiene doble escala (doble giro) y un tope cero (Zerostop). Esto permite ajustar diferentes distancias de disparo en funci\u00f3n de la direcci\u00f3n y fuerza del viento o de cualquier movimiento del blanco.<\/p>\n<p>Por clic el<strong> Ret\u00edcula por 0,1 MRAD (milirradi\u00e1n)<\/strong> ajustado. En <strong>corresponde a 1 cm por 100 m.<\/strong> El ajuste por clic funciona con absoluta precisi\u00f3n y exactitud de repetici\u00f3n.<\/p>\n<h3>Rango de ajuste del visor DDoptics V6<\/h3>\n<ul>\n<li>Una rotaci\u00f3n de la torre de ajuste corresponde a 10 mrad. (100 cm a 100 m)<\/li>\n<li>El rango total de ajuste es de 26 mrad. (260 cm sobre 100 m)<\/li>\n<li>Esto corresponde a un rango de ajuste de 2600 cm en 1000 m.<\/li>\n<\/ul>\n<p><strong>El visor DDoptics V6 2,5-16\u00d742 ofrece importantes ventajas gracias a su gran rango de ajuste y aumento:<\/strong><\/p>\n<ul>\n<li>Por un lado, durante el d\u00eda <strong>16 aumentos para un disparo fiable incluso a larga distancia<\/strong> El amplio margen de ajuste de la ret\u00edcula permite preajustar con precisi\u00f3n las distancias de tiro.<\/li>\n<li>Por otra parte, el <strong>Caza nocturna en combinaci\u00f3n con un accesorio NSG, WBK (respetar la normativa legal)<\/strong> Tambi\u00e9n se pueden conseguir grandes aumentos gracias a la compensaci\u00f3n de paralaje con su rango de ajuste sobredimensionado.<\/li>\n<\/ul>\n<p>El ecualizador de paralaje (distancia corta de 10 m), dise\u00f1ado especialmente para esta aplicaci\u00f3n, tambi\u00e9n puede compensar <strong>mayores aumentos para compensar la borrosidad de la imagen causada por los accesorios NSG-WBK<\/strong>que no funciona con visores con compensaci\u00f3n de paralaje m\u00e1s d\u00e9bil o sin compensaci\u00f3n de paralaje.<\/p>\n<p>En \u00e9pocas de alta poblaci\u00f3n de jabal\u00edes, esto convierte al visor en una elecci\u00f3n perfecta. <strong>predestinados a la caza nocturna con licencia especial.<\/strong><\/p>","protected":false},"excerpt":{"rendered":"<p><a href=\"https:\/\/ddoptics.shop\/wp-content\/uploads\/2016\/09\/Wandern-klein.jpg\"><img decoding=\"async\" class=\"alignnone size-full wp-image-10174\" src=\"https:\/\/ddoptics.shop\/wp-content\/uploads\/2016\/09\/Wandern-klein.jpg\" alt=\"Prism\u00e1ticos para senderismo Treckking\" width=\"50\" height=\"50\" \/><\/a><a href=\"https:\/\/ddoptics.shop\/wp-content\/uploads\/2016\/04\/Gebirgsjagd-klein.jpg\"><img decoding=\"async\" class=\"alignnone size-full wp-image-10178\" src=\"https:\/\/ddoptics.shop\/wp-content\/uploads\/2016\/04\/Gebirgsjagd-klein.jpg\" alt=\"Prism\u00e1ticos de caza de monta\u00f1a\" width=\"50\" height=\"50\" \/><\/a><img decoding=\"async\" class=\"alignnone wp-image-10180 size-full\" title=\"Prism\u00e1ticos de monta\u00f1a\" src=\"https:\/\/ddoptics.shop\/wp-content\/uploads\/2016\/04\/Bergwandern-klein.jpg\" alt=\"Prism\u00e1ticos de monta\u00f1a\" width=\"50\" height=\"50\" \/><br \/>\nEl nuevo <strong>Cazador de monta\u00f1a y compa\u00f1ero todoterreno de DDoptics<\/strong> - peque\u00f1o y adecuado para tomas largas. <strong>Opcionalmente con <a title=\"NUEVO punto luminoso DDoptics IFiber\" href=\"\/es\/termino-tecnico-wiki\/punto-de-luz-inteligente-ddoptics-ifiber\/\" target=\"_blank\" rel=\"noopener noreferrer\">Punto luminoso IFibre<\/a> con un recargo de 99 euros.<\/strong><\/p>\n<a href=\"https:\/\/amzn.to\/3AMthHr\" target=\"_blank\" class=\"button success is-success is-small\" rel=\"\u201dnofollow\u201d noopener\" >\n\t\t<span>\u00bfes cliente de amazon? - \u00bfutiliza las ventajas prime?<\/span>\n\t<\/a>","protected":false},"featured_media":12823,"comment_status":"open","ping_status":"closed","template":"","meta":{"inline_featured_image":false,"footnotes":""},"product_brand":[],"product_cat":[763,455,638,697,640,641,919,68],"product_tag":[758,761,1098,760],"class_list":{"0":"post-12806","1":"product","2":"type-product","3":"status-publish","4":"has-post-thumbnail","6":"product_cat-25-16x42","7":"product_cat-42-mm-objektivdurchmesser","8":"product_cat-ansitzjagd","9":"product_cat-mrad-klickverstellung","10":"product_cat-pirschjagd-und-gebirgsjagd","11":"product_cat-sportschiessen","12":"product_cat-v6-6-fach-zoom","13":"product_cat-zielfernrohr","14":"product_tag-2-5-16x42","15":"product_tag-6-fach-zoom","16":"product_tag-nighteagle","17":"product_tag-v6-ddoptics","18":"product_shipping_class-paket","19":"pa_brand-marke-ddoptics","20":"pa_farbe-schwarz","22":"first","23":"instock","24":"sale","25":"taxable","26":"shipping-taxable","27":"purchasable","28":"product-type-bundle"},"bundled_by":[],"bundle_stock_status":"instock","bundle_stock_quantity":"","bundle_virtual":false,"bundle_layout":"default","bundle_add_to_cart_form_location":"default","bundle_editable_in_cart":false,"bundle_sold_individually_context":"product","bundle_item_grouping":"parent","bundle_min_size":"","bundle_max_size":"","bundle_price":{"price":{"min":{"incl_tax":"897.01","excl_tax":"747.51"},"max":{"incl_tax":"1001.32","excl_tax":"834.43"}},"regular_price":{"min":{"incl_tax":"997.01","excl_tax":"830.84"},"max":{"incl_tax":"1112.9","excl_tax":"927.41"}}},"bundled_items":[{"bundled_item_id":50,"product_id":12809,"menu_order":0,"quantity_min":1,"quantity_max":1,"quantity_default":1,"priced_individually":true,"shipped_individually":false,"override_title":true,"title":"","override_description":false,"description":"123","optional":false,"hide_thumbnail":false,"discount":"","override_variations":true,"allowed_variations":[12810,12811],"override_default_variation_attributes":false,"default_variation_attributes":[{"id":6,"name":"Punto de luz","option":"ddoptics-standard-lp-ii"}],"single_product_visibility":"visible","cart_visibility":"visible","order_visibility":"visible","single_product_price_visibility":"visible","cart_price_visibility":"visible","order_price_visibility":"visible","stock_status":"in_stock"},{"bundled_item_id":51,"product_id":12812,"menu_order":1,"quantity_min":1,"quantity_max":1,"quantity_default":1,"priced_individually":true,"shipped_individually":false,"override_title":true,"title":"Casi un regalo - flip caps","override_description":false,"description":"Casi un regalo - Flip Caps","optional":true,"hide_thumbnail":false,"discount":"68.55","override_variations":true,"allowed_variations":[12818],"override_default_variation_attributes":true,"default_variation_attributes":[{"id":17,"name":"Tama\u00f1o del visor","option":"25-16x42"}],"single_product_visibility":"visible","cart_visibility":"visible","order_visibility":"visible","single_product_price_visibility":"visible","cart_price_visibility":"visible","order_price_visibility":"visible","stock_status":"in_stock"}],"bundle_sell_ids":[],"_links":{"self":[{"href":"https:\/\/ddoptics.shop\/es\/wp-json\/wp\/v2\/product\/12806","targetHints":{"allow":["GET"]}}],"collection":[{"href":"https:\/\/ddoptics.shop\/es\/wp-json\/wp\/v2\/product"}],"about":[{"href":"https:\/\/ddoptics.shop\/es\/wp-json\/wp\/v2\/types\/product"}],"replies":[{"embeddable":true,"href":"https:\/\/ddoptics.shop\/es\/wp-json\/wp\/v2\/comments?post=12806"}],"version-history":[{"count":15,"href":"https:\/\/ddoptics.shop\/es\/wp-json\/wp\/v2\/product\/12806\/revisions"}],"predecessor-version":[{"id":29228,"href":"https:\/\/ddoptics.shop\/es\/wp-json\/wp\/v2\/product\/12806\/revisions\/29228"}],"wp:featuredmedia":[{"embeddable":true,"href":"https:\/\/ddoptics.shop\/es\/wp-json\/wp\/v2\/media\/12823"}],"wp:attachment":[{"href":"https:\/\/ddoptics.shop\/es\/wp-json\/wp\/v2\/media?parent=12806"}],"wp:term":[{"taxonomy":"product_brand","embeddable":true,"href":"https:\/\/ddoptics.shop\/es\/wp-json\/wp\/v2\/product_brand?post=12806"},{"taxonomy":"product_cat","embeddable":true,"href":"https:\/\/ddoptics.shop\/es\/wp-json\/wp\/v2\/product_cat?post=12806"},{"taxonomy":"product_tag","embeddable":true,"href":"https:\/\/ddoptics.shop\/es\/wp-json\/wp\/v2\/product_tag?post=12806"}],"curies":[{"name":"wp","href":"https:\/\/api.w.org\/{rel}","templated":true}]}}