{"id":14370,"date":"2019-05-28T14:49:13","date_gmt":"2019-05-28T12:49:13","guid":{"rendered":"https:\/\/ddoptics.shop\/?post_type=product&#038;p=14370"},"modified":"2025-10-03T12:53:28","modified_gmt":"2025-10-03T10:53:28","slug":"catalejo-ddoptics-pirschler-20-60x80-s-vista-angular","status":"publish","type":"product","link":"https:\/\/ddoptics.shop\/es\/kaufen\/spektiv-ddoptics-pirschler-20-60x80-s-schraegeinblick\/","title":{"rendered":"Telescopio DDoptics Pirschler 20-60\u00d780 S - vista angular"},"content":{"rendered":"<div class=\"row\"  id=\"row-492597069\">\n\n\t<div id=\"col-1249447218\" class=\"col medium-8 small-12 large-8\"  >\n\t\t\t\t<div class=\"col-inner\"  >\n\t\t\t\n\t\t\t\n<h2>Telescopio DDoptics Pirschler 20-60\u00d780 S con visi\u00f3n angular<\/h2>\n<p>Con el <strong>Telescopio DDoptics Pirschler 20-60\u00d780 S<\/strong> recibir\u00e1 un <strong>Telescopio profesional y relativamente ligero a un precio muy interesante. <\/strong>Con este nuevo desarrollo de telescopio, la <strong>Uso para la caza<\/strong> en cuenta al anochecer.<\/p>\n<p>Por supuesto, los requisitos del <strong>observaci\u00f3n cl\u00e1sica de aves<\/strong> tambi\u00e9n se tiene en cuenta - en relaci\u00f3n con <strong>Nitidez de la imagen y reproducci\u00f3n del color.<\/strong> El sistema \u00f3ptico del catalejo, recientemente calculado, le garantiza un <strong>Imagen n\u00edtida y de alto contraste<\/strong> incluso en condiciones de poca luz.<\/p>\n<p>Incluso con un aumento de 60x, el <strong>Telescopio Pirschler<\/strong> una imagen n\u00edtida. El sitio <strong>Unidad de enfoque<\/strong> consiste en un <strong>Rueda de ajuste de 2 cm<\/strong>.<\/p>\n<p>Puede manejarse c\u00f3modamente con guantes incluso en climas fr\u00edos. El<strong> nuevos catalejos DDoptics<\/strong> impresiona por su gran campo de visi\u00f3n y un enfoque de cerca inusualmente ajustado. Con el <strong>Pirschler 20-60\u00d780 S<\/strong> puedes ver los detalles a tan s\u00f3lo 7 metros de distancia.<\/p>\n<p>Esto supone una gran ventaja cuando <strong>Observaci\u00f3n de nidos de aves u observaci\u00f3n de insectos.<\/strong>\u00a0 Una gran fuerza la proporciona el <strong>Telescopio para tiradores deportivos<\/strong> - Los impactos en un blanco negro pueden verse f\u00e1cilmente a distancias de tiro normales.<\/p>\n\t\t<\/div>\n\t\t\t\t\n<style>\n#col-1249447218 > .col-inner {\n  margin: 0px 0px -30px 0px;\n}\n<\/style>\n\t<\/div>\n\n\t\n\n\t<div id=\"col-1540916279\" class=\"col medium-4 small-12 large-4\"  >\n\t\t\t\t<div class=\"col-inner\"  >\n\t\t\t\n\t\t\t\n\t<div class=\"img has-hover x md-x lg-x y md-y lg-y\" id=\"image_577781303\">\n\t\t\t\t\t\t\t\t<div class=\"img-inner dark\" >\n\t\t\t\t\t\t\t\t\t\n\t\t\t\t\t<\/div>\n\t\t\t\t\t\t\t\t\n<style>\n#image_577781303 {\n  width: 100%;\n}\n<\/style>\n\t<\/div>\n\t\n\t<div class=\"img has-hover x md-x lg-x y md-y lg-y\" id=\"image_1581906898\">\n\t\t<a class=\"\" href=\"https:\/\/www.shop.ddoptics.de\/garantiebestimmungen\" target=\"_blank\" rel=\"noopener\">\t\t\t\t\t\t<div class=\"img-inner dark\" >\n\t\t\t<img decoding=\"async\" width=\"352\" height=\"160\" src=\"https:\/\/ddoptics.shop\/wp-content\/uploads\/2014\/09\/DDoptics-Garantie.jpg\" class=\"attachment-large size-large\" alt=\"Garant\u00eda DDoptics\" srcset=\"https:\/\/ddoptics.shop\/wp-content\/uploads\/2014\/09\/DDoptics-Garantie.jpg 352w, https:\/\/ddoptics.shop\/wp-content\/uploads\/2014\/09\/DDoptics-Garantie-304x138.jpg 304w, https:\/\/ddoptics.shop\/wp-content\/uploads\/2014\/09\/DDoptics-Garantie-305x139.jpg 305w, https:\/\/ddoptics.shop\/wp-content\/uploads\/2014\/09\/DDoptics-Garantie-250x114.jpg 250w\" sizes=\"(max-width: 352px) 100vw, 352px\" title=\"\">\t\t\t\t\t\t\n\t\t\t\t\t<\/div>\n\t\t\t\t\t\t<\/a>\t\t\n<style>\n#image_1581906898 {\n  width: 100%;\n}\n<\/style>\n\t<\/div>\n\t\n<h3>Datos sobre el telescopio DDoptics Pirschler<\/h3>\n\n\t\t<div class=\"icon-box featured-box icon-box-left text-left\"  >\n\t\t\t\t\t<div class=\"icon-box-img\" style=\"width: 32px\">\n\t\t\t\t<div class=\"icon\">\n\t\t\t\t\t<div class=\"icon-inner\" >\n\t\t\t\t\t\t<img decoding=\"async\" width=\"97\" height=\"78\" src=\"https:\/\/ddoptics.shop\/wp-content\/uploads\/2022\/02\/HDS-Spektiv.webp\" class=\"attachment-medium size-medium\" alt=\"Telescopio HDS 9-27x56\" title=\"\">\t\t\t\t\t<\/div>\n\t\t\t\t<\/div>\n\t\t\t<\/div>\n\t\t\t\t<div class=\"icon-box-text last-reset\">\n\t\t\t\t\t\t\t\t\t\n<p>Gran unidad de enfoque<\/p>\n\t\t<\/div>\n\t<\/div>\n\t\n\t\n\n\t\t<div class=\"icon-box featured-box icon-box-left text-left\"  >\n\t\t\t\t\t<div class=\"icon-box-img\" style=\"width: 32px\">\n\t\t\t\t<div class=\"icon\">\n\t\t\t\t\t<div class=\"icon-inner\" >\n\t\t\t\t\t\t<img decoding=\"async\" width=\"97\" height=\"78\" src=\"https:\/\/ddoptics.shop\/wp-content\/uploads\/2022\/02\/HDS-Spektiv.webp\" class=\"attachment-medium size-medium\" alt=\"Telescopio HDS 9-27x56\" title=\"\">\t\t\t\t\t<\/div>\n\t\t\t\t<\/div>\n\t\t\t<\/div>\n\t\t\t\t<div class=\"icon-box-text last-reset\">\n\t\t\t\t\t\t\t\t\t\n<p>Impermeable<\/p>\n\t\t<\/div>\n\t<\/div>\n\t\n\t\n\n\t\t<div class=\"icon-box featured-box icon-box-left text-left\"  >\n\t\t\t\t\t<div class=\"icon-box-img\" style=\"width: 32px\">\n\t\t\t\t<div class=\"icon\">\n\t\t\t\t\t<div class=\"icon-inner\" >\n\t\t\t\t\t\t<img decoding=\"async\" width=\"97\" height=\"78\" src=\"https:\/\/ddoptics.shop\/wp-content\/uploads\/2022\/02\/HDS-Spektiv.webp\" class=\"attachment-medium size-medium\" alt=\"Telescopio HDS 9-27x56\" title=\"\">\t\t\t\t\t<\/div>\n\t\t\t\t<\/div>\n\t\t\t<\/div>\n\t\t\t\t<div class=\"icon-box-text last-reset\">\n\t\t\t\t\t\t\t\t\t\n<p>Gran campo de visi\u00f3n<\/p>\n\t\t<\/div>\n\t<\/div>\n\t\n\t\n\n\t\t<div class=\"icon-box featured-box icon-box-left text-left\"  >\n\t\t\t\t\t<div class=\"icon-box-img\" style=\"width: 32px\">\n\t\t\t\t<div class=\"icon\">\n\t\t\t\t\t<div class=\"icon-inner\" >\n\t\t\t\t\t\t<img decoding=\"async\" width=\"97\" height=\"78\" src=\"https:\/\/ddoptics.shop\/wp-content\/uploads\/2022\/02\/HDS-Spektiv.webp\" class=\"attachment-medium size-medium\" alt=\"Telescopio HDS 9-27x56\" title=\"\">\t\t\t\t\t<\/div>\n\t\t\t\t<\/div>\n\t\t\t<\/div>\n\t\t\t\t<div class=\"icon-box-text last-reset\">\n\t\t\t\t\t\t\t\t\t\n<p>Muy alta resoluci\u00f3n<\/p>\n\t\t<\/div>\n\t<\/div>\n\t\n\t\n\n\t\t<div class=\"icon-box featured-box icon-box-left text-left\"  >\n\t\t\t\t\t<div class=\"icon-box-img\" style=\"width: 32px\">\n\t\t\t\t<div class=\"icon\">\n\t\t\t\t\t<div class=\"icon-inner\" >\n\t\t\t\t\t\t<img decoding=\"async\" width=\"97\" height=\"78\" src=\"https:\/\/ddoptics.shop\/wp-content\/uploads\/2022\/02\/HDS-Spektiv.webp\" class=\"attachment-medium size-medium\" alt=\"Telescopio HDS 9-27x56\" title=\"\">\t\t\t\t\t<\/div>\n\t\t\t\t<\/div>\n\t\t\t<\/div>\n\t\t\t\t<div class=\"icon-box-text last-reset\">\n\t\t\t\t\t\t\t\t\t\n<p>imagen incre\u00edblemente buena para este rango de precios<\/p>\n\t\t<\/div>\n\t<\/div>\n\t\n\t\n<div class=\"is-divider divider clearfix\" ><\/div>\n\t\t<\/div>\n\t\t\t\t\t<\/div>\n\n\t\n<\/div>\n<h3>ELR - Multicoating (extra low reflection) - Recubrimiento FMC<\/h3>\n<p>Todos <strong>Superficies de vidrio-aire<\/strong> son<strong> multicapa con revestimiento duro<\/strong> y garantizar as\u00ed el m\u00e1ximo contraste, nitidez de imagen y brillo. El sitio <strong>Brillo del color<\/strong> es excepcional con este telescopio, as\u00ed como el <strong>Brillo de la imagen<\/strong>. Usted experimenta <strong>garantiza una imagen n\u00edtida y de alto contraste, incluso en condiciones de poca luz y al anochecer<\/strong>. Incluso con un aumento de 60x, su stalker ofrece un<strong> imagen n\u00edtida.<\/strong><\/p>\n<p>El catalejo es <strong>Relleno de nitr\u00f3geno e impermeable.<\/strong> Es una garant\u00eda contra el empa\u00f1amiento en condiciones de humedad y los cambios bruscos de temperatura. El tubo, extremadamente ligero, ofrece la m\u00e1xima robustez y movilidad. El <strong>Blindaje de goma antideslizante<\/strong> proporciona agarre y una sujeci\u00f3n segura.<\/p>\n<h3>Unidad de enfoque del telescopio<\/h3>\n<p>En <strong>La unidad de enfoque consta de una rueda de ajuste de 2 cm<\/strong>que tambi\u00e9n puede manejarse c\u00f3modamente con guantes. Con el Pirschler 20-60\u00d780 S, es posible realizar observaciones desde una distancia de tan solo 7 metros, lo que supone una ventaja especial a la hora de observar nidos, insectos o en el campo de tiro.<\/p>\n<h3>Recomendaciones para catalejos<\/h3>\n<p>Ejemplos t\u00edpicos de aplicaci\u00f3n son <strong>Gamuza<\/strong> en la ladera de la monta\u00f1a o <b>Urogallo negro, etc. <\/b>entre otros. Los compactos y ligeros catalejos Pirschler de 80 mm tambi\u00e9n pueden ser <strong>C\u00f3modo en una mochila<\/strong> y puede llevarse f\u00e1cilmente al lugar que se desee.<\/p>\n<p>Con este<strong> Telescopio Terrestres <\/strong>DDoptics ha conseguido realmente ofrecer a sus clientes un<strong> catalejo profesional, ligero y econ\u00f3mico.<\/strong><\/p>","protected":false},"excerpt":{"rendered":"<p>Profesional y relativamente ligero <strong>Telescopio de caza Pirschler 20-60\u00d780 S<\/strong> con gran aumento e intensidad luminosa a un precio interesantemente favorable - con vista oblicua.<\/p>","protected":false},"featured_media":14372,"comment_status":"open","ping_status":"closed","template":"","meta":{"inline_featured_image":false,"footnotes":""},"product_brand":[],"product_cat":[859,643,468,71,645,646],"product_tag":[78,863,158,83],"class_list":{"0":"post-14370","1":"product","2":"type-product","3":"status-publish","4":"has-post-thumbnail","6":"product_cat-80-mm","7":"product_cat-jagd","8":"product_cat-schraegeinblick","9":"product_cat-spektiv","10":"product_cat-sportschuetzen","11":"product_cat-ornithologie-vogelbeobachtung","12":"product_tag-ddoptics","13":"product_tag-pirschler-20-60x80-s","14":"product_tag-schraegeinblick","15":"product_tag-spektiv","16":"product_shipping_class-paket","17":"pa_brand-marke-ddoptics","18":"pa_farbe-gruen","19":"pa_okulartype-20-60x","20":"pa_produkt-typ-spektiv","22":"first","23":"instock","24":"taxable","25":"shipping-taxable","26":"purchasable","27":"product-type-simple"},"bundled_by":[],"bundle_stock_status":"instock","bundle_stock_quantity":null,"bundle_virtual":false,"bundle_layout":"","bundle_add_to_cart_form_location":"","bundle_editable_in_cart":false,"bundle_sold_individually_context":"","bundle_item_grouping":"","bundle_min_size":"","bundle_max_size":"","bundle_price":[],"bundled_items":[],"bundle_sell_ids":[],"_links":{"self":[{"href":"https:\/\/ddoptics.shop\/es\/wp-json\/wp\/v2\/product\/14370","targetHints":{"allow":["GET"]}}],"collection":[{"href":"https:\/\/ddoptics.shop\/es\/wp-json\/wp\/v2\/product"}],"about":[{"href":"https:\/\/ddoptics.shop\/es\/wp-json\/wp\/v2\/types\/product"}],"replies":[{"embeddable":true,"href":"https:\/\/ddoptics.shop\/es\/wp-json\/wp\/v2\/comments?post=14370"}],"version-history":[{"count":9,"href":"https:\/\/ddoptics.shop\/es\/wp-json\/wp\/v2\/product\/14370\/revisions"}],"predecessor-version":[{"id":29120,"href":"https:\/\/ddoptics.shop\/es\/wp-json\/wp\/v2\/product\/14370\/revisions\/29120"}],"wp:featuredmedia":[{"embeddable":true,"href":"https:\/\/ddoptics.shop\/es\/wp-json\/wp\/v2\/media\/14372"}],"wp:attachment":[{"href":"https:\/\/ddoptics.shop\/es\/wp-json\/wp\/v2\/media?parent=14370"}],"wp:term":[{"taxonomy":"product_brand","embeddable":true,"href":"https:\/\/ddoptics.shop\/es\/wp-json\/wp\/v2\/product_brand?post=14370"},{"taxonomy":"product_cat","embeddable":true,"href":"https:\/\/ddoptics.shop\/es\/wp-json\/wp\/v2\/product_cat?post=14370"},{"taxonomy":"product_tag","embeddable":true,"href":"https:\/\/ddoptics.shop\/es\/wp-json\/wp\/v2\/product_tag?post=14370"}],"curies":[{"name":"wp","href":"https:\/\/api.w.org\/{rel}","templated":true}]}}